{"id":216,"date":"2007-10-04T15:14:16","date_gmt":"2007-10-04T13:14:16","guid":{"rendered":"http:\/\/centrala.org.uk\/pl\/?post_type=product&#038;p=216"},"modified":"2021-12-10T12:15:58","modified_gmt":"2021-12-10T11:15:58","slug":"alois-nebel-tom-1-bialy-potok","status":"publish","type":"product","link":"https:\/\/centrala.org.uk\/pl\/sklep\/alois-nebel-tom-1-bialy-potok\/","title":{"rendered":"Alois Nebel tom 1 &#8222;Bia\u0142y Potok&#8221;"},"content":{"rendered":"<p>Opowiada o losach kolejarza (tytu\u0142owy Alois Nebel), \u017cyj\u0105cego w miejscowo\u015bci Bia\u0142y Potok na pograniczu czesko-niemiecko-polskim w drugiej po\u0142owie XX wieku. St\u0105d w opowie\u015bci mn\u00f3stwo odniesie\u0144 do historii najnowszej. Klimat komiksu i jego tematyka bliskie s\u0105 czeskiej tradycji literacko-filmowej, s\u0142ynnych Poci\u0105g\u00f3w pod specjalnym nadzorem, oscarowego (1967) filmu Jirzego Menzla na podstawie prozy Bohumila Hrabala. Z drugiej strony graficzny styl dzie\u0142a utrzymuje si\u0119 w stylistyce bliskiej Sin City Franka Millera.<\/p>\n","protected":false},"excerpt":{"rendered":"<p>\u201ePoci\u0105gi pod specjalnym nadzorem\u201d spotykaj\u0105 stylistyk\u0119 blisk\u0105 \u201eSin City\u201d Franka Millera.<\/p>\n","protected":false},"featured_media":218,"comment_status":"closed","ping_status":"closed","template":"","meta":{"_acf_changed":false},"product_brand":[],"product_cat":[27],"product_tag":[31,41,24,30,29],"series":[10112],"class_list":{"0":"post-216","1":"product","2":"type-product","3":"status-publish","4":"has-post-thumbnail","6":"product_cat-powiesc-graficzna","7":"product_tag-czarno-biale","8":"product_tag-czeskie","9":"product_tag-historia","10":"product_tag-jaromir-99","11":"product_tag-jaroslav-rudis","12":"series-zycie","14":"first","15":"outofstock","16":"shipping-taxable","17":"purchasable","18":"product-type-simple"},"acf":[],"_links":{"self":[{"href":"https:\/\/centrala.org.uk\/pl\/wp-json\/wp\/v2\/product\/216","targetHints":{"allow":["GET"]}}],"collection":[{"href":"https:\/\/centrala.org.uk\/pl\/wp-json\/wp\/v2\/product"}],"about":[{"href":"https:\/\/centrala.org.uk\/pl\/wp-json\/wp\/v2\/types\/product"}],"replies":[{"embeddable":true,"href":"https:\/\/centrala.org.uk\/pl\/wp-json\/wp\/v2\/comments?post=216"}],"wp:featuredmedia":[{"embeddable":true,"href":"https:\/\/centrala.org.uk\/pl\/wp-json\/wp\/v2\/media\/218"}],"wp:attachment":[{"href":"https:\/\/centrala.org.uk\/pl\/wp-json\/wp\/v2\/media?parent=216"}],"wp:term":[{"taxonomy":"product_brand","embeddable":true,"href":"https:\/\/centrala.org.uk\/pl\/wp-json\/wp\/v2\/product_brand?post=216"},{"taxonomy":"product_cat","embeddable":true,"href":"https:\/\/centrala.org.uk\/pl\/wp-json\/wp\/v2\/product_cat?post=216"},{"taxonomy":"product_tag","embeddable":true,"href":"https:\/\/centrala.org.uk\/pl\/wp-json\/wp\/v2\/product_tag?post=216"},{"taxonomy":"series","embeddable":true,"href":"https:\/\/centrala.org.uk\/pl\/wp-json\/wp\/v2\/series?post=216"}],"curies":[{"name":"wp","href":"https:\/\/api.w.org\/{rel}","templated":true}]}}