{"id":2180,"date":"2021-04-28T00:07:34","date_gmt":"2021-04-27T22:07:34","guid":{"rendered":"http:\/\/centrala.org.uk\/pl\/?post_type=product&#038;p=2180"},"modified":"2021-04-28T00:09:05","modified_gmt":"2021-04-27T22:09:05","slug":"poreczne-torby-na-podreczne-lektury","status":"publish","type":"product","link":"https:\/\/centrala.org.uk\/pl\/sklep\/poreczne-torby-na-podreczne-lektury\/","title":{"rendered":"Por\u0119czne torby na podr\u0119czne lektury"},"content":{"rendered":"<p>Przedstawiamy mocno limitowan\u0105 edycj\u0119 toreb p\u0142\u00f3ciennych. Po jednej stronie motyw pal\u0105cy pies, po drugiej: zagorza\u0142a lektura. Ilustracje autorstwa fi\u0144skiej artystki Ulli Donner, kt\u00f3rej komiksy ju\u017c nied\u0142ugo wydamy po polsku, czesku i angielsku. Torby z polskiego materia\u0142u, szyte w Polsce i drukowane na polskim squocie polskim sitem. Dodajemy jako bonus do zakup\u00f3w w naszym sklepie na kwot\u0119 powy\u017cej 222 z\u0142<\/p>\n<p><img loading=\"lazy\" decoding=\"async\" class=\"alignnone size-medium wp-image-2172\" src=\"https:\/\/centrala.org.uk\/pl\/wp-content\/uploads\/sites\/2\/2021\/04\/readerdog-640x480.jpeg\" alt=\"\" width=\"640\" height=\"480\" srcset=\"https:\/\/centrala.org.uk\/pl\/wp-content\/uploads\/sites\/2\/2021\/04\/readerdog-640x480.jpeg 640w, https:\/\/centrala.org.uk\/pl\/wp-content\/uploads\/sites\/2\/2021\/04\/readerdog-1400x1050.jpeg 1400w, https:\/\/centrala.org.uk\/pl\/wp-content\/uploads\/sites\/2\/2021\/04\/readerdog-220x165.jpeg 220w, https:\/\/centrala.org.uk\/pl\/wp-content\/uploads\/sites\/2\/2021\/04\/readerdog-768x576.jpeg 768w, https:\/\/centrala.org.uk\/pl\/wp-content\/uploads\/sites\/2\/2021\/04\/readerdog-1536x1152.jpeg 1536w, https:\/\/centrala.org.uk\/pl\/wp-content\/uploads\/sites\/2\/2021\/04\/readerdog-1200x900.jpeg 1200w, https:\/\/centrala.org.uk\/pl\/wp-content\/uploads\/sites\/2\/2021\/04\/readerdog-210x158.jpeg 210w, https:\/\/centrala.org.uk\/pl\/wp-content\/uploads\/sites\/2\/2021\/04\/readerdog-480x360.jpeg 480w, https:\/\/centrala.org.uk\/pl\/wp-content\/uploads\/sites\/2\/2021\/04\/readerdog.jpeg 2048w\" sizes=\"auto, (max-width: 640px) 100vw, 640px\" \/><\/p>\n","protected":false},"excerpt":{"rendered":"<p>Bonusowe torby do zam\u00f3wie\u0144 w naszym sklepie<\/p>\n","protected":false},"featured_media":2169,"comment_status":"closed","ping_status":"closed","template":"","meta":{"_acf_changed":false},"product_brand":[],"product_cat":[9916,27,42,47,32,283],"product_tag":[10036,10037,10038],"series":[],"class_list":{"0":"post-2180","1":"product","2":"type-product","3":"status-publish","4":"has-post-thumbnail","6":"product_cat-bez-kategorii","7":"product_cat-powiesc-graficzna","8":"product_cat-dla-dzieci","9":"product_cat-dla-mlodziezy","10":"product_cat-komiks","11":"product_cat-picturebook","12":"product_tag-tekstylia","13":"product_tag-tylko-u-nas","14":"product_tag-ulla-donner","16":"first","17":"outofstock","18":"shipping-taxable","19":"purchasable","20":"product-type-simple"},"acf":[],"_links":{"self":[{"href":"https:\/\/centrala.org.uk\/pl\/wp-json\/wp\/v2\/product\/2180","targetHints":{"allow":["GET"]}}],"collection":[{"href":"https:\/\/centrala.org.uk\/pl\/wp-json\/wp\/v2\/product"}],"about":[{"href":"https:\/\/centrala.org.uk\/pl\/wp-json\/wp\/v2\/types\/product"}],"replies":[{"embeddable":true,"href":"https:\/\/centrala.org.uk\/pl\/wp-json\/wp\/v2\/comments?post=2180"}],"wp:featuredmedia":[{"embeddable":true,"href":"https:\/\/centrala.org.uk\/pl\/wp-json\/wp\/v2\/media\/2169"}],"wp:attachment":[{"href":"https:\/\/centrala.org.uk\/pl\/wp-json\/wp\/v2\/media?parent=2180"}],"wp:term":[{"taxonomy":"product_brand","embeddable":true,"href":"https:\/\/centrala.org.uk\/pl\/wp-json\/wp\/v2\/product_brand?post=2180"},{"taxonomy":"product_cat","embeddable":true,"href":"https:\/\/centrala.org.uk\/pl\/wp-json\/wp\/v2\/product_cat?post=2180"},{"taxonomy":"product_tag","embeddable":true,"href":"https:\/\/centrala.org.uk\/pl\/wp-json\/wp\/v2\/product_tag?post=2180"},{"taxonomy":"series","embeddable":true,"href":"https:\/\/centrala.org.uk\/pl\/wp-json\/wp\/v2\/series?post=2180"}],"curies":[{"name":"wp","href":"https:\/\/api.w.org\/{rel}","templated":true}]}}