{"id":2211,"date":"2021-11-18T16:36:59","date_gmt":"2021-11-18T15:36:59","guid":{"rendered":"http:\/\/centrala.org.uk\/pl\/?post_type=product&#038;p=2211"},"modified":"2021-11-18T16:36:59","modified_gmt":"2021-11-18T15:36:59","slug":"ptaszyna","status":"publish","type":"product","link":"https:\/\/centrala.org.uk\/pl\/sklep\/ptaszyna\/","title":{"rendered":"Ptaszyna"},"content":{"rendered":"<p class=\"p1\"><span class=\"s1\">Ptaszyna to uznana przez krytyk\u00f3w opowie\u015b\u0107 sci-fi stworzona przez wielokrotnie nagradzany zesp\u00f3\u0142 pisarza\/filmowca Darcy&#8217;ego Van Poelgeesta i artysty Iana Bertrama.<\/span><\/p>\n<p class=\"p1\"><span class=\"s1\">Urodzona w czasie nieko\u0144cz\u0105cej si\u0119 wojny mi\u0119dzy opresyjnym Ameryka\u0144skim Imperium a s\u0142abn\u0105cym ruchem oporu, Ptaszyna jest ostatni\u0105 nadziej\u0105 rebelii. Gdy jej wioska zosta\u0142a zniszczona, matka wzi\u0119ta jako zak\u0142adniczka, a kraj le\u017cy w gruzach, m\u0142oda bojowniczka musi przemierza\u0107 dystopijny kanadyjski krajobraz z misj\u0105 uwolnienia legendarnego Topora i wskrzeszenia ruchu oporu &#8211; by ocali\u0107 sw\u00f3j kraj, swoich ludzi i odkry\u0107 swoj\u0105 prawdziw\u0105<\/span><\/p>\n<div id='gallery-1' class='gallery galleryid-2211 gallery-columns-3 gallery-size-thumbnail'><figure class='gallery-item'>\n\t\t\t<div class='gallery-icon portrait'>\n\t\t\t\t<a href='https:\/\/centrala.org.uk\/pl\/?attachment_id=2213'><img loading=\"lazy\" decoding=\"async\" width=\"220\" height=\"330\" src=\"https:\/\/centrala.org.uk\/pl\/wp-content\/uploads\/sites\/2\/2021\/11\/Ptaszyna_PL_11-220x330.jpg\" class=\"attachment-thumbnail size-thumbnail\" alt=\"\" srcset=\"https:\/\/centrala.org.uk\/pl\/wp-content\/uploads\/sites\/2\/2021\/11\/Ptaszyna_PL_11-220x330.jpg 220w, https:\/\/centrala.org.uk\/pl\/wp-content\/uploads\/sites\/2\/2021\/11\/Ptaszyna_PL_11-640x960.jpg 640w, https:\/\/centrala.org.uk\/pl\/wp-content\/uploads\/sites\/2\/2021\/11\/Ptaszyna_PL_11-600x900.jpg 600w, https:\/\/centrala.org.uk\/pl\/wp-content\/uploads\/sites\/2\/2021\/11\/Ptaszyna_PL_11-210x315.jpg 210w, https:\/\/centrala.org.uk\/pl\/wp-content\/uploads\/sites\/2\/2021\/11\/Ptaszyna_PL_11-480x720.jpg 480w, https:\/\/centrala.org.uk\/pl\/wp-content\/uploads\/sites\/2\/2021\/11\/Ptaszyna_PL_11.jpg 708w\" sizes=\"auto, (max-width: 220px) 100vw, 220px\" \/><\/a>\n\t\t\t<\/div><\/figure><figure class='gallery-item'>\n\t\t\t<div class='gallery-icon portrait'>\n\t\t\t\t<a href='https:\/\/centrala.org.uk\/pl\/?attachment_id=2214'><img loading=\"lazy\" decoding=\"async\" width=\"220\" height=\"330\" src=\"https:\/\/centrala.org.uk\/pl\/wp-content\/uploads\/sites\/2\/2021\/11\/Ptaszyna_PL_12-220x330.jpg\" class=\"attachment-thumbnail size-thumbnail\" alt=\"\" srcset=\"https:\/\/centrala.org.uk\/pl\/wp-content\/uploads\/sites\/2\/2021\/11\/Ptaszyna_PL_12-220x330.jpg 220w, https:\/\/centrala.org.uk\/pl\/wp-content\/uploads\/sites\/2\/2021\/11\/Ptaszyna_PL_12-640x960.jpg 640w, https:\/\/centrala.org.uk\/pl\/wp-content\/uploads\/sites\/2\/2021\/11\/Ptaszyna_PL_12-600x900.jpg 600w, https:\/\/centrala.org.uk\/pl\/wp-content\/uploads\/sites\/2\/2021\/11\/Ptaszyna_PL_12-210x315.jpg 210w, https:\/\/centrala.org.uk\/pl\/wp-content\/uploads\/sites\/2\/2021\/11\/Ptaszyna_PL_12-480x720.jpg 480w, https:\/\/centrala.org.uk\/pl\/wp-content\/uploads\/sites\/2\/2021\/11\/Ptaszyna_PL_12.jpg 708w\" sizes=\"auto, (max-width: 220px) 100vw, 220px\" \/><\/a>\n\t\t\t<\/div><\/figure><figure class='gallery-item'>\n\t\t\t<div class='gallery-icon portrait'>\n\t\t\t\t<a href='https:\/\/centrala.org.uk\/pl\/?attachment_id=2215'><img loading=\"lazy\" decoding=\"async\" width=\"220\" height=\"330\" src=\"https:\/\/centrala.org.uk\/pl\/wp-content\/uploads\/sites\/2\/2021\/11\/Ptaszyna_PL_14-220x330.jpg\" class=\"attachment-thumbnail size-thumbnail\" alt=\"\" srcset=\"https:\/\/centrala.org.uk\/pl\/wp-content\/uploads\/sites\/2\/2021\/11\/Ptaszyna_PL_14-220x330.jpg 220w, https:\/\/centrala.org.uk\/pl\/wp-content\/uploads\/sites\/2\/2021\/11\/Ptaszyna_PL_14-640x960.jpg 640w, https:\/\/centrala.org.uk\/pl\/wp-content\/uploads\/sites\/2\/2021\/11\/Ptaszyna_PL_14-600x900.jpg 600w, https:\/\/centrala.org.uk\/pl\/wp-content\/uploads\/sites\/2\/2021\/11\/Ptaszyna_PL_14-210x315.jpg 210w, https:\/\/centrala.org.uk\/pl\/wp-content\/uploads\/sites\/2\/2021\/11\/Ptaszyna_PL_14-480x720.jpg 480w, https:\/\/centrala.org.uk\/pl\/wp-content\/uploads\/sites\/2\/2021\/11\/Ptaszyna_PL_14.jpg 708w\" sizes=\"auto, (max-width: 220px) 100vw, 220px\" \/><\/a>\n\t\t\t<\/div><\/figure><figure class='gallery-item'>\n\t\t\t<div class='gallery-icon portrait'>\n\t\t\t\t<a href='https:\/\/centrala.org.uk\/pl\/?attachment_id=2216'><img loading=\"lazy\" decoding=\"async\" width=\"220\" height=\"330\" src=\"https:\/\/centrala.org.uk\/pl\/wp-content\/uploads\/sites\/2\/2021\/11\/Ptaszyna_PL_20-220x330.jpg\" class=\"attachment-thumbnail size-thumbnail\" alt=\"\" srcset=\"https:\/\/centrala.org.uk\/pl\/wp-content\/uploads\/sites\/2\/2021\/11\/Ptaszyna_PL_20-220x330.jpg 220w, https:\/\/centrala.org.uk\/pl\/wp-content\/uploads\/sites\/2\/2021\/11\/Ptaszyna_PL_20-640x960.jpg 640w, https:\/\/centrala.org.uk\/pl\/wp-content\/uploads\/sites\/2\/2021\/11\/Ptaszyna_PL_20-600x900.jpg 600w, https:\/\/centrala.org.uk\/pl\/wp-content\/uploads\/sites\/2\/2021\/11\/Ptaszyna_PL_20-210x315.jpg 210w, https:\/\/centrala.org.uk\/pl\/wp-content\/uploads\/sites\/2\/2021\/11\/Ptaszyna_PL_20-480x720.jpg 480w, https:\/\/centrala.org.uk\/pl\/wp-content\/uploads\/sites\/2\/2021\/11\/Ptaszyna_PL_20.jpg 708w\" sizes=\"auto, (max-width: 220px) 100vw, 220px\" \/><\/a>\n\t\t\t<\/div><\/figure><figure class='gallery-item'>\n\t\t\t<div class='gallery-icon portrait'>\n\t\t\t\t<a href='https:\/\/centrala.org.uk\/pl\/?attachment_id=2217'><img loading=\"lazy\" decoding=\"async\" width=\"220\" height=\"330\" src=\"https:\/\/centrala.org.uk\/pl\/wp-content\/uploads\/sites\/2\/2021\/11\/Ptaszyna_PL_21-220x330.jpg\" class=\"attachment-thumbnail size-thumbnail\" alt=\"\" srcset=\"https:\/\/centrala.org.uk\/pl\/wp-content\/uploads\/sites\/2\/2021\/11\/Ptaszyna_PL_21-220x330.jpg 220w, https:\/\/centrala.org.uk\/pl\/wp-content\/uploads\/sites\/2\/2021\/11\/Ptaszyna_PL_21-640x960.jpg 640w, https:\/\/centrala.org.uk\/pl\/wp-content\/uploads\/sites\/2\/2021\/11\/Ptaszyna_PL_21-600x900.jpg 600w, https:\/\/centrala.org.uk\/pl\/wp-content\/uploads\/sites\/2\/2021\/11\/Ptaszyna_PL_21-210x315.jpg 210w, https:\/\/centrala.org.uk\/pl\/wp-content\/uploads\/sites\/2\/2021\/11\/Ptaszyna_PL_21-480x720.jpg 480w, https:\/\/centrala.org.uk\/pl\/wp-content\/uploads\/sites\/2\/2021\/11\/Ptaszyna_PL_21.jpg 708w\" sizes=\"auto, (max-width: 220px) 100vw, 220px\" \/><\/a>\n\t\t\t<\/div><\/figure><figure class='gallery-item'>\n\t\t\t<div class='gallery-icon portrait'>\n\t\t\t\t<a href='https:\/\/centrala.org.uk\/pl\/?attachment_id=2218'><img loading=\"lazy\" decoding=\"async\" width=\"220\" height=\"330\" src=\"https:\/\/centrala.org.uk\/pl\/wp-content\/uploads\/sites\/2\/2021\/11\/Ptaszyna_PL_22-220x330.jpg\" class=\"attachment-thumbnail size-thumbnail\" alt=\"\" srcset=\"https:\/\/centrala.org.uk\/pl\/wp-content\/uploads\/sites\/2\/2021\/11\/Ptaszyna_PL_22-220x330.jpg 220w, https:\/\/centrala.org.uk\/pl\/wp-content\/uploads\/sites\/2\/2021\/11\/Ptaszyna_PL_22-640x960.jpg 640w, https:\/\/centrala.org.uk\/pl\/wp-content\/uploads\/sites\/2\/2021\/11\/Ptaszyna_PL_22-600x900.jpg 600w, https:\/\/centrala.org.uk\/pl\/wp-content\/uploads\/sites\/2\/2021\/11\/Ptaszyna_PL_22-210x315.jpg 210w, https:\/\/centrala.org.uk\/pl\/wp-content\/uploads\/sites\/2\/2021\/11\/Ptaszyna_PL_22-480x720.jpg 480w, https:\/\/centrala.org.uk\/pl\/wp-content\/uploads\/sites\/2\/2021\/11\/Ptaszyna_PL_22.jpg 708w\" sizes=\"auto, (max-width: 220px) 100vw, 220px\" \/><\/a>\n\t\t\t<\/div><\/figure><figure class='gallery-item'>\n\t\t\t<div class='gallery-icon portrait'>\n\t\t\t\t<a href='https:\/\/centrala.org.uk\/pl\/?attachment_id=2219'><img loading=\"lazy\" decoding=\"async\" width=\"220\" height=\"330\" src=\"https:\/\/centrala.org.uk\/pl\/wp-content\/uploads\/sites\/2\/2021\/11\/Ptaszyna_PL_23-220x330.jpg\" class=\"attachment-thumbnail size-thumbnail\" alt=\"\" srcset=\"https:\/\/centrala.org.uk\/pl\/wp-content\/uploads\/sites\/2\/2021\/11\/Ptaszyna_PL_23-220x330.jpg 220w, https:\/\/centrala.org.uk\/pl\/wp-content\/uploads\/sites\/2\/2021\/11\/Ptaszyna_PL_23-640x960.jpg 640w, https:\/\/centrala.org.uk\/pl\/wp-content\/uploads\/sites\/2\/2021\/11\/Ptaszyna_PL_23-600x900.jpg 600w, https:\/\/centrala.org.uk\/pl\/wp-content\/uploads\/sites\/2\/2021\/11\/Ptaszyna_PL_23-210x315.jpg 210w, https:\/\/centrala.org.uk\/pl\/wp-content\/uploads\/sites\/2\/2021\/11\/Ptaszyna_PL_23-480x720.jpg 480w, https:\/\/centrala.org.uk\/pl\/wp-content\/uploads\/sites\/2\/2021\/11\/Ptaszyna_PL_23.jpg 708w\" sizes=\"auto, (max-width: 220px) 100vw, 220px\" \/><\/a>\n\t\t\t<\/div><\/figure><figure class='gallery-item'>\n\t\t\t<div class='gallery-icon portrait'>\n\t\t\t\t<a href='https:\/\/centrala.org.uk\/pl\/?attachment_id=2220'><img loading=\"lazy\" decoding=\"async\" width=\"220\" height=\"330\" src=\"https:\/\/centrala.org.uk\/pl\/wp-content\/uploads\/sites\/2\/2021\/11\/Ptaszyna_PL_24-220x330.jpg\" class=\"attachment-thumbnail size-thumbnail\" alt=\"\" srcset=\"https:\/\/centrala.org.uk\/pl\/wp-content\/uploads\/sites\/2\/2021\/11\/Ptaszyna_PL_24-220x330.jpg 220w, https:\/\/centrala.org.uk\/pl\/wp-content\/uploads\/sites\/2\/2021\/11\/Ptaszyna_PL_24-640x960.jpg 640w, https:\/\/centrala.org.uk\/pl\/wp-content\/uploads\/sites\/2\/2021\/11\/Ptaszyna_PL_24-600x900.jpg 600w, https:\/\/centrala.org.uk\/pl\/wp-content\/uploads\/sites\/2\/2021\/11\/Ptaszyna_PL_24-210x315.jpg 210w, https:\/\/centrala.org.uk\/pl\/wp-content\/uploads\/sites\/2\/2021\/11\/Ptaszyna_PL_24-480x720.jpg 480w, https:\/\/centrala.org.uk\/pl\/wp-content\/uploads\/sites\/2\/2021\/11\/Ptaszyna_PL_24.jpg 708w\" sizes=\"auto, (max-width: 220px) 100vw, 220px\" \/><\/a>\n\t\t\t<\/div><\/figure><figure class='gallery-item'>\n\t\t\t<div class='gallery-icon portrait'>\n\t\t\t\t<a href='https:\/\/centrala.org.uk\/pl\/?attachment_id=2221'><img loading=\"lazy\" decoding=\"async\" width=\"220\" height=\"330\" src=\"https:\/\/centrala.org.uk\/pl\/wp-content\/uploads\/sites\/2\/2021\/11\/Ptaszyna_PL_25-220x330.jpg\" class=\"attachment-thumbnail size-thumbnail\" alt=\"\" srcset=\"https:\/\/centrala.org.uk\/pl\/wp-content\/uploads\/sites\/2\/2021\/11\/Ptaszyna_PL_25-220x330.jpg 220w, https:\/\/centrala.org.uk\/pl\/wp-content\/uploads\/sites\/2\/2021\/11\/Ptaszyna_PL_25-640x960.jpg 640w, https:\/\/centrala.org.uk\/pl\/wp-content\/uploads\/sites\/2\/2021\/11\/Ptaszyna_PL_25-600x900.jpg 600w, https:\/\/centrala.org.uk\/pl\/wp-content\/uploads\/sites\/2\/2021\/11\/Ptaszyna_PL_25-210x315.jpg 210w, https:\/\/centrala.org.uk\/pl\/wp-content\/uploads\/sites\/2\/2021\/11\/Ptaszyna_PL_25-480x720.jpg 480w, https:\/\/centrala.org.uk\/pl\/wp-content\/uploads\/sites\/2\/2021\/11\/Ptaszyna_PL_25.jpg 708w\" sizes=\"auto, (max-width: 220px) 100vw, 220px\" \/><\/a>\n\t\t\t<\/div><\/figure><figure class='gallery-item'>\n\t\t\t<div class='gallery-icon portrait'>\n\t\t\t\t<a href='https:\/\/centrala.org.uk\/pl\/?attachment_id=2222'><img loading=\"lazy\" decoding=\"async\" width=\"220\" height=\"330\" src=\"https:\/\/centrala.org.uk\/pl\/wp-content\/uploads\/sites\/2\/2021\/11\/Ptaszyna_PL_26-220x330.jpg\" class=\"attachment-thumbnail size-thumbnail\" alt=\"\" srcset=\"https:\/\/centrala.org.uk\/pl\/wp-content\/uploads\/sites\/2\/2021\/11\/Ptaszyna_PL_26-220x330.jpg 220w, https:\/\/centrala.org.uk\/pl\/wp-content\/uploads\/sites\/2\/2021\/11\/Ptaszyna_PL_26-640x960.jpg 640w, https:\/\/centrala.org.uk\/pl\/wp-content\/uploads\/sites\/2\/2021\/11\/Ptaszyna_PL_26-600x900.jpg 600w, https:\/\/centrala.org.uk\/pl\/wp-content\/uploads\/sites\/2\/2021\/11\/Ptaszyna_PL_26-210x315.jpg 210w, https:\/\/centrala.org.uk\/pl\/wp-content\/uploads\/sites\/2\/2021\/11\/Ptaszyna_PL_26-480x720.jpg 480w, https:\/\/centrala.org.uk\/pl\/wp-content\/uploads\/sites\/2\/2021\/11\/Ptaszyna_PL_26.jpg 708w\" sizes=\"auto, (max-width: 220px) 100vw, 220px\" \/><\/a>\n\t\t\t<\/div><\/figure><figure class='gallery-item'>\n\t\t\t<div class='gallery-icon portrait'>\n\t\t\t\t<a href='https:\/\/centrala.org.uk\/pl\/?attachment_id=2223'><img loading=\"lazy\" decoding=\"async\" width=\"220\" height=\"330\" src=\"https:\/\/centrala.org.uk\/pl\/wp-content\/uploads\/sites\/2\/2021\/11\/Ptaszyna_PL_27-220x330.jpg\" class=\"attachment-thumbnail size-thumbnail\" alt=\"\" srcset=\"https:\/\/centrala.org.uk\/pl\/wp-content\/uploads\/sites\/2\/2021\/11\/Ptaszyna_PL_27-220x330.jpg 220w, https:\/\/centrala.org.uk\/pl\/wp-content\/uploads\/sites\/2\/2021\/11\/Ptaszyna_PL_27-640x960.jpg 640w, https:\/\/centrala.org.uk\/pl\/wp-content\/uploads\/sites\/2\/2021\/11\/Ptaszyna_PL_27-600x900.jpg 600w, https:\/\/centrala.org.uk\/pl\/wp-content\/uploads\/sites\/2\/2021\/11\/Ptaszyna_PL_27-210x315.jpg 210w, https:\/\/centrala.org.uk\/pl\/wp-content\/uploads\/sites\/2\/2021\/11\/Ptaszyna_PL_27-480x720.jpg 480w, https:\/\/centrala.org.uk\/pl\/wp-content\/uploads\/sites\/2\/2021\/11\/Ptaszyna_PL_27.jpg 708w\" sizes=\"auto, (max-width: 220px) 100vw, 220px\" \/><\/a>\n\t\t\t<\/div><\/figure><figure class='gallery-item'>\n\t\t\t<div class='gallery-icon portrait'>\n\t\t\t\t<a href='https:\/\/centrala.org.uk\/pl\/?attachment_id=2224'><img loading=\"lazy\" decoding=\"async\" width=\"220\" height=\"330\" src=\"https:\/\/centrala.org.uk\/pl\/wp-content\/uploads\/sites\/2\/2021\/11\/Ptaszyna_PL_28-220x330.jpg\" class=\"attachment-thumbnail size-thumbnail\" alt=\"\" srcset=\"https:\/\/centrala.org.uk\/pl\/wp-content\/uploads\/sites\/2\/2021\/11\/Ptaszyna_PL_28-220x330.jpg 220w, https:\/\/centrala.org.uk\/pl\/wp-content\/uploads\/sites\/2\/2021\/11\/Ptaszyna_PL_28-640x960.jpg 640w, https:\/\/centrala.org.uk\/pl\/wp-content\/uploads\/sites\/2\/2021\/11\/Ptaszyna_PL_28-600x900.jpg 600w, https:\/\/centrala.org.uk\/pl\/wp-content\/uploads\/sites\/2\/2021\/11\/Ptaszyna_PL_28-210x315.jpg 210w, https:\/\/centrala.org.uk\/pl\/wp-content\/uploads\/sites\/2\/2021\/11\/Ptaszyna_PL_28-480x720.jpg 480w, https:\/\/centrala.org.uk\/pl\/wp-content\/uploads\/sites\/2\/2021\/11\/Ptaszyna_PL_28.jpg 708w\" sizes=\"auto, (max-width: 220px) 100vw, 220px\" \/><\/a>\n\t\t\t<\/div><\/figure><figure class='gallery-item'>\n\t\t\t<div class='gallery-icon portrait'>\n\t\t\t\t<a href='https:\/\/centrala.org.uk\/pl\/?attachment_id=2225'><img loading=\"lazy\" decoding=\"async\" width=\"220\" height=\"330\" src=\"https:\/\/centrala.org.uk\/pl\/wp-content\/uploads\/sites\/2\/2021\/11\/Ptaszyna_PL_29-220x330.jpg\" class=\"attachment-thumbnail size-thumbnail\" alt=\"\" srcset=\"https:\/\/centrala.org.uk\/pl\/wp-content\/uploads\/sites\/2\/2021\/11\/Ptaszyna_PL_29-220x330.jpg 220w, https:\/\/centrala.org.uk\/pl\/wp-content\/uploads\/sites\/2\/2021\/11\/Ptaszyna_PL_29-640x960.jpg 640w, https:\/\/centrala.org.uk\/pl\/wp-content\/uploads\/sites\/2\/2021\/11\/Ptaszyna_PL_29-600x900.jpg 600w, https:\/\/centrala.org.uk\/pl\/wp-content\/uploads\/sites\/2\/2021\/11\/Ptaszyna_PL_29-210x315.jpg 210w, https:\/\/centrala.org.uk\/pl\/wp-content\/uploads\/sites\/2\/2021\/11\/Ptaszyna_PL_29-480x720.jpg 480w, https:\/\/centrala.org.uk\/pl\/wp-content\/uploads\/sites\/2\/2021\/11\/Ptaszyna_PL_29.jpg 708w\" sizes=\"auto, (max-width: 220px) 100vw, 220px\" \/><\/a>\n\t\t\t<\/div><\/figure><figure class='gallery-item'>\n\t\t\t<div class='gallery-icon portrait'>\n\t\t\t\t<a href='https:\/\/centrala.org.uk\/pl\/?attachment_id=2226'><img loading=\"lazy\" decoding=\"async\" width=\"220\" height=\"330\" src=\"https:\/\/centrala.org.uk\/pl\/wp-content\/uploads\/sites\/2\/2021\/11\/Ptaszyna_PL_30-220x330.jpg\" class=\"attachment-thumbnail size-thumbnail\" alt=\"\" srcset=\"https:\/\/centrala.org.uk\/pl\/wp-content\/uploads\/sites\/2\/2021\/11\/Ptaszyna_PL_30-220x330.jpg 220w, https:\/\/centrala.org.uk\/pl\/wp-content\/uploads\/sites\/2\/2021\/11\/Ptaszyna_PL_30-640x960.jpg 640w, https:\/\/centrala.org.uk\/pl\/wp-content\/uploads\/sites\/2\/2021\/11\/Ptaszyna_PL_30-600x900.jpg 600w, https:\/\/centrala.org.uk\/pl\/wp-content\/uploads\/sites\/2\/2021\/11\/Ptaszyna_PL_30-210x315.jpg 210w, https:\/\/centrala.org.uk\/pl\/wp-content\/uploads\/sites\/2\/2021\/11\/Ptaszyna_PL_30-480x720.jpg 480w, https:\/\/centrala.org.uk\/pl\/wp-content\/uploads\/sites\/2\/2021\/11\/Ptaszyna_PL_30.jpg 708w\" sizes=\"auto, (max-width: 220px) 100vw, 220px\" \/><\/a>\n\t\t\t<\/div><\/figure><figure class='gallery-item'>\n\t\t\t<div class='gallery-icon portrait'>\n\t\t\t\t<a href='https:\/\/centrala.org.uk\/pl\/?attachment_id=2227'><img loading=\"lazy\" decoding=\"async\" width=\"220\" height=\"330\" src=\"https:\/\/centrala.org.uk\/pl\/wp-content\/uploads\/sites\/2\/2021\/11\/Ptaszyna_PL_31-220x330.jpg\" class=\"attachment-thumbnail size-thumbnail\" alt=\"\" srcset=\"https:\/\/centrala.org.uk\/pl\/wp-content\/uploads\/sites\/2\/2021\/11\/Ptaszyna_PL_31-220x330.jpg 220w, https:\/\/centrala.org.uk\/pl\/wp-content\/uploads\/sites\/2\/2021\/11\/Ptaszyna_PL_31-640x960.jpg 640w, https:\/\/centrala.org.uk\/pl\/wp-content\/uploads\/sites\/2\/2021\/11\/Ptaszyna_PL_31-600x900.jpg 600w, https:\/\/centrala.org.uk\/pl\/wp-content\/uploads\/sites\/2\/2021\/11\/Ptaszyna_PL_31-210x315.jpg 210w, https:\/\/centrala.org.uk\/pl\/wp-content\/uploads\/sites\/2\/2021\/11\/Ptaszyna_PL_31-480x720.jpg 480w, https:\/\/centrala.org.uk\/pl\/wp-content\/uploads\/sites\/2\/2021\/11\/Ptaszyna_PL_31.jpg 708w\" sizes=\"auto, (max-width: 220px) 100vw, 220px\" \/><\/a>\n\t\t\t<\/div><\/figure>\n\t\t<\/div>\n\n<p class=\"p1\"><span class=\"s1\">to\u017csamo\u015b\u0107 w \u015bwiecie, kt\u00f3ry p\u0142onie.<\/span><\/p>\n<p class=\"p1\"><span class=\"s1\">Ksi\u0105\u017cka otrzyma\u0142a Nagrod\u0119 Eisnera 2020 za najlepsz\u0105 seri\u0119 limitowan\u0105, by\u0142a tak\u017ce nominowana do Ksi\u0105\u017cki Roku Harvey Awards 2020.<\/span><\/p>\n<p class=\"p3\"><span class=\"s1\">Darcy Van Poelgeest jest wielokrotnie nagradzanym pisarzem i re\u017cyserem, mieszkaj\u0105cym w Vancouver. Jego prace filmowe by\u0142y wy\u015bwietlane na mi\u0119dzynarodowych festiwalach, pokazywane w telewizji, prezentowane w galeriach i sta\u0142y si\u0119 bestsellerem iTunes. \u201cPtaszyna&#8221; to jego pierwsza powie\u015b\u0107 graficzna.<\/span><\/p>\n<p class=\"p3\"><span class=\"s1\">Ian Bertram, absolwent School of Visual Arts, zosta\u0142 uznany za najlepszy talent przez Comicbookjesus.com w 2011 roku i znalaz\u0142 si\u0119 na kr\u00f3tkiej li\u015bcie do stypendium 2021 Society of Illustrators. Regularnie publikuje dla INK magazine i pracuje dla DX, Marvela, Dark Horse i Image Comics. Wystawia swoje prace w Nowym Jorku, gdzie mieszka.<\/span><\/p>\n","protected":false},"excerpt":{"rendered":"<p><span class=\"s1\">Ksi\u0105\u017cka otrzyma\u0142a Nagrod\u0119 Eisnera 2020 za najlepsz\u0105 seri\u0119 limitowan\u0105, by\u0142a tak\u017ce nominowana do Ksi\u0105\u017cki Roku Harvey Awards 2020.<\/span><\/p>\n","protected":false},"featured_media":2212,"comment_status":"closed","ping_status":"closed","template":"","meta":{"_acf_changed":false},"product_brand":[],"product_cat":[27,32],"product_tag":[10040,10042,10041,36,290,9995,9953,9936],"series":[10112],"class_list":{"0":"post-2211","1":"product","2":"type-product","3":"status-publish","4":"has-post-thumbnail","6":"product_cat-powiesc-graficzna","7":"product_cat-komiks","8":"product_tag-amerykanskie","9":"product_tag-dystopia","10":"product_tag-eisner-award","11":"product_tag-fantasy","12":"product_tag-komiks-2","13":"product_tag-nagradzane","14":"product_tag-seria-zycie","15":"product_tag-spoleczne","16":"series-zycie","18":"first","19":"instock","20":"shipping-taxable","21":"purchasable","22":"product-type-simple"},"acf":[],"_links":{"self":[{"href":"https:\/\/centrala.org.uk\/pl\/wp-json\/wp\/v2\/product\/2211","targetHints":{"allow":["GET"]}}],"collection":[{"href":"https:\/\/centrala.org.uk\/pl\/wp-json\/wp\/v2\/product"}],"about":[{"href":"https:\/\/centrala.org.uk\/pl\/wp-json\/wp\/v2\/types\/product"}],"replies":[{"embeddable":true,"href":"https:\/\/centrala.org.uk\/pl\/wp-json\/wp\/v2\/comments?post=2211"}],"wp:featuredmedia":[{"embeddable":true,"href":"https:\/\/centrala.org.uk\/pl\/wp-json\/wp\/v2\/media\/2212"}],"wp:attachment":[{"href":"https:\/\/centrala.org.uk\/pl\/wp-json\/wp\/v2\/media?parent=2211"}],"wp:term":[{"taxonomy":"product_brand","embeddable":true,"href":"https:\/\/centrala.org.uk\/pl\/wp-json\/wp\/v2\/product_brand?post=2211"},{"taxonomy":"product_cat","embeddable":true,"href":"https:\/\/centrala.org.uk\/pl\/wp-json\/wp\/v2\/product_cat?post=2211"},{"taxonomy":"product_tag","embeddable":true,"href":"https:\/\/centrala.org.uk\/pl\/wp-json\/wp\/v2\/product_tag?post=2211"},{"taxonomy":"series","embeddable":true,"href":"https:\/\/centrala.org.uk\/pl\/wp-json\/wp\/v2\/series?post=2211"}],"curies":[{"name":"wp","href":"https:\/\/api.w.org\/{rel}","templated":true}]}}