{"id":222,"date":"2007-12-04T15:45:28","date_gmt":"2007-12-04T14:45:28","guid":{"rendered":"http:\/\/centrala.org.uk\/pl\/?post_type=product&#038;p=222"},"modified":"2021-12-10T12:15:48","modified_gmt":"2021-12-10T11:15:48","slug":"alois-nebel-tom-2-dworzec-glowny","status":"publish","type":"product","link":"https:\/\/centrala.org.uk\/pl\/sklep\/alois-nebel-tom-2-dworzec-glowny\/","title":{"rendered":"Alois Nebel tom 2 &#8222;Dworzec G\u0142\u00f3wny&#8221;"},"content":{"rendered":"<p>Tym razem Alois Nebel opuszcza sw\u0105 niewielk\u0105 stacyjk\u0119 i udaje si\u0119 w wielk\u0105 podr\u00f3\u017c &#8211; na Dworzec G\u0142\u00f3wny w Pradze. Jest to rodzaj pielgrzymki do miejsca, kt\u00f3re pragnie zobaczy\u0107 ka\u017cdy czeski kolejarz. Alois zaprzyja\u017ania si\u0119 tam z kilkoma sta\u0142ymi bywalcami, zakochuje si\u0119 w kobiecie pracuj\u0105cej na praskim dworcu, poznaje dzieje dworca, losy s\u0142ynnych kolejowych pasa\u017cer\u00f3w, prze\u017cywa wiele fascynuj\u0105cych i tajemniczych przyg\u00f3d. Bo aura mistycznych mgie\u0142 nie opuszcza naszego bohatera ani na chwil\u0119.<\/p>\n","protected":false},"excerpt":{"rendered":"<p>\u201ePoci\u0105gi pod specjalnym nadzorem\u201d spotykaj\u0105 stylistyk\u0119 blisk\u0105 \u201eSin City\u201d Franka Millera.<\/p>\n","protected":false},"featured_media":224,"comment_status":"closed","ping_status":"closed","template":"","meta":{"_acf_changed":false},"product_brand":[],"product_cat":[27],"product_tag":[31,41,24,30,29],"series":[10112],"class_list":{"0":"post-222","1":"product","2":"type-product","3":"status-publish","4":"has-post-thumbnail","6":"product_cat-powiesc-graficzna","7":"product_tag-czarno-biale","8":"product_tag-czeskie","9":"product_tag-historia","10":"product_tag-jaromir-99","11":"product_tag-jaroslav-rudis","12":"series-zycie","14":"first","15":"outofstock","16":"shipping-taxable","17":"purchasable","18":"product-type-simple"},"acf":[],"_links":{"self":[{"href":"https:\/\/centrala.org.uk\/pl\/wp-json\/wp\/v2\/product\/222","targetHints":{"allow":["GET"]}}],"collection":[{"href":"https:\/\/centrala.org.uk\/pl\/wp-json\/wp\/v2\/product"}],"about":[{"href":"https:\/\/centrala.org.uk\/pl\/wp-json\/wp\/v2\/types\/product"}],"replies":[{"embeddable":true,"href":"https:\/\/centrala.org.uk\/pl\/wp-json\/wp\/v2\/comments?post=222"}],"wp:featuredmedia":[{"embeddable":true,"href":"https:\/\/centrala.org.uk\/pl\/wp-json\/wp\/v2\/media\/224"}],"wp:attachment":[{"href":"https:\/\/centrala.org.uk\/pl\/wp-json\/wp\/v2\/media?parent=222"}],"wp:term":[{"taxonomy":"product_brand","embeddable":true,"href":"https:\/\/centrala.org.uk\/pl\/wp-json\/wp\/v2\/product_brand?post=222"},{"taxonomy":"product_cat","embeddable":true,"href":"https:\/\/centrala.org.uk\/pl\/wp-json\/wp\/v2\/product_cat?post=222"},{"taxonomy":"product_tag","embeddable":true,"href":"https:\/\/centrala.org.uk\/pl\/wp-json\/wp\/v2\/product_tag?post=222"},{"taxonomy":"series","embeddable":true,"href":"https:\/\/centrala.org.uk\/pl\/wp-json\/wp\/v2\/series?post=222"}],"curies":[{"name":"wp","href":"https:\/\/api.w.org\/{rel}","templated":true}]}}