{"id":227,"date":"2008-03-04T16:04:43","date_gmt":"2008-03-04T15:04:43","guid":{"rendered":"http:\/\/centrala.org.uk\/pl\/?post_type=product&#038;p=227"},"modified":"2021-12-10T12:16:12","modified_gmt":"2021-12-10T11:16:12","slug":"alois-nebel-tom-3-zlote-gory","status":"publish","type":"product","link":"https:\/\/centrala.org.uk\/pl\/sklep\/alois-nebel-tom-3-zlote-gory\/","title":{"rendered":"Alois Nebel tom 3 &#8222;Z\u0142ote G\u00f3ry&#8221;"},"content":{"rendered":"<p>Trzeci i ostatni tom trylogii Alois Nebel &#8211; Z\u0142ote G\u00f3ry autorstwa Jaroslava Rudi\u015ba (scenariusz) i Jaromira 99 (rysunki) opisuje dalsze losy tytu\u0142owego bohatera, kt\u00f3ry postanowi\u0142 rozsta\u0107 si\u0119 definitywnie z prac\u0105 na kolei i zamieszka\u0107 w po\u0142o\u017conych niedaleko Bia\u0142ego Potoku Z\u0142otych G\u00f3rach. Miejsce to owiane jest tajemnicz\u0105 legend\u0105 z przesz\u0142o\u015bci m\u00f3wi\u0105c\u0105 o ukrytych tam przez Niemc\u00f3w pod koniec wojny skarbach, kt\u00f3rych jak dot\u0105d nikt nie odnalaz\u0142. Do Z\u0142otych G\u00f3r w odwiedziny do Aloisa pod\u0105\u017ca Kwieta. Niespodziewanie wszystkich zaskakuje wielka ulewa i pow\u00f3d\u017a&#8230;<\/p>\n","protected":false},"excerpt":{"rendered":"<p>\u201ePoci\u0105gi pod specjalnym nadzorem\u201d spotykaj\u0105 stylistyk\u0119 blisk\u0105 \u201eSin City\u201d Franka Millera.<\/p>\n","protected":false},"featured_media":228,"comment_status":"closed","ping_status":"closed","template":"","meta":{"_acf_changed":false},"product_brand":[],"product_cat":[27],"product_tag":[31,41,24,30,29],"series":[10112],"class_list":{"0":"post-227","1":"product","2":"type-product","3":"status-publish","4":"has-post-thumbnail","6":"product_cat-powiesc-graficzna","7":"product_tag-czarno-biale","8":"product_tag-czeskie","9":"product_tag-historia","10":"product_tag-jaromir-99","11":"product_tag-jaroslav-rudis","12":"series-zycie","14":"first","15":"outofstock","16":"shipping-taxable","17":"purchasable","18":"product-type-simple"},"acf":[],"_links":{"self":[{"href":"https:\/\/centrala.org.uk\/pl\/wp-json\/wp\/v2\/product\/227","targetHints":{"allow":["GET"]}}],"collection":[{"href":"https:\/\/centrala.org.uk\/pl\/wp-json\/wp\/v2\/product"}],"about":[{"href":"https:\/\/centrala.org.uk\/pl\/wp-json\/wp\/v2\/types\/product"}],"replies":[{"embeddable":true,"href":"https:\/\/centrala.org.uk\/pl\/wp-json\/wp\/v2\/comments?post=227"}],"wp:featuredmedia":[{"embeddable":true,"href":"https:\/\/centrala.org.uk\/pl\/wp-json\/wp\/v2\/media\/228"}],"wp:attachment":[{"href":"https:\/\/centrala.org.uk\/pl\/wp-json\/wp\/v2\/media?parent=227"}],"wp:term":[{"taxonomy":"product_brand","embeddable":true,"href":"https:\/\/centrala.org.uk\/pl\/wp-json\/wp\/v2\/product_brand?post=227"},{"taxonomy":"product_cat","embeddable":true,"href":"https:\/\/centrala.org.uk\/pl\/wp-json\/wp\/v2\/product_cat?post=227"},{"taxonomy":"product_tag","embeddable":true,"href":"https:\/\/centrala.org.uk\/pl\/wp-json\/wp\/v2\/product_tag?post=227"},{"taxonomy":"series","embeddable":true,"href":"https:\/\/centrala.org.uk\/pl\/wp-json\/wp\/v2\/series?post=227"}],"curies":[{"name":"wp","href":"https:\/\/api.w.org\/{rel}","templated":true}]}}