{"id":2280,"date":"2022-05-11T13:05:00","date_gmt":"2022-05-11T11:05:00","guid":{"rendered":"http:\/\/centrala.org.uk\/pl\/?post_type=product&#038;p=2280"},"modified":"2022-05-11T13:05:00","modified_gmt":"2022-05-11T11:05:00","slug":"nastepnym-razem-wszystko-bedzie-jak-trzeba","status":"publish","type":"product","link":"https:\/\/centrala.org.uk\/pl\/sklep\/nastepnym-razem-wszystko-bedzie-jak-trzeba\/","title":{"rendered":"Nast\u0119pnym razem wszystko b\u0119dzie jak trzeba"},"content":{"rendered":"<p>Dzi\u0119ki swoim poprzednim ksi\u0105\u017ckom (w tym wydanej w j\u0119zyku angielskim 'Dear Rikard&#8217;) Lene Ask zyska\u0142a wiele uwagi, szczeg\u00f3lnie dzi\u0119ki jej osobistym i humorystycznym opisom w\u0142asnego \u017cycia. &#8222;Nast\u0119pnym razem wszystko b\u0119dzie jak trzeba&#8221; jest pierwszym komiksem Ask, kt\u00f3ry nie jest o niej samej. Artystka znakomicie radzi sobie z przej\u015bciem do nowego formatu. Opowiada o dziewczynie ze wsi Marte, kt\u00f3ra przeprowadzi\u0142a si\u0119 do Oslo, by studiowa\u0107 i pracowa\u0107 w bibliotece. Kiedy umiera jej ojciec, Marte musi wr\u00f3ci\u0107 do domu i spr\u00f3bowa\u0107 mi\u0119dzy innymi zrozumie\u0107 swoje relacje z g\u0142\u0119boko religijn\u0105 matk\u0105. Z uporczywym idealizmem stara si\u0119 dokonywa\u0107 w\u0142a\u015bciwych wybor\u00f3w, ale w trakcie opowie\u015bci zyskuje nowe spojrzenie na to, co jest w \u017cyciu wa\u017cne.<br \/>\nLene Ask po raz kolejny pokazuje swoj\u0105 umiej\u0119tno\u015b\u0107 opisywania ludzi z wielk\u0105 empati\u0105 i wiarygodno\u015bci\u0105. Swobodnie porusza si\u0119 mi\u0119dzy wielkimi egzystencjalnymi tematami a ma\u0142ymi codziennymi wydarzeniami. Jej przejrzyste rysunki i efektywne wykorzystanie kolor\u00f3w nap\u0119dzaj\u0105 fabu\u0142\u0119 i wzmacniaj\u0105 charakterystyk\u0119 bohater\u00f3w.<\/p>\n<div id='gallery-1' class='gallery galleryid-2280 gallery-columns-3 gallery-size-thumbnail'><figure class='gallery-item'>\n\t\t\t<div class='gallery-icon portrait'>\n\t\t\t\t<a href='https:\/\/centrala.org.uk\/pl\/?attachment_id=2282'><img loading=\"lazy\" decoding=\"async\" width=\"220\" height=\"284\" src=\"https:\/\/centrala.org.uk\/pl\/wp-content\/uploads\/sites\/2\/2022\/05\/nastepnym-razem01-220x284.jpg\" class=\"attachment-thumbnail size-thumbnail\" alt=\"\" srcset=\"https:\/\/centrala.org.uk\/pl\/wp-content\/uploads\/sites\/2\/2022\/05\/nastepnym-razem01-220x284.jpg 220w, https:\/\/centrala.org.uk\/pl\/wp-content\/uploads\/sites\/2\/2022\/05\/nastepnym-razem01-640x825.jpg 640w, https:\/\/centrala.org.uk\/pl\/wp-content\/uploads\/sites\/2\/2022\/05\/nastepnym-razem01-768x990.jpg 768w, https:\/\/centrala.org.uk\/pl\/wp-content\/uploads\/sites\/2\/2022\/05\/nastepnym-razem01-698x900.jpg 698w, https:\/\/centrala.org.uk\/pl\/wp-content\/uploads\/sites\/2\/2022\/05\/nastepnym-razem01-210x271.jpg 210w, https:\/\/centrala.org.uk\/pl\/wp-content\/uploads\/sites\/2\/2022\/05\/nastepnym-razem01-480x619.jpg 480w, https:\/\/centrala.org.uk\/pl\/wp-content\/uploads\/sites\/2\/2022\/05\/nastepnym-razem01.jpg 1122w\" sizes=\"auto, (max-width: 220px) 100vw, 220px\" \/><\/a>\n\t\t\t<\/div><\/figure><figure class='gallery-item'>\n\t\t\t<div class='gallery-icon portrait'>\n\t\t\t\t<a href='https:\/\/centrala.org.uk\/pl\/?attachment_id=2283'><img loading=\"lazy\" decoding=\"async\" width=\"220\" height=\"284\" src=\"https:\/\/centrala.org.uk\/pl\/wp-content\/uploads\/sites\/2\/2022\/05\/nastepnym-razem02-220x284.jpg\" class=\"attachment-thumbnail size-thumbnail\" alt=\"\" srcset=\"https:\/\/centrala.org.uk\/pl\/wp-content\/uploads\/sites\/2\/2022\/05\/nastepnym-razem02-220x284.jpg 220w, https:\/\/centrala.org.uk\/pl\/wp-content\/uploads\/sites\/2\/2022\/05\/nastepnym-razem02-640x825.jpg 640w, https:\/\/centrala.org.uk\/pl\/wp-content\/uploads\/sites\/2\/2022\/05\/nastepnym-razem02-1400x1806.jpg 1400w, https:\/\/centrala.org.uk\/pl\/wp-content\/uploads\/sites\/2\/2022\/05\/nastepnym-razem02-768x990.jpg 768w, https:\/\/centrala.org.uk\/pl\/wp-content\/uploads\/sites\/2\/2022\/05\/nastepnym-razem02-1191x1536.jpg 1191w, https:\/\/centrala.org.uk\/pl\/wp-content\/uploads\/sites\/2\/2022\/05\/nastepnym-razem02-1588x2048.jpg 1588w, https:\/\/centrala.org.uk\/pl\/wp-content\/uploads\/sites\/2\/2022\/05\/nastepnym-razem02-698x900.jpg 698w, https:\/\/centrala.org.uk\/pl\/wp-content\/uploads\/sites\/2\/2022\/05\/nastepnym-razem02-210x271.jpg 210w, https:\/\/centrala.org.uk\/pl\/wp-content\/uploads\/sites\/2\/2022\/05\/nastepnym-razem02-480x619.jpg 480w, https:\/\/centrala.org.uk\/pl\/wp-content\/uploads\/sites\/2\/2022\/05\/nastepnym-razem02-scaled.jpg 1985w\" sizes=\"auto, (max-width: 220px) 100vw, 220px\" \/><\/a>\n\t\t\t<\/div><\/figure><figure class='gallery-item'>\n\t\t\t<div class='gallery-icon portrait'>\n\t\t\t\t<a href='https:\/\/centrala.org.uk\/pl\/?attachment_id=2284'><img loading=\"lazy\" decoding=\"async\" width=\"220\" height=\"284\" src=\"https:\/\/centrala.org.uk\/pl\/wp-content\/uploads\/sites\/2\/2022\/05\/nastepnym-razem03-220x284.jpg\" class=\"attachment-thumbnail size-thumbnail\" alt=\"\" srcset=\"https:\/\/centrala.org.uk\/pl\/wp-content\/uploads\/sites\/2\/2022\/05\/nastepnym-razem03-220x284.jpg 220w, https:\/\/centrala.org.uk\/pl\/wp-content\/uploads\/sites\/2\/2022\/05\/nastepnym-razem03-640x825.jpg 640w, https:\/\/centrala.org.uk\/pl\/wp-content\/uploads\/sites\/2\/2022\/05\/nastepnym-razem03-768x990.jpg 768w, https:\/\/centrala.org.uk\/pl\/wp-content\/uploads\/sites\/2\/2022\/05\/nastepnym-razem03-698x900.jpg 698w, https:\/\/centrala.org.uk\/pl\/wp-content\/uploads\/sites\/2\/2022\/05\/nastepnym-razem03-210x271.jpg 210w, https:\/\/centrala.org.uk\/pl\/wp-content\/uploads\/sites\/2\/2022\/05\/nastepnym-razem03-480x619.jpg 480w, https:\/\/centrala.org.uk\/pl\/wp-content\/uploads\/sites\/2\/2022\/05\/nastepnym-razem03.jpg 1122w\" sizes=\"auto, (max-width: 220px) 100vw, 220px\" \/><\/a>\n\t\t\t<\/div><\/figure><figure class='gallery-item'>\n\t\t\t<div class='gallery-icon portrait'>\n\t\t\t\t<a href='https:\/\/centrala.org.uk\/pl\/?attachment_id=2285'><img loading=\"lazy\" decoding=\"async\" width=\"220\" height=\"284\" src=\"https:\/\/centrala.org.uk\/pl\/wp-content\/uploads\/sites\/2\/2022\/05\/nastepnym-razem04-220x284.jpg\" class=\"attachment-thumbnail size-thumbnail\" alt=\"\" srcset=\"https:\/\/centrala.org.uk\/pl\/wp-content\/uploads\/sites\/2\/2022\/05\/nastepnym-razem04-220x284.jpg 220w, https:\/\/centrala.org.uk\/pl\/wp-content\/uploads\/sites\/2\/2022\/05\/nastepnym-razem04-640x825.jpg 640w, https:\/\/centrala.org.uk\/pl\/wp-content\/uploads\/sites\/2\/2022\/05\/nastepnym-razem04-768x990.jpg 768w, https:\/\/centrala.org.uk\/pl\/wp-content\/uploads\/sites\/2\/2022\/05\/nastepnym-razem04-698x900.jpg 698w, https:\/\/centrala.org.uk\/pl\/wp-content\/uploads\/sites\/2\/2022\/05\/nastepnym-razem04-210x271.jpg 210w, https:\/\/centrala.org.uk\/pl\/wp-content\/uploads\/sites\/2\/2022\/05\/nastepnym-razem04-480x619.jpg 480w, https:\/\/centrala.org.uk\/pl\/wp-content\/uploads\/sites\/2\/2022\/05\/nastepnym-razem04.jpg 1122w\" sizes=\"auto, (max-width: 220px) 100vw, 220px\" \/><\/a>\n\t\t\t<\/div><\/figure>\n\t\t<\/div>\n\n<p>Lene Ask (ur. 1974) jest norwesk\u0105 autork\u0105 komiks\u00f3w i ksi\u0105\u017cek dla dzieci. Cho\u0107 pocz\u0105tkowo zajmowa\u0142a si\u0119 fotografi\u0105, od czasu debiutu jej powie\u015bci graficznej &#8222;Hitler, Jesus og farfar&#8221; w 2006 roku, Ask pracuje intensywnie na polu komiksu, ksi\u0105\u017cki i ilustracji.<\/p>\n<p>Uko\u0144czy\u0142a Norweski Instytut Ksi\u0105\u017cki dla Dzieci, przez trzy lata studiowa\u0142a fotografi\u0119 na Akademii Sztuki w Bergen i by\u0142a na wymianie studenckiej jako fotografka w FAMU w Pradze. Ponadto studiowa\u0142a histori\u0119 sztuki na Uniwersytecie w Bergen oraz sztuk\u0119 w Rogaland College of Art w Stavanger.<\/p>\n<p>Ask pracuje zar\u00f3wno z dokumentem jak i fikcj\u0105 i opublikowa\u0142a ponad 25 ksi\u0105\u017cek, jako autorka i\/lub ilustratorka, z kt\u00f3rych kilka zosta\u0142o przet\u0142umaczonych na inne j\u0119zyki. Opublikowa\u0142a r\u00f3wnie\u017c szereg artyku\u0142\u00f3w i opowiada\u0144 w kilku antologiach. Ask jest cenion\u0105 wyk\u0142adowczyni\u0105, a jej prace by\u0142y wielokrotnie wystawiane.<\/p>\n<p>Ask postrzega siebie jako autork\u0119 opowie\u015bci wizualnych, zar\u00f3wno gdy rysuje obrazy, jak i pisze powie\u015bci. W swoich powie\u015bciach graficznych bada napi\u0119cie pomi\u0119dzy s\u0142owami i obrazami.<\/p>\n","protected":false},"excerpt":{"rendered":"<p>Komiks o trudnych relacjach rodzinnych mi\u0119dzy kobietami.<\/p>\n","protected":false},"featured_media":2281,"comment_status":"closed","ping_status":"closed","template":"","meta":{"_acf_changed":false},"product_brand":[],"product_cat":[27,47,32],"product_tag":[223,10054,10053],"series":[10112],"class_list":{"0":"post-2280","1":"product","2":"type-product","3":"status-publish","4":"has-post-thumbnail","6":"product_cat-powiesc-graficzna","7":"product_cat-dla-mlodziezy","8":"product_cat-komiks","9":"product_tag-komiks-kobiecy","10":"product_tag-lene-ask","11":"product_tag-norweski","12":"series-zycie","14":"first","15":"instock","16":"sale","17":"shipping-taxable","18":"purchasable","19":"product-type-simple"},"acf":[],"_links":{"self":[{"href":"https:\/\/centrala.org.uk\/pl\/wp-json\/wp\/v2\/product\/2280","targetHints":{"allow":["GET"]}}],"collection":[{"href":"https:\/\/centrala.org.uk\/pl\/wp-json\/wp\/v2\/product"}],"about":[{"href":"https:\/\/centrala.org.uk\/pl\/wp-json\/wp\/v2\/types\/product"}],"replies":[{"embeddable":true,"href":"https:\/\/centrala.org.uk\/pl\/wp-json\/wp\/v2\/comments?post=2280"}],"wp:featuredmedia":[{"embeddable":true,"href":"https:\/\/centrala.org.uk\/pl\/wp-json\/wp\/v2\/media\/2281"}],"wp:attachment":[{"href":"https:\/\/centrala.org.uk\/pl\/wp-json\/wp\/v2\/media?parent=2280"}],"wp:term":[{"taxonomy":"product_brand","embeddable":true,"href":"https:\/\/centrala.org.uk\/pl\/wp-json\/wp\/v2\/product_brand?post=2280"},{"taxonomy":"product_cat","embeddable":true,"href":"https:\/\/centrala.org.uk\/pl\/wp-json\/wp\/v2\/product_cat?post=2280"},{"taxonomy":"product_tag","embeddable":true,"href":"https:\/\/centrala.org.uk\/pl\/wp-json\/wp\/v2\/product_tag?post=2280"},{"taxonomy":"series","embeddable":true,"href":"https:\/\/centrala.org.uk\/pl\/wp-json\/wp\/v2\/series?post=2280"}],"curies":[{"name":"wp","href":"https:\/\/api.w.org\/{rel}","templated":true}]}}