{"id":2292,"date":"2022-10-11T23:29:25","date_gmt":"2022-10-11T21:29:25","guid":{"rendered":"http:\/\/centrala.org.uk\/pl\/?post_type=product&#038;p=2292"},"modified":"2022-11-07T19:10:32","modified_gmt":"2022-11-07T18:10:32","slug":"singiel","status":"publish","type":"product","link":"https:\/\/centrala.org.uk\/pl\/sklep\/singiel\/","title":{"rendered":"Singiel"},"content":{"rendered":"<p><span style=\"font-weight: 400\">Komiksowy album wprowadza nas w \u015bwiat praskiego trzydziestolatka, kt\u00f3remu w\u0142a\u015bnie rozpad\u0142 si\u0119 wieloletni zwi\u0105zek. Co znaczy by\u0107 singlem, kiedy wszyscy wok\u00f3\u0142 zak\u0142adaj\u0105 rodziny? To szcz\u0119\u015bcie czy przekle\u0144stwo? Co robi\u0107? Rozpami\u0119tywa\u0107 przesz\u0142o\u015b\u0107, poszukiwa\u0107 samego siebie, stara\u0107 si\u0119 przedefiniowa\u0107 swoje istnienie? Wiele pyta\u0144, ma\u0142o odpowiedzi. Singiel nie wybra\u0142 wolno\u015bci, ale j\u0105 ma. I dzi\u0119ki temu prze\u017cywa przygody, kt\u00f3rych inaczej by nie prze\u017cy\u0142. Niesamowita wycieczka do Rzymu z przyjacielem, kt\u00f3ra nie jest tak udana, jak sobie za\u0142o\u017cyli. Kr\u00f3tki, ale intensywny zwi\u0105zek z rasistk\u0105 kibicuj\u0105c\u0105 Ban\u00edkowi. I wiele innych obraz\u00f3w, kt\u00f3re pojawiaj\u0105 mu si\u0119 w g\u0142owie podczas oczyszczaj\u0105cego rejsu po Morzu Arktycznym. Kr\u00f3tko m\u00f3wi\u0105c singiel jest jak lodowiec, kt\u00f3ry czeka, \u017ceby wpad\u0142 na niego Titanic, b\u0119d\u0105cy jego przeznaczeniem.<\/span><\/p>\n<p>Ji\u0159\u00ed Franta jest magistrem sztuk pi\u0119knych, artyst\u0105 wizualnym i ilustratorem zamieszka\u0142ym w Pradze. Rysuje i maluje przez ca\u0142e swoje \u017cycie. Po\u015bwi\u0119ca si\u0119 malarstwu, ale zajmuje si\u0119 r\u00f3wnie\u017c tworzeniem instalacji, obiekt\u00f3w i produkcji wideo. Jest cz\u0142onkiem grupy artystycznej Rafani i cz\u0119\u015bci\u0105 duetu artystycznego Franta-B\u00f6hm, a tak\u017ce za\u0142o\u017cycielem magazynu komiksowego KIX. Wystawia\u0142 w Czechach i za granic\u0105, jest kilkukrotnym finalist\u0105 presti\u017cowej nagrody Jind\u0159ich Chalupeck\u00fd, a w 2015 roku zdoby\u0142 nagrod\u0119 Magnesia Litera za najlepsz\u0105 ksi\u0105\u017ck\u0119 dla dzieci.<\/p>\n<div id='gallery-1' class='gallery galleryid-2292 gallery-columns-3 gallery-size-full'><figure class='gallery-item'>\n\t\t\t<div class='gallery-icon portrait'>\n\t\t\t\t<a href='https:\/\/centrala.org.uk\/pl\/?attachment_id=2294'><img loading=\"lazy\" decoding=\"async\" width=\"866\" height=\"1220\" src=\"https:\/\/centrala.org.uk\/pl\/wp-content\/uploads\/sites\/2\/2022\/10\/Singiel_net01.jpg\" class=\"attachment-full size-full\" alt=\"\" srcset=\"https:\/\/centrala.org.uk\/pl\/wp-content\/uploads\/sites\/2\/2022\/10\/Singiel_net01.jpg 866w, https:\/\/centrala.org.uk\/pl\/wp-content\/uploads\/sites\/2\/2022\/10\/Singiel_net01-640x902.jpg 640w, https:\/\/centrala.org.uk\/pl\/wp-content\/uploads\/sites\/2\/2022\/10\/Singiel_net01-220x310.jpg 220w, https:\/\/centrala.org.uk\/pl\/wp-content\/uploads\/sites\/2\/2022\/10\/Singiel_net01-768x1082.jpg 768w, https:\/\/centrala.org.uk\/pl\/wp-content\/uploads\/sites\/2\/2022\/10\/Singiel_net01-639x900.jpg 639w, https:\/\/centrala.org.uk\/pl\/wp-content\/uploads\/sites\/2\/2022\/10\/Singiel_net01-210x296.jpg 210w, https:\/\/centrala.org.uk\/pl\/wp-content\/uploads\/sites\/2\/2022\/10\/Singiel_net01-480x676.jpg 480w\" sizes=\"auto, (max-width: 866px) 100vw, 866px\" \/><\/a>\n\t\t\t<\/div><\/figure><figure class='gallery-item'>\n\t\t\t<div class='gallery-icon portrait'>\n\t\t\t\t<a href='https:\/\/centrala.org.uk\/pl\/?attachment_id=2295'><img loading=\"lazy\" decoding=\"async\" width=\"866\" height=\"1220\" src=\"https:\/\/centrala.org.uk\/pl\/wp-content\/uploads\/sites\/2\/2022\/10\/Singiel_net02.jpg\" class=\"attachment-full size-full\" alt=\"\" srcset=\"https:\/\/centrala.org.uk\/pl\/wp-content\/uploads\/sites\/2\/2022\/10\/Singiel_net02.jpg 866w, https:\/\/centrala.org.uk\/pl\/wp-content\/uploads\/sites\/2\/2022\/10\/Singiel_net02-640x902.jpg 640w, https:\/\/centrala.org.uk\/pl\/wp-content\/uploads\/sites\/2\/2022\/10\/Singiel_net02-220x310.jpg 220w, https:\/\/centrala.org.uk\/pl\/wp-content\/uploads\/sites\/2\/2022\/10\/Singiel_net02-768x1082.jpg 768w, https:\/\/centrala.org.uk\/pl\/wp-content\/uploads\/sites\/2\/2022\/10\/Singiel_net02-639x900.jpg 639w, https:\/\/centrala.org.uk\/pl\/wp-content\/uploads\/sites\/2\/2022\/10\/Singiel_net02-210x296.jpg 210w, https:\/\/centrala.org.uk\/pl\/wp-content\/uploads\/sites\/2\/2022\/10\/Singiel_net02-480x676.jpg 480w\" sizes=\"auto, (max-width: 866px) 100vw, 866px\" \/><\/a>\n\t\t\t<\/div><\/figure><figure class='gallery-item'>\n\t\t\t<div class='gallery-icon portrait'>\n\t\t\t\t<a href='https:\/\/centrala.org.uk\/pl\/?attachment_id=2296'><img loading=\"lazy\" decoding=\"async\" width=\"866\" height=\"1220\" src=\"https:\/\/centrala.org.uk\/pl\/wp-content\/uploads\/sites\/2\/2022\/10\/Singiel_net03.jpg\" class=\"attachment-full size-full\" alt=\"\" srcset=\"https:\/\/centrala.org.uk\/pl\/wp-content\/uploads\/sites\/2\/2022\/10\/Singiel_net03.jpg 866w, https:\/\/centrala.org.uk\/pl\/wp-content\/uploads\/sites\/2\/2022\/10\/Singiel_net03-640x902.jpg 640w, https:\/\/centrala.org.uk\/pl\/wp-content\/uploads\/sites\/2\/2022\/10\/Singiel_net03-220x310.jpg 220w, https:\/\/centrala.org.uk\/pl\/wp-content\/uploads\/sites\/2\/2022\/10\/Singiel_net03-768x1082.jpg 768w, https:\/\/centrala.org.uk\/pl\/wp-content\/uploads\/sites\/2\/2022\/10\/Singiel_net03-639x900.jpg 639w, https:\/\/centrala.org.uk\/pl\/wp-content\/uploads\/sites\/2\/2022\/10\/Singiel_net03-210x296.jpg 210w, https:\/\/centrala.org.uk\/pl\/wp-content\/uploads\/sites\/2\/2022\/10\/Singiel_net03-480x676.jpg 480w\" sizes=\"auto, (max-width: 866px) 100vw, 866px\" \/><\/a>\n\t\t\t<\/div><\/figure><figure class='gallery-item'>\n\t\t\t<div class='gallery-icon portrait'>\n\t\t\t\t<a href='https:\/\/centrala.org.uk\/pl\/?attachment_id=2297'><img loading=\"lazy\" decoding=\"async\" width=\"866\" height=\"1220\" src=\"https:\/\/centrala.org.uk\/pl\/wp-content\/uploads\/sites\/2\/2022\/10\/Singiel_net04.jpg\" class=\"attachment-full size-full\" alt=\"\" srcset=\"https:\/\/centrala.org.uk\/pl\/wp-content\/uploads\/sites\/2\/2022\/10\/Singiel_net04.jpg 866w, https:\/\/centrala.org.uk\/pl\/wp-content\/uploads\/sites\/2\/2022\/10\/Singiel_net04-640x902.jpg 640w, https:\/\/centrala.org.uk\/pl\/wp-content\/uploads\/sites\/2\/2022\/10\/Singiel_net04-220x310.jpg 220w, https:\/\/centrala.org.uk\/pl\/wp-content\/uploads\/sites\/2\/2022\/10\/Singiel_net04-768x1082.jpg 768w, https:\/\/centrala.org.uk\/pl\/wp-content\/uploads\/sites\/2\/2022\/10\/Singiel_net04-639x900.jpg 639w, https:\/\/centrala.org.uk\/pl\/wp-content\/uploads\/sites\/2\/2022\/10\/Singiel_net04-210x296.jpg 210w, https:\/\/centrala.org.uk\/pl\/wp-content\/uploads\/sites\/2\/2022\/10\/Singiel_net04-480x676.jpg 480w\" sizes=\"auto, (max-width: 866px) 100vw, 866px\" \/><\/a>\n\t\t\t<\/div><\/figure><figure class='gallery-item'>\n\t\t\t<div class='gallery-icon portrait'>\n\t\t\t\t<a href='https:\/\/centrala.org.uk\/pl\/?attachment_id=2298'><img loading=\"lazy\" decoding=\"async\" width=\"866\" height=\"1220\" src=\"https:\/\/centrala.org.uk\/pl\/wp-content\/uploads\/sites\/2\/2022\/10\/Singiel_net05.jpg\" class=\"attachment-full size-full\" alt=\"\" srcset=\"https:\/\/centrala.org.uk\/pl\/wp-content\/uploads\/sites\/2\/2022\/10\/Singiel_net05.jpg 866w, https:\/\/centrala.org.uk\/pl\/wp-content\/uploads\/sites\/2\/2022\/10\/Singiel_net05-640x902.jpg 640w, https:\/\/centrala.org.uk\/pl\/wp-content\/uploads\/sites\/2\/2022\/10\/Singiel_net05-220x310.jpg 220w, https:\/\/centrala.org.uk\/pl\/wp-content\/uploads\/sites\/2\/2022\/10\/Singiel_net05-768x1082.jpg 768w, https:\/\/centrala.org.uk\/pl\/wp-content\/uploads\/sites\/2\/2022\/10\/Singiel_net05-639x900.jpg 639w, https:\/\/centrala.org.uk\/pl\/wp-content\/uploads\/sites\/2\/2022\/10\/Singiel_net05-210x296.jpg 210w, https:\/\/centrala.org.uk\/pl\/wp-content\/uploads\/sites\/2\/2022\/10\/Singiel_net05-480x676.jpg 480w\" sizes=\"auto, (max-width: 866px) 100vw, 866px\" \/><\/a>\n\t\t\t<\/div><\/figure><figure class='gallery-item'>\n\t\t\t<div class='gallery-icon portrait'>\n\t\t\t\t<a href='https:\/\/centrala.org.uk\/pl\/?attachment_id=2299'><img loading=\"lazy\" decoding=\"async\" width=\"866\" height=\"1220\" src=\"https:\/\/centrala.org.uk\/pl\/wp-content\/uploads\/sites\/2\/2022\/10\/Singiel_net06.jpg\" class=\"attachment-full size-full\" alt=\"\" srcset=\"https:\/\/centrala.org.uk\/pl\/wp-content\/uploads\/sites\/2\/2022\/10\/Singiel_net06.jpg 866w, https:\/\/centrala.org.uk\/pl\/wp-content\/uploads\/sites\/2\/2022\/10\/Singiel_net06-640x902.jpg 640w, https:\/\/centrala.org.uk\/pl\/wp-content\/uploads\/sites\/2\/2022\/10\/Singiel_net06-220x310.jpg 220w, https:\/\/centrala.org.uk\/pl\/wp-content\/uploads\/sites\/2\/2022\/10\/Singiel_net06-768x1082.jpg 768w, https:\/\/centrala.org.uk\/pl\/wp-content\/uploads\/sites\/2\/2022\/10\/Singiel_net06-639x900.jpg 639w, https:\/\/centrala.org.uk\/pl\/wp-content\/uploads\/sites\/2\/2022\/10\/Singiel_net06-210x296.jpg 210w, https:\/\/centrala.org.uk\/pl\/wp-content\/uploads\/sites\/2\/2022\/10\/Singiel_net06-480x676.jpg 480w\" sizes=\"auto, (max-width: 866px) 100vw, 866px\" \/><\/a>\n\t\t\t<\/div><\/figure><figure class='gallery-item'>\n\t\t\t<div class='gallery-icon portrait'>\n\t\t\t\t<a href='https:\/\/centrala.org.uk\/pl\/?attachment_id=2300'><img loading=\"lazy\" decoding=\"async\" width=\"866\" height=\"1220\" src=\"https:\/\/centrala.org.uk\/pl\/wp-content\/uploads\/sites\/2\/2022\/10\/Singiel_net07.jpg\" class=\"attachment-full size-full\" alt=\"\" srcset=\"https:\/\/centrala.org.uk\/pl\/wp-content\/uploads\/sites\/2\/2022\/10\/Singiel_net07.jpg 866w, https:\/\/centrala.org.uk\/pl\/wp-content\/uploads\/sites\/2\/2022\/10\/Singiel_net07-640x902.jpg 640w, https:\/\/centrala.org.uk\/pl\/wp-content\/uploads\/sites\/2\/2022\/10\/Singiel_net07-220x310.jpg 220w, https:\/\/centrala.org.uk\/pl\/wp-content\/uploads\/sites\/2\/2022\/10\/Singiel_net07-768x1082.jpg 768w, https:\/\/centrala.org.uk\/pl\/wp-content\/uploads\/sites\/2\/2022\/10\/Singiel_net07-639x900.jpg 639w, https:\/\/centrala.org.uk\/pl\/wp-content\/uploads\/sites\/2\/2022\/10\/Singiel_net07-210x296.jpg 210w, https:\/\/centrala.org.uk\/pl\/wp-content\/uploads\/sites\/2\/2022\/10\/Singiel_net07-480x676.jpg 480w\" sizes=\"auto, (max-width: 866px) 100vw, 866px\" \/><\/a>\n\t\t\t<\/div><\/figure><figure class='gallery-item'>\n\t\t\t<div class='gallery-icon portrait'>\n\t\t\t\t<a href='https:\/\/centrala.org.uk\/pl\/?attachment_id=2301'><img loading=\"lazy\" decoding=\"async\" width=\"866\" height=\"1220\" src=\"https:\/\/centrala.org.uk\/pl\/wp-content\/uploads\/sites\/2\/2022\/10\/Singiel_net08.jpg\" class=\"attachment-full size-full\" alt=\"\" srcset=\"https:\/\/centrala.org.uk\/pl\/wp-content\/uploads\/sites\/2\/2022\/10\/Singiel_net08.jpg 866w, https:\/\/centrala.org.uk\/pl\/wp-content\/uploads\/sites\/2\/2022\/10\/Singiel_net08-640x902.jpg 640w, https:\/\/centrala.org.uk\/pl\/wp-content\/uploads\/sites\/2\/2022\/10\/Singiel_net08-220x310.jpg 220w, https:\/\/centrala.org.uk\/pl\/wp-content\/uploads\/sites\/2\/2022\/10\/Singiel_net08-768x1082.jpg 768w, https:\/\/centrala.org.uk\/pl\/wp-content\/uploads\/sites\/2\/2022\/10\/Singiel_net08-639x900.jpg 639w, https:\/\/centrala.org.uk\/pl\/wp-content\/uploads\/sites\/2\/2022\/10\/Singiel_net08-210x296.jpg 210w, https:\/\/centrala.org.uk\/pl\/wp-content\/uploads\/sites\/2\/2022\/10\/Singiel_net08-480x676.jpg 480w\" sizes=\"auto, (max-width: 866px) 100vw, 866px\" \/><\/a>\n\t\t\t<\/div><\/figure>\n\t\t<\/div>\n\n","protected":false},"excerpt":{"rendered":"<p><span style=\"font-weight: 400\">Singiel jest jak lodowiec, kt\u00f3ry czeka, \u017ceby wpad\u0142 na niego Titanic, b\u0119d\u0105cy jego przeznaczeniem.<\/span><\/p>\n","protected":false},"featured_media":2293,"comment_status":"closed","ping_status":"closed","template":"","meta":{"_acf_changed":false},"product_brand":[],"product_cat":[27,32],"product_tag":[10060,10058,9967,10059,10039],"series":[10112],"class_list":{"0":"post-2292","1":"product","2":"type-product","3":"status-publish","4":"has-post-thumbnail","6":"product_cat-powiesc-graficzna","7":"product_cat-komiks","8":"product_tag-bohemians","9":"product_tag-jiri-franta","10":"product_tag-najnowszaczeskaliteraturagraficzna","11":"product_tag-praga","12":"product_tag-rok-diabla","13":"series-zycie","15":"first","16":"instock","17":"shipping-taxable","18":"purchasable","19":"product-type-simple"},"acf":[],"_links":{"self":[{"href":"https:\/\/centrala.org.uk\/pl\/wp-json\/wp\/v2\/product\/2292","targetHints":{"allow":["GET"]}}],"collection":[{"href":"https:\/\/centrala.org.uk\/pl\/wp-json\/wp\/v2\/product"}],"about":[{"href":"https:\/\/centrala.org.uk\/pl\/wp-json\/wp\/v2\/types\/product"}],"replies":[{"embeddable":true,"href":"https:\/\/centrala.org.uk\/pl\/wp-json\/wp\/v2\/comments?post=2292"}],"wp:featuredmedia":[{"embeddable":true,"href":"https:\/\/centrala.org.uk\/pl\/wp-json\/wp\/v2\/media\/2293"}],"wp:attachment":[{"href":"https:\/\/centrala.org.uk\/pl\/wp-json\/wp\/v2\/media?parent=2292"}],"wp:term":[{"taxonomy":"product_brand","embeddable":true,"href":"https:\/\/centrala.org.uk\/pl\/wp-json\/wp\/v2\/product_brand?post=2292"},{"taxonomy":"product_cat","embeddable":true,"href":"https:\/\/centrala.org.uk\/pl\/wp-json\/wp\/v2\/product_cat?post=2292"},{"taxonomy":"product_tag","embeddable":true,"href":"https:\/\/centrala.org.uk\/pl\/wp-json\/wp\/v2\/product_tag?post=2292"},{"taxonomy":"series","embeddable":true,"href":"https:\/\/centrala.org.uk\/pl\/wp-json\/wp\/v2\/series?post=2292"}],"curies":[{"name":"wp","href":"https:\/\/api.w.org\/{rel}","templated":true}]}}