{"id":2305,"date":"2022-10-11T23:53:33","date_gmt":"2022-10-11T21:53:33","guid":{"rendered":"http:\/\/centrala.org.uk\/pl\/?post_type=product&#038;p=2305"},"modified":"2023-05-30T17:00:37","modified_gmt":"2023-05-30T15:00:37","slug":"siostry-dietlove","status":"publish","type":"product","link":"https:\/\/centrala.org.uk\/pl\/sklep\/siostry-dietlove\/","title":{"rendered":"Siostry Dietlove"},"content":{"rendered":"<p>Horror kryminalny o dw\u00f3ch siostrach, kt\u00f3rych \u015bwiat stworzony jest z surrealistycznych wizji Vojt\u011bcha Ma\u0161ka, jednego z najbardziej uznanych czeskich autor\u00f3w komiks\u00f3w.<\/p>\n<p style=\"text-align: right\">Najgorzej jest, kiedy w nocy \u015bni si\u0119 co\u015b, co mo\u017ce by\u0107 banalne, ale ona w tym banalnym czym\u015b \u017cyje. Wszystko jest tak, jak by\u0142o.<br \/>\nA potem przychodzi pobudka i jeszcze przez chwil\u0119 wydaje si\u0119, \u017ce to, \u017ce nie \u017cyje, to by\u0142 w\u0142a\u015bnie ten sen\u2026 A potem powoli dociera do pana, \u017ce snem by\u0142o to, \u017ce \u017cyje. Nie my\u015ble\u0107 o niej mog\u0142em tylko wtedy, kiedy si\u0119 napi\u0142em. Obraz mo\u017cna zapi\u0107, wszystko mo\u017cna zapi\u0107\u2026<br \/>\nIng. Franti\u0161ek Huba\u010d<\/p>\n<p>Vojt\u011bch Ma\u0161ek (1977) \u2013 scenarzysta komiksowy i plastyk, autor scenariuszy filmowych, sztuk teatralnych i konceptu Recykliteratura. Wiele ksi\u0105\u017cek komiksowych, do kt\u00f3rych powstania si\u0119 przyczyni\u0142, otrzyma\u0142o nagrod\u0119 Muriel (Za v\u0161\u00edm hledej doktora \u017denu, Pandemonium, Posledn\u00ed chobotango, Alb\u00edna, Ve st\u00ednu \u0161umavsk\u00fdch hvozd\u016f, \u010ce\u0161\u00ed 1952: Jak Gottwald zavra\u017edil Sl\u00e1nsk\u00e9ho, Drak nikdy nesp\u00ed, Nejist\u00e9 domovy: Nebu\u010f jako g\u00e1d\u017eo!), dwa ukaza\u0142y si\u0119 za granic\u0105. Jest wsp\u00f3\u0142scenarzyst\u0105 filmu K\u0159i\u017e\u00e1\u010dek, kt\u00f3ry otrzyma\u0142 Kryszta\u0142owy Globus na MFF Karlovy Vary.<\/p>\n<p>Z lekk\u0105 przesad\u0105 mo\u017cna by powiedzie\u0107, \u017ce niezale\u017cnie od tego, w jakiej dziedzinie Vojt\u011bch Ma\u0161ek macza swoje palce, jego praca zawsze spotyka si\u0119 z niebywa\u0142ym sukcesem: by\u0142 jednym ze scenarzyst\u00f3w filmu &#8222;K\u0159i\u017e\u00e1\u010dek&#8221; (2017), kt\u00f3ry zdoby\u0142 nagrod\u0119 dla najlepszego filmu na festiwalu w Karlowych Warach, a ksi\u0105\u017cka dla dzieci &#8222;Pajacyk, Pestka, \u015aliwka, Polano i zn\u00f3w Pajacyk&#8221; (2018), napisana przez Ma\u0161ka i zilustrowana przez Chrudo\u0161a Valou\u0161ka, zdoby\u0142a presti\u017cow\u0105 Bologna Ragazzi Award. Najlepiej jednak czuje si\u0119 w \u015bwiecie komiks\u00f3w, kt\u00f3re tworzy samodzielnie lub we wsp\u00f3\u0142pracy z innymi artystami i scenarzystami. Od 2002 roku wraz z D\u017eianem Babanem rozwija surrealistyczny \u015bwiat Monstrkabaretu Freda Brunolda, kt\u00f3ry pojawi\u0142 si\u0119 w pi\u0119ciu komiksach, kilkunastu adaptacjach scenicznych i filmach kr\u00f3tkometra\u017cowych. Wsp\u00f3lnie napisali te\u017c dwie nagrodzone powie\u015bci graficzne z rysunkami Ji\u0159\u00edego Grusa. Ostatnio wsp\u00f3\u0142pracowa\u0142 r\u00f3wnie\u017c z pisarzem Markiem \u0160indelk\u0105 nad wsp\u00f3\u0142czesn\u0105 powie\u015bci\u0105 graficzn\u0105 Svat\u00e1 Barbora (grafika Marek Pokorn\u00fd, 2018), a lista jego projekt\u00f3w wci\u0105\u017c si\u0119 wyd\u0142u\u017ca.<\/p>\n<p>&nbsp;<\/p>\n","protected":false},"excerpt":{"rendered":"<p>Historia tajemniczego z\u0142a unosz\u0105cego si\u0119 nad dwiema starzej\u0105cymi si\u0119 siostrami. Nastrojem przypomina Black Hole Charlesa Burnsa, w specyficznym czeskim wydaniu.<\/p>\n","protected":false},"featured_media":2306,"comment_status":"closed","ping_status":"closed","template":"","meta":{"_acf_changed":false},"product_brand":[],"product_cat":[27,32],"product_tag":[226,300,9967,10039,10063],"series":[10112],"class_list":{"0":"post-2305","1":"product","2":"type-product","3":"status-publish","4":"has-post-thumbnail","6":"product_cat-powiesc-graficzna","7":"product_cat-komiks","8":"product_tag-czeski","9":"product_tag-czeski-komiks","10":"product_tag-najnowszaczeskaliteraturagraficzna","11":"product_tag-rok-diabla","12":"product_tag-vojtech-masek","13":"series-zycie","15":"first","16":"instock","17":"sale","18":"shipping-taxable","19":"purchasable","20":"product-type-simple"},"acf":[],"_links":{"self":[{"href":"https:\/\/centrala.org.uk\/pl\/wp-json\/wp\/v2\/product\/2305","targetHints":{"allow":["GET"]}}],"collection":[{"href":"https:\/\/centrala.org.uk\/pl\/wp-json\/wp\/v2\/product"}],"about":[{"href":"https:\/\/centrala.org.uk\/pl\/wp-json\/wp\/v2\/types\/product"}],"replies":[{"embeddable":true,"href":"https:\/\/centrala.org.uk\/pl\/wp-json\/wp\/v2\/comments?post=2305"}],"wp:featuredmedia":[{"embeddable":true,"href":"https:\/\/centrala.org.uk\/pl\/wp-json\/wp\/v2\/media\/2306"}],"wp:attachment":[{"href":"https:\/\/centrala.org.uk\/pl\/wp-json\/wp\/v2\/media?parent=2305"}],"wp:term":[{"taxonomy":"product_brand","embeddable":true,"href":"https:\/\/centrala.org.uk\/pl\/wp-json\/wp\/v2\/product_brand?post=2305"},{"taxonomy":"product_cat","embeddable":true,"href":"https:\/\/centrala.org.uk\/pl\/wp-json\/wp\/v2\/product_cat?post=2305"},{"taxonomy":"product_tag","embeddable":true,"href":"https:\/\/centrala.org.uk\/pl\/wp-json\/wp\/v2\/product_tag?post=2305"},{"taxonomy":"series","embeddable":true,"href":"https:\/\/centrala.org.uk\/pl\/wp-json\/wp\/v2\/series?post=2305"}],"curies":[{"name":"wp","href":"https:\/\/api.w.org\/{rel}","templated":true}]}}