{"id":2321,"date":"2022-10-12T00:23:52","date_gmt":"2022-10-11T22:23:52","guid":{"rendered":"http:\/\/centrala.org.uk\/pl\/?post_type=product&#038;p=2321"},"modified":"2022-11-07T19:07:49","modified_gmt":"2022-11-07T18:07:49","slug":"maly-drewniany-robot-i-ksiezniczka-z-pienka","status":"publish","type":"product","link":"https:\/\/centrala.org.uk\/pl\/sklep\/maly-drewniany-robot-i-ksiezniczka-z-pienka\/","title":{"rendered":"Ma\u0142y drewniany robot i ksi\u0119\u017cniczka z pie\u0144ka"},"content":{"rendered":"<p class=\"p1\"><span class=\"s1\">\u201cWydawa\u0142o mi si\u0119, \u017ce \u015bwiat nie potrzebuje ju\u017c nowych ba\u015bni, dop\u00f3ki nie przeczyta\u0142am tej pi\u0119knej, zabawnej i doskona\u0142ej ksi\u0105\u017cki\u201d.<\/span><\/p>\n<p class=\"p1\" style=\"text-align: right\"><span class=\"s1\">Carson Ellis, wyr\u00f3\u017cniona w konkursie im. Randolpha Caldecotta<\/span><\/p>\n<p class=\"p1\"><span class=\"s1\">\u201cCo za zaskakuj\u0105co urocza ksi\u0105\u017cka. Przejmowa\u0142em si\u0119 losem ksi\u0119\u017cniczki z pie\u0144ka, podoba\u0142y mi si\u0119 wszystkie przygody, kt\u00f3rych nie dane nam by\u0142o zobaczy\u0107, a tak\u017ce kibicowa\u0142em rodzinie \u017cuczk\u00f3w\u201d.<\/span><\/p>\n<p class=\"p1\" style=\"text-align: right\"><span class=\"s1\">Neil Gaiman<\/span><\/p>\n<p class=\"p1\"><span class=\"s1\">\u201cBa\u015b\u0144 Gaulda jest zar\u00f3wno oryginalna, jak i ponadczasowa. Brzmi zupe\u0142nie \u015bwie\u017co, a zarazem znajomo, jak by\u015bmy ju\u017c j\u0105 kiedy\u015b s\u0142yszeli, a teraz wreszcie sobie o niej przypomnieli. Czaruj\u0105ca\u201d.<\/span><\/p>\n<p class=\"p1\" style=\"text-align: right\"><span class=\"s1\">Kirkus Reviews<\/span><\/p>\n<p class=\"p1\"><span class=\"s1\">\u201cTom Gauld stworzy\u0142 klasyczne, ba\u015bniowe arcydzie\u0142o, kt\u00f3re dzia\u0142a dok\u0142adnie tak, jak powinno. W swoim niepowtarzalnym stylu po\u0142\u0105czy\u0142 takie elementy jak rodzin\u0119 kr\u00f3lewsk\u0105, robota, wied\u017am\u0119, wynalazczyni\u0119, trolla, kapitana statku, las, duchy, a nawet \u017cuki (!), i zaaran\u017cowa\u0142 je w pi\u0119kn\u0105, nietuzinkow\u0105 i satysfakcjonuj\u0105c\u0105 opowie\u015b\u0107 pe\u0142n\u0105 przyg\u00f3d. A wszystko to zwie\u0144czone, oczywi\u015bcie, motywem mi\u0142o\u015bci mi\u0119dzy bratem i siostr\u0105\u201d.<\/span><\/p>\n<p class=\"p1\" style=\"text-align: right\"><span class=\"s1\">Oliver Jeffers, autor i ilustrator \u201cHere We Are\u201d, zajmuj\u0105cego pierwsze miejsce na li\u015bcie bestseller\u00f3w New York Timesa<\/span><\/p>\n<p class=\"p1\"><span class=\"s1\">\u201cTom Gauld potrafi opowiada\u0107 historie jak ma\u0142o kt\u00f3ry spo\u015br\u00f3d \u017cyj\u0105cych artyst\u00f3w. W tej odnajdziemy wszystkie najlepsze cechy jego dzie\u0142 &#8211; jest pi\u0119kna, wci\u0105gaj\u0105ca, poprowadzona po mistrzowsku i oryginalna. Wzbudza we mnie zazdro\u015b\u0107\u201d.<\/span><\/p>\n<p class=\"p1\" style=\"text-align: right\"><span class=\"s1\">Jon Klassen, laureat medali im. Kate Greenaway oraz Randolpha Caldecotta.<\/span><\/p>\n<p class=\"p1\"><span class=\"s1\">\u201cW tej ksi\u0105\u017cce kryje si\u0119 ca\u0142y wszech\u015bwiat. To rozrywkowa, m\u0105dra i urocza lektura\u201d.<\/span><\/p>\n<p class=\"p1\" style=\"text-align: right\"><span class=\"s1\">Jillian Tamaki, wyr\u00f3\u017cniona w konkursie im. Randolpha Caldecotta<\/span><\/p>\n<div id='gallery-1' class='gallery galleryid-2321 gallery-columns-3 gallery-size-thumbnail'><figure class='gallery-item'>\n\t\t\t<div class='gallery-icon portrait'>\n\t\t\t\t<a href='https:\/\/centrala.org.uk\/pl\/?attachment_id=2322'><img loading=\"lazy\" decoding=\"async\" width=\"220\" height=\"269\" src=\"https:\/\/centrala.org.uk\/pl\/wp-content\/uploads\/sites\/2\/2022\/10\/MDR_00-220x269.jpg\" class=\"attachment-thumbnail size-thumbnail\" alt=\"\" srcset=\"https:\/\/centrala.org.uk\/pl\/wp-content\/uploads\/sites\/2\/2022\/10\/MDR_00-220x269.jpg 220w, https:\/\/centrala.org.uk\/pl\/wp-content\/uploads\/sites\/2\/2022\/10\/MDR_00-640x782.jpg 640w, https:\/\/centrala.org.uk\/pl\/wp-content\/uploads\/sites\/2\/2022\/10\/MDR_00-768x939.jpg 768w, https:\/\/centrala.org.uk\/pl\/wp-content\/uploads\/sites\/2\/2022\/10\/MDR_00-736x900.jpg 736w, https:\/\/centrala.org.uk\/pl\/wp-content\/uploads\/sites\/2\/2022\/10\/MDR_00-210x257.jpg 210w, https:\/\/centrala.org.uk\/pl\/wp-content\/uploads\/sites\/2\/2022\/10\/MDR_00-480x587.jpg 480w, https:\/\/centrala.org.uk\/pl\/wp-content\/uploads\/sites\/2\/2022\/10\/MDR_00.jpg 900w\" sizes=\"auto, (max-width: 220px) 100vw, 220px\" \/><\/a>\n\t\t\t<\/div><\/figure><figure class='gallery-item'>\n\t\t\t<div class='gallery-icon portrait'>\n\t\t\t\t<a href='https:\/\/centrala.org.uk\/pl\/?attachment_id=2323'><img loading=\"lazy\" decoding=\"async\" width=\"220\" height=\"269\" src=\"https:\/\/centrala.org.uk\/pl\/wp-content\/uploads\/sites\/2\/2022\/10\/MDR_01-220x269.jpg\" class=\"attachment-thumbnail size-thumbnail\" alt=\"\" srcset=\"https:\/\/centrala.org.uk\/pl\/wp-content\/uploads\/sites\/2\/2022\/10\/MDR_01-220x269.jpg 220w, https:\/\/centrala.org.uk\/pl\/wp-content\/uploads\/sites\/2\/2022\/10\/MDR_01-640x782.jpg 640w, https:\/\/centrala.org.uk\/pl\/wp-content\/uploads\/sites\/2\/2022\/10\/MDR_01-768x939.jpg 768w, https:\/\/centrala.org.uk\/pl\/wp-content\/uploads\/sites\/2\/2022\/10\/MDR_01-736x900.jpg 736w, https:\/\/centrala.org.uk\/pl\/wp-content\/uploads\/sites\/2\/2022\/10\/MDR_01-210x257.jpg 210w, https:\/\/centrala.org.uk\/pl\/wp-content\/uploads\/sites\/2\/2022\/10\/MDR_01-480x587.jpg 480w, https:\/\/centrala.org.uk\/pl\/wp-content\/uploads\/sites\/2\/2022\/10\/MDR_01.jpg 900w\" sizes=\"auto, (max-width: 220px) 100vw, 220px\" \/><\/a>\n\t\t\t<\/div><\/figure><figure class='gallery-item'>\n\t\t\t<div class='gallery-icon portrait'>\n\t\t\t\t<a href='https:\/\/centrala.org.uk\/pl\/?attachment_id=2324'><img loading=\"lazy\" decoding=\"async\" width=\"220\" height=\"269\" src=\"https:\/\/centrala.org.uk\/pl\/wp-content\/uploads\/sites\/2\/2022\/10\/MDR_02-220x269.jpg\" class=\"attachment-thumbnail size-thumbnail\" alt=\"\" srcset=\"https:\/\/centrala.org.uk\/pl\/wp-content\/uploads\/sites\/2\/2022\/10\/MDR_02-220x269.jpg 220w, https:\/\/centrala.org.uk\/pl\/wp-content\/uploads\/sites\/2\/2022\/10\/MDR_02-640x782.jpg 640w, https:\/\/centrala.org.uk\/pl\/wp-content\/uploads\/sites\/2\/2022\/10\/MDR_02-768x939.jpg 768w, https:\/\/centrala.org.uk\/pl\/wp-content\/uploads\/sites\/2\/2022\/10\/MDR_02-736x900.jpg 736w, https:\/\/centrala.org.uk\/pl\/wp-content\/uploads\/sites\/2\/2022\/10\/MDR_02-210x257.jpg 210w, https:\/\/centrala.org.uk\/pl\/wp-content\/uploads\/sites\/2\/2022\/10\/MDR_02-480x587.jpg 480w, https:\/\/centrala.org.uk\/pl\/wp-content\/uploads\/sites\/2\/2022\/10\/MDR_02.jpg 900w\" sizes=\"auto, (max-width: 220px) 100vw, 220px\" \/><\/a>\n\t\t\t<\/div><\/figure><figure class='gallery-item'>\n\t\t\t<div class='gallery-icon portrait'>\n\t\t\t\t<a href='https:\/\/centrala.org.uk\/pl\/?attachment_id=2325'><img loading=\"lazy\" decoding=\"async\" width=\"220\" height=\"269\" src=\"https:\/\/centrala.org.uk\/pl\/wp-content\/uploads\/sites\/2\/2022\/10\/MDR_03-220x269.jpg\" class=\"attachment-thumbnail size-thumbnail\" alt=\"\" srcset=\"https:\/\/centrala.org.uk\/pl\/wp-content\/uploads\/sites\/2\/2022\/10\/MDR_03-220x269.jpg 220w, https:\/\/centrala.org.uk\/pl\/wp-content\/uploads\/sites\/2\/2022\/10\/MDR_03-640x782.jpg 640w, https:\/\/centrala.org.uk\/pl\/wp-content\/uploads\/sites\/2\/2022\/10\/MDR_03-768x939.jpg 768w, https:\/\/centrala.org.uk\/pl\/wp-content\/uploads\/sites\/2\/2022\/10\/MDR_03-736x900.jpg 736w, https:\/\/centrala.org.uk\/pl\/wp-content\/uploads\/sites\/2\/2022\/10\/MDR_03-210x257.jpg 210w, https:\/\/centrala.org.uk\/pl\/wp-content\/uploads\/sites\/2\/2022\/10\/MDR_03-480x587.jpg 480w, https:\/\/centrala.org.uk\/pl\/wp-content\/uploads\/sites\/2\/2022\/10\/MDR_03.jpg 900w\" sizes=\"auto, (max-width: 220px) 100vw, 220px\" \/><\/a>\n\t\t\t<\/div><\/figure><figure class='gallery-item'>\n\t\t\t<div class='gallery-icon portrait'>\n\t\t\t\t<a href='https:\/\/centrala.org.uk\/pl\/?attachment_id=2326'><img loading=\"lazy\" decoding=\"async\" width=\"220\" height=\"269\" src=\"https:\/\/centrala.org.uk\/pl\/wp-content\/uploads\/sites\/2\/2022\/10\/MDR_04-220x269.jpg\" class=\"attachment-thumbnail size-thumbnail\" alt=\"\" srcset=\"https:\/\/centrala.org.uk\/pl\/wp-content\/uploads\/sites\/2\/2022\/10\/MDR_04-220x269.jpg 220w, https:\/\/centrala.org.uk\/pl\/wp-content\/uploads\/sites\/2\/2022\/10\/MDR_04-640x782.jpg 640w, https:\/\/centrala.org.uk\/pl\/wp-content\/uploads\/sites\/2\/2022\/10\/MDR_04-768x939.jpg 768w, https:\/\/centrala.org.uk\/pl\/wp-content\/uploads\/sites\/2\/2022\/10\/MDR_04-736x900.jpg 736w, https:\/\/centrala.org.uk\/pl\/wp-content\/uploads\/sites\/2\/2022\/10\/MDR_04-210x257.jpg 210w, https:\/\/centrala.org.uk\/pl\/wp-content\/uploads\/sites\/2\/2022\/10\/MDR_04-480x587.jpg 480w, https:\/\/centrala.org.uk\/pl\/wp-content\/uploads\/sites\/2\/2022\/10\/MDR_04.jpg 900w\" sizes=\"auto, (max-width: 220px) 100vw, 220px\" \/><\/a>\n\t\t\t<\/div><\/figure>\n\t\t<\/div>\n\n","protected":false},"excerpt":{"rendered":"<p class=\"p1\"><span class=\"s1\">Co za zaskakuj\u0105co urocza ksi\u0105\u017cka. Przejmowa\u0142em si\u0119 losem ksi\u0119\u017cniczki z pie\u0144ka, podoba\u0142y mi si\u0119 wszystkie przygody, kt\u00f3rych nie dane nam by\u0142o zobaczy\u0107, a tak\u017ce kibicowa\u0142em rodzinie \u017cuczk\u00f3w &#8211; Neil Gaiman<\/span><\/p>\n","protected":false},"featured_media":2322,"comment_status":"closed","ping_status":"closed","template":"","meta":{"_acf_changed":false},"product_brand":[],"product_cat":[42,47,32],"product_tag":[10071,9915,219,10072,100,94],"series":[10113],"class_list":{"0":"post-2321","1":"product","2":"type-product","3":"status-publish","4":"has-post-thumbnail","6":"product_cat-dla-dzieci","7":"product_cat-dla-mlodziezy","8":"product_cat-komiks","9":"product_tag-brytyjskie","10":"product_tag-centralka","11":"product_tag-komiks-dla-dzieci","12":"product_tag-ksiezniczka","13":"product_tag-robot","14":"product_tag-tom-gauld","15":"series-milosc","17":"first","18":"instock","19":"sale","20":"shipping-taxable","21":"purchasable","22":"product-type-simple"},"acf":[],"_links":{"self":[{"href":"https:\/\/centrala.org.uk\/pl\/wp-json\/wp\/v2\/product\/2321","targetHints":{"allow":["GET"]}}],"collection":[{"href":"https:\/\/centrala.org.uk\/pl\/wp-json\/wp\/v2\/product"}],"about":[{"href":"https:\/\/centrala.org.uk\/pl\/wp-json\/wp\/v2\/types\/product"}],"replies":[{"embeddable":true,"href":"https:\/\/centrala.org.uk\/pl\/wp-json\/wp\/v2\/comments?post=2321"}],"wp:featuredmedia":[{"embeddable":true,"href":"https:\/\/centrala.org.uk\/pl\/wp-json\/wp\/v2\/media\/2322"}],"wp:attachment":[{"href":"https:\/\/centrala.org.uk\/pl\/wp-json\/wp\/v2\/media?parent=2321"}],"wp:term":[{"taxonomy":"product_brand","embeddable":true,"href":"https:\/\/centrala.org.uk\/pl\/wp-json\/wp\/v2\/product_brand?post=2321"},{"taxonomy":"product_cat","embeddable":true,"href":"https:\/\/centrala.org.uk\/pl\/wp-json\/wp\/v2\/product_cat?post=2321"},{"taxonomy":"product_tag","embeddable":true,"href":"https:\/\/centrala.org.uk\/pl\/wp-json\/wp\/v2\/product_tag?post=2321"},{"taxonomy":"series","embeddable":true,"href":"https:\/\/centrala.org.uk\/pl\/wp-json\/wp\/v2\/series?post=2321"}],"curies":[{"name":"wp","href":"https:\/\/api.w.org\/{rel}","templated":true}]}}