{"id":2351,"date":"2023-04-02T20:35:33","date_gmt":"2023-04-02T18:35:33","guid":{"rendered":"http:\/\/centrala.org.uk\/pl\/?post_type=product&#038;p=2351"},"modified":"2023-04-02T20:43:38","modified_gmt":"2023-04-02T18:43:38","slug":"zen-bez-mistrza","status":"publish","type":"product","link":"https:\/\/centrala.org.uk\/pl\/sklep\/zen-bez-mistrza\/","title":{"rendered":"Zen bez mistrza"},"content":{"rendered":"<p>Frenk Meeuwsen to holenderski malarz i rysownik, kt\u00f3ry od dawna interesuje si\u0119 filozofi\u0105 Dalekiego Wschodu oraz sztukami walki \u2013 posiada czarny pas w karate. W po\u0142owie lat 90. mieszka\u0142 w dzielnicy \u015bwi\u0105tynnej Kioto, sk\u0105d pochodzi wiele japo\u0144skich szkic\u00f3w, kt\u00f3re umie\u015bci\u0142 w swojej pierwszej powie\u015bci graficznej \u201eZen bez mistrza\u201d. Ksi\u0105\u017cka ta jest kola\u017cem r\u00f3\u017cnych materia\u0142\u00f3w: dzieci\u0144stwa Meeuwsena w Holandii, japo\u0144skiej codzienno\u015bci, historii buddyzmu, instrukcji medytacji czy refleksji nad rysunkiem. Wszystko to autor ukazuje za pomoc\u0105 prostych, czarno-bia\u0142ych, realistycznych obraz\u00f3w, w kt\u00f3rych bardzo umiej\u0119tnie wykorzystuje mo\u017cliwo\u015bci komiksu: r\u00f3\u017cne rozmiary paneli i perspektywy na wydarzenia, surrealistyczne \u015bwiaty marze\u0144 czy kadry z masywnymi blokami liter, kt\u00f3re n\u0119kaj\u0105 postacie. Meeuwsen u\u0142o\u017cy\u0142 sw\u00f3j materia\u0142 w kr\u00f3tkie rozdzia\u0142y, jego ksi\u0105\u017cka wije si\u0119 w czasie.  Tworzy to atrakcyjn\u0105 narracj\u0119, podobn\u0105 do formy nauczania buddyzmu zen, zestawiania kr\u00f3tkich, pozornie niesp\u00f3jnych z wypowiedziami mistrz\u00f3w zen k\u014dan\u00f3w.<\/p>\n<p>Meeuwsen zach\u0119ca czytelnika do samodzielnej odpowiedzi na to pytanie, ukazuj\u0105c zagadnienie japo\u0144skiego zen z r\u00f3\u017cnych perspektyw.<\/p>\n<div id='gallery-1' class='gallery galleryid-2351 gallery-columns-3 gallery-size-full'><figure class='gallery-item'>\n\t\t\t<div class='gallery-icon portrait'>\n\t\t\t\t<a href='https:\/\/centrala.org.uk\/pl\/?attachment_id=2353'><img loading=\"lazy\" decoding=\"async\" width=\"496\" height=\"680\" src=\"https:\/\/centrala.org.uk\/pl\/wp-content\/uploads\/sites\/2\/2023\/04\/Zen_interiorPL18.jpeg\" class=\"attachment-full size-full\" alt=\"\" srcset=\"https:\/\/centrala.org.uk\/pl\/wp-content\/uploads\/sites\/2\/2023\/04\/Zen_interiorPL18.jpeg 496w, https:\/\/centrala.org.uk\/pl\/wp-content\/uploads\/sites\/2\/2023\/04\/Zen_interiorPL18-220x302.jpeg 220w, https:\/\/centrala.org.uk\/pl\/wp-content\/uploads\/sites\/2\/2023\/04\/Zen_interiorPL18-210x288.jpeg 210w, https:\/\/centrala.org.uk\/pl\/wp-content\/uploads\/sites\/2\/2023\/04\/Zen_interiorPL18-480x658.jpeg 480w\" sizes=\"auto, (max-width: 496px) 100vw, 496px\" \/><\/a>\n\t\t\t<\/div><\/figure><figure class='gallery-item'>\n\t\t\t<div class='gallery-icon portrait'>\n\t\t\t\t<a href='https:\/\/centrala.org.uk\/pl\/?attachment_id=2354'><img loading=\"lazy\" decoding=\"async\" width=\"496\" height=\"680\" src=\"https:\/\/centrala.org.uk\/pl\/wp-content\/uploads\/sites\/2\/2023\/04\/Zen_interiorPL1.jpeg\" class=\"attachment-full size-full\" alt=\"\" srcset=\"https:\/\/centrala.org.uk\/pl\/wp-content\/uploads\/sites\/2\/2023\/04\/Zen_interiorPL1.jpeg 496w, https:\/\/centrala.org.uk\/pl\/wp-content\/uploads\/sites\/2\/2023\/04\/Zen_interiorPL1-220x302.jpeg 220w, https:\/\/centrala.org.uk\/pl\/wp-content\/uploads\/sites\/2\/2023\/04\/Zen_interiorPL1-210x288.jpeg 210w, https:\/\/centrala.org.uk\/pl\/wp-content\/uploads\/sites\/2\/2023\/04\/Zen_interiorPL1-480x658.jpeg 480w\" sizes=\"auto, (max-width: 496px) 100vw, 496px\" \/><\/a>\n\t\t\t<\/div><\/figure><figure class='gallery-item'>\n\t\t\t<div class='gallery-icon portrait'>\n\t\t\t\t<a href='https:\/\/centrala.org.uk\/pl\/?attachment_id=2356'><img loading=\"lazy\" decoding=\"async\" width=\"496\" height=\"680\" src=\"https:\/\/centrala.org.uk\/pl\/wp-content\/uploads\/sites\/2\/2023\/04\/Zen_interiorPL20.jpeg\" class=\"attachment-full size-full\" alt=\"\" srcset=\"https:\/\/centrala.org.uk\/pl\/wp-content\/uploads\/sites\/2\/2023\/04\/Zen_interiorPL20.jpeg 496w, https:\/\/centrala.org.uk\/pl\/wp-content\/uploads\/sites\/2\/2023\/04\/Zen_interiorPL20-220x302.jpeg 220w, https:\/\/centrala.org.uk\/pl\/wp-content\/uploads\/sites\/2\/2023\/04\/Zen_interiorPL20-210x288.jpeg 210w, https:\/\/centrala.org.uk\/pl\/wp-content\/uploads\/sites\/2\/2023\/04\/Zen_interiorPL20-480x658.jpeg 480w\" sizes=\"auto, (max-width: 496px) 100vw, 496px\" \/><\/a>\n\t\t\t<\/div><\/figure><figure class='gallery-item'>\n\t\t\t<div class='gallery-icon portrait'>\n\t\t\t\t<a href='https:\/\/centrala.org.uk\/pl\/?attachment_id=2355'><img loading=\"lazy\" decoding=\"async\" width=\"496\" height=\"680\" src=\"https:\/\/centrala.org.uk\/pl\/wp-content\/uploads\/sites\/2\/2023\/04\/Zen_interiorPL3.jpeg\" class=\"attachment-full size-full\" alt=\"\" srcset=\"https:\/\/centrala.org.uk\/pl\/wp-content\/uploads\/sites\/2\/2023\/04\/Zen_interiorPL3.jpeg 496w, https:\/\/centrala.org.uk\/pl\/wp-content\/uploads\/sites\/2\/2023\/04\/Zen_interiorPL3-220x302.jpeg 220w, https:\/\/centrala.org.uk\/pl\/wp-content\/uploads\/sites\/2\/2023\/04\/Zen_interiorPL3-210x288.jpeg 210w, https:\/\/centrala.org.uk\/pl\/wp-content\/uploads\/sites\/2\/2023\/04\/Zen_interiorPL3-480x658.jpeg 480w\" sizes=\"auto, (max-width: 496px) 100vw, 496px\" \/><\/a>\n\t\t\t<\/div><\/figure><figure class='gallery-item'>\n\t\t\t<div class='gallery-icon portrait'>\n\t\t\t\t<a href='https:\/\/centrala.org.uk\/pl\/?attachment_id=2357'><img loading=\"lazy\" decoding=\"async\" width=\"496\" height=\"680\" src=\"https:\/\/centrala.org.uk\/pl\/wp-content\/uploads\/sites\/2\/2023\/04\/Zen_interiorPL31.jpeg\" class=\"attachment-full size-full\" alt=\"\" srcset=\"https:\/\/centrala.org.uk\/pl\/wp-content\/uploads\/sites\/2\/2023\/04\/Zen_interiorPL31.jpeg 496w, https:\/\/centrala.org.uk\/pl\/wp-content\/uploads\/sites\/2\/2023\/04\/Zen_interiorPL31-220x302.jpeg 220w, https:\/\/centrala.org.uk\/pl\/wp-content\/uploads\/sites\/2\/2023\/04\/Zen_interiorPL31-210x288.jpeg 210w, https:\/\/centrala.org.uk\/pl\/wp-content\/uploads\/sites\/2\/2023\/04\/Zen_interiorPL31-480x658.jpeg 480w\" sizes=\"auto, (max-width: 496px) 100vw, 496px\" \/><\/a>\n\t\t\t<\/div><\/figure><figure class='gallery-item'>\n\t\t\t<div class='gallery-icon portrait'>\n\t\t\t\t<a href='https:\/\/centrala.org.uk\/pl\/?attachment_id=2358'><img loading=\"lazy\" decoding=\"async\" width=\"1866\" height=\"2560\" src=\"https:\/\/centrala.org.uk\/pl\/wp-content\/uploads\/sites\/2\/2023\/04\/ZenPL41-scaled.jpeg\" class=\"attachment-full size-full\" alt=\"\" srcset=\"https:\/\/centrala.org.uk\/pl\/wp-content\/uploads\/sites\/2\/2023\/04\/ZenPL41-scaled.jpeg 1866w, https:\/\/centrala.org.uk\/pl\/wp-content\/uploads\/sites\/2\/2023\/04\/ZenPL41-640x878.jpeg 640w, https:\/\/centrala.org.uk\/pl\/wp-content\/uploads\/sites\/2\/2023\/04\/ZenPL41-1400x1920.jpeg 1400w, https:\/\/centrala.org.uk\/pl\/wp-content\/uploads\/sites\/2\/2023\/04\/ZenPL41-220x302.jpeg 220w, https:\/\/centrala.org.uk\/pl\/wp-content\/uploads\/sites\/2\/2023\/04\/ZenPL41-768x1053.jpeg 768w, https:\/\/centrala.org.uk\/pl\/wp-content\/uploads\/sites\/2\/2023\/04\/ZenPL41-1120x1536.jpeg 1120w, https:\/\/centrala.org.uk\/pl\/wp-content\/uploads\/sites\/2\/2023\/04\/ZenPL41-1493x2048.jpeg 1493w, https:\/\/centrala.org.uk\/pl\/wp-content\/uploads\/sites\/2\/2023\/04\/ZenPL41-656x900.jpeg 656w, https:\/\/centrala.org.uk\/pl\/wp-content\/uploads\/sites\/2\/2023\/04\/ZenPL41-210x288.jpeg 210w, https:\/\/centrala.org.uk\/pl\/wp-content\/uploads\/sites\/2\/2023\/04\/ZenPL41-480x658.jpeg 480w\" sizes=\"auto, (max-width: 1866px) 100vw, 1866px\" \/><\/a>\n\t\t\t<\/div><\/figure><figure class='gallery-item'>\n\t\t\t<div class='gallery-icon portrait'>\n\t\t\t\t<a href='https:\/\/centrala.org.uk\/pl\/?attachment_id=2360'><img loading=\"lazy\" decoding=\"async\" width=\"496\" height=\"680\" src=\"https:\/\/centrala.org.uk\/pl\/wp-content\/uploads\/sites\/2\/2023\/04\/Zen_interiorPL2.jpeg\" class=\"attachment-full size-full\" alt=\"\" srcset=\"https:\/\/centrala.org.uk\/pl\/wp-content\/uploads\/sites\/2\/2023\/04\/Zen_interiorPL2.jpeg 496w, https:\/\/centrala.org.uk\/pl\/wp-content\/uploads\/sites\/2\/2023\/04\/Zen_interiorPL2-220x302.jpeg 220w, https:\/\/centrala.org.uk\/pl\/wp-content\/uploads\/sites\/2\/2023\/04\/Zen_interiorPL2-210x288.jpeg 210w, https:\/\/centrala.org.uk\/pl\/wp-content\/uploads\/sites\/2\/2023\/04\/Zen_interiorPL2-480x658.jpeg 480w\" sizes=\"auto, (max-width: 496px) 100vw, 496px\" \/><\/a>\n\t\t\t<\/div><\/figure><figure class='gallery-item'>\n\t\t\t<div class='gallery-icon portrait'>\n\t\t\t\t<a href='https:\/\/centrala.org.uk\/pl\/?attachment_id=2359'><img loading=\"lazy\" decoding=\"async\" width=\"496\" height=\"680\" src=\"https:\/\/centrala.org.uk\/pl\/wp-content\/uploads\/sites\/2\/2023\/04\/Zen_interiorPL33.jpeg\" class=\"attachment-full size-full\" alt=\"\" srcset=\"https:\/\/centrala.org.uk\/pl\/wp-content\/uploads\/sites\/2\/2023\/04\/Zen_interiorPL33.jpeg 496w, https:\/\/centrala.org.uk\/pl\/wp-content\/uploads\/sites\/2\/2023\/04\/Zen_interiorPL33-220x302.jpeg 220w, https:\/\/centrala.org.uk\/pl\/wp-content\/uploads\/sites\/2\/2023\/04\/Zen_interiorPL33-210x288.jpeg 210w, https:\/\/centrala.org.uk\/pl\/wp-content\/uploads\/sites\/2\/2023\/04\/Zen_interiorPL33-480x658.jpeg 480w\" sizes=\"auto, (max-width: 496px) 100vw, 496px\" \/><\/a>\n\t\t\t<\/div><\/figure><figure class='gallery-item'>\n\t\t\t<div class='gallery-icon portrait'>\n\t\t\t\t<a href='https:\/\/centrala.org.uk\/pl\/?attachment_id=2361'><img loading=\"lazy\" decoding=\"async\" width=\"496\" height=\"680\" src=\"https:\/\/centrala.org.uk\/pl\/wp-content\/uploads\/sites\/2\/2023\/04\/ZenPL43.jpeg\" class=\"attachment-full size-full\" alt=\"\" srcset=\"https:\/\/centrala.org.uk\/pl\/wp-content\/uploads\/sites\/2\/2023\/04\/ZenPL43.jpeg 496w, https:\/\/centrala.org.uk\/pl\/wp-content\/uploads\/sites\/2\/2023\/04\/ZenPL43-220x302.jpeg 220w, https:\/\/centrala.org.uk\/pl\/wp-content\/uploads\/sites\/2\/2023\/04\/ZenPL43-210x288.jpeg 210w, https:\/\/centrala.org.uk\/pl\/wp-content\/uploads\/sites\/2\/2023\/04\/ZenPL43-480x658.jpeg 480w\" sizes=\"auto, (max-width: 496px) 100vw, 496px\" \/><\/a>\n\t\t\t<\/div><\/figure><figure class='gallery-item'>\n\t\t\t<div class='gallery-icon portrait'>\n\t\t\t\t<a href='https:\/\/centrala.org.uk\/pl\/?attachment_id=2362'><img loading=\"lazy\" decoding=\"async\" width=\"496\" height=\"680\" src=\"https:\/\/centrala.org.uk\/pl\/wp-content\/uploads\/sites\/2\/2023\/04\/Zen_interiorPL17.jpeg\" class=\"attachment-full size-full\" alt=\"\" srcset=\"https:\/\/centrala.org.uk\/pl\/wp-content\/uploads\/sites\/2\/2023\/04\/Zen_interiorPL17.jpeg 496w, https:\/\/centrala.org.uk\/pl\/wp-content\/uploads\/sites\/2\/2023\/04\/Zen_interiorPL17-220x302.jpeg 220w, https:\/\/centrala.org.uk\/pl\/wp-content\/uploads\/sites\/2\/2023\/04\/Zen_interiorPL17-210x288.jpeg 210w, https:\/\/centrala.org.uk\/pl\/wp-content\/uploads\/sites\/2\/2023\/04\/Zen_interiorPL17-480x658.jpeg 480w\" sizes=\"auto, (max-width: 496px) 100vw, 496px\" \/><\/a>\n\t\t\t<\/div><\/figure><figure class='gallery-item'>\n\t\t\t<div class='gallery-icon portrait'>\n\t\t\t\t<a href='https:\/\/centrala.org.uk\/pl\/?attachment_id=2363'><img loading=\"lazy\" decoding=\"async\" width=\"496\" height=\"680\" src=\"https:\/\/centrala.org.uk\/pl\/wp-content\/uploads\/sites\/2\/2023\/04\/Zen_interiorPL21.jpeg\" class=\"attachment-full size-full\" alt=\"\" srcset=\"https:\/\/centrala.org.uk\/pl\/wp-content\/uploads\/sites\/2\/2023\/04\/Zen_interiorPL21.jpeg 496w, https:\/\/centrala.org.uk\/pl\/wp-content\/uploads\/sites\/2\/2023\/04\/Zen_interiorPL21-220x302.jpeg 220w, https:\/\/centrala.org.uk\/pl\/wp-content\/uploads\/sites\/2\/2023\/04\/Zen_interiorPL21-210x288.jpeg 210w, https:\/\/centrala.org.uk\/pl\/wp-content\/uploads\/sites\/2\/2023\/04\/Zen_interiorPL21-480x658.jpeg 480w\" sizes=\"auto, (max-width: 496px) 100vw, 496px\" \/><\/a>\n\t\t\t<\/div><\/figure><figure class='gallery-item'>\n\t\t\t<div class='gallery-icon portrait'>\n\t\t\t\t<a href='https:\/\/centrala.org.uk\/pl\/?attachment_id=2364'><img loading=\"lazy\" decoding=\"async\" width=\"496\" height=\"680\" src=\"https:\/\/centrala.org.uk\/pl\/wp-content\/uploads\/sites\/2\/2023\/04\/ZenPL44.jpeg\" class=\"attachment-full size-full\" alt=\"\" srcset=\"https:\/\/centrala.org.uk\/pl\/wp-content\/uploads\/sites\/2\/2023\/04\/ZenPL44.jpeg 496w, https:\/\/centrala.org.uk\/pl\/wp-content\/uploads\/sites\/2\/2023\/04\/ZenPL44-220x302.jpeg 220w, https:\/\/centrala.org.uk\/pl\/wp-content\/uploads\/sites\/2\/2023\/04\/ZenPL44-210x288.jpeg 210w, https:\/\/centrala.org.uk\/pl\/wp-content\/uploads\/sites\/2\/2023\/04\/ZenPL44-480x658.jpeg 480w\" sizes=\"auto, (max-width: 496px) 100vw, 496px\" \/><\/a>\n\t\t\t<\/div><\/figure><figure class='gallery-item'>\n\t\t\t<div class='gallery-icon portrait'>\n\t\t\t\t<a href='https:\/\/centrala.org.uk\/pl\/?attachment_id=2365'><img loading=\"lazy\" decoding=\"async\" width=\"496\" height=\"680\" src=\"https:\/\/centrala.org.uk\/pl\/wp-content\/uploads\/sites\/2\/2023\/04\/Zen_interiorPL19.jpeg\" class=\"attachment-full size-full\" alt=\"\" srcset=\"https:\/\/centrala.org.uk\/pl\/wp-content\/uploads\/sites\/2\/2023\/04\/Zen_interiorPL19.jpeg 496w, https:\/\/centrala.org.uk\/pl\/wp-content\/uploads\/sites\/2\/2023\/04\/Zen_interiorPL19-220x302.jpeg 220w, https:\/\/centrala.org.uk\/pl\/wp-content\/uploads\/sites\/2\/2023\/04\/Zen_interiorPL19-210x288.jpeg 210w, https:\/\/centrala.org.uk\/pl\/wp-content\/uploads\/sites\/2\/2023\/04\/Zen_interiorPL19-480x658.jpeg 480w\" sizes=\"auto, (max-width: 496px) 100vw, 496px\" \/><\/a>\n\t\t\t<\/div><\/figure><figure class='gallery-item'>\n\t\t\t<div class='gallery-icon portrait'>\n\t\t\t\t<a href='https:\/\/centrala.org.uk\/pl\/?attachment_id=2366'><img loading=\"lazy\" decoding=\"async\" width=\"1866\" height=\"2560\" src=\"https:\/\/centrala.org.uk\/pl\/wp-content\/uploads\/sites\/2\/2023\/04\/ZenPL42-scaled.jpeg\" class=\"attachment-full size-full\" alt=\"\" srcset=\"https:\/\/centrala.org.uk\/pl\/wp-content\/uploads\/sites\/2\/2023\/04\/ZenPL42-scaled.jpeg 1866w, https:\/\/centrala.org.uk\/pl\/wp-content\/uploads\/sites\/2\/2023\/04\/ZenPL42-640x878.jpeg 640w, https:\/\/centrala.org.uk\/pl\/wp-content\/uploads\/sites\/2\/2023\/04\/ZenPL42-1400x1920.jpeg 1400w, https:\/\/centrala.org.uk\/pl\/wp-content\/uploads\/sites\/2\/2023\/04\/ZenPL42-220x302.jpeg 220w, https:\/\/centrala.org.uk\/pl\/wp-content\/uploads\/sites\/2\/2023\/04\/ZenPL42-768x1053.jpeg 768w, https:\/\/centrala.org.uk\/pl\/wp-content\/uploads\/sites\/2\/2023\/04\/ZenPL42-1120x1536.jpeg 1120w, https:\/\/centrala.org.uk\/pl\/wp-content\/uploads\/sites\/2\/2023\/04\/ZenPL42-1493x2048.jpeg 1493w, https:\/\/centrala.org.uk\/pl\/wp-content\/uploads\/sites\/2\/2023\/04\/ZenPL42-656x900.jpeg 656w, https:\/\/centrala.org.uk\/pl\/wp-content\/uploads\/sites\/2\/2023\/04\/ZenPL42-210x288.jpeg 210w, https:\/\/centrala.org.uk\/pl\/wp-content\/uploads\/sites\/2\/2023\/04\/ZenPL42-480x658.jpeg 480w\" sizes=\"auto, (max-width: 1866px) 100vw, 1866px\" \/><\/a>\n\t\t\t<\/div><\/figure><figure class='gallery-item'>\n\t\t\t<div class='gallery-icon portrait'>\n\t\t\t\t<a href='https:\/\/centrala.org.uk\/pl\/?attachment_id=2367'><img loading=\"lazy\" decoding=\"async\" width=\"496\" height=\"680\" src=\"https:\/\/centrala.org.uk\/pl\/wp-content\/uploads\/sites\/2\/2023\/04\/Zen_interiorPL34.jpeg\" class=\"attachment-full size-full\" alt=\"\" srcset=\"https:\/\/centrala.org.uk\/pl\/wp-content\/uploads\/sites\/2\/2023\/04\/Zen_interiorPL34.jpeg 496w, https:\/\/centrala.org.uk\/pl\/wp-content\/uploads\/sites\/2\/2023\/04\/Zen_interiorPL34-220x302.jpeg 220w, https:\/\/centrala.org.uk\/pl\/wp-content\/uploads\/sites\/2\/2023\/04\/Zen_interiorPL34-210x288.jpeg 210w, https:\/\/centrala.org.uk\/pl\/wp-content\/uploads\/sites\/2\/2023\/04\/Zen_interiorPL34-480x658.jpeg 480w\" sizes=\"auto, (max-width: 496px) 100vw, 496px\" \/><\/a>\n\t\t\t<\/div><\/figure><figure class='gallery-item'>\n\t\t\t<div class='gallery-icon portrait'>\n\t\t\t\t<a href='https:\/\/centrala.org.uk\/pl\/?attachment_id=2368'><img loading=\"lazy\" decoding=\"async\" width=\"496\" height=\"680\" src=\"https:\/\/centrala.org.uk\/pl\/wp-content\/uploads\/sites\/2\/2023\/04\/Zen_interiorPL32.jpeg\" class=\"attachment-full size-full\" alt=\"\" srcset=\"https:\/\/centrala.org.uk\/pl\/wp-content\/uploads\/sites\/2\/2023\/04\/Zen_interiorPL32.jpeg 496w, https:\/\/centrala.org.uk\/pl\/wp-content\/uploads\/sites\/2\/2023\/04\/Zen_interiorPL32-220x302.jpeg 220w, https:\/\/centrala.org.uk\/pl\/wp-content\/uploads\/sites\/2\/2023\/04\/Zen_interiorPL32-210x288.jpeg 210w, https:\/\/centrala.org.uk\/pl\/wp-content\/uploads\/sites\/2\/2023\/04\/Zen_interiorPL32-480x658.jpeg 480w\" sizes=\"auto, (max-width: 496px) 100vw, 496px\" \/><\/a>\n\t\t\t<\/div><\/figure>\n\t\t<\/div>\n\n","protected":false},"excerpt":{"rendered":"<p>Pytanie przewodnie komiksu brzmi: czy \u2013 a je\u015bli tak, to w jaki spos\u00f3b \u2013 Europejczyk mo\u017ce zag\u0142\u0119bi\u0107 si\u0119 w doktryn\u0119 zen?<\/p>\n","protected":false},"featured_media":2352,"comment_status":"closed","ping_status":"closed","template":"","meta":{"_acf_changed":false},"product_brand":[],"product_cat":[27,47,32],"product_tag":[56,10077,10078,10076],"series":[10112],"class_list":{"0":"post-2351","1":"product","2":"type-product","3":"status-publish","4":"has-post-thumbnail","6":"product_cat-powiesc-graficzna","7":"product_cat-dla-mlodziezy","8":"product_cat-komiks","9":"product_tag-holenderskie","10":"product_tag-japonia","11":"product_tag-karate","12":"product_tag-zen","13":"series-zycie","15":"first","16":"instock","17":"sale","18":"shipping-taxable","19":"purchasable","20":"product-type-simple"},"acf":[],"_links":{"self":[{"href":"https:\/\/centrala.org.uk\/pl\/wp-json\/wp\/v2\/product\/2351","targetHints":{"allow":["GET"]}}],"collection":[{"href":"https:\/\/centrala.org.uk\/pl\/wp-json\/wp\/v2\/product"}],"about":[{"href":"https:\/\/centrala.org.uk\/pl\/wp-json\/wp\/v2\/types\/product"}],"replies":[{"embeddable":true,"href":"https:\/\/centrala.org.uk\/pl\/wp-json\/wp\/v2\/comments?post=2351"}],"wp:featuredmedia":[{"embeddable":true,"href":"https:\/\/centrala.org.uk\/pl\/wp-json\/wp\/v2\/media\/2352"}],"wp:attachment":[{"href":"https:\/\/centrala.org.uk\/pl\/wp-json\/wp\/v2\/media?parent=2351"}],"wp:term":[{"taxonomy":"product_brand","embeddable":true,"href":"https:\/\/centrala.org.uk\/pl\/wp-json\/wp\/v2\/product_brand?post=2351"},{"taxonomy":"product_cat","embeddable":true,"href":"https:\/\/centrala.org.uk\/pl\/wp-json\/wp\/v2\/product_cat?post=2351"},{"taxonomy":"product_tag","embeddable":true,"href":"https:\/\/centrala.org.uk\/pl\/wp-json\/wp\/v2\/product_tag?post=2351"},{"taxonomy":"series","embeddable":true,"href":"https:\/\/centrala.org.uk\/pl\/wp-json\/wp\/v2\/series?post=2351"}],"curies":[{"name":"wp","href":"https:\/\/api.w.org\/{rel}","templated":true}]}}