{"id":2369,"date":"2023-04-02T20:40:53","date_gmt":"2023-04-02T18:40:53","guid":{"rendered":"http:\/\/centrala.org.uk\/pl\/?post_type=product&#038;p=2369"},"modified":"2023-04-02T20:42:46","modified_gmt":"2023-04-02T18:42:46","slug":"dzicy-wydanie-ii","status":"publish","type":"product","link":"https:\/\/centrala.org.uk\/pl\/sklep\/dzicy-wydanie-ii\/","title":{"rendered":"Dzicy, wydanie II"},"content":{"rendered":"<p class=\"s4\"><span class=\"s2\">Historia Czerwiusza zdarzy<\/span><span class=\"s2\">\u0142<\/span><span class=\"s2\">a si<\/span><span class=\"s2\">\u0119 <\/span><span class=\"s2\">naprawd<\/span><span class=\"s2\">\u0119<\/span><span class=\"s2\">. By<\/span><span class=\"s2\">\u0142<\/span><span class=\"s2\">a tak samo niewiarygodna, zabawna i s<\/span><span class=\"s2\">\u0142<\/span><span class=\"s2\">odko-gorzka, jak przedstawi<\/span><span class=\"s2\">\u0142<\/span><span class=\"s2\">a j<\/span><span class=\"s2\">\u0105 <\/span><span class=\"s2\">Lucie Lomov<\/span><span class=\"s2\">\u00e1<\/span><span class=\"s2\">. Po kilku pojedynczych odcinkach podstarza<\/span><span class=\"s2\">\u0142<\/span><span class=\"s2\">y ju<\/span><span class=\"s2\">\u017c <\/span><span class=\"s2\">A.V. Fri<\/span><span class=\"s2\">\u010d <\/span><span class=\"s2\">kontynuowa<\/span><span class=\"s2\">\u0142 <\/span><span class=\"s2\">j<\/span><span class=\"s2\">\u0105 <\/span><span class=\"s2\">dla popularnego czeskiego pisma <\/span><span class=\"s2\">\u201e<\/span><span class=\"s2\">Barwny Tydzie<\/span><span class=\"s2\">\u0144\u201d <\/span><span class=\"s2\">(Pestr<\/span><span class=\"s2\">\u00fd <\/span><span class=\"s2\">t<\/span><span class=\"s2\">\u00fd<\/span><span class=\"s2\">den)\u00a0<\/span><span class=\"s2\">w roku 1943. W owym czasie ten legen- darny podr<\/span><span class=\"s2\">\u00f3\u017c<\/span><span class=\"s2\">nik i hodowca kaktus<\/span><span class=\"s2\">\u00f3<\/span><span class=\"s2\">w zapu<\/span><span class=\"s2\">\u015b<\/span><span class=\"s2\">ci<\/span><span class=\"s2\">\u0142 <\/span><span class=\"s2\">brod<\/span><span class=\"s2\">\u0119 <\/span><span class=\"s2\">niczym po<\/span><span class=\"s2\">\u0142<\/span><span class=\"s2\">udniowoameryka<\/span><span class=\"s2\">\u0144<\/span><span class=\"s2\">scy barbudos i w prote<\/span><span class=\"s2\">\u015b<\/span><span class=\"s2\">cie przeciw niemieckiej okupacji Czechos<\/span><span class=\"s2\">\u0142<\/span><span class=\"s2\">owacji nawet nie wychodzi<\/span><span class=\"s2\">\u0142 <\/span><span class=\"s2\">z domu. Pisanie by<\/span><span class=\"s2\">\u0142<\/span><span class=\"s2\">o dla niego jedn<\/span><span class=\"s2\">\u0105 <\/span><span class=\"s2\">z niewielu mo<\/span><span class=\"s2\">\u017c<\/span><span class=\"s2\">liwo<\/span><span class=\"s2\">\u015b<\/span><span class=\"s2\">ci zarobkowania podczas drugiej wojny <\/span><span class=\"s2\">\u015b<\/span><span class=\"s2\">wiatowej. Opowiadane przez niego z humorem, dystansem i <\/span><span class=\"s2\">\u017c<\/span><span class=\"s2\">yczliwo<\/span><span class=\"s2\">\u015b<\/span><span class=\"s2\">ci<\/span><span class=\"s2\">\u0105 <\/span><span class=\"s2\">historyjki o przygodach dzikusa w cywilizowanym <\/span><span class=\"s2\">\u015b<\/span><span class=\"s2\">wiecie ostatecznie rozros<\/span><span class=\"s2\">\u0142<\/span><span class=\"s2\">y si<\/span><span class=\"s2\">\u0119 <\/span><span class=\"s2\">w wielk<\/span><span class=\"s2\">\u0105 <\/span><span class=\"s2\">egzystencjaln<\/span><span class=\"s2\">\u0105 <\/span><span class=\"s2\">opowie<\/span><span class=\"s2\">\u015b\u0107 \u2013 <\/span><span class=\"s2\">nie tylko o Czerwiuszu, ale te<\/span><span class=\"s2\">\u017c <\/span><span class=\"s2\">o samym Fri<\/span><span class=\"s2\">\u010d<\/span><span class=\"s2\">u. To opowie<\/span><span class=\"s2\">\u015b\u0107 <\/span><span class=\"s2\">o odwa<\/span><span class=\"s2\">\u017c<\/span><span class=\"s2\">nym <\/span><span class=\"s2\">\u0142<\/span><span class=\"s2\">owcy przyg<\/span><span class=\"s2\">\u00f3<\/span><span class=\"s2\">d, niezale<\/span><span class=\"s2\">\u017c<\/span><span class=\"s2\">nym w my<\/span><span class=\"s2\">\u015b<\/span><span class=\"s2\">leniu i w <\/span><span class=\"s2\">\u2013 <\/span><span class=\"s2\">cz<\/span><span class=\"s2\">\u0119<\/span><span class=\"s2\">sto niezbyt rozwa<\/span><span class=\"s2\">\u017c<\/span><span class=\"s2\">nym <\/span><span class=\"s2\">\u2013 <\/span><span class=\"s2\">dzia<\/span><span class=\"s2\">\u0142<\/span><span class=\"s2\">aniu, o marzycielu i awanturniku, niestrudzonym odkrywcy bia<\/span><span class=\"s2\">\u0142<\/span><span class=\"s2\">ych plam i na mapie <\/span><span class=\"s2\">\u015b<\/span><span class=\"s2\">wiata, i ludzkiej my<\/span><span class=\"s2\">\u015b<\/span><span class=\"s2\">li, maj<\/span><span class=\"s2\">\u0105<\/span><span class=\"s2\">cym doskona<\/span><span class=\"s2\">\u0142<\/span><span class=\"s2\">y zmys<\/span><span class=\"s2\">\u0142 <\/span><span class=\"s2\">obserwacji oraz mn<\/span><span class=\"s2\">\u00f3<\/span><span class=\"s2\">stwo trafnych pyta<\/span><span class=\"s2\">\u0144<\/span><span class=\"s2\">: o g<\/span><span class=\"s2\">\u0142<\/span><span class=\"s2\">osicielu prawdy, kt<\/span><span class=\"s2\">\u00f3<\/span><span class=\"s2\">rej do<\/span><span class=\"s2\">\u015b<\/span><span class=\"s2\">wiadczy<\/span><span class=\"s2\">\u0142 <\/span><span class=\"s2\">na w<\/span><span class=\"s2\">\u0142<\/span><span class=\"s2\">asnej sk<\/span><span class=\"s2\">\u00f3<\/span><span class=\"s2\">rze, o obro<\/span><span class=\"s2\">\u0144<\/span><span class=\"s2\">cy inno<\/span><span class=\"s2\">\u015b<\/span><span class=\"s2\">ci.<\/span><\/p>\n<div id='gallery-1' class='gallery galleryid-2369 gallery-columns-3 gallery-size-thumbnail'><figure class='gallery-item'>\n\t\t\t<div class='gallery-icon portrait'>\n\t\t\t\t<a href='https:\/\/centrala.org.uk\/pl\/?attachment_id=2371'><img loading=\"lazy\" decoding=\"async\" width=\"220\" height=\"307\" src=\"https:\/\/centrala.org.uk\/pl\/wp-content\/uploads\/sites\/2\/2023\/04\/Dzicy03-220x307.jpeg\" class=\"attachment-thumbnail size-thumbnail\" alt=\"\" srcset=\"https:\/\/centrala.org.uk\/pl\/wp-content\/uploads\/sites\/2\/2023\/04\/Dzicy03-220x307.jpeg 220w, https:\/\/centrala.org.uk\/pl\/wp-content\/uploads\/sites\/2\/2023\/04\/Dzicy03-640x894.jpeg 640w, https:\/\/centrala.org.uk\/pl\/wp-content\/uploads\/sites\/2\/2023\/04\/Dzicy03-1400x1955.jpeg 1400w, https:\/\/centrala.org.uk\/pl\/wp-content\/uploads\/sites\/2\/2023\/04\/Dzicy03-768x1072.jpeg 768w, https:\/\/centrala.org.uk\/pl\/wp-content\/uploads\/sites\/2\/2023\/04\/Dzicy03-1100x1536.jpeg 1100w, https:\/\/centrala.org.uk\/pl\/wp-content\/uploads\/sites\/2\/2023\/04\/Dzicy03-1467x2048.jpeg 1467w, https:\/\/centrala.org.uk\/pl\/wp-content\/uploads\/sites\/2\/2023\/04\/Dzicy03-645x900.jpeg 645w, https:\/\/centrala.org.uk\/pl\/wp-content\/uploads\/sites\/2\/2023\/04\/Dzicy03-210x293.jpeg 210w, https:\/\/centrala.org.uk\/pl\/wp-content\/uploads\/sites\/2\/2023\/04\/Dzicy03-480x670.jpeg 480w, https:\/\/centrala.org.uk\/pl\/wp-content\/uploads\/sites\/2\/2023\/04\/Dzicy03-scaled.jpeg 1833w\" sizes=\"auto, (max-width: 220px) 100vw, 220px\" \/><\/a>\n\t\t\t<\/div><\/figure><figure class='gallery-item'>\n\t\t\t<div class='gallery-icon portrait'>\n\t\t\t\t<a href='https:\/\/centrala.org.uk\/pl\/?attachment_id=2372'><img loading=\"lazy\" decoding=\"async\" width=\"220\" height=\"307\" src=\"https:\/\/centrala.org.uk\/pl\/wp-content\/uploads\/sites\/2\/2023\/04\/Dzicy08-220x307.jpeg\" class=\"attachment-thumbnail size-thumbnail\" alt=\"\" srcset=\"https:\/\/centrala.org.uk\/pl\/wp-content\/uploads\/sites\/2\/2023\/04\/Dzicy08-220x307.jpeg 220w, https:\/\/centrala.org.uk\/pl\/wp-content\/uploads\/sites\/2\/2023\/04\/Dzicy08-640x894.jpeg 640w, https:\/\/centrala.org.uk\/pl\/wp-content\/uploads\/sites\/2\/2023\/04\/Dzicy08-1400x1955.jpeg 1400w, https:\/\/centrala.org.uk\/pl\/wp-content\/uploads\/sites\/2\/2023\/04\/Dzicy08-768x1072.jpeg 768w, https:\/\/centrala.org.uk\/pl\/wp-content\/uploads\/sites\/2\/2023\/04\/Dzicy08-1100x1536.jpeg 1100w, https:\/\/centrala.org.uk\/pl\/wp-content\/uploads\/sites\/2\/2023\/04\/Dzicy08-1467x2048.jpeg 1467w, https:\/\/centrala.org.uk\/pl\/wp-content\/uploads\/sites\/2\/2023\/04\/Dzicy08-645x900.jpeg 645w, https:\/\/centrala.org.uk\/pl\/wp-content\/uploads\/sites\/2\/2023\/04\/Dzicy08-210x293.jpeg 210w, https:\/\/centrala.org.uk\/pl\/wp-content\/uploads\/sites\/2\/2023\/04\/Dzicy08-480x670.jpeg 480w, https:\/\/centrala.org.uk\/pl\/wp-content\/uploads\/sites\/2\/2023\/04\/Dzicy08-scaled.jpeg 1833w\" sizes=\"auto, (max-width: 220px) 100vw, 220px\" \/><\/a>\n\t\t\t<\/div><\/figure><figure class='gallery-item'>\n\t\t\t<div class='gallery-icon portrait'>\n\t\t\t\t<a href='https:\/\/centrala.org.uk\/pl\/?attachment_id=2373'><img loading=\"lazy\" decoding=\"async\" width=\"220\" height=\"307\" src=\"https:\/\/centrala.org.uk\/pl\/wp-content\/uploads\/sites\/2\/2023\/04\/Dzicy02-220x307.jpeg\" class=\"attachment-thumbnail size-thumbnail\" alt=\"\" srcset=\"https:\/\/centrala.org.uk\/pl\/wp-content\/uploads\/sites\/2\/2023\/04\/Dzicy02-220x307.jpeg 220w, https:\/\/centrala.org.uk\/pl\/wp-content\/uploads\/sites\/2\/2023\/04\/Dzicy02-640x894.jpeg 640w, https:\/\/centrala.org.uk\/pl\/wp-content\/uploads\/sites\/2\/2023\/04\/Dzicy02-1400x1955.jpeg 1400w, https:\/\/centrala.org.uk\/pl\/wp-content\/uploads\/sites\/2\/2023\/04\/Dzicy02-768x1072.jpeg 768w, https:\/\/centrala.org.uk\/pl\/wp-content\/uploads\/sites\/2\/2023\/04\/Dzicy02-1100x1536.jpeg 1100w, https:\/\/centrala.org.uk\/pl\/wp-content\/uploads\/sites\/2\/2023\/04\/Dzicy02-1467x2048.jpeg 1467w, https:\/\/centrala.org.uk\/pl\/wp-content\/uploads\/sites\/2\/2023\/04\/Dzicy02-645x900.jpeg 645w, https:\/\/centrala.org.uk\/pl\/wp-content\/uploads\/sites\/2\/2023\/04\/Dzicy02-210x293.jpeg 210w, https:\/\/centrala.org.uk\/pl\/wp-content\/uploads\/sites\/2\/2023\/04\/Dzicy02-480x670.jpeg 480w, https:\/\/centrala.org.uk\/pl\/wp-content\/uploads\/sites\/2\/2023\/04\/Dzicy02-scaled.jpeg 1833w\" sizes=\"auto, (max-width: 220px) 100vw, 220px\" \/><\/a>\n\t\t\t<\/div><\/figure>\n\t\t<\/div>\n\n","protected":false},"excerpt":{"rendered":"<p>Historia Czerwiusza zdarzy\u0142a si\u0119 naprawd\u0119. By\u0142a tak samo niewiarygodna, zabawna i s\u0142odko-gorzka, jak przedstawi\u0142a j\u0105 Lucie Lomov\u00e1. Po kilku pojedynczych odcinkach podstarza\u0142y ju\u017c A.V. Fri\u010d kontynuowa\u0142 j\u0105 dla popularnego czeskiego pisma \u201eBarwny Tydzie\u0144\u201d (Pestr\u00fd t\u00fdden)\u00a0w roku 1943. W owym czasie ten legen- darny podr\u00f3\u017cnik i hodowca kaktus\u00f3w zapu\u015bci\u0142 brod\u0119 niczym po\u0142udniowoameryka\u0144scy barbudos i w prote\u015bcie [&hellip;]<\/p>\n","protected":false},"featured_media":2370,"comment_status":"closed","ping_status":"closed","template":"","meta":{"_acf_changed":false},"product_brand":[],"product_cat":[27,42,47,32],"product_tag":[300,41,9967,10039],"series":[10112],"class_list":{"0":"post-2369","1":"product","2":"type-product","3":"status-publish","4":"has-post-thumbnail","6":"product_cat-powiesc-graficzna","7":"product_cat-dla-dzieci","8":"product_cat-dla-mlodziezy","9":"product_cat-komiks","10":"product_tag-czeski-komiks","11":"product_tag-czeskie","12":"product_tag-najnowszaczeskaliteraturagraficzna","13":"product_tag-rok-diabla","14":"series-zycie","16":"first","17":"instock","18":"sale","19":"shipping-taxable","20":"purchasable","21":"product-type-simple"},"acf":[],"_links":{"self":[{"href":"https:\/\/centrala.org.uk\/pl\/wp-json\/wp\/v2\/product\/2369","targetHints":{"allow":["GET"]}}],"collection":[{"href":"https:\/\/centrala.org.uk\/pl\/wp-json\/wp\/v2\/product"}],"about":[{"href":"https:\/\/centrala.org.uk\/pl\/wp-json\/wp\/v2\/types\/product"}],"replies":[{"embeddable":true,"href":"https:\/\/centrala.org.uk\/pl\/wp-json\/wp\/v2\/comments?post=2369"}],"wp:featuredmedia":[{"embeddable":true,"href":"https:\/\/centrala.org.uk\/pl\/wp-json\/wp\/v2\/media\/2370"}],"wp:attachment":[{"href":"https:\/\/centrala.org.uk\/pl\/wp-json\/wp\/v2\/media?parent=2369"}],"wp:term":[{"taxonomy":"product_brand","embeddable":true,"href":"https:\/\/centrala.org.uk\/pl\/wp-json\/wp\/v2\/product_brand?post=2369"},{"taxonomy":"product_cat","embeddable":true,"href":"https:\/\/centrala.org.uk\/pl\/wp-json\/wp\/v2\/product_cat?post=2369"},{"taxonomy":"product_tag","embeddable":true,"href":"https:\/\/centrala.org.uk\/pl\/wp-json\/wp\/v2\/product_tag?post=2369"},{"taxonomy":"series","embeddable":true,"href":"https:\/\/centrala.org.uk\/pl\/wp-json\/wp\/v2\/series?post=2369"}],"curies":[{"name":"wp","href":"https:\/\/api.w.org\/{rel}","templated":true}]}}