{"id":2392,"date":"2023-05-30T17:30:09","date_gmt":"2023-05-30T15:30:09","guid":{"rendered":"http:\/\/centrala.org.uk\/pl\/?post_type=product&#038;p=2392"},"modified":"2023-05-30T17:35:10","modified_gmt":"2023-05-30T15:35:10","slug":"2392","status":"publish","type":"product","link":"https:\/\/centrala.org.uk\/pl\/sklep\/2392\/","title":{"rendered":"Klincz-esko-s\u0142owacki i aneksja polska pod flag\u0105 bia\u0142o-czerwon\u0105"},"content":{"rendered":"<div id='gallery-1' class='gallery galleryid-2392 gallery-columns-3 gallery-size-thumbnail'><figure class='gallery-item'>\n\t\t\t<div class='gallery-icon portrait'>\n\t\t\t\t<a href='https:\/\/centrala.org.uk\/pl\/?attachment_id=2394'><img loading=\"lazy\" decoding=\"async\" width=\"220\" height=\"278\" src=\"https:\/\/centrala.org.uk\/pl\/wp-content\/uploads\/sites\/2\/2023\/05\/KLIN-PL-DRUK2-6-220x278.jpeg\" class=\"attachment-thumbnail size-thumbnail\" alt=\"\" srcset=\"https:\/\/centrala.org.uk\/pl\/wp-content\/uploads\/sites\/2\/2023\/05\/KLIN-PL-DRUK2-6-220x278.jpeg 220w, https:\/\/centrala.org.uk\/pl\/wp-content\/uploads\/sites\/2\/2023\/05\/KLIN-PL-DRUK2-6-210x266.jpeg 210w, https:\/\/centrala.org.uk\/pl\/wp-content\/uploads\/sites\/2\/2023\/05\/KLIN-PL-DRUK2-6-480x608.jpeg 480w, https:\/\/centrala.org.uk\/pl\/wp-content\/uploads\/sites\/2\/2023\/05\/KLIN-PL-DRUK2-6.jpeg 640w\" sizes=\"auto, (max-width: 220px) 100vw, 220px\" \/><\/a>\n\t\t\t<\/div><\/figure><figure class='gallery-item'>\n\t\t\t<div class='gallery-icon portrait'>\n\t\t\t\t<a href='https:\/\/centrala.org.uk\/pl\/?attachment_id=2395'><img loading=\"lazy\" decoding=\"async\" width=\"220\" height=\"278\" src=\"https:\/\/centrala.org.uk\/pl\/wp-content\/uploads\/sites\/2\/2023\/05\/KLIN-PL-DRUK2-8-220x278.jpeg\" class=\"attachment-thumbnail size-thumbnail\" alt=\"\" srcset=\"https:\/\/centrala.org.uk\/pl\/wp-content\/uploads\/sites\/2\/2023\/05\/KLIN-PL-DRUK2-8-220x278.jpeg 220w, https:\/\/centrala.org.uk\/pl\/wp-content\/uploads\/sites\/2\/2023\/05\/KLIN-PL-DRUK2-8-210x266.jpeg 210w, https:\/\/centrala.org.uk\/pl\/wp-content\/uploads\/sites\/2\/2023\/05\/KLIN-PL-DRUK2-8-480x608.jpeg 480w, https:\/\/centrala.org.uk\/pl\/wp-content\/uploads\/sites\/2\/2023\/05\/KLIN-PL-DRUK2-8.jpeg 640w\" sizes=\"auto, (max-width: 220px) 100vw, 220px\" \/><\/a>\n\t\t\t<\/div><\/figure><figure class='gallery-item'>\n\t\t\t<div class='gallery-icon portrait'>\n\t\t\t\t<a href='https:\/\/centrala.org.uk\/pl\/?attachment_id=2396'><img loading=\"lazy\" decoding=\"async\" width=\"220\" height=\"278\" src=\"https:\/\/centrala.org.uk\/pl\/wp-content\/uploads\/sites\/2\/2023\/05\/KLIN-PL-DRUK2-7-220x278.jpeg\" class=\"attachment-thumbnail size-thumbnail\" alt=\"\" srcset=\"https:\/\/centrala.org.uk\/pl\/wp-content\/uploads\/sites\/2\/2023\/05\/KLIN-PL-DRUK2-7-220x278.jpeg 220w, https:\/\/centrala.org.uk\/pl\/wp-content\/uploads\/sites\/2\/2023\/05\/KLIN-PL-DRUK2-7-210x266.jpeg 210w, https:\/\/centrala.org.uk\/pl\/wp-content\/uploads\/sites\/2\/2023\/05\/KLIN-PL-DRUK2-7-480x608.jpeg 480w, https:\/\/centrala.org.uk\/pl\/wp-content\/uploads\/sites\/2\/2023\/05\/KLIN-PL-DRUK2-7.jpeg 640w\" sizes=\"auto, (max-width: 220px) 100vw, 220px\" \/><\/a>\n\t\t\t<\/div><\/figure><figure class='gallery-item'>\n\t\t\t<div class='gallery-icon portrait'>\n\t\t\t\t<a href='https:\/\/centrala.org.uk\/pl\/?attachment_id=2397'><img loading=\"lazy\" decoding=\"async\" width=\"220\" height=\"278\" src=\"https:\/\/centrala.org.uk\/pl\/wp-content\/uploads\/sites\/2\/2023\/05\/KLIN-PL-DRUK2-1-220x278.jpeg\" class=\"attachment-thumbnail size-thumbnail\" alt=\"\" srcset=\"https:\/\/centrala.org.uk\/pl\/wp-content\/uploads\/sites\/2\/2023\/05\/KLIN-PL-DRUK2-1-220x278.jpeg 220w, https:\/\/centrala.org.uk\/pl\/wp-content\/uploads\/sites\/2\/2023\/05\/KLIN-PL-DRUK2-1-210x266.jpeg 210w, https:\/\/centrala.org.uk\/pl\/wp-content\/uploads\/sites\/2\/2023\/05\/KLIN-PL-DRUK2-1-480x608.jpeg 480w, https:\/\/centrala.org.uk\/pl\/wp-content\/uploads\/sites\/2\/2023\/05\/KLIN-PL-DRUK2-1.jpeg 640w\" sizes=\"auto, (max-width: 220px) 100vw, 220px\" \/><\/a>\n\t\t\t<\/div><\/figure><figure class='gallery-item'>\n\t\t\t<div class='gallery-icon portrait'>\n\t\t\t\t<a href='https:\/\/centrala.org.uk\/pl\/?attachment_id=2398'><img loading=\"lazy\" decoding=\"async\" width=\"220\" height=\"278\" src=\"https:\/\/centrala.org.uk\/pl\/wp-content\/uploads\/sites\/2\/2023\/05\/KLIN-PL-DRUK2-2-220x278.jpeg\" class=\"attachment-thumbnail size-thumbnail\" alt=\"\" srcset=\"https:\/\/centrala.org.uk\/pl\/wp-content\/uploads\/sites\/2\/2023\/05\/KLIN-PL-DRUK2-2-220x278.jpeg 220w, https:\/\/centrala.org.uk\/pl\/wp-content\/uploads\/sites\/2\/2023\/05\/KLIN-PL-DRUK2-2-210x266.jpeg 210w, https:\/\/centrala.org.uk\/pl\/wp-content\/uploads\/sites\/2\/2023\/05\/KLIN-PL-DRUK2-2-480x608.jpeg 480w, https:\/\/centrala.org.uk\/pl\/wp-content\/uploads\/sites\/2\/2023\/05\/KLIN-PL-DRUK2-2.jpeg 640w\" sizes=\"auto, (max-width: 220px) 100vw, 220px\" \/><\/a>\n\t\t\t<\/div><\/figure><figure class='gallery-item'>\n\t\t\t<div class='gallery-icon portrait'>\n\t\t\t\t<a href='https:\/\/centrala.org.uk\/pl\/?attachment_id=2399'><img loading=\"lazy\" decoding=\"async\" width=\"220\" height=\"278\" src=\"https:\/\/centrala.org.uk\/pl\/wp-content\/uploads\/sites\/2\/2023\/05\/KLIN-PL-DRUK2-4-220x278.jpeg\" class=\"attachment-thumbnail size-thumbnail\" alt=\"\" srcset=\"https:\/\/centrala.org.uk\/pl\/wp-content\/uploads\/sites\/2\/2023\/05\/KLIN-PL-DRUK2-4-220x278.jpeg 220w, https:\/\/centrala.org.uk\/pl\/wp-content\/uploads\/sites\/2\/2023\/05\/KLIN-PL-DRUK2-4-210x266.jpeg 210w, https:\/\/centrala.org.uk\/pl\/wp-content\/uploads\/sites\/2\/2023\/05\/KLIN-PL-DRUK2-4-480x608.jpeg 480w, https:\/\/centrala.org.uk\/pl\/wp-content\/uploads\/sites\/2\/2023\/05\/KLIN-PL-DRUK2-4.jpeg 640w\" sizes=\"auto, (max-width: 220px) 100vw, 220px\" \/><\/a>\n\t\t\t<\/div><\/figure><figure class='gallery-item'>\n\t\t\t<div class='gallery-icon portrait'>\n\t\t\t\t<a href='https:\/\/centrala.org.uk\/pl\/?attachment_id=2400'><img loading=\"lazy\" decoding=\"async\" width=\"220\" height=\"278\" src=\"https:\/\/centrala.org.uk\/pl\/wp-content\/uploads\/sites\/2\/2023\/05\/KLIN-PL-DRUK2-5-220x278.jpeg\" class=\"attachment-thumbnail size-thumbnail\" alt=\"\" srcset=\"https:\/\/centrala.org.uk\/pl\/wp-content\/uploads\/sites\/2\/2023\/05\/KLIN-PL-DRUK2-5-220x278.jpeg 220w, https:\/\/centrala.org.uk\/pl\/wp-content\/uploads\/sites\/2\/2023\/05\/KLIN-PL-DRUK2-5-210x266.jpeg 210w, https:\/\/centrala.org.uk\/pl\/wp-content\/uploads\/sites\/2\/2023\/05\/KLIN-PL-DRUK2-5-480x608.jpeg 480w, https:\/\/centrala.org.uk\/pl\/wp-content\/uploads\/sites\/2\/2023\/05\/KLIN-PL-DRUK2-5.jpeg 640w\" sizes=\"auto, (max-width: 220px) 100vw, 220px\" \/><\/a>\n\t\t\t<\/div><\/figure>\n\t\t<\/div>\n\n<p>Komiks o rozpadzie Czechos\u0142owacji. O tym, jak wszystko mo\u017ce p\u00f3j\u015b\u0107 nie tak, gdy zapl\u0105czemy si\u0119 w sieci k\u0142amstw, manipulacji i kampanii dezinformacyjnych. O polskiej inwazji i okupacji Czech. O tym, dlaczego nikt nie chce Brna. O naszych \u015brodkowoeuropejskich swarach, s\u0142abo\u015bciach i wadach. I o nadziei tkwi\u0105cej w dzieciach, kt\u00f3re na to wszystko patrz\u0105 inaczej.<\/p>\n<p>Jan Pomyka\u010d (*1976) pochodzi z Oder na pograniczu morawsko-\u015bl\u0105skim, uko\u0144czy\u0142 pracowni\u0119 filmu animowanego na Wydziale Sztuk Pi\u0119knych Uniwersytetu Ostrawskiego, obecnie mieszka i tworzy w Ro\u017enovie pod Radho\u0161t\u011bm. Zarabia na \u017cycie jako rysownik i ilustrator. W \u015bwiat komiksu wkroczy\u0142 w 2013 roku seri\u0105 komiks\u00f3w<a href=\"http:\/\/pas-faux-pas.blogspot.com\/\"> Pas faux pas<\/a>, za kt\u00f3r\u0105 w 2018 roku zdoby\u0142 nagrod\u0119 komiksow\u0105 Muriel. Swoje oryginalne komiksy publikowa\u0142 w magazynach Aargh!, Art i Antiques w antologii ksi\u0105\u017ckowej Rychl\u00e9 \u0161\u00edpy a jejich \u00fa\u017easn\u00e1 nov\u00e1 dobrodru\u017estvi (Rychl\u00e9 \u0161ipy to kultowa czeska seria komiksowa), bra\u0142 tak\u017ce udzia\u0142 jako jeden z wielu artyst\u00f3w w niesko\u0144czonym projekcie e-komiksowym The Infinite Corpsey. Jego najnowszy projekt to rysunki do komiksu political fiction ze scenariuszem Martina \u0160inkovskiego: Klincz-esko-s\u0142owacki i polska aneksja pod flag\u0105 bia\u0142o-czerwon\u0105, do pracy nam kt\u00f3rym zwabi\u0142a go obietnica, \u017ce \u200b\u200bpewnego dnia zobaczy Warszaw\u0119.<\/p>\n<p>Martin \u0160inkovsk\u00fd (1979)<\/p>\n<p>Od urodzenia okrutnie leniwy cz\u0142owiek, kt\u00f3ry sam nie rozumie, jak dosta\u0142 si\u0119 do pisania. Mo\u017ce podoba mu si\u0119, \u017ce ludzie nie m\u00f3wi\u0105 o tym za du\u017co. Je\u015bli chodzi o komiksy, staje si\u0119 zagorza\u0142ym or\u0119downikiem skomplikowanych scenariuszy i wielowarstwowych historii, kt\u00f3re chcia\u0142by napisa\u0107, ale okazuje si\u0119, \u017ce jest po prostu leniwy. Dlatego te\u017c lubi wsp\u00f3\u0142pracowa\u0107 z niezwykle utalentowanymi artystami i tw\u00f3rcami komiks\u00f3w. Z cz\u0142owiekiem, kt\u00f3ry nazywa siebie TICHO762, stworzy\u0142 mi\u0119dzy innymi komiksy Trikolora, Ml\u017en\u00fd ostrov zbarven\u00fd do rudo czy Slavika. Marek Rubec zaprosi\u0142 go jako scenarzyst\u0119 do swojego serialu Jarmil i wraz z Janem Pomyka\u010dem stworzy\u0142 absurdaln\u0105 anarchistyczn\u0105 grotesk\u0119 Klincz-esko-s\u0142owacki i polska aneksja pod flag\u0105 bia\u0142o-czerwon\u0105. Opr\u00f3cz scenariuszy pisze tak\u017ce ksi\u0105\u017cki dla dzieci i m\u0142odzie\u017cy. Ma ju\u017c na swoim koncie oko\u0142o dziesi\u0119ciu ksi\u0105\u017cek (jest zbyt leniwy, \u017ceby policzy\u0107).<\/p>\n","protected":false},"excerpt":{"rendered":"<p>Komiks o rozpadzie Czechos\u0142owacji. O tym, jak wszystko mo\u017ce p\u00f3j\u015b\u0107 nie tak, gdy zapl\u0105czemy si\u0119 w sieci k\u0142amstw, manipulacji i kampanii dezinformacyjnych. O polskiej inwazji i okupacji Czech. O tym, dlaczego nikt nie chce Brna. O naszych \u015brodkowoeuropejskich swarach, s\u0142abo\u015bciach i wadach. I o nadziei tkwi\u0105cej w dzieciach, kt\u00f3re na to wszystko patrz\u0105 inaczej. Jan [&hellip;]<\/p>\n","protected":false},"featured_media":2393,"comment_status":"closed","ping_status":"closed","template":"","meta":{"_acf_changed":false},"product_brand":[],"product_cat":[42,47,32],"product_tag":[10079,226,300,9967],"series":[10112],"class_list":{"0":"post-2392","1":"product","2":"type-product","3":"status-publish","4":"has-post-thumbnail","6":"product_cat-dla-dzieci","7":"product_cat-dla-mlodziezy","8":"product_cat-komiks","9":"product_tag-czechoslowacja","10":"product_tag-czeski","11":"product_tag-czeski-komiks","12":"product_tag-najnowszaczeskaliteraturagraficzna","13":"series-zycie","15":"first","16":"instock","17":"sale","18":"shipping-taxable","19":"purchasable","20":"product-type-simple"},"acf":[],"_links":{"self":[{"href":"https:\/\/centrala.org.uk\/pl\/wp-json\/wp\/v2\/product\/2392","targetHints":{"allow":["GET"]}}],"collection":[{"href":"https:\/\/centrala.org.uk\/pl\/wp-json\/wp\/v2\/product"}],"about":[{"href":"https:\/\/centrala.org.uk\/pl\/wp-json\/wp\/v2\/types\/product"}],"replies":[{"embeddable":true,"href":"https:\/\/centrala.org.uk\/pl\/wp-json\/wp\/v2\/comments?post=2392"}],"wp:featuredmedia":[{"embeddable":true,"href":"https:\/\/centrala.org.uk\/pl\/wp-json\/wp\/v2\/media\/2393"}],"wp:attachment":[{"href":"https:\/\/centrala.org.uk\/pl\/wp-json\/wp\/v2\/media?parent=2392"}],"wp:term":[{"taxonomy":"product_brand","embeddable":true,"href":"https:\/\/centrala.org.uk\/pl\/wp-json\/wp\/v2\/product_brand?post=2392"},{"taxonomy":"product_cat","embeddable":true,"href":"https:\/\/centrala.org.uk\/pl\/wp-json\/wp\/v2\/product_cat?post=2392"},{"taxonomy":"product_tag","embeddable":true,"href":"https:\/\/centrala.org.uk\/pl\/wp-json\/wp\/v2\/product_tag?post=2392"},{"taxonomy":"series","embeddable":true,"href":"https:\/\/centrala.org.uk\/pl\/wp-json\/wp\/v2\/series?post=2392"}],"curies":[{"name":"wp","href":"https:\/\/api.w.org\/{rel}","templated":true}]}}