{"id":2412,"date":"2023-08-14T00:04:15","date_gmt":"2023-08-13T22:04:15","guid":{"rendered":"http:\/\/centrala.org.uk\/pl\/?post_type=product&#038;p=2412"},"modified":"2023-10-07T16:01:44","modified_gmt":"2023-10-07T14:01:44","slug":"rusty-brown","status":"publish","type":"product","link":"https:\/\/centrala.org.uk\/pl\/sklep\/rusty-brown\/","title":{"rendered":"Rusty Brown"},"content":{"rendered":"<div id='gallery-1' class='gallery galleryid-2412 gallery-columns-3 gallery-size-thumbnail'><figure class='gallery-item'>\n\t\t\t<div class='gallery-icon landscape'>\n\t\t\t\t<a href='https:\/\/centrala.org.uk\/pl\/?attachment_id=2413'><img loading=\"lazy\" decoding=\"async\" width=\"220\" height=\"133\" src=\"https:\/\/centrala.org.uk\/pl\/wp-content\/uploads\/sites\/2\/2023\/08\/Rusty00-220x133.jpg\" class=\"attachment-thumbnail size-thumbnail\" alt=\"\" srcset=\"https:\/\/centrala.org.uk\/pl\/wp-content\/uploads\/sites\/2\/2023\/08\/Rusty00-220x133.jpg 220w, https:\/\/centrala.org.uk\/pl\/wp-content\/uploads\/sites\/2\/2023\/08\/Rusty00-640x388.jpg 640w, https:\/\/centrala.org.uk\/pl\/wp-content\/uploads\/sites\/2\/2023\/08\/Rusty00-1400x849.jpg 1400w, https:\/\/centrala.org.uk\/pl\/wp-content\/uploads\/sites\/2\/2023\/08\/Rusty00-768x466.jpg 768w, https:\/\/centrala.org.uk\/pl\/wp-content\/uploads\/sites\/2\/2023\/08\/Rusty00-1536x932.jpg 1536w, https:\/\/centrala.org.uk\/pl\/wp-content\/uploads\/sites\/2\/2023\/08\/Rusty00-210x127.jpg 210w, https:\/\/centrala.org.uk\/pl\/wp-content\/uploads\/sites\/2\/2023\/08\/Rusty00-480x291.jpg 480w, https:\/\/centrala.org.uk\/pl\/wp-content\/uploads\/sites\/2\/2023\/08\/Rusty00.jpg 1851w\" sizes=\"auto, (max-width: 220px) 100vw, 220px\" \/><\/a>\n\t\t\t<\/div><\/figure><figure class='gallery-item'>\n\t\t\t<div class='gallery-icon landscape'>\n\t\t\t\t<a href='https:\/\/centrala.org.uk\/pl\/?attachment_id=2415'><img loading=\"lazy\" decoding=\"async\" width=\"220\" height=\"154\" src=\"https:\/\/centrala.org.uk\/pl\/wp-content\/uploads\/sites\/2\/2023\/08\/Rusty02-Large-220x154.jpeg\" class=\"attachment-thumbnail size-thumbnail\" alt=\"\" srcset=\"https:\/\/centrala.org.uk\/pl\/wp-content\/uploads\/sites\/2\/2023\/08\/Rusty02-Large-220x154.jpeg 220w, https:\/\/centrala.org.uk\/pl\/wp-content\/uploads\/sites\/2\/2023\/08\/Rusty02-Large-640x447.jpeg 640w, https:\/\/centrala.org.uk\/pl\/wp-content\/uploads\/sites\/2\/2023\/08\/Rusty02-Large-768x536.jpeg 768w, https:\/\/centrala.org.uk\/pl\/wp-content\/uploads\/sites\/2\/2023\/08\/Rusty02-Large-210x147.jpeg 210w, https:\/\/centrala.org.uk\/pl\/wp-content\/uploads\/sites\/2\/2023\/08\/Rusty02-Large-480x335.jpeg 480w, https:\/\/centrala.org.uk\/pl\/wp-content\/uploads\/sites\/2\/2023\/08\/Rusty02-Large.jpeg 1280w\" sizes=\"auto, (max-width: 220px) 100vw, 220px\" \/><\/a>\n\t\t\t<\/div><\/figure><figure class='gallery-item'>\n\t\t\t<div class='gallery-icon landscape'>\n\t\t\t\t<a href='https:\/\/centrala.org.uk\/pl\/?attachment_id=2416'><img loading=\"lazy\" decoding=\"async\" width=\"220\" height=\"154\" src=\"https:\/\/centrala.org.uk\/pl\/wp-content\/uploads\/sites\/2\/2023\/08\/Rusty07-Large-220x154.jpeg\" class=\"attachment-thumbnail size-thumbnail\" alt=\"\" srcset=\"https:\/\/centrala.org.uk\/pl\/wp-content\/uploads\/sites\/2\/2023\/08\/Rusty07-Large-220x154.jpeg 220w, https:\/\/centrala.org.uk\/pl\/wp-content\/uploads\/sites\/2\/2023\/08\/Rusty07-Large-640x447.jpeg 640w, https:\/\/centrala.org.uk\/pl\/wp-content\/uploads\/sites\/2\/2023\/08\/Rusty07-Large-768x536.jpeg 768w, https:\/\/centrala.org.uk\/pl\/wp-content\/uploads\/sites\/2\/2023\/08\/Rusty07-Large-210x147.jpeg 210w, https:\/\/centrala.org.uk\/pl\/wp-content\/uploads\/sites\/2\/2023\/08\/Rusty07-Large-480x335.jpeg 480w, https:\/\/centrala.org.uk\/pl\/wp-content\/uploads\/sites\/2\/2023\/08\/Rusty07-Large.jpeg 1280w\" sizes=\"auto, (max-width: 220px) 100vw, 220px\" \/><\/a>\n\t\t\t<\/div><\/figure><figure class='gallery-item'>\n\t\t\t<div class='gallery-icon landscape'>\n\t\t\t\t<a href='https:\/\/centrala.org.uk\/pl\/?attachment_id=2417'><img loading=\"lazy\" decoding=\"async\" width=\"220\" height=\"154\" src=\"https:\/\/centrala.org.uk\/pl\/wp-content\/uploads\/sites\/2\/2023\/08\/Rusty10-Large-220x154.jpeg\" class=\"attachment-thumbnail size-thumbnail\" alt=\"\" srcset=\"https:\/\/centrala.org.uk\/pl\/wp-content\/uploads\/sites\/2\/2023\/08\/Rusty10-Large-220x154.jpeg 220w, https:\/\/centrala.org.uk\/pl\/wp-content\/uploads\/sites\/2\/2023\/08\/Rusty10-Large-640x447.jpeg 640w, https:\/\/centrala.org.uk\/pl\/wp-content\/uploads\/sites\/2\/2023\/08\/Rusty10-Large-768x536.jpeg 768w, https:\/\/centrala.org.uk\/pl\/wp-content\/uploads\/sites\/2\/2023\/08\/Rusty10-Large-210x147.jpeg 210w, https:\/\/centrala.org.uk\/pl\/wp-content\/uploads\/sites\/2\/2023\/08\/Rusty10-Large-480x335.jpeg 480w, https:\/\/centrala.org.uk\/pl\/wp-content\/uploads\/sites\/2\/2023\/08\/Rusty10-Large.jpeg 1280w\" sizes=\"auto, (max-width: 220px) 100vw, 220px\" \/><\/a>\n\t\t\t<\/div><\/figure><figure class='gallery-item'>\n\t\t\t<div class='gallery-icon landscape'>\n\t\t\t\t<a href='https:\/\/centrala.org.uk\/pl\/?attachment_id=2418'><img loading=\"lazy\" decoding=\"async\" width=\"220\" height=\"154\" src=\"https:\/\/centrala.org.uk\/pl\/wp-content\/uploads\/sites\/2\/2023\/08\/Rusty08-Large-220x154.jpeg\" class=\"attachment-thumbnail size-thumbnail\" alt=\"\" srcset=\"https:\/\/centrala.org.uk\/pl\/wp-content\/uploads\/sites\/2\/2023\/08\/Rusty08-Large-220x154.jpeg 220w, https:\/\/centrala.org.uk\/pl\/wp-content\/uploads\/sites\/2\/2023\/08\/Rusty08-Large-640x447.jpeg 640w, https:\/\/centrala.org.uk\/pl\/wp-content\/uploads\/sites\/2\/2023\/08\/Rusty08-Large-768x536.jpeg 768w, https:\/\/centrala.org.uk\/pl\/wp-content\/uploads\/sites\/2\/2023\/08\/Rusty08-Large-210x147.jpeg 210w, https:\/\/centrala.org.uk\/pl\/wp-content\/uploads\/sites\/2\/2023\/08\/Rusty08-Large-480x335.jpeg 480w, https:\/\/centrala.org.uk\/pl\/wp-content\/uploads\/sites\/2\/2023\/08\/Rusty08-Large.jpeg 1280w\" sizes=\"auto, (max-width: 220px) 100vw, 220px\" \/><\/a>\n\t\t\t<\/div><\/figure><figure class='gallery-item'>\n\t\t\t<div class='gallery-icon landscape'>\n\t\t\t\t<a href='https:\/\/centrala.org.uk\/pl\/?attachment_id=2419'><img loading=\"lazy\" decoding=\"async\" width=\"220\" height=\"154\" src=\"https:\/\/centrala.org.uk\/pl\/wp-content\/uploads\/sites\/2\/2023\/08\/Rusty03-Large-220x154.jpeg\" class=\"attachment-thumbnail size-thumbnail\" alt=\"\" srcset=\"https:\/\/centrala.org.uk\/pl\/wp-content\/uploads\/sites\/2\/2023\/08\/Rusty03-Large-220x154.jpeg 220w, https:\/\/centrala.org.uk\/pl\/wp-content\/uploads\/sites\/2\/2023\/08\/Rusty03-Large-640x447.jpeg 640w, https:\/\/centrala.org.uk\/pl\/wp-content\/uploads\/sites\/2\/2023\/08\/Rusty03-Large-768x536.jpeg 768w, https:\/\/centrala.org.uk\/pl\/wp-content\/uploads\/sites\/2\/2023\/08\/Rusty03-Large-210x147.jpeg 210w, https:\/\/centrala.org.uk\/pl\/wp-content\/uploads\/sites\/2\/2023\/08\/Rusty03-Large-480x335.jpeg 480w, https:\/\/centrala.org.uk\/pl\/wp-content\/uploads\/sites\/2\/2023\/08\/Rusty03-Large.jpeg 1280w\" sizes=\"auto, (max-width: 220px) 100vw, 220px\" \/><\/a>\n\t\t\t<\/div><\/figure><figure class='gallery-item'>\n\t\t\t<div class='gallery-icon landscape'>\n\t\t\t\t<a href='https:\/\/centrala.org.uk\/pl\/?attachment_id=2420'><img loading=\"lazy\" decoding=\"async\" width=\"220\" height=\"154\" src=\"https:\/\/centrala.org.uk\/pl\/wp-content\/uploads\/sites\/2\/2023\/08\/Rusty04-Large-220x154.jpeg\" class=\"attachment-thumbnail size-thumbnail\" alt=\"\" srcset=\"https:\/\/centrala.org.uk\/pl\/wp-content\/uploads\/sites\/2\/2023\/08\/Rusty04-Large-220x154.jpeg 220w, https:\/\/centrala.org.uk\/pl\/wp-content\/uploads\/sites\/2\/2023\/08\/Rusty04-Large-640x447.jpeg 640w, https:\/\/centrala.org.uk\/pl\/wp-content\/uploads\/sites\/2\/2023\/08\/Rusty04-Large-768x536.jpeg 768w, https:\/\/centrala.org.uk\/pl\/wp-content\/uploads\/sites\/2\/2023\/08\/Rusty04-Large-210x147.jpeg 210w, https:\/\/centrala.org.uk\/pl\/wp-content\/uploads\/sites\/2\/2023\/08\/Rusty04-Large-480x335.jpeg 480w, https:\/\/centrala.org.uk\/pl\/wp-content\/uploads\/sites\/2\/2023\/08\/Rusty04-Large.jpeg 1280w\" sizes=\"auto, (max-width: 220px) 100vw, 220px\" \/><\/a>\n\t\t\t<\/div><\/figure><figure class='gallery-item'>\n\t\t\t<div class='gallery-icon landscape'>\n\t\t\t\t<a href='https:\/\/centrala.org.uk\/pl\/?attachment_id=2421'><img loading=\"lazy\" decoding=\"async\" width=\"220\" height=\"154\" src=\"https:\/\/centrala.org.uk\/pl\/wp-content\/uploads\/sites\/2\/2023\/08\/Rusty05-Large-220x154.jpeg\" class=\"attachment-thumbnail size-thumbnail\" alt=\"\" srcset=\"https:\/\/centrala.org.uk\/pl\/wp-content\/uploads\/sites\/2\/2023\/08\/Rusty05-Large-220x154.jpeg 220w, https:\/\/centrala.org.uk\/pl\/wp-content\/uploads\/sites\/2\/2023\/08\/Rusty05-Large-640x447.jpeg 640w, https:\/\/centrala.org.uk\/pl\/wp-content\/uploads\/sites\/2\/2023\/08\/Rusty05-Large-768x536.jpeg 768w, https:\/\/centrala.org.uk\/pl\/wp-content\/uploads\/sites\/2\/2023\/08\/Rusty05-Large-210x147.jpeg 210w, https:\/\/centrala.org.uk\/pl\/wp-content\/uploads\/sites\/2\/2023\/08\/Rusty05-Large-480x335.jpeg 480w, https:\/\/centrala.org.uk\/pl\/wp-content\/uploads\/sites\/2\/2023\/08\/Rusty05-Large.jpeg 1280w\" sizes=\"auto, (max-width: 220px) 100vw, 220px\" \/><\/a>\n\t\t\t<\/div><\/figure><figure class='gallery-item'>\n\t\t\t<div class='gallery-icon landscape'>\n\t\t\t\t<a href='https:\/\/centrala.org.uk\/pl\/?attachment_id=2422'><img loading=\"lazy\" decoding=\"async\" width=\"220\" height=\"154\" src=\"https:\/\/centrala.org.uk\/pl\/wp-content\/uploads\/sites\/2\/2023\/08\/Rusty06-Large-220x154.jpeg\" class=\"attachment-thumbnail size-thumbnail\" alt=\"\" srcset=\"https:\/\/centrala.org.uk\/pl\/wp-content\/uploads\/sites\/2\/2023\/08\/Rusty06-Large-220x154.jpeg 220w, https:\/\/centrala.org.uk\/pl\/wp-content\/uploads\/sites\/2\/2023\/08\/Rusty06-Large-640x447.jpeg 640w, https:\/\/centrala.org.uk\/pl\/wp-content\/uploads\/sites\/2\/2023\/08\/Rusty06-Large-768x536.jpeg 768w, https:\/\/centrala.org.uk\/pl\/wp-content\/uploads\/sites\/2\/2023\/08\/Rusty06-Large-210x147.jpeg 210w, https:\/\/centrala.org.uk\/pl\/wp-content\/uploads\/sites\/2\/2023\/08\/Rusty06-Large-480x335.jpeg 480w, https:\/\/centrala.org.uk\/pl\/wp-content\/uploads\/sites\/2\/2023\/08\/Rusty06-Large.jpeg 1280w\" sizes=\"auto, (max-width: 220px) 100vw, 220px\" \/><\/a>\n\t\t\t<\/div><\/figure><figure class='gallery-item'>\n\t\t\t<div class='gallery-icon landscape'>\n\t\t\t\t<a href='https:\/\/centrala.org.uk\/pl\/?attachment_id=2423'><img loading=\"lazy\" decoding=\"async\" width=\"220\" height=\"154\" src=\"https:\/\/centrala.org.uk\/pl\/wp-content\/uploads\/sites\/2\/2023\/08\/Rusty11-Large-220x154.jpeg\" class=\"attachment-thumbnail size-thumbnail\" alt=\"\" srcset=\"https:\/\/centrala.org.uk\/pl\/wp-content\/uploads\/sites\/2\/2023\/08\/Rusty11-Large-220x154.jpeg 220w, https:\/\/centrala.org.uk\/pl\/wp-content\/uploads\/sites\/2\/2023\/08\/Rusty11-Large-640x447.jpeg 640w, https:\/\/centrala.org.uk\/pl\/wp-content\/uploads\/sites\/2\/2023\/08\/Rusty11-Large-768x536.jpeg 768w, https:\/\/centrala.org.uk\/pl\/wp-content\/uploads\/sites\/2\/2023\/08\/Rusty11-Large-210x147.jpeg 210w, https:\/\/centrala.org.uk\/pl\/wp-content\/uploads\/sites\/2\/2023\/08\/Rusty11-Large-480x335.jpeg 480w, https:\/\/centrala.org.uk\/pl\/wp-content\/uploads\/sites\/2\/2023\/08\/Rusty11-Large.jpeg 1280w\" sizes=\"auto, (max-width: 220px) 100vw, 220px\" \/><\/a>\n\t\t\t<\/div><\/figure><figure class='gallery-item'>\n\t\t\t<div class='gallery-icon landscape'>\n\t\t\t\t<a href='https:\/\/centrala.org.uk\/pl\/?attachment_id=2424'><img loading=\"lazy\" decoding=\"async\" width=\"220\" height=\"154\" src=\"https:\/\/centrala.org.uk\/pl\/wp-content\/uploads\/sites\/2\/2023\/08\/Rusty09-Large-220x154.jpeg\" class=\"attachment-thumbnail size-thumbnail\" alt=\"\" srcset=\"https:\/\/centrala.org.uk\/pl\/wp-content\/uploads\/sites\/2\/2023\/08\/Rusty09-Large-220x154.jpeg 220w, https:\/\/centrala.org.uk\/pl\/wp-content\/uploads\/sites\/2\/2023\/08\/Rusty09-Large-640x447.jpeg 640w, https:\/\/centrala.org.uk\/pl\/wp-content\/uploads\/sites\/2\/2023\/08\/Rusty09-Large-768x536.jpeg 768w, https:\/\/centrala.org.uk\/pl\/wp-content\/uploads\/sites\/2\/2023\/08\/Rusty09-Large-210x147.jpeg 210w, https:\/\/centrala.org.uk\/pl\/wp-content\/uploads\/sites\/2\/2023\/08\/Rusty09-Large-480x335.jpeg 480w, https:\/\/centrala.org.uk\/pl\/wp-content\/uploads\/sites\/2\/2023\/08\/Rusty09-Large.jpeg 1280w\" sizes=\"auto, (max-width: 220px) 100vw, 220px\" \/><\/a>\n\t\t\t<\/div><\/figure><figure class='gallery-item'>\n\t\t\t<div class='gallery-icon landscape'>\n\t\t\t\t<a href='https:\/\/centrala.org.uk\/pl\/?attachment_id=2425'><img loading=\"lazy\" decoding=\"async\" width=\"220\" height=\"154\" src=\"https:\/\/centrala.org.uk\/pl\/wp-content\/uploads\/sites\/2\/2023\/08\/Rusty01-Large-220x154.jpeg\" class=\"attachment-thumbnail size-thumbnail\" alt=\"\" srcset=\"https:\/\/centrala.org.uk\/pl\/wp-content\/uploads\/sites\/2\/2023\/08\/Rusty01-Large-220x154.jpeg 220w, https:\/\/centrala.org.uk\/pl\/wp-content\/uploads\/sites\/2\/2023\/08\/Rusty01-Large-640x447.jpeg 640w, https:\/\/centrala.org.uk\/pl\/wp-content\/uploads\/sites\/2\/2023\/08\/Rusty01-Large-768x536.jpeg 768w, https:\/\/centrala.org.uk\/pl\/wp-content\/uploads\/sites\/2\/2023\/08\/Rusty01-Large-210x147.jpeg 210w, https:\/\/centrala.org.uk\/pl\/wp-content\/uploads\/sites\/2\/2023\/08\/Rusty01-Large-480x335.jpeg 480w, https:\/\/centrala.org.uk\/pl\/wp-content\/uploads\/sites\/2\/2023\/08\/Rusty01-Large.jpeg 1280w\" sizes=\"auto, (max-width: 220px) 100vw, 220px\" \/><\/a>\n\t\t\t<\/div><\/figure>\n\t\t<\/div>\n\n<p>Rusty Brown to wybitna i zakrojona na szerok\u0105 skal\u0119 powie\u015b\u0107 graficzna, kt\u00f3ra bierze pod mikroskop najwa\u017cniejsze motywy ludzkiego \u017cycia i ukazuje nam je w niespotykanej dot\u0105d rozdzielczo\u015bci.<span class=\"Apple-converted-space\">\u00a0<\/span><\/p>\n<p>Autor z empati\u0105 ale i drobiazgowo\u015bci\u0105 naukowca obna\u017ca niemiarodajno\u015b\u0107, kt\u00f3ra charakteryzuje ka\u017cdy rodzaj ludzkiego do\u015bwiadczenia &#8211; od takiego, kt\u00f3re wzbudza dreszcz emocji, a\u017c po ca\u0142kiem przyziemne epizody. Niczym entomolodzy obserwujemy wszystkie fazy cyklu \u017cycia cz\u0142owieka &#8211; od dzieci\u0144stwa do p\u00f3\u017anej staro\u015bci: dziecko, kt\u00f3re budzi si\u0119 pozbawione supermocy; nastolatka, kt\u00f3ry dojrzewa pod okiem despotycznego ojca; ojca, kt\u00f3ry przepracowuje swoje emocjonalne problemy na powierzchni Marsa; oraz kobiet\u0119 w \u015brednim wieku, kt\u00f3ra pr\u00f3buje odnale\u017a\u0107 mi\u0142o\u015b\u0107 na planecie Ziemia.<\/p>\n<p>Chris Ware jest sta\u0142ym wsp\u00f3\u0142pracownikiem New Yorkera, dla kt\u00f3rego stworzy\u0142 ponad 20 ok\u0142adek i w kt\u00f3rym publikuje paski komiksowe. Jego prace by\u0142y wystawiane w MoCa Los Angeles, MCA Chicago. W 2002 r. Ware zosta\u0142 pierwszym artyst\u0105 komiksowym zaproszonym do udzia\u0142u w biennale w Whitney Museum of American Art. Wraz z Willem Eisnerem, Jackiem Kirbym, Harveyem Kurtzmanem, Robertem Crumbem i Garym Panterem, Ware znalaz\u0142 si\u0119 w gronie artyst\u00f3w uhonorowanych na wystawie &#8222;Masters of American Comics&#8221; w Muzeum \u017bydowskim w Nowym Jorku od 16 wrze\u015bnia 2006 r. do 28 stycznia 2007 r.<span class=\"Apple-converted-space\">\u00a0<\/span><\/p>\n<p>W 2020 roku Rusty Brown Ware&#8217;a zosta\u0142 nominowany do nagrody PEN\/Jean Stein Book Award.<\/p>\n<p>W 2020 roku nak\u0142adem presti\u017cowego nowojorskiego Rizzoli ukaza\u0142a si\u0119 po\u015bwi\u0119cona tw\u00f3rczo\u015bci Chrisa Ware\u2019a monografia.<\/p>\n<p>W 2021 roku otrzyma\u0142 Grand Prix de la ville d&#8217;Angoul\u00eame za ca\u0142okszta\u0142t tw\u00f3rczo\u015bci.<\/p>\n<p>&nbsp;<\/p>\n","protected":false},"excerpt":{"rendered":"<p>Przedsprzeda\u017c dwustu pierwszych egzemplarzy do 30.IX.2023.<\/p>\n","protected":false},"featured_media":2413,"comment_status":"closed","ping_status":"closed","template":"","meta":{"_acf_changed":false},"product_brand":[],"product_cat":[27,47,32],"product_tag":[],"series":[10112],"class_list":{"0":"post-2412","1":"product","2":"type-product","3":"status-publish","4":"has-post-thumbnail","6":"product_cat-powiesc-graficzna","7":"product_cat-dla-mlodziezy","8":"product_cat-komiks","9":"series-zycie","11":"first","12":"instock","13":"sale","14":"featured","15":"shipping-taxable","16":"purchasable","17":"product-type-simple"},"acf":[],"_links":{"self":[{"href":"https:\/\/centrala.org.uk\/pl\/wp-json\/wp\/v2\/product\/2412","targetHints":{"allow":["GET"]}}],"collection":[{"href":"https:\/\/centrala.org.uk\/pl\/wp-json\/wp\/v2\/product"}],"about":[{"href":"https:\/\/centrala.org.uk\/pl\/wp-json\/wp\/v2\/types\/product"}],"replies":[{"embeddable":true,"href":"https:\/\/centrala.org.uk\/pl\/wp-json\/wp\/v2\/comments?post=2412"}],"wp:featuredmedia":[{"embeddable":true,"href":"https:\/\/centrala.org.uk\/pl\/wp-json\/wp\/v2\/media\/2413"}],"wp:attachment":[{"href":"https:\/\/centrala.org.uk\/pl\/wp-json\/wp\/v2\/media?parent=2412"}],"wp:term":[{"taxonomy":"product_brand","embeddable":true,"href":"https:\/\/centrala.org.uk\/pl\/wp-json\/wp\/v2\/product_brand?post=2412"},{"taxonomy":"product_cat","embeddable":true,"href":"https:\/\/centrala.org.uk\/pl\/wp-json\/wp\/v2\/product_cat?post=2412"},{"taxonomy":"product_tag","embeddable":true,"href":"https:\/\/centrala.org.uk\/pl\/wp-json\/wp\/v2\/product_tag?post=2412"},{"taxonomy":"series","embeddable":true,"href":"https:\/\/centrala.org.uk\/pl\/wp-json\/wp\/v2\/series?post=2412"}],"curies":[{"name":"wp","href":"https:\/\/api.w.org\/{rel}","templated":true}]}}