{"id":2487,"date":"2023-10-29T23:33:03","date_gmt":"2023-10-29T22:33:03","guid":{"rendered":"http:\/\/centrala.org.uk\/pl\/?post_type=product&#038;p=2487"},"modified":"2023-10-29T23:33:03","modified_gmt":"2023-10-29T22:33:03","slug":"gerda-dziewczyna-z-mgly","status":"publish","type":"product","link":"https:\/\/centrala.org.uk\/pl\/sklep\/gerda-dziewczyna-z-mgly\/","title":{"rendered":"Gerda. Dziewczyna z mg\u0142y."},"content":{"rendered":"<p class=\"s4\"><span class=\"s2\">Od niepami<\/span><span class=\"s2\">\u0119<\/span><span class=\"s2\">tnych czas<\/span><span class=\"s2\">\u00f3<\/span><span class=\"s2\">w chciwo<\/span><span class=\"s2\">\u015b\u0107 <\/span><span class=\"s2\">ludzi wywo<\/span><span class=\"s2\">\u0142<\/span><span class=\"s2\">ywa<\/span><span class=\"s2\">\u0142<\/span><span class=\"s2\">a konflikty <\/span><span class=\"s2\">z innymi stworzeniami i <\/span><span class=\"s2\">z<\/span><span class=\"s2\">sam<\/span><span class=\"s2\">\u0105 <\/span><span class=\"s2\">natur<\/span><span class=\"s2\">\u0105<\/span><span class=\"s2\">.<\/span><span class=\"s2\"> \u00a0<\/span><span class=\"s2\">Obecnie<\/span><span class=\"s2\"> ziemie spowi<\/span><span class=\"s2\">ja<\/span><span class=\"s2\"> g<\/span><span class=\"s2\">\u0119<\/span><span class=\"s2\">st<\/span><span class=\"s2\">a<\/span><span class=\"s2\"> mg<\/span><span class=\"s2\">\u0142\u0105<\/span><span class=\"s2\">, a wioski oblegane s<\/span><span class=\"s2\">\u0105 <\/span><span class=\"s2\">przez dzikie zwierz<\/span><span class=\"s2\">\u0119<\/span><span class=\"s2\">ta.<\/span><\/p>\n<p class=\"s4\"><span class=\"s2\"><img loading=\"lazy\" decoding=\"async\" class=\"alignnone size-medium wp-image-2489\" src=\"https:\/\/centrala.org.uk\/pl\/wp-content\/uploads\/sites\/2\/2023\/10\/Gerda06-Large-640x886.jpeg\" alt=\"\" width=\"640\" height=\"886\" srcset=\"https:\/\/centrala.org.uk\/pl\/wp-content\/uploads\/sites\/2\/2023\/10\/Gerda06-Large-640x886.jpeg 640w, https:\/\/centrala.org.uk\/pl\/wp-content\/uploads\/sites\/2\/2023\/10\/Gerda06-Large-220x304.jpeg 220w, https:\/\/centrala.org.uk\/pl\/wp-content\/uploads\/sites\/2\/2023\/10\/Gerda06-Large-768x1063.jpeg 768w, https:\/\/centrala.org.uk\/pl\/wp-content\/uploads\/sites\/2\/2023\/10\/Gerda06-Large-650x900.jpeg 650w, https:\/\/centrala.org.uk\/pl\/wp-content\/uploads\/sites\/2\/2023\/10\/Gerda06-Large-210x291.jpeg 210w, https:\/\/centrala.org.uk\/pl\/wp-content\/uploads\/sites\/2\/2023\/10\/Gerda06-Large-480x664.jpeg 480w, https:\/\/centrala.org.uk\/pl\/wp-content\/uploads\/sites\/2\/2023\/10\/Gerda06-Large.jpeg 925w\" sizes=\"auto, (max-width: 640px) 100vw, 640px\" \/> <img loading=\"lazy\" decoding=\"async\" class=\"alignnone size-medium wp-image-2490\" src=\"https:\/\/centrala.org.uk\/pl\/wp-content\/uploads\/sites\/2\/2023\/10\/Gerda08-Large-640x886.jpeg\" alt=\"\" width=\"640\" height=\"886\" srcset=\"https:\/\/centrala.org.uk\/pl\/wp-content\/uploads\/sites\/2\/2023\/10\/Gerda08-Large-640x886.jpeg 640w, https:\/\/centrala.org.uk\/pl\/wp-content\/uploads\/sites\/2\/2023\/10\/Gerda08-Large-220x304.jpeg 220w, https:\/\/centrala.org.uk\/pl\/wp-content\/uploads\/sites\/2\/2023\/10\/Gerda08-Large-768x1063.jpeg 768w, https:\/\/centrala.org.uk\/pl\/wp-content\/uploads\/sites\/2\/2023\/10\/Gerda08-Large-650x900.jpeg 650w, https:\/\/centrala.org.uk\/pl\/wp-content\/uploads\/sites\/2\/2023\/10\/Gerda08-Large-210x291.jpeg 210w, https:\/\/centrala.org.uk\/pl\/wp-content\/uploads\/sites\/2\/2023\/10\/Gerda08-Large-480x664.jpeg 480w, https:\/\/centrala.org.uk\/pl\/wp-content\/uploads\/sites\/2\/2023\/10\/Gerda08-Large.jpeg 925w\" sizes=\"auto, (max-width: 640px) 100vw, 640px\" \/> <img loading=\"lazy\" decoding=\"async\" class=\"alignnone size-medium wp-image-2491\" src=\"https:\/\/centrala.org.uk\/pl\/wp-content\/uploads\/sites\/2\/2023\/10\/Gerda03-Large-640x886.jpeg\" alt=\"\" width=\"640\" height=\"886\" srcset=\"https:\/\/centrala.org.uk\/pl\/wp-content\/uploads\/sites\/2\/2023\/10\/Gerda03-Large-640x886.jpeg 640w, https:\/\/centrala.org.uk\/pl\/wp-content\/uploads\/sites\/2\/2023\/10\/Gerda03-Large-220x304.jpeg 220w, https:\/\/centrala.org.uk\/pl\/wp-content\/uploads\/sites\/2\/2023\/10\/Gerda03-Large-768x1063.jpeg 768w, https:\/\/centrala.org.uk\/pl\/wp-content\/uploads\/sites\/2\/2023\/10\/Gerda03-Large-650x900.jpeg 650w, https:\/\/centrala.org.uk\/pl\/wp-content\/uploads\/sites\/2\/2023\/10\/Gerda03-Large-210x291.jpeg 210w, https:\/\/centrala.org.uk\/pl\/wp-content\/uploads\/sites\/2\/2023\/10\/Gerda03-Large-480x664.jpeg 480w, https:\/\/centrala.org.uk\/pl\/wp-content\/uploads\/sites\/2\/2023\/10\/Gerda03-Large.jpeg 925w\" sizes=\"auto, (max-width: 640px) 100vw, 640px\" \/> <img loading=\"lazy\" decoding=\"async\" class=\"alignnone size-medium wp-image-2492\" src=\"https:\/\/centrala.org.uk\/pl\/wp-content\/uploads\/sites\/2\/2023\/10\/Gerda05-Large-640x886.jpeg\" alt=\"\" width=\"640\" height=\"886\" srcset=\"https:\/\/centrala.org.uk\/pl\/wp-content\/uploads\/sites\/2\/2023\/10\/Gerda05-Large-640x886.jpeg 640w, https:\/\/centrala.org.uk\/pl\/wp-content\/uploads\/sites\/2\/2023\/10\/Gerda05-Large-220x304.jpeg 220w, https:\/\/centrala.org.uk\/pl\/wp-content\/uploads\/sites\/2\/2023\/10\/Gerda05-Large-768x1063.jpeg 768w, https:\/\/centrala.org.uk\/pl\/wp-content\/uploads\/sites\/2\/2023\/10\/Gerda05-Large-650x900.jpeg 650w, https:\/\/centrala.org.uk\/pl\/wp-content\/uploads\/sites\/2\/2023\/10\/Gerda05-Large-210x291.jpeg 210w, https:\/\/centrala.org.uk\/pl\/wp-content\/uploads\/sites\/2\/2023\/10\/Gerda05-Large-480x664.jpeg 480w, https:\/\/centrala.org.uk\/pl\/wp-content\/uploads\/sites\/2\/2023\/10\/Gerda05-Large.jpeg 925w\" sizes=\"auto, (max-width: 640px) 100vw, 640px\" \/> <img loading=\"lazy\" decoding=\"async\" class=\"alignnone size-medium wp-image-2493\" src=\"https:\/\/centrala.org.uk\/pl\/wp-content\/uploads\/sites\/2\/2023\/10\/Gerda04-Large-640x886.jpeg\" alt=\"\" width=\"640\" height=\"886\" srcset=\"https:\/\/centrala.org.uk\/pl\/wp-content\/uploads\/sites\/2\/2023\/10\/Gerda04-Large-640x886.jpeg 640w, https:\/\/centrala.org.uk\/pl\/wp-content\/uploads\/sites\/2\/2023\/10\/Gerda04-Large-220x304.jpeg 220w, https:\/\/centrala.org.uk\/pl\/wp-content\/uploads\/sites\/2\/2023\/10\/Gerda04-Large-768x1063.jpeg 768w, https:\/\/centrala.org.uk\/pl\/wp-content\/uploads\/sites\/2\/2023\/10\/Gerda04-Large-650x900.jpeg 650w, https:\/\/centrala.org.uk\/pl\/wp-content\/uploads\/sites\/2\/2023\/10\/Gerda04-Large-210x291.jpeg 210w, https:\/\/centrala.org.uk\/pl\/wp-content\/uploads\/sites\/2\/2023\/10\/Gerda04-Large-480x664.jpeg 480w, https:\/\/centrala.org.uk\/pl\/wp-content\/uploads\/sites\/2\/2023\/10\/Gerda04-Large.jpeg 925w\" sizes=\"auto, (max-width: 640px) 100vw, 640px\" \/> <img loading=\"lazy\" decoding=\"async\" class=\"alignnone size-medium wp-image-2494\" src=\"https:\/\/centrala.org.uk\/pl\/wp-content\/uploads\/sites\/2\/2023\/10\/Gerda07-Large-640x886.jpeg\" alt=\"\" width=\"640\" height=\"886\" srcset=\"https:\/\/centrala.org.uk\/pl\/wp-content\/uploads\/sites\/2\/2023\/10\/Gerda07-Large-640x886.jpeg 640w, https:\/\/centrala.org.uk\/pl\/wp-content\/uploads\/sites\/2\/2023\/10\/Gerda07-Large-220x304.jpeg 220w, https:\/\/centrala.org.uk\/pl\/wp-content\/uploads\/sites\/2\/2023\/10\/Gerda07-Large-768x1063.jpeg 768w, https:\/\/centrala.org.uk\/pl\/wp-content\/uploads\/sites\/2\/2023\/10\/Gerda07-Large-650x900.jpeg 650w, https:\/\/centrala.org.uk\/pl\/wp-content\/uploads\/sites\/2\/2023\/10\/Gerda07-Large-210x291.jpeg 210w, https:\/\/centrala.org.uk\/pl\/wp-content\/uploads\/sites\/2\/2023\/10\/Gerda07-Large-480x664.jpeg 480w, https:\/\/centrala.org.uk\/pl\/wp-content\/uploads\/sites\/2\/2023\/10\/Gerda07-Large.jpeg 925w\" sizes=\"auto, (max-width: 640px) 100vw, 640px\" \/> <img loading=\"lazy\" decoding=\"async\" class=\"alignnone size-medium wp-image-2495\" src=\"https:\/\/centrala.org.uk\/pl\/wp-content\/uploads\/sites\/2\/2023\/10\/9788366852044-Large-1-640x875.jpeg\" alt=\"\" width=\"640\" height=\"875\" srcset=\"https:\/\/centrala.org.uk\/pl\/wp-content\/uploads\/sites\/2\/2023\/10\/9788366852044-Large-1-640x875.jpeg 640w, https:\/\/centrala.org.uk\/pl\/wp-content\/uploads\/sites\/2\/2023\/10\/9788366852044-Large-1-220x301.jpeg 220w, https:\/\/centrala.org.uk\/pl\/wp-content\/uploads\/sites\/2\/2023\/10\/9788366852044-Large-1-768x1050.jpeg 768w, https:\/\/centrala.org.uk\/pl\/wp-content\/uploads\/sites\/2\/2023\/10\/9788366852044-Large-1-658x900.jpeg 658w, https:\/\/centrala.org.uk\/pl\/wp-content\/uploads\/sites\/2\/2023\/10\/9788366852044-Large-1-210x287.jpeg 210w, https:\/\/centrala.org.uk\/pl\/wp-content\/uploads\/sites\/2\/2023\/10\/9788366852044-Large-1-480x656.jpeg 480w, https:\/\/centrala.org.uk\/pl\/wp-content\/uploads\/sites\/2\/2023\/10\/9788366852044-Large-1.jpeg 936w\" sizes=\"auto, (max-width: 640px) 100vw, 640px\" \/> <img loading=\"lazy\" decoding=\"async\" class=\"alignnone size-medium wp-image-2496\" src=\"https:\/\/centrala.org.uk\/pl\/wp-content\/uploads\/sites\/2\/2023\/10\/Gerda09-Large-640x886.jpeg\" alt=\"\" width=\"640\" height=\"886\" srcset=\"https:\/\/centrala.org.uk\/pl\/wp-content\/uploads\/sites\/2\/2023\/10\/Gerda09-Large-640x886.jpeg 640w, https:\/\/centrala.org.uk\/pl\/wp-content\/uploads\/sites\/2\/2023\/10\/Gerda09-Large-220x304.jpeg 220w, https:\/\/centrala.org.uk\/pl\/wp-content\/uploads\/sites\/2\/2023\/10\/Gerda09-Large-768x1063.jpeg 768w, https:\/\/centrala.org.uk\/pl\/wp-content\/uploads\/sites\/2\/2023\/10\/Gerda09-Large-650x900.jpeg 650w, https:\/\/centrala.org.uk\/pl\/wp-content\/uploads\/sites\/2\/2023\/10\/Gerda09-Large-210x291.jpeg 210w, https:\/\/centrala.org.uk\/pl\/wp-content\/uploads\/sites\/2\/2023\/10\/Gerda09-Large-480x664.jpeg 480w, https:\/\/centrala.org.uk\/pl\/wp-content\/uploads\/sites\/2\/2023\/10\/Gerda09-Large.jpeg 925w\" sizes=\"auto, (max-width: 640px) 100vw, 640px\" \/> <img loading=\"lazy\" decoding=\"async\" class=\"alignnone size-medium wp-image-2497\" src=\"https:\/\/centrala.org.uk\/pl\/wp-content\/uploads\/sites\/2\/2023\/10\/Gerda10-Large-640x886.jpeg\" alt=\"\" width=\"640\" height=\"886\" srcset=\"https:\/\/centrala.org.uk\/pl\/wp-content\/uploads\/sites\/2\/2023\/10\/Gerda10-Large-640x886.jpeg 640w, https:\/\/centrala.org.uk\/pl\/wp-content\/uploads\/sites\/2\/2023\/10\/Gerda10-Large-220x304.jpeg 220w, https:\/\/centrala.org.uk\/pl\/wp-content\/uploads\/sites\/2\/2023\/10\/Gerda10-Large-768x1063.jpeg 768w, https:\/\/centrala.org.uk\/pl\/wp-content\/uploads\/sites\/2\/2023\/10\/Gerda10-Large-650x900.jpeg 650w, https:\/\/centrala.org.uk\/pl\/wp-content\/uploads\/sites\/2\/2023\/10\/Gerda10-Large-210x291.jpeg 210w, https:\/\/centrala.org.uk\/pl\/wp-content\/uploads\/sites\/2\/2023\/10\/Gerda10-Large-480x664.jpeg 480w, https:\/\/centrala.org.uk\/pl\/wp-content\/uploads\/sites\/2\/2023\/10\/Gerda10-Large.jpeg 925w\" sizes=\"auto, (max-width: 640px) 100vw, 640px\" \/>Gerd<\/span><span class=\"s2\">a<\/span><span class=\"s2\">, m<\/span><span class=\"s2\">\u0142<\/span><span class=\"s2\">oda bohaterka tej opowie<\/span><span class=\"s2\">\u015b<\/span><span class=\"s2\">ci, zostaje osierocona w skutek ataku potwornej bestii. Ma tylko jeden cel: upewni<\/span><span class=\"s2\">\u0107 <\/span><span class=\"s2\">si<\/span><span class=\"s2\">\u0119<\/span><span class=\"s2\">, <\/span><span class=\"s2\">\u017c<\/span><span class=\"s2\">e nikt ju<\/span><span class=\"s2\">\u017c <\/span><span class=\"s2\">wi<\/span><span class=\"s2\">\u0119<\/span><span class=\"s2\">cej nie odczuje <\/span><span class=\"s2\">takiego<\/span><span class=\"s2\"> b<\/span><span class=\"s2\">\u00f3<\/span><span class=\"s2\">lu <\/span><span class=\"s2\">jak<\/span><span class=\"s2\"> ona. Aby to zrobi<\/span><span class=\"s2\">\u0107<\/span><span class=\"s2\">, musi sta<\/span><span class=\"s2\">\u0107 <\/span><span class=\"s2\">si<\/span><span class=\"s2\">\u0119 <\/span><span class=\"s2\">wojowniczk<\/span><span class=\"s2\">\u0105<\/span><span class=\"s2\">, <\/span><span class=\"s2\">jednak ten <\/span><span class=\"s2\">status <\/span><span class=\"s2\">przys<\/span><span class=\"s2\">\u0142<\/span><span class=\"s2\">uguje<\/span><span class=\"s2\"> tylko dla m<\/span><span class=\"s2\">\u0119\u017c<\/span><span class=\"s2\">czyzn<\/span><span class=\"s2\">om. Z<\/span><span class=\"s2\">determinowana by si<\/span><span class=\"s2\">\u0119 <\/span><span class=\"s2\">wyzwoli<\/span><span class=\"s2\">\u0107<\/span><span class=\"s2\">, zakrada si<\/span><span class=\"s2\">\u0119 <\/span><span class=\"s2\">potajemnie na test inicjacyjny<\/span><span class=\"s2\">.<\/span> <span class=\"s2\">B<\/span><span class=\"s2\">\u0119<\/span><span class=\"s2\">dzie to pocz<\/span><span class=\"s2\">\u0105<\/span><span class=\"s2\">tek przygody, <\/span><span class=\"s2\">w <\/span><span class=\"s2\">kt<\/span><span class=\"s2\">\u00f3<\/span><span class=\"s2\">r<\/span><span class=\"s2\">ej<\/span> <span class=\"s2\">chodzi o<\/span><span class=\"s2\"> znacznie wi<\/span><span class=\"s2\">\u0119<\/span><span class=\"s2\">cej ni<\/span><span class=\"s2\">\u017c <\/span><span class=\"s2\">tylko ch<\/span><span class=\"s2\">\u0119\u0107 <\/span><span class=\"s2\">zemsty. G<\/span><span class=\"s2\">erda<\/span><span class=\"s2\"> nauczy si<\/span><span class=\"s2\">\u0119 <\/span><span class=\"s2\">zmienia<\/span><span class=\"s2\">\u0107 <\/span><span class=\"s2\">sw<\/span><span class=\"s2\">\u00f3<\/span><span class=\"s2\">j punkt widzenia, akceptowa<\/span><span class=\"s2\">\u0107 <\/span><span class=\"s2\">zmiany, a dzi<\/span><span class=\"s2\">\u0119<\/span><span class=\"s2\">ki pokojow<\/span><span class=\"s2\">emu nastawieniu<\/span><span class=\"s2\"> i odrzuceniu wszelkiej przemocy zrewolucjonizuje swoj<\/span><span class=\"s2\">\u0105 <\/span><span class=\"s2\">opowie<\/span><span class=\"s2\">\u015b\u0107 <\/span><span class=\"s2\">i histori<\/span><span class=\"s2\">\u0119 <\/span><span class=\"s2\">swojego ludu.<\/span><\/p>\n","protected":false},"excerpt":{"rendered":"<p>Przygodowa opowie\u015b\u0107 o gniewie i radzeniu sobie z potrzeb\u0105 zemsty.<\/p>\n","protected":false},"featured_media":2488,"comment_status":"closed","ping_status":"closed","template":"","meta":{"_acf_changed":false},"product_brand":[],"product_cat":[27,42,47,32],"product_tag":[219,301],"series":[10113],"class_list":{"0":"post-2487","1":"product","2":"type-product","3":"status-publish","4":"has-post-thumbnail","6":"product_cat-powiesc-graficzna","7":"product_cat-dla-dzieci","8":"product_cat-dla-mlodziezy","9":"product_cat-komiks","10":"product_tag-komiks-dla-dzieci","11":"product_tag-seria-milosc","12":"series-milosc","14":"first","15":"instock","16":"sale","17":"shipping-taxable","18":"purchasable","19":"product-type-simple"},"acf":[],"_links":{"self":[{"href":"https:\/\/centrala.org.uk\/pl\/wp-json\/wp\/v2\/product\/2487","targetHints":{"allow":["GET"]}}],"collection":[{"href":"https:\/\/centrala.org.uk\/pl\/wp-json\/wp\/v2\/product"}],"about":[{"href":"https:\/\/centrala.org.uk\/pl\/wp-json\/wp\/v2\/types\/product"}],"replies":[{"embeddable":true,"href":"https:\/\/centrala.org.uk\/pl\/wp-json\/wp\/v2\/comments?post=2487"}],"wp:featuredmedia":[{"embeddable":true,"href":"https:\/\/centrala.org.uk\/pl\/wp-json\/wp\/v2\/media\/2488"}],"wp:attachment":[{"href":"https:\/\/centrala.org.uk\/pl\/wp-json\/wp\/v2\/media?parent=2487"}],"wp:term":[{"taxonomy":"product_brand","embeddable":true,"href":"https:\/\/centrala.org.uk\/pl\/wp-json\/wp\/v2\/product_brand?post=2487"},{"taxonomy":"product_cat","embeddable":true,"href":"https:\/\/centrala.org.uk\/pl\/wp-json\/wp\/v2\/product_cat?post=2487"},{"taxonomy":"product_tag","embeddable":true,"href":"https:\/\/centrala.org.uk\/pl\/wp-json\/wp\/v2\/product_tag?post=2487"},{"taxonomy":"series","embeddable":true,"href":"https:\/\/centrala.org.uk\/pl\/wp-json\/wp\/v2\/series?post=2487"}],"curies":[{"name":"wp","href":"https:\/\/api.w.org\/{rel}","templated":true}]}}