{"id":2528,"date":"2024-02-07T08:20:00","date_gmt":"2024-02-07T07:20:00","guid":{"rendered":"http:\/\/centrala.org.uk\/pl\/?post_type=product&#038;p=2528"},"modified":"2024-02-07T08:55:56","modified_gmt":"2024-02-07T07:55:56","slug":"krotka-historia-barszczu-ukrainskiego","status":"publish","type":"product","link":"https:\/\/centrala.org.uk\/pl\/sklep\/krotka-historia-barszczu-ukrainskiego\/","title":{"rendered":"Kr\u00f3tka historia barszczu ukrai\u0144skiego"},"content":{"rendered":"<p class=\"s3\"><span class=\"s4\">Niewa<\/span><span class=\"s4\">\u017c<\/span><span class=\"s4\">ne, czy pijesz flat white na mleku kokosowym, czy zamawiasz sushi do domu. Je<\/span><span class=\"s4\">\u015b<\/span><span class=\"s4\">li w twoich piersiach bije ukrai<\/span><span class=\"s4\">\u0144<\/span><span class=\"s4\">skie serce, w ko<\/span><span class=\"s4\">\u0144<\/span><span class=\"s4\">cu poczujesz ten zew: potrzeb<\/span><span class=\"s4\">\u0119 <\/span><span class=\"s4\">ugotowania prawdziwego barszczu. W<\/span><span class=\"s4\">\u0142<\/span><span class=\"s4\">a<\/span><span class=\"s4\">\u015b<\/span><span class=\"s4\">nie tak sta<\/span><span class=\"s4\">\u0142<\/span><span class=\"s4\">o si<\/span><span class=\"s4\">\u0119 <\/span><span class=\"s4\">z Andrijem, zwyk<\/span><span class=\"s4\">\u0142<\/span><span class=\"s4\">ym ch<\/span><span class=\"s4\">\u0142<\/span><span class=\"s4\">o<\/span><span class=\"s4\">pakiem<\/span><span class=\"s4\">, kt<\/span><span class=\"s4\">\u00f3<\/span><span class=\"s4\">ry z godno<\/span><span class=\"s4\">\u015b<\/span><span class=\"s4\">ci<\/span><span class=\"s4\">\u0105 <\/span><span class=\"s4\">przyj<\/span><span class=\"s4\">\u0105\u0142 <\/span><span class=\"s4\">buraczane wyzwanie. <\/span><\/p>\n<p class=\"s3\"><span class=\"s4\">T<\/span><span class=\"s4\">\u0119 <\/span><span class=\"s4\">ksi<\/span><span class=\"s4\">\u0105\u017c<\/span><span class=\"s4\">k<\/span><span class=\"s4\">\u0119 <\/span><span class=\"s4\">mo<\/span><span class=\"s4\">\u017c<\/span><span class=\"s4\">na by<\/span><span class=\"s4\">\u0142<\/span><span class=\"s4\">oby nazwa<\/span><span class=\"s4\">\u0107 <\/span><span class=\"s4\">barszczow<\/span><span class=\"s4\">\u0105 <\/span><span class=\"s4\">Odysej<\/span><span class=\"s4\">\u0105<\/span><span class=\"s4\">, gdyby tylko Odyseusz podr<\/span><span class=\"s4\">\u00f3\u017c<\/span><span class=\"s4\">owa<\/span><span class=\"s4\">\u0142 <\/span><span class=\"s4\">wok<\/span><span class=\"s4\">\u00f3\u0142 <\/span><span class=\"s4\">Kijowa, a odpowiedzi na egzystencjalne pytania szuka<\/span><span class=\"s4\">\u0142 <\/span><span class=\"s4\">na bazarowych straganach z kapust<\/span><span class=\"s4\">\u0105<\/span><span class=\"s4\">. Czy Andrijowi uda si<\/span><span class=\"s4\">\u0119 <\/span><span class=\"s4\">odkry<\/span><span class=\"s4\">\u0107 <\/span><span class=\"s4\">tajemnic<\/span><span class=\"s4\">\u0119 <\/span><span class=\"s4\">prawdziwego barszczu? Sprawd<\/span><span class=\"s4\">\u017a<\/span><span class=\"s4\">cie sami. Najwa<\/span><span class=\"s4\">\u017c<\/span><span class=\"s4\">niejsze, <\/span><span class=\"s4\">\u017c<\/span><span class=\"s4\">e pr<\/span><span class=\"s4\">\u00f3<\/span><span class=\"s4\">bowa<\/span><span class=\"s4\">\u0142<\/span><span class=\"s4\">.<\/span><\/p>\n<figure id=\"attachment_2540\" aria-describedby=\"caption-attachment-2540\" style=\"width: 640px\" class=\"wp-caption alignnone\"><img loading=\"lazy\" decoding=\"async\" class=\"size-medium wp-image-2540\" src=\"https:\/\/centrala.org.uk\/pl\/wp-content\/uploads\/sites\/2\/2024\/02\/Barszcz00-Large-640x975.jpeg\" alt=\"\" width=\"640\" height=\"975\" srcset=\"https:\/\/centrala.org.uk\/pl\/wp-content\/uploads\/sites\/2\/2024\/02\/Barszcz00-Large-640x975.jpeg 640w, https:\/\/centrala.org.uk\/pl\/wp-content\/uploads\/sites\/2\/2024\/02\/Barszcz00-Large-220x335.jpeg 220w, https:\/\/centrala.org.uk\/pl\/wp-content\/uploads\/sites\/2\/2024\/02\/Barszcz00-Large-768x1170.jpeg 768w, https:\/\/centrala.org.uk\/pl\/wp-content\/uploads\/sites\/2\/2024\/02\/Barszcz00-Large-591x900.jpeg 591w, https:\/\/centrala.org.uk\/pl\/wp-content\/uploads\/sites\/2\/2024\/02\/Barszcz00-Large-210x320.jpeg 210w, https:\/\/centrala.org.uk\/pl\/wp-content\/uploads\/sites\/2\/2024\/02\/Barszcz00-Large-480x731.jpeg 480w, https:\/\/centrala.org.uk\/pl\/wp-content\/uploads\/sites\/2\/2024\/02\/Barszcz00-Large.jpeg 840w\" sizes=\"auto, (max-width: 640px) 100vw, 640px\" \/><figcaption id=\"caption-attachment-2540\" class=\"wp-caption-text\">Kr\u00f3tka historia barszczu ukrai\u0144skiego<\/figcaption><\/figure>\n<p><img loading=\"lazy\" decoding=\"async\" class=\"alignnone size-medium wp-image-2534\" src=\"https:\/\/centrala.org.uk\/pl\/wp-content\/uploads\/sites\/2\/2024\/02\/Barszcz01-Large-640x896.jpeg\" alt=\"\" width=\"640\" height=\"896\" srcset=\"https:\/\/centrala.org.uk\/pl\/wp-content\/uploads\/sites\/2\/2024\/02\/Barszcz01-Large-640x896.jpeg 640w, https:\/\/centrala.org.uk\/pl\/wp-content\/uploads\/sites\/2\/2024\/02\/Barszcz01-Large-220x308.jpeg 220w, https:\/\/centrala.org.uk\/pl\/wp-content\/uploads\/sites\/2\/2024\/02\/Barszcz01-Large-768x1076.jpeg 768w, https:\/\/centrala.org.uk\/pl\/wp-content\/uploads\/sites\/2\/2024\/02\/Barszcz01-Large-643x900.jpeg 643w, https:\/\/centrala.org.uk\/pl\/wp-content\/uploads\/sites\/2\/2024\/02\/Barszcz01-Large-210x294.jpeg 210w, https:\/\/centrala.org.uk\/pl\/wp-content\/uploads\/sites\/2\/2024\/02\/Barszcz01-Large-480x672.jpeg 480w, https:\/\/centrala.org.uk\/pl\/wp-content\/uploads\/sites\/2\/2024\/02\/Barszcz01-Large.jpeg 914w\" sizes=\"auto, (max-width: 640px) 100vw, 640px\" \/><\/p>\n<p><img loading=\"lazy\" decoding=\"async\" class=\"alignnone size-medium wp-image-2530\" src=\"https:\/\/centrala.org.uk\/pl\/wp-content\/uploads\/sites\/2\/2024\/02\/Barszcz02-Large-640x896.jpeg\" alt=\"\" width=\"640\" height=\"896\" srcset=\"https:\/\/centrala.org.uk\/pl\/wp-content\/uploads\/sites\/2\/2024\/02\/Barszcz02-Large-640x896.jpeg 640w, https:\/\/centrala.org.uk\/pl\/wp-content\/uploads\/sites\/2\/2024\/02\/Barszcz02-Large-220x308.jpeg 220w, https:\/\/centrala.org.uk\/pl\/wp-content\/uploads\/sites\/2\/2024\/02\/Barszcz02-Large-768x1076.jpeg 768w, https:\/\/centrala.org.uk\/pl\/wp-content\/uploads\/sites\/2\/2024\/02\/Barszcz02-Large-643x900.jpeg 643w, https:\/\/centrala.org.uk\/pl\/wp-content\/uploads\/sites\/2\/2024\/02\/Barszcz02-Large-210x294.jpeg 210w, https:\/\/centrala.org.uk\/pl\/wp-content\/uploads\/sites\/2\/2024\/02\/Barszcz02-Large-480x672.jpeg 480w, https:\/\/centrala.org.uk\/pl\/wp-content\/uploads\/sites\/2\/2024\/02\/Barszcz02-Large.jpeg 914w\" sizes=\"auto, (max-width: 640px) 100vw, 640px\" \/><\/p>\n<p><img loading=\"lazy\" decoding=\"async\" class=\"alignnone size-medium wp-image-2533\" src=\"https:\/\/centrala.org.uk\/pl\/wp-content\/uploads\/sites\/2\/2024\/02\/Barszcz04-Large-640x896.jpeg\" alt=\"\" width=\"640\" height=\"896\" srcset=\"https:\/\/centrala.org.uk\/pl\/wp-content\/uploads\/sites\/2\/2024\/02\/Barszcz04-Large-640x896.jpeg 640w, https:\/\/centrala.org.uk\/pl\/wp-content\/uploads\/sites\/2\/2024\/02\/Barszcz04-Large-220x308.jpeg 220w, https:\/\/centrala.org.uk\/pl\/wp-content\/uploads\/sites\/2\/2024\/02\/Barszcz04-Large-768x1076.jpeg 768w, https:\/\/centrala.org.uk\/pl\/wp-content\/uploads\/sites\/2\/2024\/02\/Barszcz04-Large-643x900.jpeg 643w, https:\/\/centrala.org.uk\/pl\/wp-content\/uploads\/sites\/2\/2024\/02\/Barszcz04-Large-210x294.jpeg 210w, https:\/\/centrala.org.uk\/pl\/wp-content\/uploads\/sites\/2\/2024\/02\/Barszcz04-Large-480x672.jpeg 480w, https:\/\/centrala.org.uk\/pl\/wp-content\/uploads\/sites\/2\/2024\/02\/Barszcz04-Large.jpeg 914w\" sizes=\"auto, (max-width: 640px) 100vw, 640px\" \/><\/p>\n<p><img loading=\"lazy\" decoding=\"async\" class=\"alignnone size-medium wp-image-2538\" src=\"https:\/\/centrala.org.uk\/pl\/wp-content\/uploads\/sites\/2\/2024\/02\/Barszcz05-Large-640x896.jpeg\" alt=\"\" width=\"640\" height=\"896\" srcset=\"https:\/\/centrala.org.uk\/pl\/wp-content\/uploads\/sites\/2\/2024\/02\/Barszcz05-Large-640x896.jpeg 640w, https:\/\/centrala.org.uk\/pl\/wp-content\/uploads\/sites\/2\/2024\/02\/Barszcz05-Large-220x308.jpeg 220w, https:\/\/centrala.org.uk\/pl\/wp-content\/uploads\/sites\/2\/2024\/02\/Barszcz05-Large-768x1076.jpeg 768w, https:\/\/centrala.org.uk\/pl\/wp-content\/uploads\/sites\/2\/2024\/02\/Barszcz05-Large-643x900.jpeg 643w, https:\/\/centrala.org.uk\/pl\/wp-content\/uploads\/sites\/2\/2024\/02\/Barszcz05-Large-210x294.jpeg 210w, https:\/\/centrala.org.uk\/pl\/wp-content\/uploads\/sites\/2\/2024\/02\/Barszcz05-Large-480x672.jpeg 480w, https:\/\/centrala.org.uk\/pl\/wp-content\/uploads\/sites\/2\/2024\/02\/Barszcz05-Large.jpeg 914w\" sizes=\"auto, (max-width: 640px) 100vw, 640px\" \/><\/p>\n<p><img loading=\"lazy\" decoding=\"async\" class=\"alignnone size-medium wp-image-2541\" src=\"https:\/\/centrala.org.uk\/pl\/wp-content\/uploads\/sites\/2\/2024\/02\/Barszcz11-Large-640x896.jpeg\" alt=\"\" width=\"640\" height=\"896\" srcset=\"https:\/\/centrala.org.uk\/pl\/wp-content\/uploads\/sites\/2\/2024\/02\/Barszcz11-Large-640x896.jpeg 640w, https:\/\/centrala.org.uk\/pl\/wp-content\/uploads\/sites\/2\/2024\/02\/Barszcz11-Large-220x308.jpeg 220w, https:\/\/centrala.org.uk\/pl\/wp-content\/uploads\/sites\/2\/2024\/02\/Barszcz11-Large-768x1076.jpeg 768w, https:\/\/centrala.org.uk\/pl\/wp-content\/uploads\/sites\/2\/2024\/02\/Barszcz11-Large-643x900.jpeg 643w, https:\/\/centrala.org.uk\/pl\/wp-content\/uploads\/sites\/2\/2024\/02\/Barszcz11-Large-210x294.jpeg 210w, https:\/\/centrala.org.uk\/pl\/wp-content\/uploads\/sites\/2\/2024\/02\/Barszcz11-Large-480x672.jpeg 480w, https:\/\/centrala.org.uk\/pl\/wp-content\/uploads\/sites\/2\/2024\/02\/Barszcz11-Large.jpeg 914w\" sizes=\"auto, (max-width: 640px) 100vw, 640px\" \/><\/p>\n<p><img loading=\"lazy\" decoding=\"async\" class=\"alignnone size-medium wp-image-2542\" src=\"https:\/\/centrala.org.uk\/pl\/wp-content\/uploads\/sites\/2\/2024\/02\/Barszcz13-Large-640x896.jpeg\" alt=\"\" width=\"640\" height=\"896\" srcset=\"https:\/\/centrala.org.uk\/pl\/wp-content\/uploads\/sites\/2\/2024\/02\/Barszcz13-Large-640x896.jpeg 640w, https:\/\/centrala.org.uk\/pl\/wp-content\/uploads\/sites\/2\/2024\/02\/Barszcz13-Large-220x308.jpeg 220w, https:\/\/centrala.org.uk\/pl\/wp-content\/uploads\/sites\/2\/2024\/02\/Barszcz13-Large-768x1076.jpeg 768w, https:\/\/centrala.org.uk\/pl\/wp-content\/uploads\/sites\/2\/2024\/02\/Barszcz13-Large-643x900.jpeg 643w, https:\/\/centrala.org.uk\/pl\/wp-content\/uploads\/sites\/2\/2024\/02\/Barszcz13-Large-210x294.jpeg 210w, https:\/\/centrala.org.uk\/pl\/wp-content\/uploads\/sites\/2\/2024\/02\/Barszcz13-Large-480x672.jpeg 480w, https:\/\/centrala.org.uk\/pl\/wp-content\/uploads\/sites\/2\/2024\/02\/Barszcz13-Large.jpeg 914w\" sizes=\"auto, (max-width: 640px) 100vw, 640px\" \/><\/p>\n","protected":false},"excerpt":{"rendered":"<p>Dla mnie barszcz jest ukrai\u0144skim lego. Ka\u017cdy komponuje go tak, jak mu pasuje i wrzeszczy na ca\u0142y g\u0142os, gdy w ciemno\u015bci stanie bos\u0105 stop\u0105 na porozrzucan\u0105 w zupie fasol\u0119.<\/p>\n","protected":false},"featured_media":2540,"comment_status":"closed","ping_status":"closed","template":"","meta":{"_acf_changed":false},"product_brand":[],"product_cat":[27,32],"product_tag":[290,9935,10081],"series":[10112],"class_list":{"0":"post-2528","1":"product","2":"type-product","3":"status-publish","4":"has-post-thumbnail","6":"product_cat-powiesc-graficzna","7":"product_cat-komiks","8":"product_tag-komiks-2","9":"product_tag-obyczajowe","10":"product_tag-ukraina","11":"series-zycie","13":"first","14":"instock","15":"sale","16":"shipping-taxable","17":"purchasable","18":"product-type-simple"},"acf":[],"_links":{"self":[{"href":"https:\/\/centrala.org.uk\/pl\/wp-json\/wp\/v2\/product\/2528","targetHints":{"allow":["GET"]}}],"collection":[{"href":"https:\/\/centrala.org.uk\/pl\/wp-json\/wp\/v2\/product"}],"about":[{"href":"https:\/\/centrala.org.uk\/pl\/wp-json\/wp\/v2\/types\/product"}],"replies":[{"embeddable":true,"href":"https:\/\/centrala.org.uk\/pl\/wp-json\/wp\/v2\/comments?post=2528"}],"wp:featuredmedia":[{"embeddable":true,"href":"https:\/\/centrala.org.uk\/pl\/wp-json\/wp\/v2\/media\/2540"}],"wp:attachment":[{"href":"https:\/\/centrala.org.uk\/pl\/wp-json\/wp\/v2\/media?parent=2528"}],"wp:term":[{"taxonomy":"product_brand","embeddable":true,"href":"https:\/\/centrala.org.uk\/pl\/wp-json\/wp\/v2\/product_brand?post=2528"},{"taxonomy":"product_cat","embeddable":true,"href":"https:\/\/centrala.org.uk\/pl\/wp-json\/wp\/v2\/product_cat?post=2528"},{"taxonomy":"product_tag","embeddable":true,"href":"https:\/\/centrala.org.uk\/pl\/wp-json\/wp\/v2\/product_tag?post=2528"},{"taxonomy":"series","embeddable":true,"href":"https:\/\/centrala.org.uk\/pl\/wp-json\/wp\/v2\/series?post=2528"}],"curies":[{"name":"wp","href":"https:\/\/api.w.org\/{rel}","templated":true}]}}