{"id":257,"date":"2014-01-04T17:23:52","date_gmt":"2014-01-04T16:23:52","guid":{"rendered":"http:\/\/centrala.org.uk\/pl\/?post_type=product&#038;p=257"},"modified":"2025-01-02T09:58:00","modified_gmt":"2025-01-02T08:58:00","slug":"za-imperium-tom-2-kobiety","status":"publish","type":"product","link":"https:\/\/centrala.org.uk\/pl\/sklep\/za-imperium-tom-2-kobiety\/","title":{"rendered":"Za Imperium: Kobiety"},"content":{"rendered":"<p>Te samice nie s\u0105 podobne do \u017cadnej znanej mi kobiety.<br \/>\nS\u0105 zupe\u0142nie inaczej wychowane.<br \/>\nJakikolwiek przyjacielski kontakt z nimi jest niemo\u017cliwy.<br \/>\nIch bro\u0144 i sieci s\u0105 bardzo dobrej jako\u015bci. Maj\u0105 talent.<br \/>\nSw\u00f3j brak si\u0142y rekompensuj\u0105 du\u017c\u0105 zr\u0119czno\u015bci\u0105. Ta &#8222;wada&#8221; \u015bwiadczy o ich inteligencji.<\/p>\n<p>Imperium jest u szczytu swojej pot\u0119gi. \u017badna armia \u015bwiata nie jest w stanie przeciwstawi\u0107 si\u0119 niepokonanym legionom. W tym czasie kapitan Glorim Cortis otrzymuje rozkaz od Cesarza, aby uda\u0107 si\u0119 ze swoim elitarnym oddzia\u0142em na niezwyk\u0142\u0105 misj\u0119, kt\u00f3ra ma zapocz\u0105tkowa\u0107 now\u0105 epok\u0119: poszukiwanie nieodkrytych terytori\u00f3w poza granicami Imperium.<\/p>\n<p>Je\u015bli dotychczas Bastien Viv\u00e8s prezentowa\u0142 sw\u00f3j ilustratorski i narracyjny talent raczej w kr\u00f3tkich historiach, to tym razem udowodni\u0142, w licz\u0105cej 3 tomy, wsp\u00f3\u0142pracy z Merwanem, \u017ce posiada spektakularny warsztat.<\/p>\n<p>Bastien Viv\u00e8s \u017cyje i pracuje w Pary\u017cu.<\/p>\n<p>Merwan rozpocz\u0105\u0142 karier\u0119 jako projektant gier wideo i rysownik storyboard\u00f3w. Nast\u0119pnie od 2002 produkowa\u0142 filmy animowane, m.in. film \u201eClich\u00e9s de soir\u00e9e\u201d. Jako rysownik komiks\u00f3w zyska\u0142 uznanie dzi\u0119ki ksi\u0105\u017cce \u201eL&#8217;or et le sang\u201d.<\/p>\n<div id='gallery-1' class='gallery galleryid-257 gallery-columns-1 gallery-size-large'><figure class='gallery-item'>\n\t\t\t<div class='gallery-icon portrait'>\n\t\t\t\t<a href='https:\/\/centrala.org.uk\/pl\/za-imperium-t-2-kobiety\/54e4d530763e64a06c12ba79422b1e23\/'><img loading=\"lazy\" decoding=\"async\" width=\"728\" height=\"960\" src=\"https:\/\/centrala.org.uk\/pl\/wp-content\/uploads\/sites\/2\/2014\/04\/54e4d530763e64a06c12ba79422b1e23.jpg\" class=\"attachment-large size-large\" alt=\"\" srcset=\"https:\/\/centrala.org.uk\/pl\/wp-content\/uploads\/sites\/2\/2014\/04\/54e4d530763e64a06c12ba79422b1e23.jpg 728w, https:\/\/centrala.org.uk\/pl\/wp-content\/uploads\/sites\/2\/2014\/04\/54e4d530763e64a06c12ba79422b1e23-220x290.jpg 220w, https:\/\/centrala.org.uk\/pl\/wp-content\/uploads\/sites\/2\/2014\/04\/54e4d530763e64a06c12ba79422b1e23-640x843.jpg 640w, https:\/\/centrala.org.uk\/pl\/wp-content\/uploads\/sites\/2\/2014\/04\/54e4d530763e64a06c12ba79422b1e23-682x900.jpg 682w, https:\/\/centrala.org.uk\/pl\/wp-content\/uploads\/sites\/2\/2014\/04\/54e4d530763e64a06c12ba79422b1e23-210x276.jpg 210w, https:\/\/centrala.org.uk\/pl\/wp-content\/uploads\/sites\/2\/2014\/04\/54e4d530763e64a06c12ba79422b1e23-480x632.jpg 480w\" sizes=\"auto, (max-width: 728px) 100vw, 728px\" \/><\/a>\n\t\t\t<\/div><\/figure><figure class='gallery-item'>\n\t\t\t<div class='gallery-icon portrait'>\n\t\t\t\t<a href='https:\/\/centrala.org.uk\/pl\/za-imperium-t-2-kobiety\/62eabdc5dbc296c5ca13c53172dec178\/'><img loading=\"lazy\" decoding=\"async\" width=\"728\" height=\"960\" src=\"https:\/\/centrala.org.uk\/pl\/wp-content\/uploads\/sites\/2\/2014\/04\/62eabdc5dbc296c5ca13c53172dec178.jpg\" class=\"attachment-large size-large\" alt=\"\" srcset=\"https:\/\/centrala.org.uk\/pl\/wp-content\/uploads\/sites\/2\/2014\/04\/62eabdc5dbc296c5ca13c53172dec178.jpg 728w, https:\/\/centrala.org.uk\/pl\/wp-content\/uploads\/sites\/2\/2014\/04\/62eabdc5dbc296c5ca13c53172dec178-220x290.jpg 220w, https:\/\/centrala.org.uk\/pl\/wp-content\/uploads\/sites\/2\/2014\/04\/62eabdc5dbc296c5ca13c53172dec178-640x843.jpg 640w, https:\/\/centrala.org.uk\/pl\/wp-content\/uploads\/sites\/2\/2014\/04\/62eabdc5dbc296c5ca13c53172dec178-682x900.jpg 682w, https:\/\/centrala.org.uk\/pl\/wp-content\/uploads\/sites\/2\/2014\/04\/62eabdc5dbc296c5ca13c53172dec178-210x276.jpg 210w, https:\/\/centrala.org.uk\/pl\/wp-content\/uploads\/sites\/2\/2014\/04\/62eabdc5dbc296c5ca13c53172dec178-480x632.jpg 480w\" sizes=\"auto, (max-width: 728px) 100vw, 728px\" \/><\/a>\n\t\t\t<\/div><\/figure><figure class='gallery-item'>\n\t\t\t<div class='gallery-icon portrait'>\n\t\t\t\t<a href='https:\/\/centrala.org.uk\/pl\/za-imperium-t-2-kobiety\/69d6d4f7f8ac6b91a57f04e68456c022\/'><img loading=\"lazy\" decoding=\"async\" width=\"728\" height=\"960\" src=\"https:\/\/centrala.org.uk\/pl\/wp-content\/uploads\/sites\/2\/2014\/04\/69d6d4f7f8ac6b91a57f04e68456c022.jpg\" class=\"attachment-large size-large\" alt=\"\" srcset=\"https:\/\/centrala.org.uk\/pl\/wp-content\/uploads\/sites\/2\/2014\/04\/69d6d4f7f8ac6b91a57f04e68456c022.jpg 728w, https:\/\/centrala.org.uk\/pl\/wp-content\/uploads\/sites\/2\/2014\/04\/69d6d4f7f8ac6b91a57f04e68456c022-220x290.jpg 220w, https:\/\/centrala.org.uk\/pl\/wp-content\/uploads\/sites\/2\/2014\/04\/69d6d4f7f8ac6b91a57f04e68456c022-640x843.jpg 640w, https:\/\/centrala.org.uk\/pl\/wp-content\/uploads\/sites\/2\/2014\/04\/69d6d4f7f8ac6b91a57f04e68456c022-682x900.jpg 682w, https:\/\/centrala.org.uk\/pl\/wp-content\/uploads\/sites\/2\/2014\/04\/69d6d4f7f8ac6b91a57f04e68456c022-210x276.jpg 210w, https:\/\/centrala.org.uk\/pl\/wp-content\/uploads\/sites\/2\/2014\/04\/69d6d4f7f8ac6b91a57f04e68456c022-480x632.jpg 480w\" sizes=\"auto, (max-width: 728px) 100vw, 728px\" \/><\/a>\n\t\t\t<\/div><\/figure><figure class='gallery-item'>\n\t\t\t<div class='gallery-icon portrait'>\n\t\t\t\t<a href='https:\/\/centrala.org.uk\/pl\/za-imperium-t-2-kobiety\/72a244f478c2f6a9eef1a681b83d13cc\/'><img loading=\"lazy\" decoding=\"async\" width=\"728\" height=\"960\" src=\"https:\/\/centrala.org.uk\/pl\/wp-content\/uploads\/sites\/2\/2014\/04\/72a244f478c2f6a9eef1a681b83d13cc.jpg\" class=\"attachment-large size-large\" alt=\"\" srcset=\"https:\/\/centrala.org.uk\/pl\/wp-content\/uploads\/sites\/2\/2014\/04\/72a244f478c2f6a9eef1a681b83d13cc.jpg 728w, https:\/\/centrala.org.uk\/pl\/wp-content\/uploads\/sites\/2\/2014\/04\/72a244f478c2f6a9eef1a681b83d13cc-220x290.jpg 220w, https:\/\/centrala.org.uk\/pl\/wp-content\/uploads\/sites\/2\/2014\/04\/72a244f478c2f6a9eef1a681b83d13cc-640x843.jpg 640w, https:\/\/centrala.org.uk\/pl\/wp-content\/uploads\/sites\/2\/2014\/04\/72a244f478c2f6a9eef1a681b83d13cc-682x900.jpg 682w, https:\/\/centrala.org.uk\/pl\/wp-content\/uploads\/sites\/2\/2014\/04\/72a244f478c2f6a9eef1a681b83d13cc-210x276.jpg 210w, https:\/\/centrala.org.uk\/pl\/wp-content\/uploads\/sites\/2\/2014\/04\/72a244f478c2f6a9eef1a681b83d13cc-480x632.jpg 480w\" sizes=\"auto, (max-width: 728px) 100vw, 728px\" \/><\/a>\n\t\t\t<\/div><\/figure><figure class='gallery-item'>\n\t\t\t<div class='gallery-icon portrait'>\n\t\t\t\t<a href='https:\/\/centrala.org.uk\/pl\/za-imperium-t-2-kobiety\/87a9c3071a2f6b9a6c21ee2614e85168\/'><img loading=\"lazy\" decoding=\"async\" width=\"728\" height=\"960\" src=\"https:\/\/centrala.org.uk\/pl\/wp-content\/uploads\/sites\/2\/2014\/04\/87a9c3071a2f6b9a6c21ee2614e85168.jpg\" class=\"attachment-large size-large\" alt=\"\" srcset=\"https:\/\/centrala.org.uk\/pl\/wp-content\/uploads\/sites\/2\/2014\/04\/87a9c3071a2f6b9a6c21ee2614e85168.jpg 728w, https:\/\/centrala.org.uk\/pl\/wp-content\/uploads\/sites\/2\/2014\/04\/87a9c3071a2f6b9a6c21ee2614e85168-220x290.jpg 220w, https:\/\/centrala.org.uk\/pl\/wp-content\/uploads\/sites\/2\/2014\/04\/87a9c3071a2f6b9a6c21ee2614e85168-640x843.jpg 640w, https:\/\/centrala.org.uk\/pl\/wp-content\/uploads\/sites\/2\/2014\/04\/87a9c3071a2f6b9a6c21ee2614e85168-682x900.jpg 682w, https:\/\/centrala.org.uk\/pl\/wp-content\/uploads\/sites\/2\/2014\/04\/87a9c3071a2f6b9a6c21ee2614e85168-210x276.jpg 210w, https:\/\/centrala.org.uk\/pl\/wp-content\/uploads\/sites\/2\/2014\/04\/87a9c3071a2f6b9a6c21ee2614e85168-480x632.jpg 480w\" sizes=\"auto, (max-width: 728px) 100vw, 728px\" \/><\/a>\n\t\t\t<\/div><\/figure><figure class='gallery-item'>\n\t\t\t<div class='gallery-icon portrait'>\n\t\t\t\t<a href='https:\/\/centrala.org.uk\/pl\/za-imperium-t-2-kobiety\/aade9795f2e48c147b1b98f06c78a6ed\/'><img loading=\"lazy\" decoding=\"async\" width=\"728\" height=\"960\" src=\"https:\/\/centrala.org.uk\/pl\/wp-content\/uploads\/sites\/2\/2014\/04\/aade9795f2e48c147b1b98f06c78a6ed.jpg\" class=\"attachment-large size-large\" alt=\"\" srcset=\"https:\/\/centrala.org.uk\/pl\/wp-content\/uploads\/sites\/2\/2014\/04\/aade9795f2e48c147b1b98f06c78a6ed.jpg 728w, https:\/\/centrala.org.uk\/pl\/wp-content\/uploads\/sites\/2\/2014\/04\/aade9795f2e48c147b1b98f06c78a6ed-220x290.jpg 220w, https:\/\/centrala.org.uk\/pl\/wp-content\/uploads\/sites\/2\/2014\/04\/aade9795f2e48c147b1b98f06c78a6ed-640x843.jpg 640w, https:\/\/centrala.org.uk\/pl\/wp-content\/uploads\/sites\/2\/2014\/04\/aade9795f2e48c147b1b98f06c78a6ed-682x900.jpg 682w, https:\/\/centrala.org.uk\/pl\/wp-content\/uploads\/sites\/2\/2014\/04\/aade9795f2e48c147b1b98f06c78a6ed-210x276.jpg 210w, https:\/\/centrala.org.uk\/pl\/wp-content\/uploads\/sites\/2\/2014\/04\/aade9795f2e48c147b1b98f06c78a6ed-480x632.jpg 480w\" sizes=\"auto, (max-width: 728px) 100vw, 728px\" \/><\/a>\n\t\t\t<\/div><\/figure><figure class='gallery-item'>\n\t\t\t<div class='gallery-icon portrait'>\n\t\t\t\t<a href='https:\/\/centrala.org.uk\/pl\/za-imperium-t-2-kobiety\/cc7d8854f3cfb0def9d34e005485da34\/'><img loading=\"lazy\" decoding=\"async\" width=\"728\" height=\"960\" src=\"https:\/\/centrala.org.uk\/pl\/wp-content\/uploads\/sites\/2\/2014\/04\/cc7d8854f3cfb0def9d34e005485da34.jpg\" class=\"attachment-large size-large\" alt=\"\" srcset=\"https:\/\/centrala.org.uk\/pl\/wp-content\/uploads\/sites\/2\/2014\/04\/cc7d8854f3cfb0def9d34e005485da34.jpg 728w, https:\/\/centrala.org.uk\/pl\/wp-content\/uploads\/sites\/2\/2014\/04\/cc7d8854f3cfb0def9d34e005485da34-220x290.jpg 220w, https:\/\/centrala.org.uk\/pl\/wp-content\/uploads\/sites\/2\/2014\/04\/cc7d8854f3cfb0def9d34e005485da34-640x843.jpg 640w, https:\/\/centrala.org.uk\/pl\/wp-content\/uploads\/sites\/2\/2014\/04\/cc7d8854f3cfb0def9d34e005485da34-682x900.jpg 682w, https:\/\/centrala.org.uk\/pl\/wp-content\/uploads\/sites\/2\/2014\/04\/cc7d8854f3cfb0def9d34e005485da34-210x276.jpg 210w, https:\/\/centrala.org.uk\/pl\/wp-content\/uploads\/sites\/2\/2014\/04\/cc7d8854f3cfb0def9d34e005485da34-480x632.jpg 480w\" sizes=\"auto, (max-width: 728px) 100vw, 728px\" \/><\/a>\n\t\t\t<\/div><\/figure>\n\t\t<\/div>\n\n","protected":false},"excerpt":{"rendered":"<p>One pragn\u0105 nas pokona\u0107, tak bardzo, \u017ce s\u0105 gro\u017aniejsze ni\u017c tysi\u0105c uzbrojonych po z\u0119by m\u0119\u017cczyzn!<\/p>\n","protected":false},"featured_media":260,"comment_status":"closed","ping_status":"closed","template":"","meta":{"_acf_changed":false},"product_brand":[],"product_cat":[32],"product_tag":[21,36,40,34,20,22],"series":[10112],"class_list":{"0":"post-257","1":"product","2":"type-product","3":"status-publish","4":"has-post-thumbnail","6":"product_cat-komiks","7":"product_tag-bastien-vives","8":"product_tag-fantasy","9":"product_tag-francuskie","10":"product_tag-kolor","11":"product_tag-merwan-chabane","12":"product_tag-za-imperium","13":"series-zycie","15":"first","16":"instock","17":"shipping-taxable","18":"purchasable","19":"product-type-simple"},"acf":[],"_links":{"self":[{"href":"https:\/\/centrala.org.uk\/pl\/wp-json\/wp\/v2\/product\/257","targetHints":{"allow":["GET"]}}],"collection":[{"href":"https:\/\/centrala.org.uk\/pl\/wp-json\/wp\/v2\/product"}],"about":[{"href":"https:\/\/centrala.org.uk\/pl\/wp-json\/wp\/v2\/types\/product"}],"replies":[{"embeddable":true,"href":"https:\/\/centrala.org.uk\/pl\/wp-json\/wp\/v2\/comments?post=257"}],"wp:featuredmedia":[{"embeddable":true,"href":"https:\/\/centrala.org.uk\/pl\/wp-json\/wp\/v2\/media\/260"}],"wp:attachment":[{"href":"https:\/\/centrala.org.uk\/pl\/wp-json\/wp\/v2\/media?parent=257"}],"wp:term":[{"taxonomy":"product_brand","embeddable":true,"href":"https:\/\/centrala.org.uk\/pl\/wp-json\/wp\/v2\/product_brand?post=257"},{"taxonomy":"product_cat","embeddable":true,"href":"https:\/\/centrala.org.uk\/pl\/wp-json\/wp\/v2\/product_cat?post=257"},{"taxonomy":"product_tag","embeddable":true,"href":"https:\/\/centrala.org.uk\/pl\/wp-json\/wp\/v2\/product_tag?post=257"},{"taxonomy":"series","embeddable":true,"href":"https:\/\/centrala.org.uk\/pl\/wp-json\/wp\/v2\/series?post=257"}],"curies":[{"name":"wp","href":"https:\/\/api.w.org\/{rel}","templated":true}]}}