{"id":259,"date":"2014-05-04T18:02:06","date_gmt":"2014-05-04T16:02:06","guid":{"rendered":"http:\/\/centrala.org.uk\/pl\/?post_type=product&#038;p=259"},"modified":"2014-09-17T11:17:58","modified_gmt":"2014-09-17T09:17:58","slug":"za-imperium-tom-3-fortuna","status":"publish","type":"product","link":"https:\/\/centrala.org.uk\/pl\/sklep\/za-imperium-tom-3-fortuna\/","title":{"rendered":"Za imperium: Fortuna"},"content":{"rendered":"<p>Je\u015bli dotychczas Bastien Viv\u00e8s prezentowa\u0142 sw\u00f3j ilustratorski i narracyjny talent raczej w kr\u00f3tkich historiach, to tym razem udowodni\u0142, w licz\u0105cej 3 tomy, wsp\u00f3\u0142pracy z Merwanem, \u017ce posiada spektakularny warsztat.<\/p>\n<p>Bastien Viv\u00e8s \u017cyje i pracuje w Pary\u017cu.<br \/>\nMerwan rozpocz\u0105\u0142 karier\u0119 jako projektant gier wideo i rysownik storyboard\u00f3w. Nast\u0119pnie od 2002 produkowa\u0142 filmy animowane, m.in. film <em>Clich\u00e9s de soir\u00e9e<\/em>. Jako rysownik komiks\u00f3w zyska\u0142 uznanie dzi\u0119ki ksi\u0105\u017cce <em>L&#8217;or et le sang<\/em>.<\/p>\n<div id='gallery-1' class='gallery galleryid-259 gallery-columns-3 gallery-size-thumbnail'><figure class='gallery-item'>\n\t\t\t<div class='gallery-icon portrait'>\n\t\t\t\t<a href='https:\/\/centrala.org.uk\/pl\/?attachment_id=263'><img loading=\"lazy\" decoding=\"async\" width=\"220\" height=\"290\" src=\"https:\/\/centrala.org.uk\/pl\/wp-content\/uploads\/sites\/2\/2014\/06\/za_imerium3_net-page2-220x290.jpg\" class=\"attachment-thumbnail size-thumbnail\" alt=\"\" srcset=\"https:\/\/centrala.org.uk\/pl\/wp-content\/uploads\/sites\/2\/2014\/06\/za_imerium3_net-page2-220x290.jpg 220w, https:\/\/centrala.org.uk\/pl\/wp-content\/uploads\/sites\/2\/2014\/06\/za_imerium3_net-page2-640x844.jpg 640w, https:\/\/centrala.org.uk\/pl\/wp-content\/uploads\/sites\/2\/2014\/06\/za_imerium3_net-page2-681x900.jpg 681w, https:\/\/centrala.org.uk\/pl\/wp-content\/uploads\/sites\/2\/2014\/06\/za_imerium3_net-page2-210x277.jpg 210w, https:\/\/centrala.org.uk\/pl\/wp-content\/uploads\/sites\/2\/2014\/06\/za_imerium3_net-page2-480x633.jpg 480w, https:\/\/centrala.org.uk\/pl\/wp-content\/uploads\/sites\/2\/2014\/06\/za_imerium3_net-page2.jpg 1298w\" sizes=\"auto, (max-width: 220px) 100vw, 220px\" \/><\/a>\n\t\t\t<\/div><\/figure><figure class='gallery-item'>\n\t\t\t<div class='gallery-icon portrait'>\n\t\t\t\t<a href='https:\/\/centrala.org.uk\/pl\/?attachment_id=264'><img loading=\"lazy\" decoding=\"async\" width=\"220\" height=\"290\" src=\"https:\/\/centrala.org.uk\/pl\/wp-content\/uploads\/sites\/2\/2014\/06\/za_imerium3_net-page3-220x290.jpg\" class=\"attachment-thumbnail size-thumbnail\" alt=\"\" srcset=\"https:\/\/centrala.org.uk\/pl\/wp-content\/uploads\/sites\/2\/2014\/06\/za_imerium3_net-page3-220x290.jpg 220w, https:\/\/centrala.org.uk\/pl\/wp-content\/uploads\/sites\/2\/2014\/06\/za_imerium3_net-page3-640x844.jpg 640w, https:\/\/centrala.org.uk\/pl\/wp-content\/uploads\/sites\/2\/2014\/06\/za_imerium3_net-page3-681x900.jpg 681w, https:\/\/centrala.org.uk\/pl\/wp-content\/uploads\/sites\/2\/2014\/06\/za_imerium3_net-page3-210x277.jpg 210w, https:\/\/centrala.org.uk\/pl\/wp-content\/uploads\/sites\/2\/2014\/06\/za_imerium3_net-page3-480x633.jpg 480w, https:\/\/centrala.org.uk\/pl\/wp-content\/uploads\/sites\/2\/2014\/06\/za_imerium3_net-page3.jpg 1298w\" sizes=\"auto, (max-width: 220px) 100vw, 220px\" \/><\/a>\n\t\t\t<\/div><\/figure><figure class='gallery-item'>\n\t\t\t<div class='gallery-icon portrait'>\n\t\t\t\t<a href='https:\/\/centrala.org.uk\/pl\/?attachment_id=265'><img loading=\"lazy\" decoding=\"async\" width=\"220\" height=\"290\" src=\"https:\/\/centrala.org.uk\/pl\/wp-content\/uploads\/sites\/2\/2014\/06\/za_imerium3_net-page4-220x290.jpg\" class=\"attachment-thumbnail size-thumbnail\" alt=\"\" srcset=\"https:\/\/centrala.org.uk\/pl\/wp-content\/uploads\/sites\/2\/2014\/06\/za_imerium3_net-page4-220x290.jpg 220w, https:\/\/centrala.org.uk\/pl\/wp-content\/uploads\/sites\/2\/2014\/06\/za_imerium3_net-page4-640x844.jpg 640w, https:\/\/centrala.org.uk\/pl\/wp-content\/uploads\/sites\/2\/2014\/06\/za_imerium3_net-page4-681x900.jpg 681w, https:\/\/centrala.org.uk\/pl\/wp-content\/uploads\/sites\/2\/2014\/06\/za_imerium3_net-page4-210x277.jpg 210w, https:\/\/centrala.org.uk\/pl\/wp-content\/uploads\/sites\/2\/2014\/06\/za_imerium3_net-page4-480x633.jpg 480w, https:\/\/centrala.org.uk\/pl\/wp-content\/uploads\/sites\/2\/2014\/06\/za_imerium3_net-page4.jpg 1298w\" sizes=\"auto, (max-width: 220px) 100vw, 220px\" \/><\/a>\n\t\t\t<\/div><\/figure><figure class='gallery-item'>\n\t\t\t<div class='gallery-icon portrait'>\n\t\t\t\t<a href='https:\/\/centrala.org.uk\/pl\/?attachment_id=266'><img loading=\"lazy\" decoding=\"async\" width=\"220\" height=\"290\" src=\"https:\/\/centrala.org.uk\/pl\/wp-content\/uploads\/sites\/2\/2014\/06\/za_imerium3_net-page5-220x290.jpg\" class=\"attachment-thumbnail size-thumbnail\" alt=\"\" srcset=\"https:\/\/centrala.org.uk\/pl\/wp-content\/uploads\/sites\/2\/2014\/06\/za_imerium3_net-page5-220x290.jpg 220w, https:\/\/centrala.org.uk\/pl\/wp-content\/uploads\/sites\/2\/2014\/06\/za_imerium3_net-page5-640x844.jpg 640w, https:\/\/centrala.org.uk\/pl\/wp-content\/uploads\/sites\/2\/2014\/06\/za_imerium3_net-page5-681x900.jpg 681w, https:\/\/centrala.org.uk\/pl\/wp-content\/uploads\/sites\/2\/2014\/06\/za_imerium3_net-page5-210x277.jpg 210w, https:\/\/centrala.org.uk\/pl\/wp-content\/uploads\/sites\/2\/2014\/06\/za_imerium3_net-page5-480x633.jpg 480w, https:\/\/centrala.org.uk\/pl\/wp-content\/uploads\/sites\/2\/2014\/06\/za_imerium3_net-page5.jpg 1298w\" sizes=\"auto, (max-width: 220px) 100vw, 220px\" \/><\/a>\n\t\t\t<\/div><\/figure><figure class='gallery-item'>\n\t\t\t<div class='gallery-icon portrait'>\n\t\t\t\t<a href='https:\/\/centrala.org.uk\/pl\/?attachment_id=267'><img loading=\"lazy\" decoding=\"async\" width=\"220\" height=\"290\" src=\"https:\/\/centrala.org.uk\/pl\/wp-content\/uploads\/sites\/2\/2014\/06\/za_imerium3_net-page6-220x290.jpg\" class=\"attachment-thumbnail size-thumbnail\" alt=\"\" srcset=\"https:\/\/centrala.org.uk\/pl\/wp-content\/uploads\/sites\/2\/2014\/06\/za_imerium3_net-page6-220x290.jpg 220w, https:\/\/centrala.org.uk\/pl\/wp-content\/uploads\/sites\/2\/2014\/06\/za_imerium3_net-page6-640x844.jpg 640w, https:\/\/centrala.org.uk\/pl\/wp-content\/uploads\/sites\/2\/2014\/06\/za_imerium3_net-page6-681x900.jpg 681w, https:\/\/centrala.org.uk\/pl\/wp-content\/uploads\/sites\/2\/2014\/06\/za_imerium3_net-page6-210x277.jpg 210w, https:\/\/centrala.org.uk\/pl\/wp-content\/uploads\/sites\/2\/2014\/06\/za_imerium3_net-page6-480x633.jpg 480w, https:\/\/centrala.org.uk\/pl\/wp-content\/uploads\/sites\/2\/2014\/06\/za_imerium3_net-page6.jpg 1298w\" sizes=\"auto, (max-width: 220px) 100vw, 220px\" \/><\/a>\n\t\t\t<\/div><\/figure><figure class='gallery-item'>\n\t\t\t<div class='gallery-icon portrait'>\n\t\t\t\t<a href='https:\/\/centrala.org.uk\/pl\/?attachment_id=268'><img loading=\"lazy\" decoding=\"async\" width=\"220\" height=\"290\" src=\"https:\/\/centrala.org.uk\/pl\/wp-content\/uploads\/sites\/2\/2014\/06\/za_imerium3_net-page7-220x290.jpg\" class=\"attachment-thumbnail size-thumbnail\" alt=\"\" srcset=\"https:\/\/centrala.org.uk\/pl\/wp-content\/uploads\/sites\/2\/2014\/06\/za_imerium3_net-page7-220x290.jpg 220w, https:\/\/centrala.org.uk\/pl\/wp-content\/uploads\/sites\/2\/2014\/06\/za_imerium3_net-page7-640x844.jpg 640w, https:\/\/centrala.org.uk\/pl\/wp-content\/uploads\/sites\/2\/2014\/06\/za_imerium3_net-page7-681x900.jpg 681w, https:\/\/centrala.org.uk\/pl\/wp-content\/uploads\/sites\/2\/2014\/06\/za_imerium3_net-page7-210x277.jpg 210w, https:\/\/centrala.org.uk\/pl\/wp-content\/uploads\/sites\/2\/2014\/06\/za_imerium3_net-page7-480x633.jpg 480w, https:\/\/centrala.org.uk\/pl\/wp-content\/uploads\/sites\/2\/2014\/06\/za_imerium3_net-page7.jpg 1298w\" sizes=\"auto, (max-width: 220px) 100vw, 220px\" \/><\/a>\n\t\t\t<\/div><\/figure>\n\t\t<\/div>\n\n","protected":false},"excerpt":{"rendered":"<p>Fina\u0142owy tom trylogii Za Imperium.<\/p>\n","protected":false},"featured_media":261,"comment_status":"closed","ping_status":"closed","template":"","meta":{"_acf_changed":false},"product_brand":[],"product_cat":[32],"product_tag":[21,36,40,34,20,22],"series":[10112],"class_list":{"0":"post-259","1":"product","2":"type-product","3":"status-publish","4":"has-post-thumbnail","6":"product_cat-komiks","7":"product_tag-bastien-vives","8":"product_tag-fantasy","9":"product_tag-francuskie","10":"product_tag-kolor","11":"product_tag-merwan-chabane","12":"product_tag-za-imperium","13":"series-zycie","15":"first","16":"instock","17":"shipping-taxable","18":"purchasable","19":"product-type-simple"},"acf":[],"_links":{"self":[{"href":"https:\/\/centrala.org.uk\/pl\/wp-json\/wp\/v2\/product\/259","targetHints":{"allow":["GET"]}}],"collection":[{"href":"https:\/\/centrala.org.uk\/pl\/wp-json\/wp\/v2\/product"}],"about":[{"href":"https:\/\/centrala.org.uk\/pl\/wp-json\/wp\/v2\/types\/product"}],"replies":[{"embeddable":true,"href":"https:\/\/centrala.org.uk\/pl\/wp-json\/wp\/v2\/comments?post=259"}],"wp:featuredmedia":[{"embeddable":true,"href":"https:\/\/centrala.org.uk\/pl\/wp-json\/wp\/v2\/media\/261"}],"wp:attachment":[{"href":"https:\/\/centrala.org.uk\/pl\/wp-json\/wp\/v2\/media?parent=259"}],"wp:term":[{"taxonomy":"product_brand","embeddable":true,"href":"https:\/\/centrala.org.uk\/pl\/wp-json\/wp\/v2\/product_brand?post=259"},{"taxonomy":"product_cat","embeddable":true,"href":"https:\/\/centrala.org.uk\/pl\/wp-json\/wp\/v2\/product_cat?post=259"},{"taxonomy":"product_tag","embeddable":true,"href":"https:\/\/centrala.org.uk\/pl\/wp-json\/wp\/v2\/product_tag?post=259"},{"taxonomy":"series","embeddable":true,"href":"https:\/\/centrala.org.uk\/pl\/wp-json\/wp\/v2\/series?post=259"}],"curies":[{"name":"wp","href":"https:\/\/api.w.org\/{rel}","templated":true}]}}