{"id":2598,"date":"2024-05-17T14:09:53","date_gmt":"2024-05-17T12:09:53","guid":{"rendered":"http:\/\/centrala.org.uk\/pl\/?post_type=product&#038;p=2598"},"modified":"2024-05-17T14:18:12","modified_gmt":"2024-05-17T12:18:12","slug":"opowiesci-aborcyjne-wydanie-2","status":"publish","type":"product","link":"https:\/\/centrala.org.uk\/pl\/sklep\/opowiesci-aborcyjne-wydanie-2\/","title":{"rendered":"Opowie\u015bci aborcyjne, wydanie 2"},"content":{"rendered":"<div id='gallery-1' class='gallery galleryid-2598 gallery-columns-3 gallery-size-thumbnail'><figure class='gallery-item'>\n\t\t\t<div class='gallery-icon portrait'>\n\t\t\t\t<a href='https:\/\/centrala.org.uk\/pl\/?attachment_id=2246'><img loading=\"lazy\" decoding=\"async\" width=\"220\" height=\"307\" src=\"https:\/\/centrala.org.uk\/pl\/wp-content\/uploads\/sites\/2\/2021\/12\/opowiesci_aborcyjne_00-220x307.jpg\" class=\"attachment-thumbnail size-thumbnail\" alt=\"\" srcset=\"https:\/\/centrala.org.uk\/pl\/wp-content\/uploads\/sites\/2\/2021\/12\/opowiesci_aborcyjne_00-220x307.jpg 220w, https:\/\/centrala.org.uk\/pl\/wp-content\/uploads\/sites\/2\/2021\/12\/opowiesci_aborcyjne_00-640x892.jpg 640w, https:\/\/centrala.org.uk\/pl\/wp-content\/uploads\/sites\/2\/2021\/12\/opowiesci_aborcyjne_00-645x900.jpg 645w, https:\/\/centrala.org.uk\/pl\/wp-content\/uploads\/sites\/2\/2021\/12\/opowiesci_aborcyjne_00-210x293.jpg 210w, https:\/\/centrala.org.uk\/pl\/wp-content\/uploads\/sites\/2\/2021\/12\/opowiesci_aborcyjne_00-480x669.jpg 480w, https:\/\/centrala.org.uk\/pl\/wp-content\/uploads\/sites\/2\/2021\/12\/opowiesci_aborcyjne_00.jpg 649w\" sizes=\"auto, (max-width: 220px) 100vw, 220px\" \/><\/a>\n\t\t\t<\/div><\/figure><figure class='gallery-item'>\n\t\t\t<div class='gallery-icon portrait'>\n\t\t\t\t<a href='https:\/\/centrala.org.uk\/pl\/?attachment_id=2247'><img loading=\"lazy\" decoding=\"async\" width=\"220\" height=\"307\" src=\"https:\/\/centrala.org.uk\/pl\/wp-content\/uploads\/sites\/2\/2021\/12\/opowiesci_aborcyjne_01-220x307.jpg\" class=\"attachment-thumbnail size-thumbnail\" alt=\"\" srcset=\"https:\/\/centrala.org.uk\/pl\/wp-content\/uploads\/sites\/2\/2021\/12\/opowiesci_aborcyjne_01-220x307.jpg 220w, https:\/\/centrala.org.uk\/pl\/wp-content\/uploads\/sites\/2\/2021\/12\/opowiesci_aborcyjne_01-640x892.jpg 640w, https:\/\/centrala.org.uk\/pl\/wp-content\/uploads\/sites\/2\/2021\/12\/opowiesci_aborcyjne_01-645x900.jpg 645w, https:\/\/centrala.org.uk\/pl\/wp-content\/uploads\/sites\/2\/2021\/12\/opowiesci_aborcyjne_01-210x293.jpg 210w, https:\/\/centrala.org.uk\/pl\/wp-content\/uploads\/sites\/2\/2021\/12\/opowiesci_aborcyjne_01-480x669.jpg 480w, https:\/\/centrala.org.uk\/pl\/wp-content\/uploads\/sites\/2\/2021\/12\/opowiesci_aborcyjne_01.jpg 649w\" sizes=\"auto, (max-width: 220px) 100vw, 220px\" \/><\/a>\n\t\t\t<\/div><\/figure><figure class='gallery-item'>\n\t\t\t<div class='gallery-icon portrait'>\n\t\t\t\t<a href='https:\/\/centrala.org.uk\/pl\/?attachment_id=2248'><img loading=\"lazy\" decoding=\"async\" width=\"220\" height=\"307\" src=\"https:\/\/centrala.org.uk\/pl\/wp-content\/uploads\/sites\/2\/2021\/12\/opowiesci_aborcyjne_02-220x307.jpg\" class=\"attachment-thumbnail size-thumbnail\" alt=\"\" srcset=\"https:\/\/centrala.org.uk\/pl\/wp-content\/uploads\/sites\/2\/2021\/12\/opowiesci_aborcyjne_02-220x307.jpg 220w, https:\/\/centrala.org.uk\/pl\/wp-content\/uploads\/sites\/2\/2021\/12\/opowiesci_aborcyjne_02-640x892.jpg 640w, https:\/\/centrala.org.uk\/pl\/wp-content\/uploads\/sites\/2\/2021\/12\/opowiesci_aborcyjne_02-645x900.jpg 645w, https:\/\/centrala.org.uk\/pl\/wp-content\/uploads\/sites\/2\/2021\/12\/opowiesci_aborcyjne_02-210x293.jpg 210w, https:\/\/centrala.org.uk\/pl\/wp-content\/uploads\/sites\/2\/2021\/12\/opowiesci_aborcyjne_02-480x669.jpg 480w, https:\/\/centrala.org.uk\/pl\/wp-content\/uploads\/sites\/2\/2021\/12\/opowiesci_aborcyjne_02.jpg 649w\" sizes=\"auto, (max-width: 220px) 100vw, 220px\" \/><\/a>\n\t\t\t<\/div><\/figure>\n\t\t<\/div>\n\n<p class=\"p1\"><span class=\"s1\">Komiks powsta\u0142 na podstawie rozm\u00f3w z pi\u0119cioma Polkami, kt\u00f3re anonimowo podzieli\u0142y si\u0119 z autorkami swoim do\u015bwiadczeniem aborcji. Nie jest to jednak suche sprawozdanie ani reporta\u017c. W nurt prawdziwych historii, poetyckimi przesuni\u0119ciami wplatane s\u0105 fantastyczne postaci, porz\u0105dek marze\u0144 sennych i symboli. Autorki odwa\u017cnie wnios\u0142y swoje osobiste wra\u017cliwo\u015bci i wyobra\u017anie tworz\u0105c anga\u017cuj\u0105cy, wyrazisty styl opowiadania.<\/span><\/p>\n<p class=\"p1\"><span class=\"s1\">Od bolesnej straty, po ulg\u0119, od poczucia wsparcia i bezpiecze\u0144stwa po duszn\u0105 atmosfer\u0119 zaszczucia &#8211; ju\u017c tych pi\u0119\u0107 historii pokazuje jak szerokie jest spektrum okoliczno\u015bci i emocji, kt\u00f3re mog\u0105 towarzyszy\u0107 aborcji. Wolne od oceny narracje rozwijaj\u0105 si\u0119 we w\u0142a\u015bciwym sobie rytmie daj\u0105c bohaterkom czas i przestrze\u0144 do podzielenia si\u0119 swoimi do\u015bwiadczeniami w spos\u00f3b, kt\u00f3ry jest dla nich wzmacniaj\u0105cy i bezpieczny a czytelniczki\/czytelnik\u00f3w zapraszaj\u0105 do czu\u0142ego, uwa\u017cnego s\u0142uchania.<\/span><\/p>\n<p>O komiksie napisa\u0142y:<\/p>\n<ul>\n<li>\u00a0<span class=\"bold\">Sylwia<\/span>\u00a0<span class=\"bold\">Chutnik:<\/span>\u00a0Wa\u017cna publikacja oddaj\u0105ca g\u0142os osobom z do\u015bwiadczeniem aborcji. R\u00f3\u017cne historie, r\u00f3\u017cne emocje &#8211; bez oceniania i komentowania.<\/li>\n<li>\u00a0<span class=\"bold\">Marta Nied\u017awiecka,<\/span>\u00a0podcast\u00a0<a href=\"https:\/\/niedzwiecka.net\/podcasty\/\" target=\"_blank\" rel=\"noopener noreferrer\">O zmierzchu<\/a>: Czym jest czarna skrzynka polskiej kobiety? Zapisem jej traum, dramat\u00f3w i wybor\u00f3w, precyzyjnie wpisanych w dynamik\u0119 przemocy obecnej w spo\u0142ecze\u0144stwie. Czym jest czarna matka? Aspektem kobieco\u015bci, kt\u00f3ry\u00a0 d\u0142ugo by\u0142 spychany w niebyt i pomijany. To r\u00f3\u017cnicuj\u0105c\u0105 cz\u0119\u015b\u0107 nas, kt\u00f3ra podaje pe\u0142niejsz\u0105 pier\u015b\u00a0 mocniejszemu dziecku. Ta opowie\u015b\u0107 nie wprawi was w dobry nastr\u00f3j. To relacja, kt\u00f3ra bywa mroczniejsza, ni\u017c z\u0142e sny i prawdziwsza, ni\u017c cokolwiek co widzicie w rzeczywisto\u015bci.<\/li>\n<\/ul>\n","protected":false},"excerpt":{"rendered":"<p>Komiks powsta\u0142 na podstawie rozm\u00f3w z pi\u0119cioma Polkami, kt\u00f3re anonimowo podzieli\u0142y si\u0119 z autorkami swoim do\u015bwiadczeniem aborcji.<\/p>\n","protected":false},"featured_media":2599,"comment_status":"closed","ping_status":"closed","template":"","meta":{"_acf_changed":false},"product_brand":[],"product_cat":[32],"product_tag":[203,223,9921],"series":[10112],"class_list":{"0":"post-2598","1":"product","2":"type-product","3":"status-publish","4":"has-post-thumbnail","6":"product_cat-komiks","7":"product_tag-kobiety","8":"product_tag-komiks-kobiecy","9":"product_tag-prawa-kobiet","10":"series-zycie","12":"first","13":"instock","14":"shipping-taxable","15":"purchasable","16":"product-type-simple"},"acf":[],"_links":{"self":[{"href":"https:\/\/centrala.org.uk\/pl\/wp-json\/wp\/v2\/product\/2598","targetHints":{"allow":["GET"]}}],"collection":[{"href":"https:\/\/centrala.org.uk\/pl\/wp-json\/wp\/v2\/product"}],"about":[{"href":"https:\/\/centrala.org.uk\/pl\/wp-json\/wp\/v2\/types\/product"}],"replies":[{"embeddable":true,"href":"https:\/\/centrala.org.uk\/pl\/wp-json\/wp\/v2\/comments?post=2598"}],"wp:featuredmedia":[{"embeddable":true,"href":"https:\/\/centrala.org.uk\/pl\/wp-json\/wp\/v2\/media\/2599"}],"wp:attachment":[{"href":"https:\/\/centrala.org.uk\/pl\/wp-json\/wp\/v2\/media?parent=2598"}],"wp:term":[{"taxonomy":"product_brand","embeddable":true,"href":"https:\/\/centrala.org.uk\/pl\/wp-json\/wp\/v2\/product_brand?post=2598"},{"taxonomy":"product_cat","embeddable":true,"href":"https:\/\/centrala.org.uk\/pl\/wp-json\/wp\/v2\/product_cat?post=2598"},{"taxonomy":"product_tag","embeddable":true,"href":"https:\/\/centrala.org.uk\/pl\/wp-json\/wp\/v2\/product_tag?post=2598"},{"taxonomy":"series","embeddable":true,"href":"https:\/\/centrala.org.uk\/pl\/wp-json\/wp\/v2\/series?post=2598"}],"curies":[{"name":"wp","href":"https:\/\/api.w.org\/{rel}","templated":true}]}}