{"id":2625,"date":"2024-06-24T21:03:21","date_gmt":"2024-06-24T19:03:21","guid":{"rendered":"http:\/\/centrala.org.uk\/pl\/?post_type=product&#038;p=2625"},"modified":"2024-06-24T21:03:47","modified_gmt":"2024-06-24T19:03:47","slug":"tlusta-ksiezniczka-petronia","status":"publish","type":"product","link":"https:\/\/centrala.org.uk\/pl\/sklep\/tlusta-ksiezniczka-petronia\/","title":{"rendered":"T\u0142usta Ksi\u0119\u017cniczka Petronia"},"content":{"rendered":"<p>Ca\u0142y wszech\u015bwiat ub\u00f3stwia Ma\u0142ego Ksi\u0119cia, kt\u00f3ry wszystko &#8222;widzi sercem&#8221;, ale nikt nie zwraca uwagi na jego kuzynk\u0119, grub\u0105 ksi\u0119\u017cniczk\u0119 Petroni\u0119. W przeciwie\u0144stwie do tego s\u0142odkiego ch\u0142opca o blond w\u0142osach jest ona markotna i pozbawiona sentyment\u00f3w, W og\u00f3le nie pasuje do stereotypu ksi\u0119\u017cniczki: nienawidzi r\u00f3\u017cowych falbanek, a za to uwielbia matematyk\u0119. Ma\u0142y Ksi\u0105\u017c\u0119 posiada oczywi\u015bcie ca\u0142kiem spore cia\u0142o niebieskie, podczas gdy Petronia musi mieszka\u0107 na najmniejszej i najnudniejszej planecie w ca\u0142ym wszech\u015bwiecie. Wspierana przez wielofunkcyjnego robaka Mirco usi\u0142uje nada\u0107 swej smutnej egzystencji nieco kolor\u00f3w, podr\u00f3\u017cuje przez kosmos korzystaj\u0105c z tuneli czasoprzestrzennych i wci\u0105\u017c podejmuje pr\u00f3by, by spotka\u0107 si\u0119 z Davidem Bowie &#8211; najcz\u0119\u015bciej bez najmniejszego powodzenia. Absurdalne i zabawne przygody Petronii cytuj\u0105 motywy znane z &#8222;Ma\u0142ego Ksi\u0119cia&#8221;, ba\u015bni, fantastyki naukowej i klasycznych dzie\u0142 literatury jak &#8222;Faust&#8221;. W warstwie graficznej tak\u017ce pe\u0142no tu nawi\u0105za\u0144: czasami rysunki wygl\u0105daj\u0105 jak gazetka reklamowa. a innym razem jak gra planszowa lub jak wycinanka dla dzieci.<\/p>\n<p>Kosmiczny komiks Greve zr\u0119cznie parodiuje r\u00f3\u017cne klasyki science fiction, takie jak &#8222;Autostopem przez galaktyk\u0119&#8221;, &#8222;Star Trek&#8221;, &#8222;Obcy&#8221; oraz koncepcj\u0119 \u015bwiat\u00f3w r\u00f3wnoleg\u0142ych we wszech\u015bwiecie. Greve udaje si\u0119 za pomoc\u0105 kilku kresek przedstawi\u0107 emocjonalny \u015bwiat swojej tytu\u0142owej bohaterki.<\/p>\n<p><em>Holger Moose, Goethe Institut<\/em><\/p>\n<p>Katharina Greve urodzi\u0142a si\u0119 w 1972 roku w Hamburgu, studiowa\u0142a architektur\u0119 i mieszka w Berlinie, wiod\u0105c \u017cycie tw\u00f3rczyni komiks\u00f3w, artystki i by\u0142ej architektki. Rysuje mi\u0119dzy innymi dla Titanica, taz, Zitty i w razie potrzeby przepowiada w komiksie ust\u0105pienie papie\u017ca.<\/p>\n<p>Gruba ksi\u0119\u017cniczka Petronia ukazywa\u0142a si\u0119 od 2015 roku jako seria w czasopi\u015bmie Das Magazin i jest pi\u0105tym albumem komiksowym Kathariny Greve.<\/p>\n<p>Autorka otrzyma\u0142a liczne nagrody za swoje prace, na przyk\u0142ad w 2010 roku nagrod\u0119 komiksu niezale\u017cnego ICOM za &#8222;wybitn\u0105 grafik\u0119&#8221;, w 2013 roku nagrod\u0119 Sondermanna dla m\u0142odych talent\u00f3w sztuki komiksowej, w 2016 roku nagrod\u0119 artystyczn\u0105 &#8222;Der freche Mario&#8221; i w 2017 roku Niemieck\u0105 Nagrod\u0119 Komiksow\u0105.<\/p>\n<p>Komiks internetowy Kathariny Greve &#8222;Wie\u017cowiec&#8221; (avant-verlag, 2017) zosta\u0142 uhonorowany w 2016 roku Nagrod\u0105 Maksa i Moryca w kategorii &#8222;Najlepszy niemieckoj\u0119zyczny pasek komiksowy&#8221;, a tak\u017ce w 2018 roku Nagrod\u0105 Rudolpha Dirka za literatur\u0119 graficzn\u0105<\/p>\n<div id='gallery-1' class='gallery galleryid-2625 gallery-columns-3 gallery-size-thumbnail'><figure class='gallery-item'>\n\t\t\t<div class='gallery-icon portrait'>\n\t\t\t\t<a href='https:\/\/centrala.org.uk\/pl\/?attachment_id=2627'><img loading=\"lazy\" decoding=\"async\" width=\"220\" height=\"267\" src=\"https:\/\/centrala.org.uk\/pl\/wp-content\/uploads\/sites\/2\/2024\/06\/Petronia06-220x267.png\" class=\"attachment-thumbnail size-thumbnail\" alt=\"\" srcset=\"https:\/\/centrala.org.uk\/pl\/wp-content\/uploads\/sites\/2\/2024\/06\/Petronia06-220x267.png 220w, https:\/\/centrala.org.uk\/pl\/wp-content\/uploads\/sites\/2\/2024\/06\/Petronia06-640x777.png 640w, https:\/\/centrala.org.uk\/pl\/wp-content\/uploads\/sites\/2\/2024\/06\/Petronia06-768x932.png 768w, https:\/\/centrala.org.uk\/pl\/wp-content\/uploads\/sites\/2\/2024\/06\/Petronia06-1265x1536.png 1265w, https:\/\/centrala.org.uk\/pl\/wp-content\/uploads\/sites\/2\/2024\/06\/Petronia06-741x900.png 741w, https:\/\/centrala.org.uk\/pl\/wp-content\/uploads\/sites\/2\/2024\/06\/Petronia06-210x255.png 210w, https:\/\/centrala.org.uk\/pl\/wp-content\/uploads\/sites\/2\/2024\/06\/Petronia06-480x583.png 480w, https:\/\/centrala.org.uk\/pl\/wp-content\/uploads\/sites\/2\/2024\/06\/Petronia06.png 1341w\" sizes=\"auto, (max-width: 220px) 100vw, 220px\" \/><\/a>\n\t\t\t<\/div><\/figure><figure class='gallery-item'>\n\t\t\t<div class='gallery-icon portrait'>\n\t\t\t\t<a href='https:\/\/centrala.org.uk\/pl\/?attachment_id=2628'><img loading=\"lazy\" decoding=\"async\" width=\"220\" height=\"267\" src=\"https:\/\/centrala.org.uk\/pl\/wp-content\/uploads\/sites\/2\/2024\/06\/Petronia05-220x267.png\" class=\"attachment-thumbnail size-thumbnail\" alt=\"\" srcset=\"https:\/\/centrala.org.uk\/pl\/wp-content\/uploads\/sites\/2\/2024\/06\/Petronia05-220x267.png 220w, https:\/\/centrala.org.uk\/pl\/wp-content\/uploads\/sites\/2\/2024\/06\/Petronia05-640x776.png 640w, https:\/\/centrala.org.uk\/pl\/wp-content\/uploads\/sites\/2\/2024\/06\/Petronia05-768x931.png 768w, https:\/\/centrala.org.uk\/pl\/wp-content\/uploads\/sites\/2\/2024\/06\/Petronia05-1267x1536.png 1267w, https:\/\/centrala.org.uk\/pl\/wp-content\/uploads\/sites\/2\/2024\/06\/Petronia05-742x900.png 742w, https:\/\/centrala.org.uk\/pl\/wp-content\/uploads\/sites\/2\/2024\/06\/Petronia05-210x255.png 210w, https:\/\/centrala.org.uk\/pl\/wp-content\/uploads\/sites\/2\/2024\/06\/Petronia05-480x582.png 480w, https:\/\/centrala.org.uk\/pl\/wp-content\/uploads\/sites\/2\/2024\/06\/Petronia05.png 1343w\" sizes=\"auto, (max-width: 220px) 100vw, 220px\" \/><\/a>\n\t\t\t<\/div><\/figure><figure class='gallery-item'>\n\t\t\t<div class='gallery-icon portrait'>\n\t\t\t\t<a href='https:\/\/centrala.org.uk\/pl\/?attachment_id=2629'><img loading=\"lazy\" decoding=\"async\" width=\"220\" height=\"266\" src=\"https:\/\/centrala.org.uk\/pl\/wp-content\/uploads\/sites\/2\/2024\/06\/Petronia03-220x266.png\" class=\"attachment-thumbnail size-thumbnail\" alt=\"\" srcset=\"https:\/\/centrala.org.uk\/pl\/wp-content\/uploads\/sites\/2\/2024\/06\/Petronia03-220x266.png 220w, https:\/\/centrala.org.uk\/pl\/wp-content\/uploads\/sites\/2\/2024\/06\/Petronia03-640x774.png 640w, https:\/\/centrala.org.uk\/pl\/wp-content\/uploads\/sites\/2\/2024\/06\/Petronia03-768x928.png 768w, https:\/\/centrala.org.uk\/pl\/wp-content\/uploads\/sites\/2\/2024\/06\/Petronia03-1271x1536.png 1271w, https:\/\/centrala.org.uk\/pl\/wp-content\/uploads\/sites\/2\/2024\/06\/Petronia03-745x900.png 745w, https:\/\/centrala.org.uk\/pl\/wp-content\/uploads\/sites\/2\/2024\/06\/Petronia03-210x254.png 210w, https:\/\/centrala.org.uk\/pl\/wp-content\/uploads\/sites\/2\/2024\/06\/Petronia03-480x580.png 480w, https:\/\/centrala.org.uk\/pl\/wp-content\/uploads\/sites\/2\/2024\/06\/Petronia03.png 1347w\" sizes=\"auto, (max-width: 220px) 100vw, 220px\" \/><\/a>\n\t\t\t<\/div><\/figure><figure class='gallery-item'>\n\t\t\t<div class='gallery-icon portrait'>\n\t\t\t\t<a href='https:\/\/centrala.org.uk\/pl\/?attachment_id=2630'><img loading=\"lazy\" decoding=\"async\" width=\"220\" height=\"266\" src=\"https:\/\/centrala.org.uk\/pl\/wp-content\/uploads\/sites\/2\/2024\/06\/Petronia07-220x266.png\" class=\"attachment-thumbnail size-thumbnail\" alt=\"\" srcset=\"https:\/\/centrala.org.uk\/pl\/wp-content\/uploads\/sites\/2\/2024\/06\/Petronia07-220x266.png 220w, https:\/\/centrala.org.uk\/pl\/wp-content\/uploads\/sites\/2\/2024\/06\/Petronia07-640x773.png 640w, https:\/\/centrala.org.uk\/pl\/wp-content\/uploads\/sites\/2\/2024\/06\/Petronia07-768x928.png 768w, https:\/\/centrala.org.uk\/pl\/wp-content\/uploads\/sites\/2\/2024\/06\/Petronia07-1272x1536.png 1272w, https:\/\/centrala.org.uk\/pl\/wp-content\/uploads\/sites\/2\/2024\/06\/Petronia07-745x900.png 745w, https:\/\/centrala.org.uk\/pl\/wp-content\/uploads\/sites\/2\/2024\/06\/Petronia07-210x254.png 210w, https:\/\/centrala.org.uk\/pl\/wp-content\/uploads\/sites\/2\/2024\/06\/Petronia07-480x580.png 480w, https:\/\/centrala.org.uk\/pl\/wp-content\/uploads\/sites\/2\/2024\/06\/Petronia07.png 1337w\" sizes=\"auto, (max-width: 220px) 100vw, 220px\" \/><\/a>\n\t\t\t<\/div><\/figure>\n\t\t<\/div>\n\n","protected":false},"excerpt":{"rendered":"<p>Ca\u0142y wszech\u015bwiat ub\u00f3stwia Ma\u0142ego Ksi\u0119cia, kt\u00f3ry wszystko &#8222;widzi sercem&#8221;, ale nikt nie zwraca uwagi na jego kuzynk\u0119, grub\u0105 ksi\u0119\u017cniczk\u0119 Petroni\u0119<\/p>\n","protected":false},"featured_media":2626,"comment_status":"closed","ping_status":"closed","template":"","meta":{"_acf_changed":false},"product_brand":[],"product_cat":[32],"product_tag":[223,230,9935],"series":[10112],"class_list":{"0":"post-2625","1":"product","2":"type-product","3":"status-publish","4":"has-post-thumbnail","6":"product_cat-komiks","7":"product_tag-komiks-kobiecy","8":"product_tag-niemiecki","9":"product_tag-obyczajowe","10":"series-zycie","12":"first","13":"instock","14":"sale","15":"shipping-taxable","16":"purchasable","17":"product-type-simple"},"acf":[],"_links":{"self":[{"href":"https:\/\/centrala.org.uk\/pl\/wp-json\/wp\/v2\/product\/2625","targetHints":{"allow":["GET"]}}],"collection":[{"href":"https:\/\/centrala.org.uk\/pl\/wp-json\/wp\/v2\/product"}],"about":[{"href":"https:\/\/centrala.org.uk\/pl\/wp-json\/wp\/v2\/types\/product"}],"replies":[{"embeddable":true,"href":"https:\/\/centrala.org.uk\/pl\/wp-json\/wp\/v2\/comments?post=2625"}],"wp:featuredmedia":[{"embeddable":true,"href":"https:\/\/centrala.org.uk\/pl\/wp-json\/wp\/v2\/media\/2626"}],"wp:attachment":[{"href":"https:\/\/centrala.org.uk\/pl\/wp-json\/wp\/v2\/media?parent=2625"}],"wp:term":[{"taxonomy":"product_brand","embeddable":true,"href":"https:\/\/centrala.org.uk\/pl\/wp-json\/wp\/v2\/product_brand?post=2625"},{"taxonomy":"product_cat","embeddable":true,"href":"https:\/\/centrala.org.uk\/pl\/wp-json\/wp\/v2\/product_cat?post=2625"},{"taxonomy":"product_tag","embeddable":true,"href":"https:\/\/centrala.org.uk\/pl\/wp-json\/wp\/v2\/product_tag?post=2625"},{"taxonomy":"series","embeddable":true,"href":"https:\/\/centrala.org.uk\/pl\/wp-json\/wp\/v2\/series?post=2625"}],"curies":[{"name":"wp","href":"https:\/\/api.w.org\/{rel}","templated":true}]}}