{"id":2695,"date":"2025-09-10T11:34:11","date_gmt":"2025-09-10T09:34:11","guid":{"rendered":"http:\/\/centrala.org.uk\/pl\/?post_type=product&#038;p=2695"},"modified":"2025-09-29T12:47:31","modified_gmt":"2025-09-29T10:47:31","slug":"rudo","status":"publish","type":"product","link":"https:\/\/centrala.org.uk\/pl\/sklep\/rudo\/","title":{"rendered":"Rudo"},"content":{"rendered":"<p><div id='gallery-1' class='gallery galleryid-2695 gallery-columns-3 gallery-size-thumbnail'><figure class='gallery-item'>\n\t\t\t<div class='gallery-icon portrait'>\n\t\t\t\t<a href='https:\/\/centrala.org.uk\/pl\/?attachment_id=2699'><img loading=\"lazy\" decoding=\"async\" width=\"220\" height=\"314\" src=\"https:\/\/centrala.org.uk\/pl\/wp-content\/uploads\/sites\/2\/2025\/09\/Rudo-01-220x314.jpg\" class=\"attachment-thumbnail size-thumbnail\" alt=\"\" srcset=\"https:\/\/centrala.org.uk\/pl\/wp-content\/uploads\/sites\/2\/2025\/09\/Rudo-01-220x314.jpg 220w, https:\/\/centrala.org.uk\/pl\/wp-content\/uploads\/sites\/2\/2025\/09\/Rudo-01-640x914.jpg 640w, https:\/\/centrala.org.uk\/pl\/wp-content\/uploads\/sites\/2\/2025\/09\/Rudo-01-1400x2000.jpg 1400w, https:\/\/centrala.org.uk\/pl\/wp-content\/uploads\/sites\/2\/2025\/09\/Rudo-01-768x1097.jpg 768w, https:\/\/centrala.org.uk\/pl\/wp-content\/uploads\/sites\/2\/2025\/09\/Rudo-01-1075x1536.jpg 1075w, https:\/\/centrala.org.uk\/pl\/wp-content\/uploads\/sites\/2\/2025\/09\/Rudo-01-1433x2048.jpg 1433w, https:\/\/centrala.org.uk\/pl\/wp-content\/uploads\/sites\/2\/2025\/09\/Rudo-01-630x900.jpg 630w, https:\/\/centrala.org.uk\/pl\/wp-content\/uploads\/sites\/2\/2025\/09\/Rudo-01-210x300.jpg 210w, https:\/\/centrala.org.uk\/pl\/wp-content\/uploads\/sites\/2\/2025\/09\/Rudo-01-480x686.jpg 480w, https:\/\/centrala.org.uk\/pl\/wp-content\/uploads\/sites\/2\/2025\/09\/Rudo-01.jpg 1488w\" sizes=\"auto, (max-width: 220px) 100vw, 220px\" \/><\/a>\n\t\t\t<\/div><\/figure><figure class='gallery-item'>\n\t\t\t<div class='gallery-icon portrait'>\n\t\t\t\t<a href='https:\/\/centrala.org.uk\/pl\/?attachment_id=2700'><img loading=\"lazy\" decoding=\"async\" width=\"220\" height=\"314\" src=\"https:\/\/centrala.org.uk\/pl\/wp-content\/uploads\/sites\/2\/2025\/09\/Rudo-03-220x314.jpg\" class=\"attachment-thumbnail size-thumbnail\" alt=\"\" srcset=\"https:\/\/centrala.org.uk\/pl\/wp-content\/uploads\/sites\/2\/2025\/09\/Rudo-03-220x314.jpg 220w, https:\/\/centrala.org.uk\/pl\/wp-content\/uploads\/sites\/2\/2025\/09\/Rudo-03-640x914.jpg 640w, https:\/\/centrala.org.uk\/pl\/wp-content\/uploads\/sites\/2\/2025\/09\/Rudo-03-1400x2000.jpg 1400w, https:\/\/centrala.org.uk\/pl\/wp-content\/uploads\/sites\/2\/2025\/09\/Rudo-03-768x1097.jpg 768w, https:\/\/centrala.org.uk\/pl\/wp-content\/uploads\/sites\/2\/2025\/09\/Rudo-03-1075x1536.jpg 1075w, https:\/\/centrala.org.uk\/pl\/wp-content\/uploads\/sites\/2\/2025\/09\/Rudo-03-1433x2048.jpg 1433w, https:\/\/centrala.org.uk\/pl\/wp-content\/uploads\/sites\/2\/2025\/09\/Rudo-03-630x900.jpg 630w, https:\/\/centrala.org.uk\/pl\/wp-content\/uploads\/sites\/2\/2025\/09\/Rudo-03-210x300.jpg 210w, https:\/\/centrala.org.uk\/pl\/wp-content\/uploads\/sites\/2\/2025\/09\/Rudo-03-480x686.jpg 480w, https:\/\/centrala.org.uk\/pl\/wp-content\/uploads\/sites\/2\/2025\/09\/Rudo-03.jpg 1488w\" sizes=\"auto, (max-width: 220px) 100vw, 220px\" \/><\/a>\n\t\t\t<\/div><\/figure><figure class='gallery-item'>\n\t\t\t<div class='gallery-icon portrait'>\n\t\t\t\t<a href='https:\/\/centrala.org.uk\/pl\/?attachment_id=2697'><img loading=\"lazy\" decoding=\"async\" width=\"220\" height=\"314\" src=\"https:\/\/centrala.org.uk\/pl\/wp-content\/uploads\/sites\/2\/2025\/09\/Rudo-02-220x314.jpg\" class=\"attachment-thumbnail size-thumbnail\" alt=\"\" srcset=\"https:\/\/centrala.org.uk\/pl\/wp-content\/uploads\/sites\/2\/2025\/09\/Rudo-02-220x314.jpg 220w, https:\/\/centrala.org.uk\/pl\/wp-content\/uploads\/sites\/2\/2025\/09\/Rudo-02-640x914.jpg 640w, https:\/\/centrala.org.uk\/pl\/wp-content\/uploads\/sites\/2\/2025\/09\/Rudo-02-1400x2000.jpg 1400w, https:\/\/centrala.org.uk\/pl\/wp-content\/uploads\/sites\/2\/2025\/09\/Rudo-02-768x1097.jpg 768w, https:\/\/centrala.org.uk\/pl\/wp-content\/uploads\/sites\/2\/2025\/09\/Rudo-02-1075x1536.jpg 1075w, https:\/\/centrala.org.uk\/pl\/wp-content\/uploads\/sites\/2\/2025\/09\/Rudo-02-1433x2048.jpg 1433w, https:\/\/centrala.org.uk\/pl\/wp-content\/uploads\/sites\/2\/2025\/09\/Rudo-02-630x900.jpg 630w, https:\/\/centrala.org.uk\/pl\/wp-content\/uploads\/sites\/2\/2025\/09\/Rudo-02-210x300.jpg 210w, https:\/\/centrala.org.uk\/pl\/wp-content\/uploads\/sites\/2\/2025\/09\/Rudo-02-480x686.jpg 480w, https:\/\/centrala.org.uk\/pl\/wp-content\/uploads\/sites\/2\/2025\/09\/Rudo-02.jpg 1488w\" sizes=\"auto, (max-width: 220px) 100vw, 220px\" \/><\/a>\n\t\t\t<\/div><\/figure><figure class='gallery-item'>\n\t\t\t<div class='gallery-icon portrait'>\n\t\t\t\t<a href='https:\/\/centrala.org.uk\/pl\/?attachment_id=2696'><img loading=\"lazy\" decoding=\"async\" width=\"220\" height=\"314\" src=\"https:\/\/centrala.org.uk\/pl\/wp-content\/uploads\/sites\/2\/2025\/09\/Rudo-04-220x314.jpg\" class=\"attachment-thumbnail size-thumbnail\" alt=\"\" srcset=\"https:\/\/centrala.org.uk\/pl\/wp-content\/uploads\/sites\/2\/2025\/09\/Rudo-04-220x314.jpg 220w, https:\/\/centrala.org.uk\/pl\/wp-content\/uploads\/sites\/2\/2025\/09\/Rudo-04-640x914.jpg 640w, https:\/\/centrala.org.uk\/pl\/wp-content\/uploads\/sites\/2\/2025\/09\/Rudo-04-1400x2000.jpg 1400w, https:\/\/centrala.org.uk\/pl\/wp-content\/uploads\/sites\/2\/2025\/09\/Rudo-04-768x1097.jpg 768w, https:\/\/centrala.org.uk\/pl\/wp-content\/uploads\/sites\/2\/2025\/09\/Rudo-04-1075x1536.jpg 1075w, https:\/\/centrala.org.uk\/pl\/wp-content\/uploads\/sites\/2\/2025\/09\/Rudo-04-1433x2048.jpg 1433w, https:\/\/centrala.org.uk\/pl\/wp-content\/uploads\/sites\/2\/2025\/09\/Rudo-04-630x900.jpg 630w, https:\/\/centrala.org.uk\/pl\/wp-content\/uploads\/sites\/2\/2025\/09\/Rudo-04-210x300.jpg 210w, https:\/\/centrala.org.uk\/pl\/wp-content\/uploads\/sites\/2\/2025\/09\/Rudo-04-480x686.jpg 480w, https:\/\/centrala.org.uk\/pl\/wp-content\/uploads\/sites\/2\/2025\/09\/Rudo-04.jpg 1488w\" sizes=\"auto, (max-width: 220px) 100vw, 220px\" \/><\/a>\n\t\t\t<\/div><\/figure>\n\t\t<\/div>\nKiedy rozmawia\u0142am z angielsk\u0105 t\u0142umaczk\u0105 s\u0142owackiej prozy o mo\u017cliwo\u015bci przeniesienia m\u0105dro\u015bci Ruda na polski i anglosaski grunt, z pe\u0142nym przekonaniem powiedzia\u0142a, \u017ce Rudo w Anglii \u201enie przejdzie\u201d. It&#8217;s too late! Zachodni \u015bwiat dobrn\u0105\u0142 ju\u017c na ostry kraniec poprawno\u015bci politycznej i \u017ceby bawi\u0107 si\u0119 swobodnie wszystkimi mo\u017cliwo\u015bciami, kt\u00f3re daje nam czarny humor, nale\u017cy mie\u0107 du\u017co pieni\u0119dzy na prawnik\u00f3w i stalowe nerwy. \u017baden z angielskich ksi\u0119garzy nie wy\u0142o\u017cy \u201eRuda\u201d na p\u00f3\u0142ki. Na pewno nie w czasach hulaj\u0105cej cancel culture. A w Polsce? W tym kraju, gdzie fochem strzela si\u0119 na prawo i lewo, w kraju, kt\u00f3ry ledwo ud\u017awign\u0105\u0142 Gombrowicza, ledwo si\u0119 wykaraska\u0142 z jego krytyki, nigdy nie otwar\u0142szy si\u0119 na kolejnego prze\u015bmiewc\u0119? Czy w Polsce ten humor si\u0119 przyjmie? Czy ud\u017awigniecie go? Kochani, dacie rad\u0119?! A mo\u017ce napuszycie si\u0119 i prychniecie z niesmakiem? Nie wiem, doprawdy nie wiem, czym sko\u0144czy si\u0119 lektura \u201eRuda\u201d, ale postawi\u0142am ju\u017c kilka zak\u0142ad\u00f3w i zacieram r\u0119ce.<\/p>\n<p>Daniela Majlinga mo\u017cecie ju\u017c zna\u0107 z doskona\u0142ego, absurdalnego zbioru \u201eRuska klasyka\u201d. Je\u015bli jednak to wasze pierwsze spotkanie z tym autorem, warto zaznaczy\u0107, \u017ce Majling jest na co dzie\u0144 dramaturgiem w s\u0142owackim Teatrze Narodowym w Bratys\u0142awie.<\/p>\n<p>Historia Ruda jest w zasadzie pomy\u015blana i wierna w swej strukturze sitcomowym serialom. Je\u015bli wyrastali\u015bcie na \u201e\u015awiecie wed\u0142ug Kiepskich\u201d, kochali\u015bcie serial \u201eM.A.S.H.\u201d, znacie na pami\u0119\u0107 teksty Sheldona z \u201eTeorii wielkiego podrywu\u201d, a mo\u017ce dodatkowo ulegli\u015bcie czarowi najnowszej polskiej produkcji, serialowi \u201e1670\u201d, istnieje prawdopodobie\u0144stwo granicz\u0105ce z pewno\u015bci\u0105, \u017ce \u201eRudo\u201d znajdzie przytulne miejsce w Waszych sercach.<\/p>\n<p>Weronika Gogola<\/p>\n","protected":false},"excerpt":{"rendered":"<p>Prosto z Bratys\u0142awy.<\/p>\n","protected":false},"featured_media":2698,"comment_status":"closed","ping_status":"closed","template":"","meta":{"_acf_changed":false},"product_brand":[],"product_cat":[27,32],"product_tag":[10088,9936],"series":[10112],"class_list":{"0":"post-2695","1":"product","2":"type-product","3":"status-publish","4":"has-post-thumbnail","6":"product_cat-powiesc-graficzna","7":"product_cat-komiks","8":"product_tag-slowackie","9":"product_tag-spoleczne","10":"series-zycie","12":"first","13":"instock","14":"sale","15":"shipping-taxable","16":"purchasable","17":"product-type-simple"},"acf":[],"_links":{"self":[{"href":"https:\/\/centrala.org.uk\/pl\/wp-json\/wp\/v2\/product\/2695","targetHints":{"allow":["GET"]}}],"collection":[{"href":"https:\/\/centrala.org.uk\/pl\/wp-json\/wp\/v2\/product"}],"about":[{"href":"https:\/\/centrala.org.uk\/pl\/wp-json\/wp\/v2\/types\/product"}],"replies":[{"embeddable":true,"href":"https:\/\/centrala.org.uk\/pl\/wp-json\/wp\/v2\/comments?post=2695"}],"wp:featuredmedia":[{"embeddable":true,"href":"https:\/\/centrala.org.uk\/pl\/wp-json\/wp\/v2\/media\/2698"}],"wp:attachment":[{"href":"https:\/\/centrala.org.uk\/pl\/wp-json\/wp\/v2\/media?parent=2695"}],"wp:term":[{"taxonomy":"product_brand","embeddable":true,"href":"https:\/\/centrala.org.uk\/pl\/wp-json\/wp\/v2\/product_brand?post=2695"},{"taxonomy":"product_cat","embeddable":true,"href":"https:\/\/centrala.org.uk\/pl\/wp-json\/wp\/v2\/product_cat?post=2695"},{"taxonomy":"product_tag","embeddable":true,"href":"https:\/\/centrala.org.uk\/pl\/wp-json\/wp\/v2\/product_tag?post=2695"},{"taxonomy":"series","embeddable":true,"href":"https:\/\/centrala.org.uk\/pl\/wp-json\/wp\/v2\/series?post=2695"}],"curies":[{"name":"wp","href":"https:\/\/api.w.org\/{rel}","templated":true}]}}