{"id":2709,"date":"2025-09-10T12:03:01","date_gmt":"2025-09-10T10:03:01","guid":{"rendered":"http:\/\/centrala.org.uk\/pl\/?post_type=product&#038;p=2709"},"modified":"2025-09-29T12:46:07","modified_gmt":"2025-09-29T10:46:07","slug":"swieta-barbora","status":"publish","type":"product","link":"https:\/\/centrala.org.uk\/pl\/sklep\/swieta-barbora\/","title":{"rendered":"\u015awi\u0119ta Barbora"},"content":{"rendered":"<p>\u201e\u015awi\u0119ta Barbora\u201d to jedna z najbardziej ambitnych i najlepszych rzeczy, jakie powsta\u0142y we wsp\u00f3\u0142czesnym czeskim komiksie. Pokazuje, jakie s\u0105 mo\u017cliwo\u015bci komiksu jako medium. Na przyk\u0142ad pozwala czytelnikowi zatraci\u0107 si\u0119 w czasie i przestrzeni w inny spos\u00f3b, ni\u017c czyni to film czy literatura. W mgnieniu oka, czy poprzez przewr\u00f3cenie strony, potrafi przeskakiwa\u0107 mi\u0119dzy planem og\u00f3lnym a zanurzaniem si\u0119 w samo sedno zdarze\u0144. [&#8230;] \u201e\u015awi\u0119ta Barbora\u201d to dzie\u0142o wykraczaj\u0105ce daleko poza horyzont jednej szalonej historii. To wci\u0105gaj\u0105ca lektura, pozwalaj\u0105ca czytelnikowi na chwil\u0119 popa\u015b\u0107 w obsesj\u0119, by nast\u0119pnie wyp\u0119dzi\u0107 z niego demona i pozostawi\u0107 go na pastw\u0119 w\u0142asnych my\u015bli. Na temat prawdy, rodziny i kwestii wykraczaj\u0105cych poza ludzkie poj\u0119cie.<br \/>\nTom\u00e1\u0161 Stejskal, Aktu\u00e1ln\u011b.cz<\/p>\n<p>Wyj\u0105tkowa ksi\u0105\u017cka \u2013 nie tylko pod wzgl\u0119dem scenariusza, ale przede wszystkim oprawy graficznej. Czytelnik wpada w co\u015b w rodzaju komiksowego skandynawskiego krymina\u0142u, z jego mrokiem i paranoj\u0105.<br \/>\nKate\u0159ina \u010copjakov\u00e1, \u201eRespekt\u201d<\/p>\n<p>\u201e\u015awi\u0119ta Barbora\u201c to uniwersalne studium ludzkiej obsesji z elementami wsp\u00f3\u0142czesnego krymina\u0142u, wyj\u0105tkowo trafnie obna\u017caj\u0105ce dynamik\u0119 manipulacji, sposoby wykorzystywania narz\u0119dzi w\u0142adzy i kszta\u0142towania si\u0119 kultu jednostki.<br \/>\nJarmila K\u0159enkov\u00e1, \u201eHost\u201d<div id='gallery-1' class='gallery galleryid-2709 gallery-columns-3 gallery-size-thumbnail'><figure class='gallery-item'>\n\t\t\t<div class='gallery-icon portrait'>\n\t\t\t\t<a href='https:\/\/centrala.org.uk\/pl\/?attachment_id=2712'><img loading=\"lazy\" decoding=\"async\" width=\"220\" height=\"313\" src=\"https:\/\/centrala.org.uk\/pl\/wp-content\/uploads\/sites\/2\/2025\/09\/SwietaBarbora_Sample_2-Large-220x313.jpeg\" class=\"attachment-thumbnail size-thumbnail\" alt=\"\" srcset=\"https:\/\/centrala.org.uk\/pl\/wp-content\/uploads\/sites\/2\/2025\/09\/SwietaBarbora_Sample_2-Large-220x313.jpeg 220w, https:\/\/centrala.org.uk\/pl\/wp-content\/uploads\/sites\/2\/2025\/09\/SwietaBarbora_Sample_2-Large-640x909.jpeg 640w, https:\/\/centrala.org.uk\/pl\/wp-content\/uploads\/sites\/2\/2025\/09\/SwietaBarbora_Sample_2-Large-768x1091.jpeg 768w, https:\/\/centrala.org.uk\/pl\/wp-content\/uploads\/sites\/2\/2025\/09\/SwietaBarbora_Sample_2-Large-634x900.jpeg 634w, https:\/\/centrala.org.uk\/pl\/wp-content\/uploads\/sites\/2\/2025\/09\/SwietaBarbora_Sample_2-Large-210x298.jpeg 210w, https:\/\/centrala.org.uk\/pl\/wp-content\/uploads\/sites\/2\/2025\/09\/SwietaBarbora_Sample_2-Large-480x682.jpeg 480w, https:\/\/centrala.org.uk\/pl\/wp-content\/uploads\/sites\/2\/2025\/09\/SwietaBarbora_Sample_2-Large.jpeg 901w\" sizes=\"auto, (max-width: 220px) 100vw, 220px\" \/><\/a>\n\t\t\t<\/div><\/figure><figure class='gallery-item'>\n\t\t\t<div class='gallery-icon portrait'>\n\t\t\t\t<a href='https:\/\/centrala.org.uk\/pl\/?attachment_id=2713'><img loading=\"lazy\" decoding=\"async\" width=\"220\" height=\"313\" src=\"https:\/\/centrala.org.uk\/pl\/wp-content\/uploads\/sites\/2\/2025\/09\/SwietaBarbora_Sample_3-Large-220x313.jpeg\" class=\"attachment-thumbnail size-thumbnail\" alt=\"\" srcset=\"https:\/\/centrala.org.uk\/pl\/wp-content\/uploads\/sites\/2\/2025\/09\/SwietaBarbora_Sample_3-Large-220x313.jpeg 220w, https:\/\/centrala.org.uk\/pl\/wp-content\/uploads\/sites\/2\/2025\/09\/SwietaBarbora_Sample_3-Large-640x909.jpeg 640w, https:\/\/centrala.org.uk\/pl\/wp-content\/uploads\/sites\/2\/2025\/09\/SwietaBarbora_Sample_3-Large-768x1091.jpeg 768w, https:\/\/centrala.org.uk\/pl\/wp-content\/uploads\/sites\/2\/2025\/09\/SwietaBarbora_Sample_3-Large-634x900.jpeg 634w, https:\/\/centrala.org.uk\/pl\/wp-content\/uploads\/sites\/2\/2025\/09\/SwietaBarbora_Sample_3-Large-210x298.jpeg 210w, https:\/\/centrala.org.uk\/pl\/wp-content\/uploads\/sites\/2\/2025\/09\/SwietaBarbora_Sample_3-Large-480x682.jpeg 480w, https:\/\/centrala.org.uk\/pl\/wp-content\/uploads\/sites\/2\/2025\/09\/SwietaBarbora_Sample_3-Large.jpeg 901w\" sizes=\"auto, (max-width: 220px) 100vw, 220px\" \/><\/a>\n\t\t\t<\/div><\/figure><figure class='gallery-item'>\n\t\t\t<div class='gallery-icon portrait'>\n\t\t\t\t<a href='https:\/\/centrala.org.uk\/pl\/?attachment_id=2714'><img loading=\"lazy\" decoding=\"async\" width=\"220\" height=\"313\" src=\"https:\/\/centrala.org.uk\/pl\/wp-content\/uploads\/sites\/2\/2025\/09\/SwietaBarbora_Sample_1-Large-220x313.jpeg\" class=\"attachment-thumbnail size-thumbnail\" alt=\"\" srcset=\"https:\/\/centrala.org.uk\/pl\/wp-content\/uploads\/sites\/2\/2025\/09\/SwietaBarbora_Sample_1-Large-220x313.jpeg 220w, https:\/\/centrala.org.uk\/pl\/wp-content\/uploads\/sites\/2\/2025\/09\/SwietaBarbora_Sample_1-Large-640x909.jpeg 640w, https:\/\/centrala.org.uk\/pl\/wp-content\/uploads\/sites\/2\/2025\/09\/SwietaBarbora_Sample_1-Large-768x1091.jpeg 768w, https:\/\/centrala.org.uk\/pl\/wp-content\/uploads\/sites\/2\/2025\/09\/SwietaBarbora_Sample_1-Large-634x900.jpeg 634w, https:\/\/centrala.org.uk\/pl\/wp-content\/uploads\/sites\/2\/2025\/09\/SwietaBarbora_Sample_1-Large-210x298.jpeg 210w, https:\/\/centrala.org.uk\/pl\/wp-content\/uploads\/sites\/2\/2025\/09\/SwietaBarbora_Sample_1-Large-480x682.jpeg 480w, https:\/\/centrala.org.uk\/pl\/wp-content\/uploads\/sites\/2\/2025\/09\/SwietaBarbora_Sample_1-Large.jpeg 901w\" sizes=\"auto, (max-width: 220px) 100vw, 220px\" \/><\/a>\n\t\t\t<\/div><\/figure>\n\t\t<\/div>\n<\/p>\n","protected":false},"excerpt":{"rendered":"<p>NAGRODA MURIEL 2018 ZA NAJLEPSZE RYSUNKI<br \/>\nNAGRODA CZESKIEJ AKADEMII KOMIKSU 2018 ZA NAJLEPSZY KOMIKS<\/p>\n","protected":false},"featured_media":2710,"comment_status":"closed","ping_status":"closed","template":"","meta":{"_acf_changed":false},"product_brand":[],"product_cat":[27,32],"product_tag":[300,10091,10090,9995,10093,10092],"series":[10112],"class_list":{"0":"post-2709","1":"product","2":"type-product","3":"status-publish","4":"has-post-thumbnail","6":"product_cat-powiesc-graficzna","7":"product_cat-komiks","8":"product_tag-czeski-komiks","9":"product_tag-kryminal","10":"product_tag-muriel","11":"product_tag-nagradzane","12":"product_tag-oparte-na-faktach","13":"product_tag-paranormalne","14":"series-zycie","16":"first","17":"instock","18":"sale","19":"shipping-taxable","20":"purchasable","21":"product-type-simple"},"acf":[],"_links":{"self":[{"href":"https:\/\/centrala.org.uk\/pl\/wp-json\/wp\/v2\/product\/2709","targetHints":{"allow":["GET"]}}],"collection":[{"href":"https:\/\/centrala.org.uk\/pl\/wp-json\/wp\/v2\/product"}],"about":[{"href":"https:\/\/centrala.org.uk\/pl\/wp-json\/wp\/v2\/types\/product"}],"replies":[{"embeddable":true,"href":"https:\/\/centrala.org.uk\/pl\/wp-json\/wp\/v2\/comments?post=2709"}],"wp:featuredmedia":[{"embeddable":true,"href":"https:\/\/centrala.org.uk\/pl\/wp-json\/wp\/v2\/media\/2710"}],"wp:attachment":[{"href":"https:\/\/centrala.org.uk\/pl\/wp-json\/wp\/v2\/media?parent=2709"}],"wp:term":[{"taxonomy":"product_brand","embeddable":true,"href":"https:\/\/centrala.org.uk\/pl\/wp-json\/wp\/v2\/product_brand?post=2709"},{"taxonomy":"product_cat","embeddable":true,"href":"https:\/\/centrala.org.uk\/pl\/wp-json\/wp\/v2\/product_cat?post=2709"},{"taxonomy":"product_tag","embeddable":true,"href":"https:\/\/centrala.org.uk\/pl\/wp-json\/wp\/v2\/product_tag?post=2709"},{"taxonomy":"series","embeddable":true,"href":"https:\/\/centrala.org.uk\/pl\/wp-json\/wp\/v2\/series?post=2709"}],"curies":[{"name":"wp","href":"https:\/\/api.w.org\/{rel}","templated":true}]}}