{"id":2747,"date":"2025-12-09T22:22:17","date_gmt":"2025-12-09T21:22:17","guid":{"rendered":"http:\/\/centrala.org.uk\/pl\/?post_type=product&#038;p=2747"},"modified":"2025-12-09T22:34:23","modified_gmt":"2025-12-09T21:34:23","slug":"rok-zero","status":"publish","type":"product","link":"https:\/\/centrala.org.uk\/pl\/sklep\/rok-zero\/","title":{"rendered":"Rok zero"},"content":{"rendered":"<p><div id='gallery-1' class='gallery galleryid-2747 gallery-columns-3 gallery-size-thumbnail'><figure class='gallery-item'>\n\t\t\t<div class='gallery-icon portrait'>\n\t\t\t\t<a href='https:\/\/centrala.org.uk\/pl\/?attachment_id=2749'><img loading=\"lazy\" decoding=\"async\" width=\"220\" height=\"260\" src=\"https:\/\/centrala.org.uk\/pl\/wp-content\/uploads\/sites\/2\/2025\/12\/RokZero_1-220x260.jpeg\" class=\"attachment-thumbnail size-thumbnail\" alt=\"\" srcset=\"https:\/\/centrala.org.uk\/pl\/wp-content\/uploads\/sites\/2\/2025\/12\/RokZero_1-220x260.jpeg 220w, https:\/\/centrala.org.uk\/pl\/wp-content\/uploads\/sites\/2\/2025\/12\/RokZero_1-640x755.jpeg 640w, https:\/\/centrala.org.uk\/pl\/wp-content\/uploads\/sites\/2\/2025\/12\/RokZero_1-1400x1651.jpeg 1400w, https:\/\/centrala.org.uk\/pl\/wp-content\/uploads\/sites\/2\/2025\/12\/RokZero_1-768x906.jpeg 768w, https:\/\/centrala.org.uk\/pl\/wp-content\/uploads\/sites\/2\/2025\/12\/RokZero_1-1302x1536.jpeg 1302w, https:\/\/centrala.org.uk\/pl\/wp-content\/uploads\/sites\/2\/2025\/12\/RokZero_1-1736x2048.jpeg 1736w, https:\/\/centrala.org.uk\/pl\/wp-content\/uploads\/sites\/2\/2025\/12\/RokZero_1-763x900.jpeg 763w, https:\/\/centrala.org.uk\/pl\/wp-content\/uploads\/sites\/2\/2025\/12\/RokZero_1-210x248.jpeg 210w, https:\/\/centrala.org.uk\/pl\/wp-content\/uploads\/sites\/2\/2025\/12\/RokZero_1-480x566.jpeg 480w\" sizes=\"auto, (max-width: 220px) 100vw, 220px\" \/><\/a>\n\t\t\t<\/div><\/figure><figure class='gallery-item'>\n\t\t\t<div class='gallery-icon portrait'>\n\t\t\t\t<a href='https:\/\/centrala.org.uk\/pl\/?attachment_id=2750'><img loading=\"lazy\" decoding=\"async\" width=\"220\" height=\"260\" src=\"https:\/\/centrala.org.uk\/pl\/wp-content\/uploads\/sites\/2\/2025\/12\/RokZero_4-220x260.jpeg\" class=\"attachment-thumbnail size-thumbnail\" alt=\"\" srcset=\"https:\/\/centrala.org.uk\/pl\/wp-content\/uploads\/sites\/2\/2025\/12\/RokZero_4-220x260.jpeg 220w, https:\/\/centrala.org.uk\/pl\/wp-content\/uploads\/sites\/2\/2025\/12\/RokZero_4-640x755.jpeg 640w, https:\/\/centrala.org.uk\/pl\/wp-content\/uploads\/sites\/2\/2025\/12\/RokZero_4-1400x1651.jpeg 1400w, https:\/\/centrala.org.uk\/pl\/wp-content\/uploads\/sites\/2\/2025\/12\/RokZero_4-768x906.jpeg 768w, https:\/\/centrala.org.uk\/pl\/wp-content\/uploads\/sites\/2\/2025\/12\/RokZero_4-1302x1536.jpeg 1302w, https:\/\/centrala.org.uk\/pl\/wp-content\/uploads\/sites\/2\/2025\/12\/RokZero_4-1736x2048.jpeg 1736w, https:\/\/centrala.org.uk\/pl\/wp-content\/uploads\/sites\/2\/2025\/12\/RokZero_4-763x900.jpeg 763w, https:\/\/centrala.org.uk\/pl\/wp-content\/uploads\/sites\/2\/2025\/12\/RokZero_4-210x248.jpeg 210w, https:\/\/centrala.org.uk\/pl\/wp-content\/uploads\/sites\/2\/2025\/12\/RokZero_4-480x566.jpeg 480w\" sizes=\"auto, (max-width: 220px) 100vw, 220px\" \/><\/a>\n\t\t\t<\/div><\/figure><figure class='gallery-item'>\n\t\t\t<div class='gallery-icon portrait'>\n\t\t\t\t<a href='https:\/\/centrala.org.uk\/pl\/?attachment_id=2751'><img loading=\"lazy\" decoding=\"async\" width=\"220\" height=\"260\" src=\"https:\/\/centrala.org.uk\/pl\/wp-content\/uploads\/sites\/2\/2025\/12\/RokZero_2-220x260.jpeg\" class=\"attachment-thumbnail size-thumbnail\" alt=\"\" srcset=\"https:\/\/centrala.org.uk\/pl\/wp-content\/uploads\/sites\/2\/2025\/12\/RokZero_2-220x260.jpeg 220w, https:\/\/centrala.org.uk\/pl\/wp-content\/uploads\/sites\/2\/2025\/12\/RokZero_2-210x248.jpeg 210w, https:\/\/centrala.org.uk\/pl\/wp-content\/uploads\/sites\/2\/2025\/12\/RokZero_2-480x566.jpeg 480w, https:\/\/centrala.org.uk\/pl\/wp-content\/uploads\/sites\/2\/2025\/12\/RokZero_2.jpeg 640w\" sizes=\"auto, (max-width: 220px) 100vw, 220px\" \/><\/a>\n\t\t\t<\/div><\/figure><figure class='gallery-item'>\n\t\t\t<div class='gallery-icon portrait'>\n\t\t\t\t<a href='https:\/\/centrala.org.uk\/pl\/?attachment_id=2752'><img loading=\"lazy\" decoding=\"async\" width=\"220\" height=\"261\" src=\"https:\/\/centrala.org.uk\/pl\/wp-content\/uploads\/sites\/2\/2025\/12\/RokZero_3-220x261.jpeg\" class=\"attachment-thumbnail size-thumbnail\" alt=\"\" srcset=\"https:\/\/centrala.org.uk\/pl\/wp-content\/uploads\/sites\/2\/2025\/12\/RokZero_3-220x261.jpeg 220w, https:\/\/centrala.org.uk\/pl\/wp-content\/uploads\/sites\/2\/2025\/12\/RokZero_3-210x249.jpeg 210w, https:\/\/centrala.org.uk\/pl\/wp-content\/uploads\/sites\/2\/2025\/12\/RokZero_3-480x569.jpeg 480w, https:\/\/centrala.org.uk\/pl\/wp-content\/uploads\/sites\/2\/2025\/12\/RokZero_3.jpeg 640w\" sizes=\"auto, (max-width: 220px) 100vw, 220px\" \/><\/a>\n\t\t\t<\/div><\/figure>\n\t\t<\/div>\n<br \/>\nFrenk Meeuwsen, holenderski rysownik komiks\u00f3w, mieszka i pracuje w Amsterdamie i w\u0142a\u015bciwie nigdy nie chcia\u0142 zosta\u0107 ojcem. Pocz\u0105tkowo kategorycznie odrzuca pragnienie posiadania dziecka przez swoj\u0105 partnerk\u0119 Zaz\u0119, tak jak wcze\u015bniej w innych zwi\u0105zkach&#8230; Ale wizja posiadania dziecka w\u0142a\u015bnie z Zaz\u0105 nie daje mu spokoju, zw\u0142aszcza \u017ce wydaje si\u0119 to dla niej bardzo wa\u017cne.<\/p>\n<p>Towarzyszymy parze od momentu podj\u0119cia przez Frenka decyzji o zostaniu ojcem przez rok, a\u017c do narodzin ich wsp\u00f3lnego syna. Rok pe\u0142en w\u0105tpliwo\u015bci i nadziei. Rok, kt\u00f3ry up\u0142ywa pod znakiem ci\u0105\u017cy, uci\u0105\u017cliwych krewnych, porodu i pierwszych miesi\u0119cy z dzieckiem. Delikatna, intymna ale bardzo szczera opowie\u015b\u0107 o partnerstwie i ojcowstwie.<\/p>\n<p>Frenk Meeuwsen urodzi\u0142 si\u0119 w Amsterdamie. Jest malarzem i rysownikiem komiks\u00f3w. Studiowa\u0142 w Gerrit Rietveld Academy i Rijksakademie of Visual Arts w Amsterdamie i wystawia\u0142 swoje obrazy w Holandii i zagranic\u0105. Od dawna interesuje si\u0119 naukami Dalekiego Wschodu i sztukami walki &#8211; sam posiada czarny pas w karate.<br \/>\nW po\u0142owie lat 90\u2019 mieszka\u0142 w mie\u015bcie-\u015bwi\u0105tyni Kioto, gdzie stworzy\u0142 r\u00f3wnie\u017c wiele japo\u0144skich szkic\u00f3w, kt\u00f3re p\u00f3\u017aniej wykorzysta\u0142 w swojej pierwszej powie\u015bci graficznej Zen bez mistrza, Centrala 2021. Nast\u0119pnie ukaza\u0142 si\u0119 na wp\u00f3\u0142 autobiograficzny Rok zero.<\/p>\n","protected":false},"excerpt":{"rendered":"<p>Holenderska powie\u015b\u0107 graficzna o ojcostwie i rodzicielstwie.<\/p>\n","protected":false},"featured_media":2748,"comment_status":"closed","ping_status":"closed","template":"","meta":{"_acf_changed":false},"product_brand":[],"product_cat":[27,32],"product_tag":[10101,56,10103,10102,10104,10105],"series":[10112],"class_list":{"0":"post-2747","1":"product","2":"type-product","3":"status-publish","4":"has-post-thumbnail","6":"product_cat-powiesc-graficzna","7":"product_cat-komiks","8":"product_tag-frenk-meeuwsen","9":"product_tag-holenderskie","10":"product_tag-ojcostwo","11":"product_tag-rodzicielstwo","12":"product_tag-rodzina","13":"product_tag-zwiazki","14":"series-zycie","16":"first","17":"instock","18":"sale","19":"shipping-taxable","20":"purchasable","21":"product-type-simple"},"acf":[],"_links":{"self":[{"href":"https:\/\/centrala.org.uk\/pl\/wp-json\/wp\/v2\/product\/2747","targetHints":{"allow":["GET"]}}],"collection":[{"href":"https:\/\/centrala.org.uk\/pl\/wp-json\/wp\/v2\/product"}],"about":[{"href":"https:\/\/centrala.org.uk\/pl\/wp-json\/wp\/v2\/types\/product"}],"replies":[{"embeddable":true,"href":"https:\/\/centrala.org.uk\/pl\/wp-json\/wp\/v2\/comments?post=2747"}],"wp:featuredmedia":[{"embeddable":true,"href":"https:\/\/centrala.org.uk\/pl\/wp-json\/wp\/v2\/media\/2748"}],"wp:attachment":[{"href":"https:\/\/centrala.org.uk\/pl\/wp-json\/wp\/v2\/media?parent=2747"}],"wp:term":[{"taxonomy":"product_brand","embeddable":true,"href":"https:\/\/centrala.org.uk\/pl\/wp-json\/wp\/v2\/product_brand?post=2747"},{"taxonomy":"product_cat","embeddable":true,"href":"https:\/\/centrala.org.uk\/pl\/wp-json\/wp\/v2\/product_cat?post=2747"},{"taxonomy":"product_tag","embeddable":true,"href":"https:\/\/centrala.org.uk\/pl\/wp-json\/wp\/v2\/product_tag?post=2747"},{"taxonomy":"series","embeddable":true,"href":"https:\/\/centrala.org.uk\/pl\/wp-json\/wp\/v2\/series?post=2747"}],"curies":[{"name":"wp","href":"https:\/\/api.w.org\/{rel}","templated":true}]}}