{"id":2758,"date":"2026-01-19T15:50:32","date_gmt":"2026-01-19T14:50:32","guid":{"rendered":"http:\/\/centrala.org.uk\/centrala_test\/pl\/?post_type=product&#038;p=2758"},"modified":"2026-01-24T20:48:25","modified_gmt":"2026-01-24T19:48:25","slug":"deratyzator","status":"publish","type":"product","link":"https:\/\/centrala.org.uk\/pl\/sklep\/deratyzator\/","title":{"rendered":"Deratyzator"},"content":{"rendered":"<p>Wszyscy, kt\u00f3rych kiedykolwiek pozna\u0142, ju\u017c od wiek\u00f3w nie \u017cyj\u0105. Izolacja i samotno\u015b\u0107 towarzysz\u0105 mu w drodze przez opustosza\u0142\u0105 krain\u0119, kt\u00f3ra niczym lodowe lustro kolosalnych rozmiar\u00f3w odzwierciedla od niechcenia owe emocje. A g\u0142uche echo upad\u0142ej cywilizacji wci\u0105\u017c niesie charakterystyczny dla ludzi wzorzec zachowa\u0144 \u2013 nieustanny b\u00f3j ze \u015bmierci\u0105. Cz\u0119\u015b\u0107 walczy klasycznie. Jednak s\u0105 te\u017c tajne obszary, w kt\u00f3rych walk\u0119 wspiera sojusz technologii z mroczn\u0105 magi\u0105. Jednym z nich jest miasto, pokiereszowane przez apokalips\u0119, trwaj\u0105ce w parodii normalnego \u017cycia. To tam los sprowadza specjalist\u0119 od likwidacji szczur\u00f3w. Tyle \u017ce gryzonie to najmniejszy problem tego miejsca&#8230;<br \/>\nBardzo swobodna adaptacja klasycznej legendy o szczuro\u0142apie w postapokaliptycznej ods\u0142onie. Pod wzgl\u0119dem struktury jest to w zasadzie western, w kt\u00f3rym samotny w\u0119drowiec przybywa do miasta i naprawia tam to, co zepsute, u\u017cywaj\u0105c w tym celu starej, dobrej i uzasadnionej przemocy. W\u0119drowiec uzbrojony jest ju\u017c nie w dwa rewolwery, ale w dwa karambity oraz w tysi\u0105cletnie do\u015bwiadczenia w walce wr\u0119cz. Jednak ta d\u0142ugowieczno\u015b\u0107 jest jednocze\u015bnie jego przekle\u0144stwem, maj\u0105cym zwi\u0105zek z tajemnicz\u0105 postaci\u0105, kt\u00f3ra wsz\u0119dzie za nim pod\u0105\u017ca, a by\u0107 mo\u017ce wr\u0119cz kieruje jego krokami. Jak ka\u017cdy prawdziwy szczuro\u0142ap, ten r\u00f3wnie\u017c wystawia ludzko\u015b\u0107 na pr\u00f3b\u0119, oferuj\u0105c jej niechcian\u0105 pomoc w walce z plag\u0105 szczur\u00f3w, z t\u0105 r\u00f3\u017cnic\u0105, \u017ce nie u\u017cywa w tym celu fletu.<\/p>\n","protected":false},"excerpt":{"rendered":"<p>Deratyzator to metodyczna, powolna rze\u017a SF w mrocznej oprawie. <\/p>\n","protected":false},"featured_media":2759,"comment_status":"closed","ping_status":"closed","template":"","meta":{"_acf_changed":false},"product_brand":[],"product_cat":[27,32],"product_tag":[226,300,10117,10116,10118],"series":[10112],"class_list":{"0":"post-2758","1":"product","2":"type-product","3":"status-publish","4":"has-post-thumbnail","6":"product_cat-powiesc-graficzna","7":"product_cat-komiks","8":"product_tag-czeski","9":"product_tag-czeski-komiks","10":"product_tag-horror","11":"product_tag-sci-fi","12":"product_tag-thiller","13":"series-zycie","15":"first","16":"instock","17":"sale","18":"shipping-taxable","19":"purchasable","20":"product-type-simple"},"acf":[],"_links":{"self":[{"href":"https:\/\/centrala.org.uk\/pl\/wp-json\/wp\/v2\/product\/2758","targetHints":{"allow":["GET"]}}],"collection":[{"href":"https:\/\/centrala.org.uk\/pl\/wp-json\/wp\/v2\/product"}],"about":[{"href":"https:\/\/centrala.org.uk\/pl\/wp-json\/wp\/v2\/types\/product"}],"replies":[{"embeddable":true,"href":"https:\/\/centrala.org.uk\/pl\/wp-json\/wp\/v2\/comments?post=2758"}],"wp:featuredmedia":[{"embeddable":true,"href":"https:\/\/centrala.org.uk\/pl\/wp-json\/wp\/v2\/media\/2759"}],"wp:attachment":[{"href":"https:\/\/centrala.org.uk\/pl\/wp-json\/wp\/v2\/media?parent=2758"}],"wp:term":[{"taxonomy":"product_brand","embeddable":true,"href":"https:\/\/centrala.org.uk\/pl\/wp-json\/wp\/v2\/product_brand?post=2758"},{"taxonomy":"product_cat","embeddable":true,"href":"https:\/\/centrala.org.uk\/pl\/wp-json\/wp\/v2\/product_cat?post=2758"},{"taxonomy":"product_tag","embeddable":true,"href":"https:\/\/centrala.org.uk\/pl\/wp-json\/wp\/v2\/product_tag?post=2758"},{"taxonomy":"series","embeddable":true,"href":"https:\/\/centrala.org.uk\/pl\/wp-json\/wp\/v2\/series?post=2758"}],"curies":[{"name":"wp","href":"https:\/\/api.w.org\/{rel}","templated":true}]}}