{"id":2796,"date":"2026-04-06T09:31:46","date_gmt":"2026-04-06T07:31:46","guid":{"rendered":"https:\/\/centrala.org.uk\/pl\/?post_type=product&#038;p=2796"},"modified":"2026-04-17T12:21:53","modified_gmt":"2026-04-17T10:21:53","slug":"ostatni-gasi-swiatlo","status":"publish","type":"product","link":"https:\/\/centrala.org.uk\/pl\/sklep\/ostatni-gasi-swiatlo\/","title":{"rendered":"Ostatni gasi \u015bwiat\u0142o"},"content":{"rendered":"<p>Gdyby Tarantino spotka\u0142 Murakamiego &#8211; ta wielokrotnie nagradzana powie\u015b\u0107 graficzna, kt\u00f3rej akcja rozgrywa si\u0119 w sze\u015bciu s\u0105siaduj\u0105cych ze sob\u0105 mieszkaniach, jest wzruszaj\u0105ca, zawi\u0142a i niezwykle brutalna<\/p>\n<p>W poszukiwaniu skradzionej torby trzej przest\u0119pcy wdzieraj\u0105 si\u0119 do zaniedbanej<br \/>\nkamienicy, gdzie na ich drodze staj\u0105 koty, marihuana, przerwy w dostawie pr\u0105du,<br \/>\na tak\u017ce ca\u0142a galeria kuriozalnych i absurdalnych postaci. Budynek staje si\u0119 aren\u0105<br \/>\ns\u0142ownych potyczek, strzelanin i mi\u0142osnych wyzna\u0144.<br \/>\nAlbum Ostatni gasi \u015bwiat\u0142o opowiada z humorem i zaskakuj\u0105cymi zwrotami akcji<br \/>\no spo\u0142eczno\u015bci, kt\u00f3r\u0105 rz\u0105dz\u0105 g\u0142upota, moralna oboj\u0119tno\u015b\u0107, przygn\u0119bienie,<br \/>\nprzemoc, ironia i przede wszystkim przypadek.<br \/>\nNajlepsza powie\u015b\u0107 graficzna 2025<br \/>\n<em>The Washington Post<\/em><br \/>\nNajlepsza powie\u015b\u0107 graficzna 2025<br \/>\n<em>The New York Public Library<\/em> <\/p>\n<p>Nagroda Maxa i Moritza 2024 za najlepszy niemieckoj\u0119zyczny debiut komiksowy<br \/>\nNagroda Del\u00e9mont&#8217;BD za najlepszy debiut 2024<br \/>\nNagroda literacka kantonu Berno.<\/p>\n<p><strong>Tobias Aeschbacher<\/strong>, urodzony w Szwajcarii, bardzo spokojnym kraju, dorasta\u0142 w otoczeniu film\u00f3w gangsterskich, popkultury i komiks\u00f3w. Po uko\u0144czeniu nauki zawodu grafika Tobias zamieszka\u0142 w dwuj\u0119zycznym szwajcarskim mie\u015bcie Biel\/Bienne. Jest wsp\u00f3\u0142wydawc\u0105 czasopisma Kosmos Vertikal, po\u015bwi\u0119conego<br \/>\ntematyce komiksowej. Podczas podr\u00f3\u017cy dooko\u0142a \u015bwiata Tobias rozpocz\u0105\u0142 prac\u0119<br \/>\nnad swoim pierwszym albumem Ostatni gasi \u015bwiat\u0142o, niezwyk\u0142\u0105 i totalnie<br \/>\nabsurdaln\u0105 powie\u015bci\u0105 graficzn\u0105.<\/p>\n","protected":false},"excerpt":{"rendered":"<p>Prosto ze Szwajcarii<\/p>\n","protected":false},"featured_media":2797,"comment_status":"closed","ping_status":"closed","template":"","meta":{"_acf_changed":false},"product_brand":[],"product_cat":[32],"product_tag":[10091,9995,10119],"series":[10120],"class_list":{"0":"post-2796","1":"product","2":"type-product","3":"status-publish","4":"has-post-thumbnail","6":"product_cat-komiks","7":"product_tag-kryminal","8":"product_tag-nagradzane","9":"product_tag-szwajcarski","10":"series-seria-zycie","12":"first","13":"instock","14":"sale","15":"shipping-taxable","16":"purchasable","17":"product-type-simple"},"acf":[],"_links":{"self":[{"href":"https:\/\/centrala.org.uk\/pl\/wp-json\/wp\/v2\/product\/2796","targetHints":{"allow":["GET"]}}],"collection":[{"href":"https:\/\/centrala.org.uk\/pl\/wp-json\/wp\/v2\/product"}],"about":[{"href":"https:\/\/centrala.org.uk\/pl\/wp-json\/wp\/v2\/types\/product"}],"replies":[{"embeddable":true,"href":"https:\/\/centrala.org.uk\/pl\/wp-json\/wp\/v2\/comments?post=2796"}],"wp:featuredmedia":[{"embeddable":true,"href":"https:\/\/centrala.org.uk\/pl\/wp-json\/wp\/v2\/media\/2797"}],"wp:attachment":[{"href":"https:\/\/centrala.org.uk\/pl\/wp-json\/wp\/v2\/media?parent=2796"}],"wp:term":[{"taxonomy":"product_brand","embeddable":true,"href":"https:\/\/centrala.org.uk\/pl\/wp-json\/wp\/v2\/product_brand?post=2796"},{"taxonomy":"product_cat","embeddable":true,"href":"https:\/\/centrala.org.uk\/pl\/wp-json\/wp\/v2\/product_cat?post=2796"},{"taxonomy":"product_tag","embeddable":true,"href":"https:\/\/centrala.org.uk\/pl\/wp-json\/wp\/v2\/product_tag?post=2796"},{"taxonomy":"series","embeddable":true,"href":"https:\/\/centrala.org.uk\/pl\/wp-json\/wp\/v2\/series?post=2796"}],"curies":[{"name":"wp","href":"https:\/\/api.w.org\/{rel}","templated":true}]}}