{"id":2803,"date":"2026-04-12T15:00:23","date_gmt":"2026-04-12T13:00:23","guid":{"rendered":"https:\/\/centrala.org.uk\/pl\/?post_type=product&#038;p=2803"},"modified":"2026-04-12T15:00:23","modified_gmt":"2026-04-12T13:00:23","slug":"pakiet-polski","status":"publish","type":"product","link":"https:\/\/centrala.org.uk\/pl\/sklep\/pakiet-polski\/","title":{"rendered":"Pakiet polski"},"content":{"rendered":"<p>135 z\u0142 zamiast 381,79 z\u0142<\/p>\n<p>Do kro\u0107set!, Olga Wr\u00f3bel<br \/>\nDromaderki, Marta Frej<br \/>\nJak schudn\u0105\u0107 30 kg, Maciej Pa\u0142ka, Tomasz Pstr\u0105gowski<br \/>\nJazda st\u0105d, Zavka<br \/>\nMoi rodzice nie s\u0105 tak naprawd\u0119 moi, Kamil Macejko, Rachel Karafian<br \/>\nPapa Musta na regale<br \/>\nPolak\u00f3w uczestnictwo w kulturze, Janek Koza<br \/>\nS\/n, Micha\u0142 Rzecznik<br \/>\nZosia. Pierwsze loty, Wojciech Ciesielski<\/p>\n","protected":false},"excerpt":{"rendered":"<p>135 z\u0142 zamiast 381,79 z\u0142<\/p>\n","protected":false},"featured_media":2804,"comment_status":"closed","ping_status":"closed","template":"","meta":{"_acf_changed":false},"product_brand":[],"product_cat":[27,42,32],"product_tag":[],"series":[],"class_list":{"0":"post-2803","1":"product","2":"type-product","3":"status-publish","4":"has-post-thumbnail","6":"product_cat-powiesc-graficzna","7":"product_cat-dla-dzieci","8":"product_cat-komiks","10":"first","11":"instock","12":"sale","13":"shipping-taxable","14":"purchasable","15":"product-type-simple"},"acf":[],"_links":{"self":[{"href":"https:\/\/centrala.org.uk\/pl\/wp-json\/wp\/v2\/product\/2803","targetHints":{"allow":["GET"]}}],"collection":[{"href":"https:\/\/centrala.org.uk\/pl\/wp-json\/wp\/v2\/product"}],"about":[{"href":"https:\/\/centrala.org.uk\/pl\/wp-json\/wp\/v2\/types\/product"}],"replies":[{"embeddable":true,"href":"https:\/\/centrala.org.uk\/pl\/wp-json\/wp\/v2\/comments?post=2803"}],"wp:featuredmedia":[{"embeddable":true,"href":"https:\/\/centrala.org.uk\/pl\/wp-json\/wp\/v2\/media\/2804"}],"wp:attachment":[{"href":"https:\/\/centrala.org.uk\/pl\/wp-json\/wp\/v2\/media?parent=2803"}],"wp:term":[{"taxonomy":"product_brand","embeddable":true,"href":"https:\/\/centrala.org.uk\/pl\/wp-json\/wp\/v2\/product_brand?post=2803"},{"taxonomy":"product_cat","embeddable":true,"href":"https:\/\/centrala.org.uk\/pl\/wp-json\/wp\/v2\/product_cat?post=2803"},{"taxonomy":"product_tag","embeddable":true,"href":"https:\/\/centrala.org.uk\/pl\/wp-json\/wp\/v2\/product_tag?post=2803"},{"taxonomy":"series","embeddable":true,"href":"https:\/\/centrala.org.uk\/pl\/wp-json\/wp\/v2\/series?post=2803"}],"curies":[{"name":"wp","href":"https:\/\/api.w.org\/{rel}","templated":true}]}}