{"id":2805,"date":"2026-04-12T15:04:45","date_gmt":"2026-04-12T13:04:45","guid":{"rendered":"https:\/\/centrala.org.uk\/pl\/?post_type=product&#038;p=2805"},"modified":"2026-04-12T15:04:45","modified_gmt":"2026-04-12T13:04:45","slug":"pakiet-czeski","status":"publish","type":"product","link":"https:\/\/centrala.org.uk\/pl\/sklep\/pakiet-czeski\/","title":{"rendered":"Pakiet czeski"},"content":{"rendered":"<p>Pakiet czeski 290 z\u0142 zamiast 679 z\u0142<br \/>\nDzicy, wyd.II, Lucie Lomov\u00e1<br \/>\nKlinCzesko S\u0142owacki, Martin \u0160inkovsky, Jan Pomyka\u010d<br \/>\nMilczenie hipopotama, David B\u00f6hm<br \/>\nNie jest \u017ale, Jan Novak, Jarom\u00edr 99<br \/>\nPajacyk, pestka \u015bliwka, Vojt\u011bch Ma\u0161ek<br \/>\nSingiel, Ji\u0159\u00ed Franta<br \/>\nSiostry dietlove, Vojt\u011bch Ma\u0161ek<\/p>\n","protected":false},"excerpt":{"rendered":"<p>290 z\u0142 zamiast 679 z\u0142<\/p>\n","protected":false},"featured_media":2806,"comment_status":"closed","ping_status":"closed","template":"","meta":{"_acf_changed":false},"product_brand":[],"product_cat":[27,42,47,32],"product_tag":[],"series":[],"class_list":{"0":"post-2805","1":"product","2":"type-product","3":"status-publish","4":"has-post-thumbnail","6":"product_cat-powiesc-graficzna","7":"product_cat-dla-dzieci","8":"product_cat-dla-mlodziezy","9":"product_cat-komiks","11":"first","12":"instock","13":"sale","14":"shipping-taxable","15":"purchasable","16":"product-type-simple"},"acf":[],"_links":{"self":[{"href":"https:\/\/centrala.org.uk\/pl\/wp-json\/wp\/v2\/product\/2805","targetHints":{"allow":["GET"]}}],"collection":[{"href":"https:\/\/centrala.org.uk\/pl\/wp-json\/wp\/v2\/product"}],"about":[{"href":"https:\/\/centrala.org.uk\/pl\/wp-json\/wp\/v2\/types\/product"}],"replies":[{"embeddable":true,"href":"https:\/\/centrala.org.uk\/pl\/wp-json\/wp\/v2\/comments?post=2805"}],"wp:featuredmedia":[{"embeddable":true,"href":"https:\/\/centrala.org.uk\/pl\/wp-json\/wp\/v2\/media\/2806"}],"wp:attachment":[{"href":"https:\/\/centrala.org.uk\/pl\/wp-json\/wp\/v2\/media?parent=2805"}],"wp:term":[{"taxonomy":"product_brand","embeddable":true,"href":"https:\/\/centrala.org.uk\/pl\/wp-json\/wp\/v2\/product_brand?post=2805"},{"taxonomy":"product_cat","embeddable":true,"href":"https:\/\/centrala.org.uk\/pl\/wp-json\/wp\/v2\/product_cat?post=2805"},{"taxonomy":"product_tag","embeddable":true,"href":"https:\/\/centrala.org.uk\/pl\/wp-json\/wp\/v2\/product_tag?post=2805"},{"taxonomy":"series","embeddable":true,"href":"https:\/\/centrala.org.uk\/pl\/wp-json\/wp\/v2\/series?post=2805"}],"curies":[{"name":"wp","href":"https:\/\/api.w.org\/{rel}","templated":true}]}}