{"id":2809,"date":"2026-04-12T15:08:41","date_gmt":"2026-04-12T13:08:41","guid":{"rendered":"https:\/\/centrala.org.uk\/pl\/?post_type=product&#038;p=2809"},"modified":"2026-04-12T15:08:41","modified_gmt":"2026-04-12T13:08:41","slug":"pakiet-latorosl","status":"publish","type":"product","link":"https:\/\/centrala.org.uk\/pl\/sklep\/pakiet-latorosl\/","title":{"rendered":"Pakiet Latoro\u015bl"},"content":{"rendered":"<p>Pakiet Latoro\u015bl 280 z\u0142 zamiast 660,89 z\u0142<br \/>\nDo kro\u0107set!<br \/>\nDzicy<br \/>\nGerta. Dziewczyna z mg\u0142y<br \/>\nKaniku\u0142a<br \/>\nMa\u0142y drewniany robot<br \/>\nMilczenie hipopotama<br \/>\nNiesamowici atleci<br \/>\nPajacyk, pestka, \u015bliwka \u2026<br \/>\nSkok<br \/>\nZosia. Pierwsze loty<\/p>\n","protected":false},"excerpt":{"rendered":"<p>Pakiet Latoro\u015bl 280 z\u0142 zamiast 660,89 z\u0142<\/p>\n","protected":false},"featured_media":2810,"comment_status":"closed","ping_status":"closed","template":"","meta":{"_acf_changed":false},"product_brand":[],"product_cat":[27,42,47,32,283],"product_tag":[],"series":[],"class_list":{"0":"post-2809","1":"product","2":"type-product","3":"status-publish","4":"has-post-thumbnail","6":"product_cat-powiesc-graficzna","7":"product_cat-dla-dzieci","8":"product_cat-dla-mlodziezy","9":"product_cat-komiks","10":"product_cat-picturebook","12":"first","13":"instock","14":"sale","15":"shipping-taxable","16":"purchasable","17":"product-type-simple"},"acf":[],"_links":{"self":[{"href":"https:\/\/centrala.org.uk\/pl\/wp-json\/wp\/v2\/product\/2809","targetHints":{"allow":["GET"]}}],"collection":[{"href":"https:\/\/centrala.org.uk\/pl\/wp-json\/wp\/v2\/product"}],"about":[{"href":"https:\/\/centrala.org.uk\/pl\/wp-json\/wp\/v2\/types\/product"}],"replies":[{"embeddable":true,"href":"https:\/\/centrala.org.uk\/pl\/wp-json\/wp\/v2\/comments?post=2809"}],"wp:featuredmedia":[{"embeddable":true,"href":"https:\/\/centrala.org.uk\/pl\/wp-json\/wp\/v2\/media\/2810"}],"wp:attachment":[{"href":"https:\/\/centrala.org.uk\/pl\/wp-json\/wp\/v2\/media?parent=2809"}],"wp:term":[{"taxonomy":"product_brand","embeddable":true,"href":"https:\/\/centrala.org.uk\/pl\/wp-json\/wp\/v2\/product_brand?post=2809"},{"taxonomy":"product_cat","embeddable":true,"href":"https:\/\/centrala.org.uk\/pl\/wp-json\/wp\/v2\/product_cat?post=2809"},{"taxonomy":"product_tag","embeddable":true,"href":"https:\/\/centrala.org.uk\/pl\/wp-json\/wp\/v2\/product_tag?post=2809"},{"taxonomy":"series","embeddable":true,"href":"https:\/\/centrala.org.uk\/pl\/wp-json\/wp\/v2\/series?post=2809"}],"curies":[{"name":"wp","href":"https:\/\/api.w.org\/{rel}","templated":true}]}}