{"id":283,"date":"2014-03-04T20:26:03","date_gmt":"2014-03-04T19:26:03","guid":{"rendered":"http:\/\/centrala.org.uk\/pl\/?post_type=product&#038;p=283"},"modified":"2022-11-21T15:20:33","modified_gmt":"2022-11-21T14:20:33","slug":"sierstka","status":"publish","type":"product","link":"https:\/\/centrala.org.uk\/pl\/sklep\/sierstka\/","title":{"rendered":"Sierstka"},"content":{"rendered":"<p>Marta Zab\u0142ocka znana jest jako utalentowana rysowniczka, kt\u00f3ra potrafi spuentowa\u0107 jedn\u0105 kresk\u0105 to, co kto\u015b opowiada\u0142by godzinami.<\/p>\n<blockquote><p>W najnowszej ksi\u0105\u017cce przedstawia na poz\u00f3r odr\u0119bne historie, jednak maj\u0105ce punkty wsp\u00f3lne: postaci, w\u0105tki znane z dotychczasowej tw\u00f3rczo\u015bci Marty. W ko\u0144cu atmosfer\u0119. Niepokoj\u0105c\u0105, nieostr\u0105, chwilami pozornie zawieszon\u0105. Czytelnik i czytelniczka powinni sami poprowadzi\u0107 si\u0119 przez narracj\u0119. Je\u015bli podejm\u0105 pr\u00f3b\u0119 to z pewno\u015bci\u0105 przejdzie im niejeden dreszcz po plecach. Ale warto zaryzykowa\u0107 i da\u0107 si\u0119 ponie\u015b\u0107 w dziwne martowe \u015bwiaty.<\/p><\/blockquote>\n<p style=\"text-align: right\">Sylwia Chutnik<\/p>\n<div id='gallery-1' class='gallery galleryid-283 gallery-columns-3 gallery-size-thumbnail'><figure class='gallery-item'>\n\t\t\t<div class='gallery-icon landscape'>\n\t\t\t\t<a href='https:\/\/centrala.org.uk\/pl\/sierstka\/paczkasierstka-page2\/'><img loading=\"lazy\" decoding=\"async\" width=\"220\" height=\"220\" src=\"https:\/\/centrala.org.uk\/pl\/wp-content\/uploads\/sites\/2\/2014\/04\/paczkaSierstka-page2-220x220.jpg\" class=\"attachment-thumbnail size-thumbnail\" alt=\"\" srcset=\"https:\/\/centrala.org.uk\/pl\/wp-content\/uploads\/sites\/2\/2014\/04\/paczkaSierstka-page2-220x220.jpg 220w, https:\/\/centrala.org.uk\/pl\/wp-content\/uploads\/sites\/2\/2014\/04\/paczkaSierstka-page2-640x640.jpg 640w, https:\/\/centrala.org.uk\/pl\/wp-content\/uploads\/sites\/2\/2014\/04\/paczkaSierstka-page2-900x900.jpg 900w, https:\/\/centrala.org.uk\/pl\/wp-content\/uploads\/sites\/2\/2014\/04\/paczkaSierstka-page2-90x90.jpg 90w, https:\/\/centrala.org.uk\/pl\/wp-content\/uploads\/sites\/2\/2014\/04\/paczkaSierstka-page2-210x210.jpg 210w, https:\/\/centrala.org.uk\/pl\/wp-content\/uploads\/sites\/2\/2014\/04\/paczkaSierstka-page2-480x480.jpg 480w, https:\/\/centrala.org.uk\/pl\/wp-content\/uploads\/sites\/2\/2014\/04\/paczkaSierstka-page2.jpg 1180w\" sizes=\"auto, (max-width: 220px) 100vw, 220px\" \/><\/a>\n\t\t\t<\/div><\/figure><figure class='gallery-item'>\n\t\t\t<div class='gallery-icon landscape'>\n\t\t\t\t<a href='https:\/\/centrala.org.uk\/pl\/sierstka\/paczkasierstka-page3\/'><img loading=\"lazy\" decoding=\"async\" width=\"220\" height=\"220\" src=\"https:\/\/centrala.org.uk\/pl\/wp-content\/uploads\/sites\/2\/2014\/04\/paczkaSierstka-page3-220x220.jpg\" class=\"attachment-thumbnail size-thumbnail\" alt=\"\" srcset=\"https:\/\/centrala.org.uk\/pl\/wp-content\/uploads\/sites\/2\/2014\/04\/paczkaSierstka-page3-220x220.jpg 220w, https:\/\/centrala.org.uk\/pl\/wp-content\/uploads\/sites\/2\/2014\/04\/paczkaSierstka-page3-640x640.jpg 640w, https:\/\/centrala.org.uk\/pl\/wp-content\/uploads\/sites\/2\/2014\/04\/paczkaSierstka-page3-900x900.jpg 900w, https:\/\/centrala.org.uk\/pl\/wp-content\/uploads\/sites\/2\/2014\/04\/paczkaSierstka-page3-90x90.jpg 90w, https:\/\/centrala.org.uk\/pl\/wp-content\/uploads\/sites\/2\/2014\/04\/paczkaSierstka-page3-210x210.jpg 210w, https:\/\/centrala.org.uk\/pl\/wp-content\/uploads\/sites\/2\/2014\/04\/paczkaSierstka-page3-480x480.jpg 480w, https:\/\/centrala.org.uk\/pl\/wp-content\/uploads\/sites\/2\/2014\/04\/paczkaSierstka-page3.jpg 1180w\" sizes=\"auto, (max-width: 220px) 100vw, 220px\" \/><\/a>\n\t\t\t<\/div><\/figure><figure class='gallery-item'>\n\t\t\t<div class='gallery-icon landscape'>\n\t\t\t\t<a href='https:\/\/centrala.org.uk\/pl\/sierstka\/paczkasierstka-page4\/'><img loading=\"lazy\" decoding=\"async\" width=\"220\" height=\"220\" src=\"https:\/\/centrala.org.uk\/pl\/wp-content\/uploads\/sites\/2\/2014\/04\/paczkaSierstka-page4-220x220.jpg\" class=\"attachment-thumbnail size-thumbnail\" alt=\"\" srcset=\"https:\/\/centrala.org.uk\/pl\/wp-content\/uploads\/sites\/2\/2014\/04\/paczkaSierstka-page4-220x220.jpg 220w, https:\/\/centrala.org.uk\/pl\/wp-content\/uploads\/sites\/2\/2014\/04\/paczkaSierstka-page4-640x640.jpg 640w, https:\/\/centrala.org.uk\/pl\/wp-content\/uploads\/sites\/2\/2014\/04\/paczkaSierstka-page4-900x900.jpg 900w, https:\/\/centrala.org.uk\/pl\/wp-content\/uploads\/sites\/2\/2014\/04\/paczkaSierstka-page4-90x90.jpg 90w, https:\/\/centrala.org.uk\/pl\/wp-content\/uploads\/sites\/2\/2014\/04\/paczkaSierstka-page4-210x210.jpg 210w, https:\/\/centrala.org.uk\/pl\/wp-content\/uploads\/sites\/2\/2014\/04\/paczkaSierstka-page4-480x480.jpg 480w, https:\/\/centrala.org.uk\/pl\/wp-content\/uploads\/sites\/2\/2014\/04\/paczkaSierstka-page4.jpg 1180w\" sizes=\"auto, (max-width: 220px) 100vw, 220px\" \/><\/a>\n\t\t\t<\/div><\/figure><figure class='gallery-item'>\n\t\t\t<div class='gallery-icon landscape'>\n\t\t\t\t<a href='https:\/\/centrala.org.uk\/pl\/sierstka\/paczkasierstka-page5\/'><img loading=\"lazy\" decoding=\"async\" width=\"220\" height=\"220\" src=\"https:\/\/centrala.org.uk\/pl\/wp-content\/uploads\/sites\/2\/2014\/04\/paczkaSierstka-page5-220x220.jpg\" class=\"attachment-thumbnail size-thumbnail\" alt=\"\" srcset=\"https:\/\/centrala.org.uk\/pl\/wp-content\/uploads\/sites\/2\/2014\/04\/paczkaSierstka-page5-220x220.jpg 220w, https:\/\/centrala.org.uk\/pl\/wp-content\/uploads\/sites\/2\/2014\/04\/paczkaSierstka-page5-640x640.jpg 640w, https:\/\/centrala.org.uk\/pl\/wp-content\/uploads\/sites\/2\/2014\/04\/paczkaSierstka-page5-900x900.jpg 900w, https:\/\/centrala.org.uk\/pl\/wp-content\/uploads\/sites\/2\/2014\/04\/paczkaSierstka-page5-90x90.jpg 90w, https:\/\/centrala.org.uk\/pl\/wp-content\/uploads\/sites\/2\/2014\/04\/paczkaSierstka-page5-210x210.jpg 210w, https:\/\/centrala.org.uk\/pl\/wp-content\/uploads\/sites\/2\/2014\/04\/paczkaSierstka-page5-480x480.jpg 480w, https:\/\/centrala.org.uk\/pl\/wp-content\/uploads\/sites\/2\/2014\/04\/paczkaSierstka-page5.jpg 1180w\" sizes=\"auto, (max-width: 220px) 100vw, 220px\" \/><\/a>\n\t\t\t<\/div><\/figure><figure class='gallery-item'>\n\t\t\t<div class='gallery-icon landscape'>\n\t\t\t\t<a href='https:\/\/centrala.org.uk\/pl\/sierstka\/paczkasierstka-page6\/'><img loading=\"lazy\" decoding=\"async\" width=\"220\" height=\"220\" src=\"https:\/\/centrala.org.uk\/pl\/wp-content\/uploads\/sites\/2\/2014\/04\/paczkaSierstka-page6-220x220.jpg\" class=\"attachment-thumbnail size-thumbnail\" alt=\"\" srcset=\"https:\/\/centrala.org.uk\/pl\/wp-content\/uploads\/sites\/2\/2014\/04\/paczkaSierstka-page6-220x220.jpg 220w, https:\/\/centrala.org.uk\/pl\/wp-content\/uploads\/sites\/2\/2014\/04\/paczkaSierstka-page6-640x640.jpg 640w, https:\/\/centrala.org.uk\/pl\/wp-content\/uploads\/sites\/2\/2014\/04\/paczkaSierstka-page6-900x900.jpg 900w, https:\/\/centrala.org.uk\/pl\/wp-content\/uploads\/sites\/2\/2014\/04\/paczkaSierstka-page6-90x90.jpg 90w, https:\/\/centrala.org.uk\/pl\/wp-content\/uploads\/sites\/2\/2014\/04\/paczkaSierstka-page6-210x210.jpg 210w, https:\/\/centrala.org.uk\/pl\/wp-content\/uploads\/sites\/2\/2014\/04\/paczkaSierstka-page6-480x480.jpg 480w, https:\/\/centrala.org.uk\/pl\/wp-content\/uploads\/sites\/2\/2014\/04\/paczkaSierstka-page6.jpg 1180w\" sizes=\"auto, (max-width: 220px) 100vw, 220px\" \/><\/a>\n\t\t\t<\/div><\/figure><figure class='gallery-item'>\n\t\t\t<div class='gallery-icon landscape'>\n\t\t\t\t<a href='https:\/\/centrala.org.uk\/pl\/sierstka\/paczkasierstka-page7\/'><img loading=\"lazy\" decoding=\"async\" width=\"220\" height=\"220\" src=\"https:\/\/centrala.org.uk\/pl\/wp-content\/uploads\/sites\/2\/2014\/04\/paczkaSierstka-page7-220x220.jpg\" class=\"attachment-thumbnail size-thumbnail\" alt=\"\" srcset=\"https:\/\/centrala.org.uk\/pl\/wp-content\/uploads\/sites\/2\/2014\/04\/paczkaSierstka-page7-220x220.jpg 220w, https:\/\/centrala.org.uk\/pl\/wp-content\/uploads\/sites\/2\/2014\/04\/paczkaSierstka-page7-640x640.jpg 640w, https:\/\/centrala.org.uk\/pl\/wp-content\/uploads\/sites\/2\/2014\/04\/paczkaSierstka-page7-900x900.jpg 900w, https:\/\/centrala.org.uk\/pl\/wp-content\/uploads\/sites\/2\/2014\/04\/paczkaSierstka-page7-90x90.jpg 90w, https:\/\/centrala.org.uk\/pl\/wp-content\/uploads\/sites\/2\/2014\/04\/paczkaSierstka-page7-210x210.jpg 210w, https:\/\/centrala.org.uk\/pl\/wp-content\/uploads\/sites\/2\/2014\/04\/paczkaSierstka-page7-480x480.jpg 480w, https:\/\/centrala.org.uk\/pl\/wp-content\/uploads\/sites\/2\/2014\/04\/paczkaSierstka-page7.jpg 1180w\" sizes=\"auto, (max-width: 220px) 100vw, 220px\" \/><\/a>\n\t\t\t<\/div><\/figure><figure class='gallery-item'>\n\t\t\t<div class='gallery-icon landscape'>\n\t\t\t\t<a href='https:\/\/centrala.org.uk\/pl\/sierstka\/paczkasierstka-page8\/'><img loading=\"lazy\" decoding=\"async\" width=\"220\" height=\"220\" src=\"https:\/\/centrala.org.uk\/pl\/wp-content\/uploads\/sites\/2\/2014\/04\/paczkaSierstka-page8-220x220.jpg\" class=\"attachment-thumbnail size-thumbnail\" alt=\"\" srcset=\"https:\/\/centrala.org.uk\/pl\/wp-content\/uploads\/sites\/2\/2014\/04\/paczkaSierstka-page8-220x220.jpg 220w, https:\/\/centrala.org.uk\/pl\/wp-content\/uploads\/sites\/2\/2014\/04\/paczkaSierstka-page8-640x640.jpg 640w, https:\/\/centrala.org.uk\/pl\/wp-content\/uploads\/sites\/2\/2014\/04\/paczkaSierstka-page8-900x900.jpg 900w, https:\/\/centrala.org.uk\/pl\/wp-content\/uploads\/sites\/2\/2014\/04\/paczkaSierstka-page8-90x90.jpg 90w, https:\/\/centrala.org.uk\/pl\/wp-content\/uploads\/sites\/2\/2014\/04\/paczkaSierstka-page8-210x210.jpg 210w, https:\/\/centrala.org.uk\/pl\/wp-content\/uploads\/sites\/2\/2014\/04\/paczkaSierstka-page8-480x480.jpg 480w, https:\/\/centrala.org.uk\/pl\/wp-content\/uploads\/sites\/2\/2014\/04\/paczkaSierstka-page8.jpg 1180w\" sizes=\"auto, (max-width: 220px) 100vw, 220px\" \/><\/a>\n\t\t\t<\/div><\/figure><figure class='gallery-item'>\n\t\t\t<div class='gallery-icon landscape'>\n\t\t\t\t<a href='https:\/\/centrala.org.uk\/pl\/sierstka\/paczkasierstka-page9\/'><img loading=\"lazy\" decoding=\"async\" width=\"220\" height=\"220\" src=\"https:\/\/centrala.org.uk\/pl\/wp-content\/uploads\/sites\/2\/2014\/04\/paczkaSierstka-page9-220x220.jpg\" class=\"attachment-thumbnail size-thumbnail\" alt=\"\" srcset=\"https:\/\/centrala.org.uk\/pl\/wp-content\/uploads\/sites\/2\/2014\/04\/paczkaSierstka-page9-220x220.jpg 220w, https:\/\/centrala.org.uk\/pl\/wp-content\/uploads\/sites\/2\/2014\/04\/paczkaSierstka-page9-640x640.jpg 640w, https:\/\/centrala.org.uk\/pl\/wp-content\/uploads\/sites\/2\/2014\/04\/paczkaSierstka-page9-900x900.jpg 900w, https:\/\/centrala.org.uk\/pl\/wp-content\/uploads\/sites\/2\/2014\/04\/paczkaSierstka-page9-90x90.jpg 90w, https:\/\/centrala.org.uk\/pl\/wp-content\/uploads\/sites\/2\/2014\/04\/paczkaSierstka-page9-210x210.jpg 210w, https:\/\/centrala.org.uk\/pl\/wp-content\/uploads\/sites\/2\/2014\/04\/paczkaSierstka-page9-480x480.jpg 480w, https:\/\/centrala.org.uk\/pl\/wp-content\/uploads\/sites\/2\/2014\/04\/paczkaSierstka-page9.jpg 1180w\" sizes=\"auto, (max-width: 220px) 100vw, 220px\" \/><\/a>\n\t\t\t<\/div><\/figure><figure class='gallery-item'>\n\t\t\t<div class='gallery-icon landscape'>\n\t\t\t\t<a href='https:\/\/centrala.org.uk\/pl\/sierstka\/paczkasierstka-page10\/'><img loading=\"lazy\" decoding=\"async\" width=\"220\" height=\"220\" src=\"https:\/\/centrala.org.uk\/pl\/wp-content\/uploads\/sites\/2\/2014\/04\/paczkaSierstka-page10-220x220.jpg\" class=\"attachment-thumbnail size-thumbnail\" alt=\"\" srcset=\"https:\/\/centrala.org.uk\/pl\/wp-content\/uploads\/sites\/2\/2014\/04\/paczkaSierstka-page10-220x220.jpg 220w, https:\/\/centrala.org.uk\/pl\/wp-content\/uploads\/sites\/2\/2014\/04\/paczkaSierstka-page10-640x640.jpg 640w, https:\/\/centrala.org.uk\/pl\/wp-content\/uploads\/sites\/2\/2014\/04\/paczkaSierstka-page10-900x900.jpg 900w, https:\/\/centrala.org.uk\/pl\/wp-content\/uploads\/sites\/2\/2014\/04\/paczkaSierstka-page10-90x90.jpg 90w, https:\/\/centrala.org.uk\/pl\/wp-content\/uploads\/sites\/2\/2014\/04\/paczkaSierstka-page10-210x210.jpg 210w, https:\/\/centrala.org.uk\/pl\/wp-content\/uploads\/sites\/2\/2014\/04\/paczkaSierstka-page10-480x480.jpg 480w, https:\/\/centrala.org.uk\/pl\/wp-content\/uploads\/sites\/2\/2014\/04\/paczkaSierstka-page10.jpg 1180w\" sizes=\"auto, (max-width: 220px) 100vw, 220px\" \/><\/a>\n\t\t\t<\/div><\/figure><figure class='gallery-item'>\n\t\t\t<div class='gallery-icon landscape'>\n\t\t\t\t<a href='https:\/\/centrala.org.uk\/pl\/sierstka\/paczkasierstka-page11\/'><img loading=\"lazy\" decoding=\"async\" width=\"220\" height=\"220\" src=\"https:\/\/centrala.org.uk\/pl\/wp-content\/uploads\/sites\/2\/2014\/04\/paczkaSierstka-page11-220x220.jpg\" class=\"attachment-thumbnail size-thumbnail\" alt=\"\" srcset=\"https:\/\/centrala.org.uk\/pl\/wp-content\/uploads\/sites\/2\/2014\/04\/paczkaSierstka-page11-220x220.jpg 220w, https:\/\/centrala.org.uk\/pl\/wp-content\/uploads\/sites\/2\/2014\/04\/paczkaSierstka-page11-640x640.jpg 640w, https:\/\/centrala.org.uk\/pl\/wp-content\/uploads\/sites\/2\/2014\/04\/paczkaSierstka-page11-900x900.jpg 900w, https:\/\/centrala.org.uk\/pl\/wp-content\/uploads\/sites\/2\/2014\/04\/paczkaSierstka-page11-90x90.jpg 90w, https:\/\/centrala.org.uk\/pl\/wp-content\/uploads\/sites\/2\/2014\/04\/paczkaSierstka-page11-210x210.jpg 210w, https:\/\/centrala.org.uk\/pl\/wp-content\/uploads\/sites\/2\/2014\/04\/paczkaSierstka-page11-480x480.jpg 480w, https:\/\/centrala.org.uk\/pl\/wp-content\/uploads\/sites\/2\/2014\/04\/paczkaSierstka-page11.jpg 1180w\" sizes=\"auto, (max-width: 220px) 100vw, 220px\" \/><\/a>\n\t\t\t<\/div><\/figure><figure class='gallery-item'>\n\t\t\t<div class='gallery-icon landscape'>\n\t\t\t\t<a href='https:\/\/centrala.org.uk\/pl\/sierstka\/paczkasierstka-page12\/'><img loading=\"lazy\" decoding=\"async\" width=\"220\" height=\"220\" src=\"https:\/\/centrala.org.uk\/pl\/wp-content\/uploads\/sites\/2\/2014\/04\/paczkaSierstka-page12-220x220.jpg\" class=\"attachment-thumbnail size-thumbnail\" alt=\"\" srcset=\"https:\/\/centrala.org.uk\/pl\/wp-content\/uploads\/sites\/2\/2014\/04\/paczkaSierstka-page12-220x220.jpg 220w, https:\/\/centrala.org.uk\/pl\/wp-content\/uploads\/sites\/2\/2014\/04\/paczkaSierstka-page12-640x640.jpg 640w, https:\/\/centrala.org.uk\/pl\/wp-content\/uploads\/sites\/2\/2014\/04\/paczkaSierstka-page12-900x900.jpg 900w, https:\/\/centrala.org.uk\/pl\/wp-content\/uploads\/sites\/2\/2014\/04\/paczkaSierstka-page12-90x90.jpg 90w, https:\/\/centrala.org.uk\/pl\/wp-content\/uploads\/sites\/2\/2014\/04\/paczkaSierstka-page12-210x210.jpg 210w, https:\/\/centrala.org.uk\/pl\/wp-content\/uploads\/sites\/2\/2014\/04\/paczkaSierstka-page12-480x480.jpg 480w, https:\/\/centrala.org.uk\/pl\/wp-content\/uploads\/sites\/2\/2014\/04\/paczkaSierstka-page12.jpg 1180w\" sizes=\"auto, (max-width: 220px) 100vw, 220px\" \/><\/a>\n\t\t\t<\/div><\/figure><figure class='gallery-item'>\n\t\t\t<div class='gallery-icon landscape'>\n\t\t\t\t<a href='https:\/\/centrala.org.uk\/pl\/sierstka\/paczkasierstka-page13\/'><img loading=\"lazy\" decoding=\"async\" width=\"220\" height=\"220\" src=\"https:\/\/centrala.org.uk\/pl\/wp-content\/uploads\/sites\/2\/2014\/04\/paczkaSierstka-page13-220x220.jpg\" class=\"attachment-thumbnail size-thumbnail\" alt=\"\" srcset=\"https:\/\/centrala.org.uk\/pl\/wp-content\/uploads\/sites\/2\/2014\/04\/paczkaSierstka-page13-220x220.jpg 220w, https:\/\/centrala.org.uk\/pl\/wp-content\/uploads\/sites\/2\/2014\/04\/paczkaSierstka-page13-640x640.jpg 640w, https:\/\/centrala.org.uk\/pl\/wp-content\/uploads\/sites\/2\/2014\/04\/paczkaSierstka-page13-900x900.jpg 900w, https:\/\/centrala.org.uk\/pl\/wp-content\/uploads\/sites\/2\/2014\/04\/paczkaSierstka-page13-90x90.jpg 90w, https:\/\/centrala.org.uk\/pl\/wp-content\/uploads\/sites\/2\/2014\/04\/paczkaSierstka-page13-210x210.jpg 210w, https:\/\/centrala.org.uk\/pl\/wp-content\/uploads\/sites\/2\/2014\/04\/paczkaSierstka-page13-480x480.jpg 480w, https:\/\/centrala.org.uk\/pl\/wp-content\/uploads\/sites\/2\/2014\/04\/paczkaSierstka-page13.jpg 1180w\" sizes=\"auto, (max-width: 220px) 100vw, 220px\" \/><\/a>\n\t\t\t<\/div><\/figure>\n\t\t<\/div>\n\n","protected":false},"excerpt":{"rendered":"<p>Marta Zab\u0142ocka znana jest jako utalentowana rysowniczka, kt\u00f3ra potrafi spuentowa\u0107 jedn\u0105 kresk\u0105 to, co kto\u015b opowiada\u0142by godzinami.<\/p>\n","protected":false},"featured_media":69,"comment_status":"closed","ping_status":"closed","template":"","meta":{"_acf_changed":false},"product_brand":[],"product_cat":[32],"product_tag":[37,38,35],"series":[],"class_list":{"0":"post-283","1":"product","2":"type-product","3":"status-publish","4":"has-post-thumbnail","6":"product_cat-komiks","7":"product_tag-marta-zablocka","8":"product_tag-polskie","9":"product_tag-wspolczesny","11":"first","12":"instock","13":"shipping-taxable","14":"purchasable","15":"product-type-simple"},"acf":[],"_links":{"self":[{"href":"https:\/\/centrala.org.uk\/pl\/wp-json\/wp\/v2\/product\/283","targetHints":{"allow":["GET"]}}],"collection":[{"href":"https:\/\/centrala.org.uk\/pl\/wp-json\/wp\/v2\/product"}],"about":[{"href":"https:\/\/centrala.org.uk\/pl\/wp-json\/wp\/v2\/types\/product"}],"replies":[{"embeddable":true,"href":"https:\/\/centrala.org.uk\/pl\/wp-json\/wp\/v2\/comments?post=283"}],"wp:featuredmedia":[{"embeddable":true,"href":"https:\/\/centrala.org.uk\/pl\/wp-json\/wp\/v2\/media\/69"}],"wp:attachment":[{"href":"https:\/\/centrala.org.uk\/pl\/wp-json\/wp\/v2\/media?parent=283"}],"wp:term":[{"taxonomy":"product_brand","embeddable":true,"href":"https:\/\/centrala.org.uk\/pl\/wp-json\/wp\/v2\/product_brand?post=283"},{"taxonomy":"product_cat","embeddable":true,"href":"https:\/\/centrala.org.uk\/pl\/wp-json\/wp\/v2\/product_cat?post=283"},{"taxonomy":"product_tag","embeddable":true,"href":"https:\/\/centrala.org.uk\/pl\/wp-json\/wp\/v2\/product_tag?post=283"},{"taxonomy":"series","embeddable":true,"href":"https:\/\/centrala.org.uk\/pl\/wp-json\/wp\/v2\/series?post=283"}],"curies":[{"name":"wp","href":"https:\/\/api.w.org\/{rel}","templated":true}]}}