{"id":325,"date":"2012-10-04T22:46:35","date_gmt":"2012-10-04T20:46:35","guid":{"rendered":"http:\/\/centrala.org.uk\/pl\/?post_type=product&#038;p=325"},"modified":"2018-01-05T12:23:00","modified_gmt":"2018-01-05T11:23:00","slug":"dzieci-i-ludzie","status":"publish","type":"product","link":"https:\/\/centrala.org.uk\/pl\/sklep\/dzieci-i-ludzie\/","title":{"rendered":"Dzieci i ludzie"},"content":{"rendered":"<p>Nowy komiks Marzeny Sowy (Marzi), wspaniale zilustrowany przez Sandrine Revel, to opowie\u015b\u0107 o dorastaniu w czasach, gdy \u201eciemno\u015bci kry\u0142y ziemi\u0119\u201d. Autorki w \u015bwietnym stylu po\u0142\u0105czy\u0142y intymne z uniwersalnym. Ten album to nie tyle lekcja historii, ile propozycja m\u0105drego dialogu z Mnemosyne, opiekunk\u0105 pami\u0119ci.<\/p>\n<p>Dzieci i ludzie to opowie\u015b\u0107 zarysowana mi\u0119dzy dwoma poca\u0142unkami, kt\u00f3rych nigdy nie by\u0142o.<\/p>\n<p>W\u0142a\u015bnie pr\u00f3by blisko\u015bci rozpraszaj\u0105 na moment mroki stalinowskiej nocy spowijaj\u0105cej Polsk\u0119 lat 50. XX wieku, by ods\u0142oni\u0107 przeplataj\u0105ce si\u0119 ze sob\u0105 historie dzieci i doros\u0142ych uwik\u0142anych w srog\u0105 rzeczywisto\u015b\u0107 re\u017cimu. W losach Wiktora, Agaty i ich klasowych przyjaci\u00f3\u0142, w postawach pisarza G\u00f3rskiego, dyrektora szko\u0142y i nauczycielki Marii \u2013 przegl\u0105da si\u0119 codzienno\u015b\u0107 \u201e\u015bwiata w przebudowie\u201d, kt\u00f3rego mieszka\u0144com odebrano mo\u017cliwo\u015b\u0107 jednoznacznego rozumienia takich warto\u015bci, jak wolno\u015b\u0107 i prawda. Z roz\u0142amu mi\u0119dzy porz\u0105dkiem \u017cycia oficjalnego, fasadowego, i \u017cycia prywatnego, utajonego, ale ocalaj\u0105cego autentyzm my\u015bli i s\u0142\u00f3w \u2013 wy\u0142ania si\u0119 teatrum komunistycznej rzeczywisto\u015bci, siermi\u0119\u017cnej i skomplikowanej. W takim \u015bwiecie dzieci\u0119ca niewinno\u015b\u0107 z najwi\u0119kszego skarbu mo\u017ce przeistoczy\u0107 si\u0119 w towar albo zak\u0142adnika systemu. \u0141atwo o rozstrojenie moralnego kompasu tam, gdzie w\u0142adza walut\u0105 obiegow\u0105 czyni strach, a s\u0142owo \u201etowarzysz\u201d nie opisuje \u017cadnego stopnia za\u017cy\u0142o\u015bci, gdzie przybiera si\u0119 maski i przymierza polityczne uniformy oraz gra si\u0119 w przeinaczenia i kataloguje k\u0142amstwa. W tych warunkach g\u0142os sprzeciwu wyartyku\u0142owany przez ojca Wiktora oznacza podj\u0119cie walki z najgorsz\u0105 z chor\u00f3b \u2013 parali\u017cem sumienia.<\/p>\n<div id='gallery-1' class='gallery galleryid-325 gallery-columns-3 gallery-size-thumbnail'><figure class='gallery-item'>\n\t\t\t<div class='gallery-icon portrait'>\n\t\t\t\t<a href='https:\/\/centrala.org.uk\/pl\/dzieci-i-ludzie\/8d02ec51fcc9cbf189bff4eb8131033f\/'><img loading=\"lazy\" decoding=\"async\" width=\"220\" height=\"313\" src=\"https:\/\/centrala.org.uk\/pl\/wp-content\/uploads\/sites\/2\/2014\/04\/8d02ec51fcc9cbf189bff4eb8131033f-220x313.jpg\" class=\"attachment-thumbnail size-thumbnail\" alt=\"\" srcset=\"https:\/\/centrala.org.uk\/pl\/wp-content\/uploads\/sites\/2\/2014\/04\/8d02ec51fcc9cbf189bff4eb8131033f-220x313.jpg 220w, https:\/\/centrala.org.uk\/pl\/wp-content\/uploads\/sites\/2\/2014\/04\/8d02ec51fcc9cbf189bff4eb8131033f-640x911.jpg 640w, https:\/\/centrala.org.uk\/pl\/wp-content\/uploads\/sites\/2\/2014\/04\/8d02ec51fcc9cbf189bff4eb8131033f-631x900.jpg 631w, https:\/\/centrala.org.uk\/pl\/wp-content\/uploads\/sites\/2\/2014\/04\/8d02ec51fcc9cbf189bff4eb8131033f-210x299.jpg 210w, https:\/\/centrala.org.uk\/pl\/wp-content\/uploads\/sites\/2\/2014\/04\/8d02ec51fcc9cbf189bff4eb8131033f-480x683.jpg 480w, https:\/\/centrala.org.uk\/pl\/wp-content\/uploads\/sites\/2\/2014\/04\/8d02ec51fcc9cbf189bff4eb8131033f.jpg 1016w\" sizes=\"auto, (max-width: 220px) 100vw, 220px\" \/><\/a>\n\t\t\t<\/div><\/figure><figure class='gallery-item'>\n\t\t\t<div class='gallery-icon portrait'>\n\t\t\t\t<a href='https:\/\/centrala.org.uk\/pl\/dzieci-i-ludzie\/fb9fadd7739e482d8780f57e0a75e175\/'><img loading=\"lazy\" decoding=\"async\" width=\"220\" height=\"313\" src=\"https:\/\/centrala.org.uk\/pl\/wp-content\/uploads\/sites\/2\/2014\/04\/fb9fadd7739e482d8780f57e0a75e175-220x313.jpg\" class=\"attachment-thumbnail size-thumbnail\" alt=\"\" srcset=\"https:\/\/centrala.org.uk\/pl\/wp-content\/uploads\/sites\/2\/2014\/04\/fb9fadd7739e482d8780f57e0a75e175-220x313.jpg 220w, https:\/\/centrala.org.uk\/pl\/wp-content\/uploads\/sites\/2\/2014\/04\/fb9fadd7739e482d8780f57e0a75e175-640x911.jpg 640w, https:\/\/centrala.org.uk\/pl\/wp-content\/uploads\/sites\/2\/2014\/04\/fb9fadd7739e482d8780f57e0a75e175-631x900.jpg 631w, https:\/\/centrala.org.uk\/pl\/wp-content\/uploads\/sites\/2\/2014\/04\/fb9fadd7739e482d8780f57e0a75e175-210x299.jpg 210w, https:\/\/centrala.org.uk\/pl\/wp-content\/uploads\/sites\/2\/2014\/04\/fb9fadd7739e482d8780f57e0a75e175-480x683.jpg 480w, https:\/\/centrala.org.uk\/pl\/wp-content\/uploads\/sites\/2\/2014\/04\/fb9fadd7739e482d8780f57e0a75e175.jpg 1016w\" sizes=\"auto, (max-width: 220px) 100vw, 220px\" \/><\/a>\n\t\t\t<\/div><\/figure><figure class='gallery-item'>\n\t\t\t<div class='gallery-icon portrait'>\n\t\t\t\t<a href='https:\/\/centrala.org.uk\/pl\/dzieci-i-ludzie\/3c5a86b739ac5ce6a223214480e879af\/'><img loading=\"lazy\" decoding=\"async\" width=\"220\" height=\"313\" src=\"https:\/\/centrala.org.uk\/pl\/wp-content\/uploads\/sites\/2\/2014\/04\/3c5a86b739ac5ce6a223214480e879af-220x313.jpg\" class=\"attachment-thumbnail size-thumbnail\" alt=\"\" srcset=\"https:\/\/centrala.org.uk\/pl\/wp-content\/uploads\/sites\/2\/2014\/04\/3c5a86b739ac5ce6a223214480e879af-220x313.jpg 220w, https:\/\/centrala.org.uk\/pl\/wp-content\/uploads\/sites\/2\/2014\/04\/3c5a86b739ac5ce6a223214480e879af-640x911.jpg 640w, https:\/\/centrala.org.uk\/pl\/wp-content\/uploads\/sites\/2\/2014\/04\/3c5a86b739ac5ce6a223214480e879af-631x900.jpg 631w, https:\/\/centrala.org.uk\/pl\/wp-content\/uploads\/sites\/2\/2014\/04\/3c5a86b739ac5ce6a223214480e879af-210x299.jpg 210w, https:\/\/centrala.org.uk\/pl\/wp-content\/uploads\/sites\/2\/2014\/04\/3c5a86b739ac5ce6a223214480e879af-480x683.jpg 480w, https:\/\/centrala.org.uk\/pl\/wp-content\/uploads\/sites\/2\/2014\/04\/3c5a86b739ac5ce6a223214480e879af.jpg 1016w\" sizes=\"auto, (max-width: 220px) 100vw, 220px\" \/><\/a>\n\t\t\t<\/div><\/figure><figure class='gallery-item'>\n\t\t\t<div class='gallery-icon portrait'>\n\t\t\t\t<a href='https:\/\/centrala.org.uk\/pl\/dzieci-i-ludzie\/5e87657b0b3316bd5e6e0ff95f165ade\/'><img loading=\"lazy\" decoding=\"async\" width=\"220\" height=\"313\" src=\"https:\/\/centrala.org.uk\/pl\/wp-content\/uploads\/sites\/2\/2014\/04\/5e87657b0b3316bd5e6e0ff95f165ade-220x313.jpg\" class=\"attachment-thumbnail size-thumbnail\" alt=\"\" srcset=\"https:\/\/centrala.org.uk\/pl\/wp-content\/uploads\/sites\/2\/2014\/04\/5e87657b0b3316bd5e6e0ff95f165ade-220x313.jpg 220w, https:\/\/centrala.org.uk\/pl\/wp-content\/uploads\/sites\/2\/2014\/04\/5e87657b0b3316bd5e6e0ff95f165ade-640x911.jpg 640w, https:\/\/centrala.org.uk\/pl\/wp-content\/uploads\/sites\/2\/2014\/04\/5e87657b0b3316bd5e6e0ff95f165ade-631x900.jpg 631w, https:\/\/centrala.org.uk\/pl\/wp-content\/uploads\/sites\/2\/2014\/04\/5e87657b0b3316bd5e6e0ff95f165ade-210x299.jpg 210w, https:\/\/centrala.org.uk\/pl\/wp-content\/uploads\/sites\/2\/2014\/04\/5e87657b0b3316bd5e6e0ff95f165ade-480x683.jpg 480w, https:\/\/centrala.org.uk\/pl\/wp-content\/uploads\/sites\/2\/2014\/04\/5e87657b0b3316bd5e6e0ff95f165ade.jpg 1016w\" sizes=\"auto, (max-width: 220px) 100vw, 220px\" \/><\/a>\n\t\t\t<\/div><\/figure><figure class='gallery-item'>\n\t\t\t<div class='gallery-icon portrait'>\n\t\t\t\t<a href='https:\/\/centrala.org.uk\/pl\/dzieci-i-ludzie\/014e9b2d0382d8909ba7cee15b54fbe3\/'><img loading=\"lazy\" decoding=\"async\" width=\"220\" height=\"313\" src=\"https:\/\/centrala.org.uk\/pl\/wp-content\/uploads\/sites\/2\/2014\/04\/014e9b2d0382d8909ba7cee15b54fbe3-220x313.jpg\" class=\"attachment-thumbnail size-thumbnail\" alt=\"\" srcset=\"https:\/\/centrala.org.uk\/pl\/wp-content\/uploads\/sites\/2\/2014\/04\/014e9b2d0382d8909ba7cee15b54fbe3-220x313.jpg 220w, https:\/\/centrala.org.uk\/pl\/wp-content\/uploads\/sites\/2\/2014\/04\/014e9b2d0382d8909ba7cee15b54fbe3-640x911.jpg 640w, https:\/\/centrala.org.uk\/pl\/wp-content\/uploads\/sites\/2\/2014\/04\/014e9b2d0382d8909ba7cee15b54fbe3-631x900.jpg 631w, https:\/\/centrala.org.uk\/pl\/wp-content\/uploads\/sites\/2\/2014\/04\/014e9b2d0382d8909ba7cee15b54fbe3-210x299.jpg 210w, https:\/\/centrala.org.uk\/pl\/wp-content\/uploads\/sites\/2\/2014\/04\/014e9b2d0382d8909ba7cee15b54fbe3-480x683.jpg 480w, https:\/\/centrala.org.uk\/pl\/wp-content\/uploads\/sites\/2\/2014\/04\/014e9b2d0382d8909ba7cee15b54fbe3.jpg 1016w\" sizes=\"auto, (max-width: 220px) 100vw, 220px\" \/><\/a>\n\t\t\t<\/div><\/figure><figure class='gallery-item'>\n\t\t\t<div class='gallery-icon portrait'>\n\t\t\t\t<a href='https:\/\/centrala.org.uk\/pl\/dzieci-i-ludzie\/a494e0a2608297c3922c6335f5c9996e\/'><img loading=\"lazy\" decoding=\"async\" width=\"220\" height=\"313\" src=\"https:\/\/centrala.org.uk\/pl\/wp-content\/uploads\/sites\/2\/2014\/04\/a494e0a2608297c3922c6335f5c9996e-220x313.jpg\" class=\"attachment-thumbnail size-thumbnail\" alt=\"\" srcset=\"https:\/\/centrala.org.uk\/pl\/wp-content\/uploads\/sites\/2\/2014\/04\/a494e0a2608297c3922c6335f5c9996e-220x313.jpg 220w, https:\/\/centrala.org.uk\/pl\/wp-content\/uploads\/sites\/2\/2014\/04\/a494e0a2608297c3922c6335f5c9996e-640x911.jpg 640w, https:\/\/centrala.org.uk\/pl\/wp-content\/uploads\/sites\/2\/2014\/04\/a494e0a2608297c3922c6335f5c9996e-631x900.jpg 631w, https:\/\/centrala.org.uk\/pl\/wp-content\/uploads\/sites\/2\/2014\/04\/a494e0a2608297c3922c6335f5c9996e-210x299.jpg 210w, https:\/\/centrala.org.uk\/pl\/wp-content\/uploads\/sites\/2\/2014\/04\/a494e0a2608297c3922c6335f5c9996e-480x683.jpg 480w, https:\/\/centrala.org.uk\/pl\/wp-content\/uploads\/sites\/2\/2014\/04\/a494e0a2608297c3922c6335f5c9996e.jpg 1016w\" sizes=\"auto, (max-width: 220px) 100vw, 220px\" \/><\/a>\n\t\t\t<\/div><\/figure><figure class='gallery-item'>\n\t\t\t<div class='gallery-icon portrait'>\n\t\t\t\t<a href='https:\/\/centrala.org.uk\/pl\/dzieci-i-ludzie\/c0f806be773e6de1b4693d1490d8c846\/'><img loading=\"lazy\" decoding=\"async\" width=\"220\" height=\"313\" src=\"https:\/\/centrala.org.uk\/pl\/wp-content\/uploads\/sites\/2\/2014\/04\/c0f806be773e6de1b4693d1490d8c846-220x313.jpg\" class=\"attachment-thumbnail size-thumbnail\" alt=\"\" srcset=\"https:\/\/centrala.org.uk\/pl\/wp-content\/uploads\/sites\/2\/2014\/04\/c0f806be773e6de1b4693d1490d8c846-220x313.jpg 220w, https:\/\/centrala.org.uk\/pl\/wp-content\/uploads\/sites\/2\/2014\/04\/c0f806be773e6de1b4693d1490d8c846-640x911.jpg 640w, https:\/\/centrala.org.uk\/pl\/wp-content\/uploads\/sites\/2\/2014\/04\/c0f806be773e6de1b4693d1490d8c846-631x900.jpg 631w, https:\/\/centrala.org.uk\/pl\/wp-content\/uploads\/sites\/2\/2014\/04\/c0f806be773e6de1b4693d1490d8c846-210x299.jpg 210w, https:\/\/centrala.org.uk\/pl\/wp-content\/uploads\/sites\/2\/2014\/04\/c0f806be773e6de1b4693d1490d8c846-480x683.jpg 480w, https:\/\/centrala.org.uk\/pl\/wp-content\/uploads\/sites\/2\/2014\/04\/c0f806be773e6de1b4693d1490d8c846.jpg 1016w\" sizes=\"auto, (max-width: 220px) 100vw, 220px\" \/><\/a>\n\t\t\t<\/div><\/figure><figure class='gallery-item'>\n\t\t\t<div class='gallery-icon portrait'>\n\t\t\t\t<a href='https:\/\/centrala.org.uk\/pl\/dzieci-i-ludzie\/ff7ca1cd4915f5ce3d38885765ba53be\/'><img loading=\"lazy\" decoding=\"async\" width=\"220\" height=\"313\" src=\"https:\/\/centrala.org.uk\/pl\/wp-content\/uploads\/sites\/2\/2014\/04\/ff7ca1cd4915f5ce3d38885765ba53be-220x313.jpg\" class=\"attachment-thumbnail size-thumbnail\" alt=\"\" srcset=\"https:\/\/centrala.org.uk\/pl\/wp-content\/uploads\/sites\/2\/2014\/04\/ff7ca1cd4915f5ce3d38885765ba53be-220x313.jpg 220w, https:\/\/centrala.org.uk\/pl\/wp-content\/uploads\/sites\/2\/2014\/04\/ff7ca1cd4915f5ce3d38885765ba53be-640x911.jpg 640w, https:\/\/centrala.org.uk\/pl\/wp-content\/uploads\/sites\/2\/2014\/04\/ff7ca1cd4915f5ce3d38885765ba53be-631x900.jpg 631w, https:\/\/centrala.org.uk\/pl\/wp-content\/uploads\/sites\/2\/2014\/04\/ff7ca1cd4915f5ce3d38885765ba53be-210x299.jpg 210w, https:\/\/centrala.org.uk\/pl\/wp-content\/uploads\/sites\/2\/2014\/04\/ff7ca1cd4915f5ce3d38885765ba53be-480x683.jpg 480w, https:\/\/centrala.org.uk\/pl\/wp-content\/uploads\/sites\/2\/2014\/04\/ff7ca1cd4915f5ce3d38885765ba53be.jpg 1016w\" sizes=\"auto, (max-width: 220px) 100vw, 220px\" \/><\/a>\n\t\t\t<\/div><\/figure><figure class='gallery-item'>\n\t\t\t<div class='gallery-icon portrait'>\n\t\t\t\t<a href='https:\/\/centrala.org.uk\/pl\/dzieci-i-ludzie\/6c26a695382e4284c6d2b47d585a43cc\/'><img loading=\"lazy\" decoding=\"async\" width=\"220\" height=\"313\" src=\"https:\/\/centrala.org.uk\/pl\/wp-content\/uploads\/sites\/2\/2014\/04\/6c26a695382e4284c6d2b47d585a43cc-220x313.jpg\" class=\"attachment-thumbnail size-thumbnail\" alt=\"\" srcset=\"https:\/\/centrala.org.uk\/pl\/wp-content\/uploads\/sites\/2\/2014\/04\/6c26a695382e4284c6d2b47d585a43cc-220x313.jpg 220w, https:\/\/centrala.org.uk\/pl\/wp-content\/uploads\/sites\/2\/2014\/04\/6c26a695382e4284c6d2b47d585a43cc-640x911.jpg 640w, https:\/\/centrala.org.uk\/pl\/wp-content\/uploads\/sites\/2\/2014\/04\/6c26a695382e4284c6d2b47d585a43cc-631x900.jpg 631w, https:\/\/centrala.org.uk\/pl\/wp-content\/uploads\/sites\/2\/2014\/04\/6c26a695382e4284c6d2b47d585a43cc-210x299.jpg 210w, https:\/\/centrala.org.uk\/pl\/wp-content\/uploads\/sites\/2\/2014\/04\/6c26a695382e4284c6d2b47d585a43cc-480x683.jpg 480w, https:\/\/centrala.org.uk\/pl\/wp-content\/uploads\/sites\/2\/2014\/04\/6c26a695382e4284c6d2b47d585a43cc.jpg 1016w\" sizes=\"auto, (max-width: 220px) 100vw, 220px\" \/><\/a>\n\t\t\t<\/div><\/figure>\n\t\t<\/div>\n\n","protected":false},"excerpt":{"rendered":"<p>Dzieci i ludzie to opowie\u015b\u0107 zarysowana mi\u0119dzy dwoma poca\u0142unkami, kt\u00f3rych nigdy nie by\u0142o.<\/p>\n","protected":false},"featured_media":39,"comment_status":"closed","ping_status":"closed","template":"","meta":{"_acf_changed":false},"product_brand":[],"product_cat":[42,47],"product_tag":[50,24,23,49,48],"series":[],"class_list":{"0":"post-325","1":"product","2":"type-product","3":"status-publish","4":"has-post-thumbnail","6":"product_cat-dla-dzieci","7":"product_cat-dla-mlodziezy","8":"product_tag-dzieci-i-ludzie","9":"product_tag-historia","10":"product_tag-komunizm","11":"product_tag-marzena-sowa","12":"product_tag-sandrine-revel","14":"first","15":"outofstock","16":"shipping-taxable","17":"purchasable","18":"product-type-simple"},"acf":[],"_links":{"self":[{"href":"https:\/\/centrala.org.uk\/pl\/wp-json\/wp\/v2\/product\/325","targetHints":{"allow":["GET"]}}],"collection":[{"href":"https:\/\/centrala.org.uk\/pl\/wp-json\/wp\/v2\/product"}],"about":[{"href":"https:\/\/centrala.org.uk\/pl\/wp-json\/wp\/v2\/types\/product"}],"replies":[{"embeddable":true,"href":"https:\/\/centrala.org.uk\/pl\/wp-json\/wp\/v2\/comments?post=325"}],"wp:featuredmedia":[{"embeddable":true,"href":"https:\/\/centrala.org.uk\/pl\/wp-json\/wp\/v2\/media\/39"}],"wp:attachment":[{"href":"https:\/\/centrala.org.uk\/pl\/wp-json\/wp\/v2\/media?parent=325"}],"wp:term":[{"taxonomy":"product_brand","embeddable":true,"href":"https:\/\/centrala.org.uk\/pl\/wp-json\/wp\/v2\/product_brand?post=325"},{"taxonomy":"product_cat","embeddable":true,"href":"https:\/\/centrala.org.uk\/pl\/wp-json\/wp\/v2\/product_cat?post=325"},{"taxonomy":"product_tag","embeddable":true,"href":"https:\/\/centrala.org.uk\/pl\/wp-json\/wp\/v2\/product_tag?post=325"},{"taxonomy":"series","embeddable":true,"href":"https:\/\/centrala.org.uk\/pl\/wp-json\/wp\/v2\/series?post=325"}],"curies":[{"name":"wp","href":"https:\/\/api.w.org\/{rel}","templated":true}]}}