{"id":342,"date":"2013-04-06T04:20:23","date_gmt":"2013-04-06T02:20:23","guid":{"rendered":"http:\/\/centrala.org.uk\/pl\/?post_type=product&#038;p=342"},"modified":"2014-09-17T11:31:57","modified_gmt":"2014-09-17T09:31:57","slug":"komarow","status":"publish","type":"product","link":"https:\/\/centrala.org.uk\/pl\/sklep\/komarow\/","title":{"rendered":"Komar\u00f3w"},"content":{"rendered":"<p>Komiks ukazuje niewielk\u0105 miejscowo\u015b\u0107 w przeddzie\u0144 spektakularnego ko\u0144ca, kt\u00f3ry przypomina zar\u00f3wno filmy katastroficzne, jak i \u015bredniowieczne obrazy przedstawiaj\u0105ce straszliwe wydarzenia.<\/p>\n<p><strong>Bart Nijstad<\/strong> urodzi\u0142 si\u0119 w 1979 roku w ma\u0142ej holenderskiej miejscowo\u015bci Meppel. Po uko\u0144czeniu Akademii Sztuk Pi\u0119knych w Groningen skupi\u0142 si\u0119 przede wszystkim na tworzeniu komiks\u00f3w. W swoich opowie\u015bciach kreuje cz\u0119sto przeciwstawne \u015bwiaty. Codzienno\u015b\u0107 spotyka si\u0119 w nich z bajkowo\u015bci\u0105. Bohaterowie jego komiks\u00f3w s\u0105 cz\u0119sto antybohaterami. Brak im typowych cech, jakimi obdarza si\u0119 tradycyjnym bohater\u00f3w, podkre\u015blane s\u0105 wr\u0119cz ich niedoskona\u0142o\u015bci.<\/p>\n<div id='gallery-1' class='gallery galleryid-342 gallery-columns-3 gallery-size-thumbnail'><figure class='gallery-item'>\n\t\t\t<div class='gallery-icon portrait'>\n\t\t\t\t<a href='https:\/\/centrala.org.uk\/pl\/?attachment_id=344'><img loading=\"lazy\" decoding=\"async\" width=\"220\" height=\"310\" src=\"https:\/\/centrala.org.uk\/pl\/wp-content\/uploads\/sites\/2\/2014\/06\/bart1-220x310.jpg\" class=\"attachment-thumbnail size-thumbnail\" alt=\"\" srcset=\"https:\/\/centrala.org.uk\/pl\/wp-content\/uploads\/sites\/2\/2014\/06\/bart1-220x310.jpg 220w, https:\/\/centrala.org.uk\/pl\/wp-content\/uploads\/sites\/2\/2014\/06\/bart1-640x904.jpg 640w, https:\/\/centrala.org.uk\/pl\/wp-content\/uploads\/sites\/2\/2014\/06\/bart1-637x900.jpg 637w, https:\/\/centrala.org.uk\/pl\/wp-content\/uploads\/sites\/2\/2014\/06\/bart1-210x296.jpg 210w, https:\/\/centrala.org.uk\/pl\/wp-content\/uploads\/sites\/2\/2014\/06\/bart1-480x678.jpg 480w, https:\/\/centrala.org.uk\/pl\/wp-content\/uploads\/sites\/2\/2014\/06\/bart1.jpg 1003w\" sizes=\"auto, (max-width: 220px) 100vw, 220px\" \/><\/a>\n\t\t\t<\/div><\/figure><figure class='gallery-item'>\n\t\t\t<div class='gallery-icon portrait'>\n\t\t\t\t<a href='https:\/\/centrala.org.uk\/pl\/?attachment_id=345'><img loading=\"lazy\" decoding=\"async\" width=\"220\" height=\"310\" src=\"https:\/\/centrala.org.uk\/pl\/wp-content\/uploads\/sites\/2\/2014\/06\/bart2-220x310.jpg\" class=\"attachment-thumbnail size-thumbnail\" alt=\"\" srcset=\"https:\/\/centrala.org.uk\/pl\/wp-content\/uploads\/sites\/2\/2014\/06\/bart2-220x310.jpg 220w, https:\/\/centrala.org.uk\/pl\/wp-content\/uploads\/sites\/2\/2014\/06\/bart2-640x904.jpg 640w, https:\/\/centrala.org.uk\/pl\/wp-content\/uploads\/sites\/2\/2014\/06\/bart2-637x900.jpg 637w, https:\/\/centrala.org.uk\/pl\/wp-content\/uploads\/sites\/2\/2014\/06\/bart2-210x296.jpg 210w, https:\/\/centrala.org.uk\/pl\/wp-content\/uploads\/sites\/2\/2014\/06\/bart2-480x678.jpg 480w, https:\/\/centrala.org.uk\/pl\/wp-content\/uploads\/sites\/2\/2014\/06\/bart2.jpg 1003w\" sizes=\"auto, (max-width: 220px) 100vw, 220px\" \/><\/a>\n\t\t\t<\/div><\/figure><figure class='gallery-item'>\n\t\t\t<div class='gallery-icon portrait'>\n\t\t\t\t<a href='https:\/\/centrala.org.uk\/pl\/?attachment_id=346'><img loading=\"lazy\" decoding=\"async\" width=\"220\" height=\"310\" src=\"https:\/\/centrala.org.uk\/pl\/wp-content\/uploads\/sites\/2\/2014\/06\/bart3-220x310.jpg\" class=\"attachment-thumbnail size-thumbnail\" alt=\"\" srcset=\"https:\/\/centrala.org.uk\/pl\/wp-content\/uploads\/sites\/2\/2014\/06\/bart3-220x310.jpg 220w, https:\/\/centrala.org.uk\/pl\/wp-content\/uploads\/sites\/2\/2014\/06\/bart3-640x904.jpg 640w, https:\/\/centrala.org.uk\/pl\/wp-content\/uploads\/sites\/2\/2014\/06\/bart3-637x900.jpg 637w, https:\/\/centrala.org.uk\/pl\/wp-content\/uploads\/sites\/2\/2014\/06\/bart3-210x296.jpg 210w, https:\/\/centrala.org.uk\/pl\/wp-content\/uploads\/sites\/2\/2014\/06\/bart3-480x678.jpg 480w, https:\/\/centrala.org.uk\/pl\/wp-content\/uploads\/sites\/2\/2014\/06\/bart3.jpg 1003w\" sizes=\"auto, (max-width: 220px) 100vw, 220px\" \/><\/a>\n\t\t\t<\/div><\/figure><figure class='gallery-item'>\n\t\t\t<div class='gallery-icon portrait'>\n\t\t\t\t<a href='https:\/\/centrala.org.uk\/pl\/?attachment_id=347'><img loading=\"lazy\" decoding=\"async\" width=\"220\" height=\"310\" src=\"https:\/\/centrala.org.uk\/pl\/wp-content\/uploads\/sites\/2\/2014\/06\/bart4-220x310.jpg\" class=\"attachment-thumbnail size-thumbnail\" alt=\"\" srcset=\"https:\/\/centrala.org.uk\/pl\/wp-content\/uploads\/sites\/2\/2014\/06\/bart4-220x310.jpg 220w, https:\/\/centrala.org.uk\/pl\/wp-content\/uploads\/sites\/2\/2014\/06\/bart4-640x904.jpg 640w, https:\/\/centrala.org.uk\/pl\/wp-content\/uploads\/sites\/2\/2014\/06\/bart4-637x900.jpg 637w, https:\/\/centrala.org.uk\/pl\/wp-content\/uploads\/sites\/2\/2014\/06\/bart4-210x296.jpg 210w, https:\/\/centrala.org.uk\/pl\/wp-content\/uploads\/sites\/2\/2014\/06\/bart4-480x678.jpg 480w, https:\/\/centrala.org.uk\/pl\/wp-content\/uploads\/sites\/2\/2014\/06\/bart4.jpg 1003w\" sizes=\"auto, (max-width: 220px) 100vw, 220px\" \/><\/a>\n\t\t\t<\/div><\/figure><figure class='gallery-item'>\n\t\t\t<div class='gallery-icon portrait'>\n\t\t\t\t<a href='https:\/\/centrala.org.uk\/pl\/?attachment_id=348'><img loading=\"lazy\" decoding=\"async\" width=\"220\" height=\"310\" src=\"https:\/\/centrala.org.uk\/pl\/wp-content\/uploads\/sites\/2\/2014\/06\/bart5-220x310.jpg\" class=\"attachment-thumbnail size-thumbnail\" alt=\"\" srcset=\"https:\/\/centrala.org.uk\/pl\/wp-content\/uploads\/sites\/2\/2014\/06\/bart5-220x310.jpg 220w, https:\/\/centrala.org.uk\/pl\/wp-content\/uploads\/sites\/2\/2014\/06\/bart5-640x904.jpg 640w, https:\/\/centrala.org.uk\/pl\/wp-content\/uploads\/sites\/2\/2014\/06\/bart5-637x900.jpg 637w, https:\/\/centrala.org.uk\/pl\/wp-content\/uploads\/sites\/2\/2014\/06\/bart5-210x296.jpg 210w, https:\/\/centrala.org.uk\/pl\/wp-content\/uploads\/sites\/2\/2014\/06\/bart5-480x678.jpg 480w, https:\/\/centrala.org.uk\/pl\/wp-content\/uploads\/sites\/2\/2014\/06\/bart5.jpg 1003w\" sizes=\"auto, (max-width: 220px) 100vw, 220px\" \/><\/a>\n\t\t\t<\/div><\/figure><figure class='gallery-item'>\n\t\t\t<div class='gallery-icon portrait'>\n\t\t\t\t<a href='https:\/\/centrala.org.uk\/pl\/?attachment_id=349'><img loading=\"lazy\" decoding=\"async\" width=\"220\" height=\"310\" src=\"https:\/\/centrala.org.uk\/pl\/wp-content\/uploads\/sites\/2\/2014\/06\/bart6-220x310.jpg\" class=\"attachment-thumbnail size-thumbnail\" alt=\"\" srcset=\"https:\/\/centrala.org.uk\/pl\/wp-content\/uploads\/sites\/2\/2014\/06\/bart6-220x310.jpg 220w, https:\/\/centrala.org.uk\/pl\/wp-content\/uploads\/sites\/2\/2014\/06\/bart6-640x904.jpg 640w, https:\/\/centrala.org.uk\/pl\/wp-content\/uploads\/sites\/2\/2014\/06\/bart6-637x900.jpg 637w, https:\/\/centrala.org.uk\/pl\/wp-content\/uploads\/sites\/2\/2014\/06\/bart6-210x296.jpg 210w, https:\/\/centrala.org.uk\/pl\/wp-content\/uploads\/sites\/2\/2014\/06\/bart6-480x678.jpg 480w, https:\/\/centrala.org.uk\/pl\/wp-content\/uploads\/sites\/2\/2014\/06\/bart6.jpg 1003w\" sizes=\"auto, (max-width: 220px) 100vw, 220px\" \/><\/a>\n\t\t\t<\/div><\/figure><figure class='gallery-item'>\n\t\t\t<div class='gallery-icon portrait'>\n\t\t\t\t<a href='https:\/\/centrala.org.uk\/pl\/?attachment_id=350'><img loading=\"lazy\" decoding=\"async\" width=\"220\" height=\"310\" src=\"https:\/\/centrala.org.uk\/pl\/wp-content\/uploads\/sites\/2\/2014\/06\/bart7-220x310.jpg\" class=\"attachment-thumbnail size-thumbnail\" alt=\"\" srcset=\"https:\/\/centrala.org.uk\/pl\/wp-content\/uploads\/sites\/2\/2014\/06\/bart7-220x310.jpg 220w, https:\/\/centrala.org.uk\/pl\/wp-content\/uploads\/sites\/2\/2014\/06\/bart7-640x904.jpg 640w, https:\/\/centrala.org.uk\/pl\/wp-content\/uploads\/sites\/2\/2014\/06\/bart7-637x900.jpg 637w, https:\/\/centrala.org.uk\/pl\/wp-content\/uploads\/sites\/2\/2014\/06\/bart7-210x296.jpg 210w, https:\/\/centrala.org.uk\/pl\/wp-content\/uploads\/sites\/2\/2014\/06\/bart7-480x678.jpg 480w, https:\/\/centrala.org.uk\/pl\/wp-content\/uploads\/sites\/2\/2014\/06\/bart7.jpg 1003w\" sizes=\"auto, (max-width: 220px) 100vw, 220px\" \/><\/a>\n\t\t\t<\/div><\/figure>\n\t\t<\/div>\n\n","protected":false},"excerpt":{"rendered":"<p>Komar\u00f3w to miasteczko, jakich wiele na \u015bwiecie. Znajduje si\u0119 w nim fabryka, sklep, bar z przek\u0105skami i mieszka\u0144cy ze swoimi codziennymi problemami. Ludzie wiod\u0105 tu spokojne \u017cycie, a\u017c do dnia, kiedy wszystko ulega zmianie.<\/p>\n","protected":false},"featured_media":343,"comment_status":"closed","ping_status":"closed","template":"","meta":{"_acf_changed":false},"product_brand":[],"product_cat":[32],"product_tag":[55,31,56],"series":[],"class_list":{"0":"post-342","1":"product","2":"type-product","3":"status-publish","4":"has-post-thumbnail","6":"product_cat-komiks","7":"product_tag-bart-nijstad","8":"product_tag-czarno-biale","9":"product_tag-holenderskie","11":"first","12":"instock","13":"shipping-taxable","14":"purchasable","15":"product-type-simple"},"acf":[],"_links":{"self":[{"href":"https:\/\/centrala.org.uk\/pl\/wp-json\/wp\/v2\/product\/342","targetHints":{"allow":["GET"]}}],"collection":[{"href":"https:\/\/centrala.org.uk\/pl\/wp-json\/wp\/v2\/product"}],"about":[{"href":"https:\/\/centrala.org.uk\/pl\/wp-json\/wp\/v2\/types\/product"}],"replies":[{"embeddable":true,"href":"https:\/\/centrala.org.uk\/pl\/wp-json\/wp\/v2\/comments?post=342"}],"wp:featuredmedia":[{"embeddable":true,"href":"https:\/\/centrala.org.uk\/pl\/wp-json\/wp\/v2\/media\/343"}],"wp:attachment":[{"href":"https:\/\/centrala.org.uk\/pl\/wp-json\/wp\/v2\/media?parent=342"}],"wp:term":[{"taxonomy":"product_brand","embeddable":true,"href":"https:\/\/centrala.org.uk\/pl\/wp-json\/wp\/v2\/product_brand?post=342"},{"taxonomy":"product_cat","embeddable":true,"href":"https:\/\/centrala.org.uk\/pl\/wp-json\/wp\/v2\/product_cat?post=342"},{"taxonomy":"product_tag","embeddable":true,"href":"https:\/\/centrala.org.uk\/pl\/wp-json\/wp\/v2\/product_tag?post=342"},{"taxonomy":"series","embeddable":true,"href":"https:\/\/centrala.org.uk\/pl\/wp-json\/wp\/v2\/series?post=342"}],"curies":[{"name":"wp","href":"https:\/\/api.w.org\/{rel}","templated":true}]}}