{"id":360,"date":"2011-02-10T22:55:45","date_gmt":"2011-02-10T21:55:45","guid":{"rendered":"http:\/\/centrala.org.uk\/pl\/?post_type=product&#038;p=360"},"modified":"2018-10-02T19:40:04","modified_gmt":"2018-10-02T17:40:04","slug":"we-wloszech-wszyscy-sa-mezczyznami","status":"publish","type":"product","link":"https:\/\/centrala.org.uk\/pl\/sklep\/we-wloszech-wszyscy-sa-mezczyznami\/","title":{"rendered":"We W\u0142oszech wszyscy s\u0105 m\u0119\u017cczyznami."},"content":{"rendered":"<p>Komiks, kt\u00f3ry w roku 2009 zdoby\u0142 we W\u0142oszech tytu\u0142 Najlepszego Komiksu Roku podczas Napoli Comicon.<\/p>\n<p>Oparty na prawdziwych wydarzeniach komiks opowiada o wygnaniu gej\u00f3w z faszystowskich W\u0142och, a w szczeg\u00f3lno\u015bci skupiaj\u0105cy si\u0119 na grupie m\u0119\u017cczyzn osadzonych na wyspie San Domino w archipelagu Tremiti, w ostatnich latach zes\u0142ania (1939\/40). We W\u0142oszech dzie\u0142o to uznawane jest za jeden z najwa\u017cniejszych przyk\u0142ad\u00f3w w\u0142oskiego komiksu dotycz\u0105cego tematyki historycznej.<\/p>\n<p>Prawa rasowe w faszystowskich W\u0142oszech nie wspomina\u0142y o \u015brodkach zapobiegawczych wobec homoseksualist\u00f3w: nie ma potrzeby, powiedzia\u0142 Mussolini, bo we W\u0142oszech wszyscy jeste\u015bmy m\u0119\u017cczyznami. Silnymi i m\u0119skimi. Rzeczywisto\u015b\u0107 by\u0142a zupe\u0142nie inna. Mi\u0119dzy 1938 a 1943 rokiem wielu homoseksualist\u00f3w by\u0142o internowanych na wyspach. Prawie trzystu \u201ezniewie\u015bcia\u0142ych\u201d, \u201eciot\u201d, \u201epeda\u0142\u00f3w\u201d wyrwano z \u017cycia, kt\u00f3re prowadzili i uznano za wrog\u00f3w Ojczyzny. Pi\u0119\u0107dziesi\u0105t lat p\u00f3\u017aniej dokumentalista Rocco wybiera si\u0119 \u015bladami jednego z internowanych, Antonia, \u017ceby pokaza\u0107 zapomniane wydarzenia, musi jednak stawi\u0107 czo\u0142a cierpieniu, jakie wywo\u0142uj\u0105 wspomnienia.<\/p>\n<p>We W\u0142oszech wszyscy s\u0105 m\u0119\u017cczyznami opowiada o faszyzmie, hipokryzji, przyja\u017ani, zapomnianych skandalach, ale przede wszystkim o dw\u00f3ch m\u0119\u017cczyznach r\u00f3\u017cni\u0105cych si\u0119 wiekiem i temperamentem, kt\u00f3rych spotkanie mo\u017ce pozwoli na pokonanie duch\u00f3w przesz\u0142o\u015bci.<\/p>\n<p><strong>Luca de Santis<\/strong> urodzi\u0142 si\u0119 w 1978 roku w Campobasso. Jest scenarzyst\u0105, autorem dramat\u00f3w i s\u0142uchowisk radiowych. Wsp\u00f3\u0142pracowa\u0142 z Comedy Central, MTV Italia, Endemol, by\u0142 tw\u00f3rc\u0105 spektaklu <em>Burlesquel<\/em>.<\/p>\n<p><strong>Sara Colaone<\/strong> urodzi\u0142a si\u0119 w 1970 roku w Pordenone. Swoje komiksy publikuje dla <em>Kappa Edizioni<\/em>, <em>Coconino Press<\/em>, Vivacomix i <em>Stripburger<\/em>. Jako ilustratorka wsp\u00f3\u0142pracuje z Zanichelli i PBM. Prowadzi zaj\u0119cia z komiksu i ilustracji na Akademii Sztuk Pi\u0119knych w Bolonii. Podczas ich wsp\u00f3\u0142pracy artystycznej powsta\u0142a seria komiks\u00f3w <em>Carem<\/em> oraz wiele kr\u00f3tkometra\u017cowych animacji.<\/p>\n","protected":false},"excerpt":{"rendered":"<p>Powie\u015b\u0107 graficzna o internowaniu homoseksualist\u00f3w w czasach faszyzmu.<\/p>\n","protected":false},"featured_media":361,"comment_status":"closed","ping_status":"closed","template":"","meta":{"_acf_changed":false},"product_brand":[],"product_cat":[27,32],"product_tag":[24,60,61],"series":[],"class_list":{"0":"post-360","1":"product","2":"type-product","3":"status-publish","4":"has-post-thumbnail","6":"product_cat-powiesc-graficzna","7":"product_cat-komiks","8":"product_tag-historia","9":"product_tag-homoseksualizm","10":"product_tag-przesladowania","12":"first","13":"outofstock","14":"shipping-taxable","15":"purchasable","16":"product-type-simple"},"acf":[],"_links":{"self":[{"href":"https:\/\/centrala.org.uk\/pl\/wp-json\/wp\/v2\/product\/360","targetHints":{"allow":["GET"]}}],"collection":[{"href":"https:\/\/centrala.org.uk\/pl\/wp-json\/wp\/v2\/product"}],"about":[{"href":"https:\/\/centrala.org.uk\/pl\/wp-json\/wp\/v2\/types\/product"}],"replies":[{"embeddable":true,"href":"https:\/\/centrala.org.uk\/pl\/wp-json\/wp\/v2\/comments?post=360"}],"wp:featuredmedia":[{"embeddable":true,"href":"https:\/\/centrala.org.uk\/pl\/wp-json\/wp\/v2\/media\/361"}],"wp:attachment":[{"href":"https:\/\/centrala.org.uk\/pl\/wp-json\/wp\/v2\/media?parent=360"}],"wp:term":[{"taxonomy":"product_brand","embeddable":true,"href":"https:\/\/centrala.org.uk\/pl\/wp-json\/wp\/v2\/product_brand?post=360"},{"taxonomy":"product_cat","embeddable":true,"href":"https:\/\/centrala.org.uk\/pl\/wp-json\/wp\/v2\/product_cat?post=360"},{"taxonomy":"product_tag","embeddable":true,"href":"https:\/\/centrala.org.uk\/pl\/wp-json\/wp\/v2\/product_tag?post=360"},{"taxonomy":"series","embeddable":true,"href":"https:\/\/centrala.org.uk\/pl\/wp-json\/wp\/v2\/series?post=360"}],"curies":[{"name":"wp","href":"https:\/\/api.w.org\/{rel}","templated":true}]}}