{"id":365,"date":"2010-10-10T23:08:59","date_gmt":"2010-10-10T21:08:59","guid":{"rendered":"http:\/\/centrala.org.uk\/pl\/?post_type=product&#038;p=365"},"modified":"2018-01-05T11:38:48","modified_gmt":"2018-01-05T10:38:48","slug":"leksykon-polskich-bohaterow-i-serii-komiksowych","status":"publish","type":"product","link":"https:\/\/centrala.org.uk\/pl\/sklep\/leksykon-polskich-bohaterow-i-serii-komiksowych\/","title":{"rendered":"Leksykon polskich bohater\u00f3w i serii komiksowych."},"content":{"rendered":"<p>Zapotrzebowanie na publikacj\u0119 po\u015bwi\u0119con\u0105 bohaterom rodzimych historyjek obrazkowych zrodzi\u0142 widoczny ostatnio w Polsce wzrost zainteresowania komiksem, przejawiaj\u0105cy si\u0119 m.in. wi\u0119ksz\u0105 ni\u017c dot\u0105d liczb\u0105 wydawanych album\u00f3w oraz dostrze\u017ceniem tematyki przez media oraz badaczy kultury masowej. Istnieje bowiem &#8211; jak dot\u0105d &#8211; niedostatek opracowa\u0144 poszerzaj\u0105cych i systematyzuj\u0105cych wiedz\u0119 o przesz\u0142o\u015bci i wsp\u00f3\u0142czesno\u015bci gatunku komiksowego na ziemiach polskich. Jego dzieje licz\u0105 sobie ju\u017c blisko 150 lat, poniewa\u017c ilustrowane opowiastki na dobre przyby\u0142y do Polski dopiero po pierwszej wojnie \u015bwiatowej, pojawia\u0142y si\u0119 tu incydentalnie znacznie wcze\u015bniej.<\/p>\n<p>Ka\u017cde z hase\u0142, pr\u00f3cz opisu bohatera\/bohater\u00f3w, zawiera informacje o dacie i miejscu<br \/>\npremiery przyg\u00f3d, notk\u0119 o autorze\/autorach oraz wydanych albumach lub ilo\u015bci odcink\u00f3w, kt\u00f3re wydrukowano w gazetach. Wydawnictwo okraszono bogatym wyborem kadr\u00f3w z opisywanych komiks\u00f3w, r\u00f3wnie\u017c tych najstarszych. C\u00f3\u017c wi\u0119cej doda\u0107? Chyba tylko tyle, \u017ce \u201eLeksykon&#8230;\u201d to pozycja obowi\u0105zkowa na p\u00f3\u0142ce ka\u017cdego prawdziwego mi\u0142o\u015bnika polskich opowie\u015bci rysunkowych.<\/p>\n","protected":false},"excerpt":{"rendered":"<p>\u201eLeksykon\u2026\u201d to pozycja obowi\u0105zkowa na p\u00f3\u0142ce ka\u017cdego prawdziwego mi\u0142o\u015bnika polskich opowie\u015bci rysunkowych.<\/p>\n","protected":false},"featured_media":366,"comment_status":"closed","ping_status":"closed","template":"","meta":{"_acf_changed":false},"product_brand":[],"product_cat":[47,28],"product_tag":[58,62,25],"series":[],"class_list":{"0":"post-365","1":"product","2":"type-product","3":"status-publish","4":"has-post-thumbnail","6":"product_cat-dla-mlodziezy","7":"product_cat-teksty-o-komiksie","8":"product_tag-adam-rusek","9":"product_tag-leksykon","10":"product_tag-teksty-teoretyczne","12":"first","13":"outofstock","14":"shipping-taxable","15":"purchasable","16":"product-type-simple"},"acf":[],"_links":{"self":[{"href":"https:\/\/centrala.org.uk\/pl\/wp-json\/wp\/v2\/product\/365","targetHints":{"allow":["GET"]}}],"collection":[{"href":"https:\/\/centrala.org.uk\/pl\/wp-json\/wp\/v2\/product"}],"about":[{"href":"https:\/\/centrala.org.uk\/pl\/wp-json\/wp\/v2\/types\/product"}],"replies":[{"embeddable":true,"href":"https:\/\/centrala.org.uk\/pl\/wp-json\/wp\/v2\/comments?post=365"}],"wp:featuredmedia":[{"embeddable":true,"href":"https:\/\/centrala.org.uk\/pl\/wp-json\/wp\/v2\/media\/366"}],"wp:attachment":[{"href":"https:\/\/centrala.org.uk\/pl\/wp-json\/wp\/v2\/media?parent=365"}],"wp:term":[{"taxonomy":"product_brand","embeddable":true,"href":"https:\/\/centrala.org.uk\/pl\/wp-json\/wp\/v2\/product_brand?post=365"},{"taxonomy":"product_cat","embeddable":true,"href":"https:\/\/centrala.org.uk\/pl\/wp-json\/wp\/v2\/product_cat?post=365"},{"taxonomy":"product_tag","embeddable":true,"href":"https:\/\/centrala.org.uk\/pl\/wp-json\/wp\/v2\/product_tag?post=365"},{"taxonomy":"series","embeddable":true,"href":"https:\/\/centrala.org.uk\/pl\/wp-json\/wp\/v2\/series?post=365"}],"curies":[{"name":"wp","href":"https:\/\/api.w.org\/{rel}","templated":true}]}}