{"id":369,"date":"2011-05-10T23:49:15","date_gmt":"2011-05-10T21:49:15","guid":{"rendered":"http:\/\/centrala.org.uk\/pl\/?post_type=product&#038;p=369"},"modified":"2018-10-02T19:40:21","modified_gmt":"2018-10-02T17:40:21","slug":"tajemnice-poznania-prasowy-film-rysunkowy-z-lat-1948-1949","status":"publish","type":"product","link":"https:\/\/centrala.org.uk\/pl\/sklep\/tajemnice-poznania-prasowy-film-rysunkowy-z-lat-1948-1949\/","title":{"rendered":"Tajemnice Poznania. Prasowy film rysunkowy z lat 1948 &#8211; 1949."},"content":{"rendered":"<p>Prezentowany serial <em>Tajemnice Poznania<\/em> ukazywa\u0142 si\u0119 od 16 grudnia 1948 do 6 lutego 1949 w \u201eExpressie Pozna\u0144skim\u201d, popo\u0142udniowym dzienniku wydawanym w\u00f3wczas w stolicy Wielkopolski. Autor tekstu i scenariusza pozostaje nieznany, ilustratorem za\u015b by\u0142 m\u0142ody, p\u00f3\u017aniejszy rysownik satyryczny niemal przez ca\u0142e \u017cycie zwi\u0105zany z Poznaniem, Henryk Derwich.<\/p>\n<p>Publikacja tego serialu prasowego wydaje nam si\u0119 istotna z kilku powod\u00f3w.<\/p>\n<p>Po pierwsze, pragniemy pokaza\u0107, \u017ce r\u00f3wnie\u017c komiks czy ilustrowane seriale prasowe, zwane w\u00f3wczas. \u201efilmami rysunkowymi\u201d, stanowi\u0107 mog\u0105 ciekawe \u017ar\u00f3d\u0142o dla bada\u0144 nad histori\u0105, kultur\u0105 popularn\u0105 oraz histori\u0105 kultury. Prezentacja takich odczyta\u0144 komiksu i seriali rysunkowych stanowi jeden z g\u0142\u00f3wnych cel\u00f3w dzia\u0142a\u0144 Projektu Centrala \u2013 Sztuka Komiksu Europy \u015arodkowej.<\/p>\n<p>Po drugie, <em>Tajemnice Poznania<\/em> stanowi\u0105 ciekawy przyk\u0142ad serii, kt\u00f3ra sw\u0105 tre\u015bci\u0105 wy\u0142amywa\u0142a si\u0119 z oficjalnego nurtu pokazywania historii drugiej wojny \u015bwiatowej, kt\u00f3ry obowi\u0105zywa\u0142 dziennikarzy i publicyst\u00f3w w \u00f3wczesnej prasie oficjalnej. O tych aspektach szeroko pisz\u0105\u00a0<strong>Adam Rusek<\/strong> i <strong>Justyna Czaja<\/strong> w tekstach za\u0142\u0105czonych do niniejszej publikacji.<\/p>\n<p>Po trzecie wreszcie, Tajemnice Poznania stanowi\u0105 wczesny etap tw\u00f3rczo\u015bci Henryka Derwicha, jednego z ciekawszych rysownik\u00f3w i satyryk\u00f3w z czas\u00f3w PRL, po kt\u00f3rym spu\u015bcizna znajduje si\u0119 obecnie w Bibliotece Uniwersyteckiej w Poznaniu. S\u0105dzimy, \u017ce tw\u00f3rczo\u015b\u0107 Henryka Derwicha oraz innych satyryk\u00f3w polskich warta jest wi\u0119kszego zainteresowania oraz podj\u0119cia bada\u0144.<\/p>\n","protected":false},"excerpt":{"rendered":"<p>Niniejsza publikacja to pierwszy w historii polskiej komiksografii przyk\u0142ad edycji prasowego serialu obrazkowego z ko\u0144ca lat \u201840 ubieg\u0142ego wieku wraz z tekstami analitycznymi.<\/p>\n","protected":false},"featured_media":370,"comment_status":"closed","ping_status":"closed","template":"","meta":{"_acf_changed":false},"product_brand":[],"product_cat":[47,32,28],"product_tag":[58,31,63,24,64,25],"series":[],"class_list":{"0":"post-369","1":"product","2":"type-product","3":"status-publish","4":"has-post-thumbnail","6":"product_cat-dla-mlodziezy","7":"product_cat-komiks","8":"product_cat-teksty-o-komiksie","9":"product_tag-adam-rusek","10":"product_tag-czarno-biale","11":"product_tag-henryk-derwich","12":"product_tag-historia","13":"product_tag-justyna-czaja","14":"product_tag-teksty-teoretyczne","16":"first","17":"outofstock","18":"shipping-taxable","19":"purchasable","20":"product-type-simple"},"acf":[],"_links":{"self":[{"href":"https:\/\/centrala.org.uk\/pl\/wp-json\/wp\/v2\/product\/369","targetHints":{"allow":["GET"]}}],"collection":[{"href":"https:\/\/centrala.org.uk\/pl\/wp-json\/wp\/v2\/product"}],"about":[{"href":"https:\/\/centrala.org.uk\/pl\/wp-json\/wp\/v2\/types\/product"}],"replies":[{"embeddable":true,"href":"https:\/\/centrala.org.uk\/pl\/wp-json\/wp\/v2\/comments?post=369"}],"wp:featuredmedia":[{"embeddable":true,"href":"https:\/\/centrala.org.uk\/pl\/wp-json\/wp\/v2\/media\/370"}],"wp:attachment":[{"href":"https:\/\/centrala.org.uk\/pl\/wp-json\/wp\/v2\/media?parent=369"}],"wp:term":[{"taxonomy":"product_brand","embeddable":true,"href":"https:\/\/centrala.org.uk\/pl\/wp-json\/wp\/v2\/product_brand?post=369"},{"taxonomy":"product_cat","embeddable":true,"href":"https:\/\/centrala.org.uk\/pl\/wp-json\/wp\/v2\/product_cat?post=369"},{"taxonomy":"product_tag","embeddable":true,"href":"https:\/\/centrala.org.uk\/pl\/wp-json\/wp\/v2\/product_tag?post=369"},{"taxonomy":"series","embeddable":true,"href":"https:\/\/centrala.org.uk\/pl\/wp-json\/wp\/v2\/series?post=369"}],"curies":[{"name":"wp","href":"https:\/\/api.w.org\/{rel}","templated":true}]}}