{"id":435,"date":"2008-10-22T23:49:03","date_gmt":"2008-10-22T21:49:03","guid":{"rendered":"http:\/\/centrala.org.uk\/pl\/?post_type=product&#038;p=435"},"modified":"2018-01-06T00:31:59","modified_gmt":"2018-01-05T23:31:59","slug":"anna-chce-skoczyc","status":"publish","type":"product","link":"https:\/\/centrala.org.uk\/pl\/sklep\/anna-chce-skoczyc\/","title":{"rendered":"Anna chce skoczy\u0107"},"content":{"rendered":"<p>Historia wpleciona w wydarzenia sprzed 40 lat zwi\u0105zane z Prask\u0105 Wiosn\u0105 1968 roku, emigracj\u0105 polityczn\u0105 oraz wsp\u00f3\u0142czesnymi realiami Czech. G\u0142\u00f3wne w\u0105tki fabularne opowie\u015bci skupiaj\u0105 si\u0119 na losach rozdzielonych wskutek tragicznych zakr\u0119t\u00f3w historii si\u00f3str. Nie brak w komiksie widok\u00f3w dawnej i wsp\u00f3\u0142czesnej Pragi, s\u0105 te\u017c interesuj\u0105ce w\u0105tki sensacyjne i obyczajowe.<\/p>\n<p>Na kartach opowie\u015bci pojawia si\u0119 sam Vaclav Havel.<\/p>\n","protected":false},"excerpt":{"rendered":"<p>Najlepszy czeski komiks roku 2007<\/p>\n","protected":false},"featured_media":436,"comment_status":"closed","ping_status":"closed","template":"","meta":{"_acf_changed":false},"product_brand":[],"product_cat":[32],"product_tag":[41,65],"series":[],"class_list":{"0":"post-435","1":"product","2":"type-product","3":"status-publish","4":"has-post-thumbnail","6":"product_cat-komiks","7":"product_tag-czeskie","8":"product_tag-lucie-lomova","10":"first","11":"outofstock","12":"shipping-taxable","13":"purchasable","14":"product-type-simple"},"acf":[],"_links":{"self":[{"href":"https:\/\/centrala.org.uk\/pl\/wp-json\/wp\/v2\/product\/435","targetHints":{"allow":["GET"]}}],"collection":[{"href":"https:\/\/centrala.org.uk\/pl\/wp-json\/wp\/v2\/product"}],"about":[{"href":"https:\/\/centrala.org.uk\/pl\/wp-json\/wp\/v2\/types\/product"}],"replies":[{"embeddable":true,"href":"https:\/\/centrala.org.uk\/pl\/wp-json\/wp\/v2\/comments?post=435"}],"wp:featuredmedia":[{"embeddable":true,"href":"https:\/\/centrala.org.uk\/pl\/wp-json\/wp\/v2\/media\/436"}],"wp:attachment":[{"href":"https:\/\/centrala.org.uk\/pl\/wp-json\/wp\/v2\/media?parent=435"}],"wp:term":[{"taxonomy":"product_brand","embeddable":true,"href":"https:\/\/centrala.org.uk\/pl\/wp-json\/wp\/v2\/product_brand?post=435"},{"taxonomy":"product_cat","embeddable":true,"href":"https:\/\/centrala.org.uk\/pl\/wp-json\/wp\/v2\/product_cat?post=435"},{"taxonomy":"product_tag","embeddable":true,"href":"https:\/\/centrala.org.uk\/pl\/wp-json\/wp\/v2\/product_tag?post=435"},{"taxonomy":"series","embeddable":true,"href":"https:\/\/centrala.org.uk\/pl\/wp-json\/wp\/v2\/series?post=435"}],"curies":[{"name":"wp","href":"https:\/\/api.w.org\/{rel}","templated":true}]}}