{"id":441,"date":"2013-04-23T00:00:31","date_gmt":"2013-04-22T22:00:31","guid":{"rendered":"http:\/\/centrala.org.uk\/pl\/?post_type=product&#038;p=441"},"modified":"2015-08-04T15:16:59","modified_gmt":"2015-08-04T13:16:59","slug":"anubis-moj-przyjaciel","status":"publish","type":"product","link":"https:\/\/centrala.org.uk\/pl\/sklep\/anubis-moj-przyjaciel\/","title":{"rendered":"Anubis. M\u00f3j przyjaciel &#8211; NAK\u0141AD WYCZERPANY"},"content":{"rendered":"<p>O Anubisie<br \/>\nAnubis, b\u00f3stwo o g\u0142owie szakala, w staro\u017cytnym Egipcie towarzyszy\u0142 obrz\u0119dom pogrzebowym, pe\u0142ni\u0105c wa\u017cn\u0105 rol\u0119 w procesie przejscia w za\u015bwiaty. Jego imi\u0119 to Anapa lub Ten, kt\u00f3ry stoi na wzg\u00f3rzu. W czasach Starego Pa\u0144stwa Anubis by\u0142 najwa\u017cniejszym opiekunem zmar\u0142ych i miejsc ich poch\u00f3wku.<\/p>\n<p>Anubis, m\u00f3j przyjaciel pomaga mi okie\u0142zna\u0107 l\u0119ki. Na p\u0142\u00f3tnach pojawia si\u0119 w r\u00f3\u017cnych rolach i kontekstach. Pewnego dnia b\u0119dzie moim lito\u015bciwym i czu\u0142ym opiekunem, ale dzi\u015b jeszcze pije kaw\u0119 w ma\u0142ym bistro na rogu. Pracuje w recepcji hotelu, oczekuj\u0105c cierpliwie na przybycie nocnych go\u015bci. Ogl\u0105da film w kinie, jedz\u0105c popcorn. Wios\u0142uje w \u0142odzi, przewo\u017c\u0105c pasa\u017cer\u00f3w na drugi brzeg. Towarzyszy palaczowi w przerwie na fajk\u0119. Ci\u0105gle w ruchu, stale podr\u00f3\u017cuje. Cho\u0107 bywa i tak, \u017ce czeka godzinami w ogrodzie, przy morskiej zatoce. Jest tu\u017c obok, zawsze dla Ciebie.<\/p>\n<p>Joanna Karpowicz<br \/>\nMalarka, ilustratorka, autorka komiks\u00f3w. Urodzona w 1976. Studiowa\u0142a na wydziale malarstwa krakowskiej Akademii Sztuk Pi\u0119knych. Studia uko\u0144czy\u0142a w 2001 r w pracowni profesora Leszka Misiaka.<\/p>\n<div id='gallery-1' class='gallery galleryid-441 gallery-columns-3 gallery-size-thumbnail'><figure class='gallery-item'>\n\t\t\t<div class='gallery-icon landscape'>\n\t\t\t\t<a href='https:\/\/centrala.org.uk\/pl\/?attachment_id=443'><img loading=\"lazy\" decoding=\"async\" width=\"220\" height=\"93\" src=\"https:\/\/centrala.org.uk\/pl\/wp-content\/uploads\/sites\/2\/2012\/12\/anubis1-220x93.jpg\" class=\"attachment-thumbnail size-thumbnail\" alt=\"Anubis. M\u00f3j przyjaciel\" srcset=\"https:\/\/centrala.org.uk\/pl\/wp-content\/uploads\/sites\/2\/2012\/12\/anubis1-220x93.jpg 220w, https:\/\/centrala.org.uk\/pl\/wp-content\/uploads\/sites\/2\/2012\/12\/anubis1-640x272.jpg 640w, https:\/\/centrala.org.uk\/pl\/wp-content\/uploads\/sites\/2\/2012\/12\/anubis1-210x89.jpg 210w, https:\/\/centrala.org.uk\/pl\/wp-content\/uploads\/sites\/2\/2012\/12\/anubis1-480x204.jpg 480w, https:\/\/centrala.org.uk\/pl\/wp-content\/uploads\/sites\/2\/2012\/12\/anubis1.jpg 960w\" sizes=\"auto, (max-width: 220px) 100vw, 220px\" \/><\/a>\n\t\t\t<\/div><\/figure><figure class='gallery-item'>\n\t\t\t<div class='gallery-icon landscape'>\n\t\t\t\t<a href='https:\/\/centrala.org.uk\/pl\/?attachment_id=444'><img loading=\"lazy\" decoding=\"async\" width=\"220\" height=\"90\" src=\"https:\/\/centrala.org.uk\/pl\/wp-content\/uploads\/sites\/2\/2012\/12\/anubis2-220x90.jpg\" class=\"attachment-thumbnail size-thumbnail\" alt=\"Anubis. M\u00f3j przyjaciel\" srcset=\"https:\/\/centrala.org.uk\/pl\/wp-content\/uploads\/sites\/2\/2012\/12\/anubis2-220x90.jpg 220w, https:\/\/centrala.org.uk\/pl\/wp-content\/uploads\/sites\/2\/2012\/12\/anubis2-640x263.jpg 640w, https:\/\/centrala.org.uk\/pl\/wp-content\/uploads\/sites\/2\/2012\/12\/anubis2-210x86.jpg 210w, https:\/\/centrala.org.uk\/pl\/wp-content\/uploads\/sites\/2\/2012\/12\/anubis2-480x197.jpg 480w, https:\/\/centrala.org.uk\/pl\/wp-content\/uploads\/sites\/2\/2012\/12\/anubis2.jpg 960w\" sizes=\"auto, (max-width: 220px) 100vw, 220px\" \/><\/a>\n\t\t\t<\/div><\/figure><figure class='gallery-item'>\n\t\t\t<div class='gallery-icon landscape'>\n\t\t\t\t<a href='https:\/\/centrala.org.uk\/pl\/?attachment_id=445'><img loading=\"lazy\" decoding=\"async\" width=\"220\" height=\"94\" src=\"https:\/\/centrala.org.uk\/pl\/wp-content\/uploads\/sites\/2\/2012\/12\/anubis3-220x94.jpg\" class=\"attachment-thumbnail size-thumbnail\" alt=\"Anubis. M\u00f3j przyjaciel\" srcset=\"https:\/\/centrala.org.uk\/pl\/wp-content\/uploads\/sites\/2\/2012\/12\/anubis3-220x94.jpg 220w, https:\/\/centrala.org.uk\/pl\/wp-content\/uploads\/sites\/2\/2012\/12\/anubis3-640x276.jpg 640w, https:\/\/centrala.org.uk\/pl\/wp-content\/uploads\/sites\/2\/2012\/12\/anubis3-210x90.jpg 210w, https:\/\/centrala.org.uk\/pl\/wp-content\/uploads\/sites\/2\/2012\/12\/anubis3-480x207.jpg 480w, https:\/\/centrala.org.uk\/pl\/wp-content\/uploads\/sites\/2\/2012\/12\/anubis3.jpg 960w\" sizes=\"auto, (max-width: 220px) 100vw, 220px\" \/><\/a>\n\t\t\t<\/div><\/figure><figure class='gallery-item'>\n\t\t\t<div class='gallery-icon landscape'>\n\t\t\t\t<a href='https:\/\/centrala.org.uk\/pl\/?attachment_id=446'><img loading=\"lazy\" decoding=\"async\" width=\"220\" height=\"95\" src=\"https:\/\/centrala.org.uk\/pl\/wp-content\/uploads\/sites\/2\/2012\/12\/anubis4-220x95.jpg\" class=\"attachment-thumbnail size-thumbnail\" alt=\"Anubis. M\u00f3j przyjaciel\" srcset=\"https:\/\/centrala.org.uk\/pl\/wp-content\/uploads\/sites\/2\/2012\/12\/anubis4-220x95.jpg 220w, https:\/\/centrala.org.uk\/pl\/wp-content\/uploads\/sites\/2\/2012\/12\/anubis4-640x276.jpg 640w, https:\/\/centrala.org.uk\/pl\/wp-content\/uploads\/sites\/2\/2012\/12\/anubis4-210x90.jpg 210w, https:\/\/centrala.org.uk\/pl\/wp-content\/uploads\/sites\/2\/2012\/12\/anubis4-480x207.jpg 480w, https:\/\/centrala.org.uk\/pl\/wp-content\/uploads\/sites\/2\/2012\/12\/anubis4.jpg 960w\" sizes=\"auto, (max-width: 220px) 100vw, 220px\" \/><\/a>\n\t\t\t<\/div><\/figure><figure class='gallery-item'>\n\t\t\t<div class='gallery-icon landscape'>\n\t\t\t\t<a href='https:\/\/centrala.org.uk\/pl\/?attachment_id=447'><img loading=\"lazy\" decoding=\"async\" width=\"220\" height=\"96\" src=\"https:\/\/centrala.org.uk\/pl\/wp-content\/uploads\/sites\/2\/2012\/12\/anubis5-220x96.jpg\" class=\"attachment-thumbnail size-thumbnail\" alt=\"Anubis. M\u00f3j przyjaciel\" srcset=\"https:\/\/centrala.org.uk\/pl\/wp-content\/uploads\/sites\/2\/2012\/12\/anubis5-220x96.jpg 220w, https:\/\/centrala.org.uk\/pl\/wp-content\/uploads\/sites\/2\/2012\/12\/anubis5-640x282.jpg 640w, https:\/\/centrala.org.uk\/pl\/wp-content\/uploads\/sites\/2\/2012\/12\/anubis5-210x92.jpg 210w, https:\/\/centrala.org.uk\/pl\/wp-content\/uploads\/sites\/2\/2012\/12\/anubis5-480x211.jpg 480w, https:\/\/centrala.org.uk\/pl\/wp-content\/uploads\/sites\/2\/2012\/12\/anubis5.jpg 960w\" sizes=\"auto, (max-width: 220px) 100vw, 220px\" \/><\/a>\n\t\t\t<\/div><\/figure>\n\t\t<\/div>\n\n","protected":false},"excerpt":{"rendered":"<p>R\u0119cznie numerowany i z podpisem autorki.<\/p>\n","protected":false},"featured_media":442,"comment_status":"closed","ping_status":"closed","template":"","meta":{"_acf_changed":false},"product_brand":[],"product_cat":[32],"product_tag":[66,38],"series":[],"class_list":{"0":"post-441","1":"product","2":"type-product","3":"status-publish","4":"has-post-thumbnail","6":"product_cat-komiks","7":"product_tag-joanna-karpowicz","8":"product_tag-polskie","10":"first","11":"outofstock","12":"shipping-taxable","13":"product-type-simple"},"acf":[],"_links":{"self":[{"href":"https:\/\/centrala.org.uk\/pl\/wp-json\/wp\/v2\/product\/441","targetHints":{"allow":["GET"]}}],"collection":[{"href":"https:\/\/centrala.org.uk\/pl\/wp-json\/wp\/v2\/product"}],"about":[{"href":"https:\/\/centrala.org.uk\/pl\/wp-json\/wp\/v2\/types\/product"}],"replies":[{"embeddable":true,"href":"https:\/\/centrala.org.uk\/pl\/wp-json\/wp\/v2\/comments?post=441"}],"wp:featuredmedia":[{"embeddable":true,"href":"https:\/\/centrala.org.uk\/pl\/wp-json\/wp\/v2\/media\/442"}],"wp:attachment":[{"href":"https:\/\/centrala.org.uk\/pl\/wp-json\/wp\/v2\/media?parent=441"}],"wp:term":[{"taxonomy":"product_brand","embeddable":true,"href":"https:\/\/centrala.org.uk\/pl\/wp-json\/wp\/v2\/product_brand?post=441"},{"taxonomy":"product_cat","embeddable":true,"href":"https:\/\/centrala.org.uk\/pl\/wp-json\/wp\/v2\/product_cat?post=441"},{"taxonomy":"product_tag","embeddable":true,"href":"https:\/\/centrala.org.uk\/pl\/wp-json\/wp\/v2\/product_tag?post=441"},{"taxonomy":"series","embeddable":true,"href":"https:\/\/centrala.org.uk\/pl\/wp-json\/wp\/v2\/series?post=441"}],"curies":[{"name":"wp","href":"https:\/\/api.w.org\/{rel}","templated":true}]}}