{"id":454,"date":"2010-02-23T00:21:34","date_gmt":"2010-02-22T23:21:34","guid":{"rendered":"http:\/\/centrala.org.uk\/pl\/?post_type=product&#038;p=454"},"modified":"2016-10-04T16:00:28","modified_gmt":"2016-10-04T14:00:28","slug":"bibliografia-komiksow-wydanych-w-polsce","status":"publish","type":"product","link":"https:\/\/centrala.org.uk\/pl\/sklep\/bibliografia-komiksow-wydanych-w-polsce\/","title":{"rendered":"Bibliografia komiks\u00f3w wydanych w Polsce."},"content":{"rendered":"<p>Praca zawiera dane bibliograficzne o:<\/p>\n<p>&#8211; ok. 2770 albumach komiksowych<br \/>\n&#8211; ok. 2250 komiksach wydrukowanych w gazetach<br \/>\n&#8211; 41 ksi\u0105\u017ckach traktuj\u0105cych o komiksie<br \/>\n&#8211; 233 artyku\u0142ach o komiksie z gazet<\/p>\n<p>Od Autora:<\/p>\n<p>&#8222;Kiedy zacz\u0105\u0142em interesowa\u0107 si\u0119 komiksami bardzo denerwowa\u0142 mnie brak informacji, jakie komiksy ukaza\u0142y si\u0119 w latach poprzednich, czego szuka\u0107, po licznych antykwariatach.<\/p>\n<p>\u017beby omy\u0142kowo nie kupowa\u0107 ju\u017c posiadanych komiks\u00f3w spisa\u0142em, co mam i czego nale\u017cy poszukiwa\u0107. Spisy powoli ros\u0142y, a\u017c zebra\u0142a si\u0119 ca\u0142kiem poka\u017ana ksi\u0105\u017ceczka napisana na maszynie do pisania.<\/p>\n<p>Oto najnowsze, uzupe\u0142nione i wreszcie profesjonalne wydanie mojego opracowania.<\/p>\n","protected":false},"excerpt":{"rendered":"<p>Oto najnowsze, uzupe\u0142nione i wreszcie profesjonalne wydanie Bibliografii komiks\u00f3w wydanych w Polsce.<\/p>\n","protected":false},"featured_media":455,"comment_status":"closed","ping_status":"closed","template":"","meta":{"_acf_changed":false},"product_brand":[],"product_cat":[28],"product_tag":[67,25],"series":[],"class_list":{"0":"post-454","1":"product","2":"type-product","3":"status-publish","4":"has-post-thumbnail","6":"product_cat-teksty-o-komiksie","7":"product_tag-marek-misiora","8":"product_tag-teksty-teoretyczne","10":"first","11":"outofstock","12":"shipping-taxable","13":"purchasable","14":"product-type-simple"},"acf":[],"_links":{"self":[{"href":"https:\/\/centrala.org.uk\/pl\/wp-json\/wp\/v2\/product\/454","targetHints":{"allow":["GET"]}}],"collection":[{"href":"https:\/\/centrala.org.uk\/pl\/wp-json\/wp\/v2\/product"}],"about":[{"href":"https:\/\/centrala.org.uk\/pl\/wp-json\/wp\/v2\/types\/product"}],"replies":[{"embeddable":true,"href":"https:\/\/centrala.org.uk\/pl\/wp-json\/wp\/v2\/comments?post=454"}],"wp:featuredmedia":[{"embeddable":true,"href":"https:\/\/centrala.org.uk\/pl\/wp-json\/wp\/v2\/media\/455"}],"wp:attachment":[{"href":"https:\/\/centrala.org.uk\/pl\/wp-json\/wp\/v2\/media?parent=454"}],"wp:term":[{"taxonomy":"product_brand","embeddable":true,"href":"https:\/\/centrala.org.uk\/pl\/wp-json\/wp\/v2\/product_brand?post=454"},{"taxonomy":"product_cat","embeddable":true,"href":"https:\/\/centrala.org.uk\/pl\/wp-json\/wp\/v2\/product_cat?post=454"},{"taxonomy":"product_tag","embeddable":true,"href":"https:\/\/centrala.org.uk\/pl\/wp-json\/wp\/v2\/product_tag?post=454"},{"taxonomy":"series","embeddable":true,"href":"https:\/\/centrala.org.uk\/pl\/wp-json\/wp\/v2\/series?post=454"}],"curies":[{"name":"wp","href":"https:\/\/api.w.org\/{rel}","templated":true}]}}