{"id":482,"date":"2012-09-23T01:16:40","date_gmt":"2012-09-22T23:16:40","guid":{"rendered":"http:\/\/centrala.org.uk\/pl\/?post_type=product&#038;p=482"},"modified":"2017-04-03T13:58:27","modified_gmt":"2017-04-03T11:58:27","slug":"goliat","status":"publish","type":"product","link":"https:\/\/centrala.org.uk\/pl\/sklep\/goliat\/","title":{"rendered":"Goliat"},"content":{"rendered":"<blockquote><p>W Goliacie smutek i refleksja s\u0105 r\u00f3wnie okaza\u0142e jak g\u0142\u00f3wny bohater. Tom Gauld w oszcz\u0119dny i sugestywny spos\u00f3b opisuje \u015bwiat, gdzie urodzi\u0107 si\u0119 to ju\u017c po\u0142owa nieszcz\u0119\u015bcia, i nie trzeba wcale wiele trudu, \u017ceby zas\u0142u\u017cy\u0107 sobie na gniew zaborczego Boga. Chris Adrian, autor The Great Night oraz The Children&#8217;s Hospital<\/p>\n<p>Ju\u017c wcze\u015bniej podziwia\u0142em Toma Gaulda\u2026 To jeden z najlepszych rysownik\u00f3w na \u015bwiecie.<\/p><\/blockquote>\n<p style=\"text-align: right\">Mark Frauenfelder,\u00a0<em>BoingBoing<\/em><\/p>\n<blockquote><p>Tom Gauld jest jak wsp\u00f3\u0142czesny Edward Gorey, w kunsztownych czarno-bia\u0142ych kadrach zawieraj\u0105cy gorzki dowcip i makabryczn\u0105 atmosfer\u0119.<\/p><\/blockquote>\n<p style=\"text-align: right\">Maria Popova,\u00a0<em>Brain Pickings<\/em><\/p>\n<p>Goliat z Gat to kiepski wojownik. Bardziej ni\u017c do wojska ci\u0105gnie go do biurka, a do b\u00f3jek pa\u0142a niech\u0119ci\u0105. Lecz czy tego chce, czy nie, przez kr\u00f3lewsk\u0105 zachciank\u0119 dwa razy dziennie musi rzuca\u0107 wyzwanie oddzia\u0142om Izraela: \u201eWybierzcie cz\u0142owieka, niech zejdzie do mnie do walki. Je\u015bli zwyci\u0119\u017cy mnie, zostaniemy waszymi s\u0142ugami. Je\u015bli za\u015b ja go zwyci\u0119\u017c\u0119, wy zostaniecie naszymi s\u0142ugami.&#8221;<\/p>\n<div id='gallery-1' class='gallery galleryid-482 gallery-columns-3 gallery-size-thumbnail'><figure class='gallery-item'>\n\t\t\t<div class='gallery-icon portrait'>\n\t\t\t\t<a href='https:\/\/centrala.org.uk\/pl\/?attachment_id=484'><img loading=\"lazy\" decoding=\"async\" width=\"220\" height=\"309\" src=\"https:\/\/centrala.org.uk\/pl\/wp-content\/uploads\/sites\/2\/2014\/06\/goliat1-220x309.jpg\" class=\"attachment-thumbnail size-thumbnail\" alt=\"\" srcset=\"https:\/\/centrala.org.uk\/pl\/wp-content\/uploads\/sites\/2\/2014\/06\/goliat1-220x309.jpg 220w, https:\/\/centrala.org.uk\/pl\/wp-content\/uploads\/sites\/2\/2014\/06\/goliat1-640x900.jpg 640w, https:\/\/centrala.org.uk\/pl\/wp-content\/uploads\/sites\/2\/2014\/06\/goliat1-639x900.jpg 639w, https:\/\/centrala.org.uk\/pl\/wp-content\/uploads\/sites\/2\/2014\/06\/goliat1-210x295.jpg 210w, https:\/\/centrala.org.uk\/pl\/wp-content\/uploads\/sites\/2\/2014\/06\/goliat1-480x675.jpg 480w, https:\/\/centrala.org.uk\/pl\/wp-content\/uploads\/sites\/2\/2014\/06\/goliat1.jpg 972w\" sizes=\"auto, (max-width: 220px) 100vw, 220px\" \/><\/a>\n\t\t\t<\/div><\/figure><figure class='gallery-item'>\n\t\t\t<div class='gallery-icon portrait'>\n\t\t\t\t<a href='https:\/\/centrala.org.uk\/pl\/?attachment_id=485'><img loading=\"lazy\" decoding=\"async\" width=\"220\" height=\"309\" src=\"https:\/\/centrala.org.uk\/pl\/wp-content\/uploads\/sites\/2\/2014\/06\/goliat2-220x309.jpg\" class=\"attachment-thumbnail size-thumbnail\" alt=\"\" srcset=\"https:\/\/centrala.org.uk\/pl\/wp-content\/uploads\/sites\/2\/2014\/06\/goliat2-220x309.jpg 220w, https:\/\/centrala.org.uk\/pl\/wp-content\/uploads\/sites\/2\/2014\/06\/goliat2-640x900.jpg 640w, https:\/\/centrala.org.uk\/pl\/wp-content\/uploads\/sites\/2\/2014\/06\/goliat2-639x900.jpg 639w, https:\/\/centrala.org.uk\/pl\/wp-content\/uploads\/sites\/2\/2014\/06\/goliat2-210x295.jpg 210w, https:\/\/centrala.org.uk\/pl\/wp-content\/uploads\/sites\/2\/2014\/06\/goliat2-480x675.jpg 480w, https:\/\/centrala.org.uk\/pl\/wp-content\/uploads\/sites\/2\/2014\/06\/goliat2.jpg 972w\" sizes=\"auto, (max-width: 220px) 100vw, 220px\" \/><\/a>\n\t\t\t<\/div><\/figure><figure class='gallery-item'>\n\t\t\t<div class='gallery-icon portrait'>\n\t\t\t\t<a href='https:\/\/centrala.org.uk\/pl\/?attachment_id=486'><img loading=\"lazy\" decoding=\"async\" width=\"220\" height=\"309\" src=\"https:\/\/centrala.org.uk\/pl\/wp-content\/uploads\/sites\/2\/2014\/06\/goliat3-220x309.jpg\" class=\"attachment-thumbnail size-thumbnail\" alt=\"\" srcset=\"https:\/\/centrala.org.uk\/pl\/wp-content\/uploads\/sites\/2\/2014\/06\/goliat3-220x309.jpg 220w, https:\/\/centrala.org.uk\/pl\/wp-content\/uploads\/sites\/2\/2014\/06\/goliat3-640x900.jpg 640w, https:\/\/centrala.org.uk\/pl\/wp-content\/uploads\/sites\/2\/2014\/06\/goliat3-639x900.jpg 639w, https:\/\/centrala.org.uk\/pl\/wp-content\/uploads\/sites\/2\/2014\/06\/goliat3-210x295.jpg 210w, https:\/\/centrala.org.uk\/pl\/wp-content\/uploads\/sites\/2\/2014\/06\/goliat3-480x675.jpg 480w, https:\/\/centrala.org.uk\/pl\/wp-content\/uploads\/sites\/2\/2014\/06\/goliat3.jpg 972w\" sizes=\"auto, (max-width: 220px) 100vw, 220px\" \/><\/a>\n\t\t\t<\/div><\/figure>\n\t\t<\/div>\n\n","protected":false},"excerpt":{"rendered":"<p>Goliat, autorstwa jednego z najs\u0142ynniejszych brytyjskich rysownik\u00f3w, wyr\u00f3\u017cnia si\u0119 subtelnym dowcipem i surowym stylem, a znan\u0105 od wiek\u00f3w histori\u0119 ukazuje w odmiennym, rewolucyjnym \u015bwietle.<\/p>\n","protected":false},"featured_media":483,"comment_status":"closed","ping_status":"closed","template":"","meta":{"_acf_changed":false},"product_brand":[],"product_cat":[42,47,32],"product_tag":[96,9913,51,95,94],"series":[],"class_list":{"0":"post-482","1":"product","2":"type-product","3":"status-publish","4":"has-post-thumbnail","6":"product_cat-dla-dzieci","7":"product_cat-dla-mlodziezy","8":"product_cat-komiks","9":"product_tag-biblia","10":"product_tag-dla-dzieci","11":"product_tag-dla-mlodziezy-2","12":"product_tag-humor","13":"product_tag-tom-gauld","15":"first","16":"outofstock","17":"shipping-taxable","18":"purchasable","19":"product-type-simple"},"acf":[],"_links":{"self":[{"href":"https:\/\/centrala.org.uk\/pl\/wp-json\/wp\/v2\/product\/482","targetHints":{"allow":["GET"]}}],"collection":[{"href":"https:\/\/centrala.org.uk\/pl\/wp-json\/wp\/v2\/product"}],"about":[{"href":"https:\/\/centrala.org.uk\/pl\/wp-json\/wp\/v2\/types\/product"}],"replies":[{"embeddable":true,"href":"https:\/\/centrala.org.uk\/pl\/wp-json\/wp\/v2\/comments?post=482"}],"wp:featuredmedia":[{"embeddable":true,"href":"https:\/\/centrala.org.uk\/pl\/wp-json\/wp\/v2\/media\/483"}],"wp:attachment":[{"href":"https:\/\/centrala.org.uk\/pl\/wp-json\/wp\/v2\/media?parent=482"}],"wp:term":[{"taxonomy":"product_brand","embeddable":true,"href":"https:\/\/centrala.org.uk\/pl\/wp-json\/wp\/v2\/product_brand?post=482"},{"taxonomy":"product_cat","embeddable":true,"href":"https:\/\/centrala.org.uk\/pl\/wp-json\/wp\/v2\/product_cat?post=482"},{"taxonomy":"product_tag","embeddable":true,"href":"https:\/\/centrala.org.uk\/pl\/wp-json\/wp\/v2\/product_tag?post=482"},{"taxonomy":"series","embeddable":true,"href":"https:\/\/centrala.org.uk\/pl\/wp-json\/wp\/v2\/series?post=482"}],"curies":[{"name":"wp","href":"https:\/\/api.w.org\/{rel}","templated":true}]}}