{"id":491,"date":"2013-03-03T01:31:57","date_gmt":"2013-03-03T00:31:57","guid":{"rendered":"http:\/\/centrala.org.uk\/pl\/?post_type=product&#038;p=491"},"modified":"2014-09-17T11:32:23","modified_gmt":"2014-09-17T09:32:23","slug":"its-not-about-that","status":"publish","type":"product","link":"https:\/\/centrala.org.uk\/pl\/sklep\/its-not-about-that\/","title":{"rendered":"It&#8217;s Not About That"},"content":{"rendered":"<p>\u015aniadanie, obiad, kolacja, podlanie ogr\u00f3dka, wysprz\u0105tanie domu, przyci\u0119cie \u017cywop\u0142otu. To codzienno\u015b\u0107 dla robota 150186 i jemu podobnych. Nudna, ale przyjemna codzienno\u015b\u0107, bo do emerytury zosta\u0142o ju\u017c tylko kilka dni. Ale gdyby nagle co\u015b si\u0119 zmieni\u0142o, co\u015b posz\u0142oby nie tak, a wszystko inne okaza\u0142oby si\u0119 k\u0142amstwem? Co wtedy zrobi 150186, by ocali\u0107 swoj\u0105 nudn\u0105 codzienno\u015b\u0107?<\/p>\n<div id='gallery-1' class='gallery galleryid-491 gallery-columns-3 gallery-size-thumbnail'><figure class='gallery-item'>\n\t\t\t<div class='gallery-icon portrait'>\n\t\t\t\t<a href='https:\/\/centrala.org.uk\/pl\/?attachment_id=493'><img loading=\"lazy\" decoding=\"async\" width=\"220\" height=\"326\" src=\"https:\/\/centrala.org.uk\/pl\/wp-content\/uploads\/sites\/2\/2013\/06\/INAT1-220x326.jpg\" class=\"attachment-thumbnail size-thumbnail\" alt=\"\" srcset=\"https:\/\/centrala.org.uk\/pl\/wp-content\/uploads\/sites\/2\/2013\/06\/INAT1-220x326.jpg 220w, https:\/\/centrala.org.uk\/pl\/wp-content\/uploads\/sites\/2\/2013\/06\/INAT1-640x949.jpg 640w, https:\/\/centrala.org.uk\/pl\/wp-content\/uploads\/sites\/2\/2013\/06\/INAT1-606x900.jpg 606w, https:\/\/centrala.org.uk\/pl\/wp-content\/uploads\/sites\/2\/2013\/06\/INAT1-210x311.jpg 210w, https:\/\/centrala.org.uk\/pl\/wp-content\/uploads\/sites\/2\/2013\/06\/INAT1-480x711.jpg 480w, https:\/\/centrala.org.uk\/pl\/wp-content\/uploads\/sites\/2\/2013\/06\/INAT1.jpg 915w\" sizes=\"auto, (max-width: 220px) 100vw, 220px\" \/><\/a>\n\t\t\t<\/div><\/figure><figure class='gallery-item'>\n\t\t\t<div class='gallery-icon portrait'>\n\t\t\t\t<a href='https:\/\/centrala.org.uk\/pl\/?attachment_id=494'><img loading=\"lazy\" decoding=\"async\" width=\"220\" height=\"326\" src=\"https:\/\/centrala.org.uk\/pl\/wp-content\/uploads\/sites\/2\/2013\/06\/INAT2-220x326.jpg\" class=\"attachment-thumbnail size-thumbnail\" alt=\"\" srcset=\"https:\/\/centrala.org.uk\/pl\/wp-content\/uploads\/sites\/2\/2013\/06\/INAT2-220x326.jpg 220w, https:\/\/centrala.org.uk\/pl\/wp-content\/uploads\/sites\/2\/2013\/06\/INAT2-640x949.jpg 640w, https:\/\/centrala.org.uk\/pl\/wp-content\/uploads\/sites\/2\/2013\/06\/INAT2-606x900.jpg 606w, https:\/\/centrala.org.uk\/pl\/wp-content\/uploads\/sites\/2\/2013\/06\/INAT2-210x311.jpg 210w, https:\/\/centrala.org.uk\/pl\/wp-content\/uploads\/sites\/2\/2013\/06\/INAT2-480x711.jpg 480w, https:\/\/centrala.org.uk\/pl\/wp-content\/uploads\/sites\/2\/2013\/06\/INAT2.jpg 915w\" sizes=\"auto, (max-width: 220px) 100vw, 220px\" \/><\/a>\n\t\t\t<\/div><\/figure><figure class='gallery-item'>\n\t\t\t<div class='gallery-icon portrait'>\n\t\t\t\t<a href='https:\/\/centrala.org.uk\/pl\/?attachment_id=495'><img loading=\"lazy\" decoding=\"async\" width=\"220\" height=\"326\" src=\"https:\/\/centrala.org.uk\/pl\/wp-content\/uploads\/sites\/2\/2013\/06\/INAT3-220x326.jpg\" class=\"attachment-thumbnail size-thumbnail\" alt=\"\" srcset=\"https:\/\/centrala.org.uk\/pl\/wp-content\/uploads\/sites\/2\/2013\/06\/INAT3-220x326.jpg 220w, https:\/\/centrala.org.uk\/pl\/wp-content\/uploads\/sites\/2\/2013\/06\/INAT3-640x949.jpg 640w, https:\/\/centrala.org.uk\/pl\/wp-content\/uploads\/sites\/2\/2013\/06\/INAT3-606x900.jpg 606w, https:\/\/centrala.org.uk\/pl\/wp-content\/uploads\/sites\/2\/2013\/06\/INAT3-210x311.jpg 210w, https:\/\/centrala.org.uk\/pl\/wp-content\/uploads\/sites\/2\/2013\/06\/INAT3-480x711.jpg 480w, https:\/\/centrala.org.uk\/pl\/wp-content\/uploads\/sites\/2\/2013\/06\/INAT3.jpg 915w\" sizes=\"auto, (max-width: 220px) 100vw, 220px\" \/><\/a>\n\t\t\t<\/div><\/figure><figure class='gallery-item'>\n\t\t\t<div class='gallery-icon portrait'>\n\t\t\t\t<a href='https:\/\/centrala.org.uk\/pl\/?attachment_id=496'><img loading=\"lazy\" decoding=\"async\" width=\"220\" height=\"326\" src=\"https:\/\/centrala.org.uk\/pl\/wp-content\/uploads\/sites\/2\/2013\/06\/INAT4-220x326.jpg\" class=\"attachment-thumbnail size-thumbnail\" alt=\"\" srcset=\"https:\/\/centrala.org.uk\/pl\/wp-content\/uploads\/sites\/2\/2013\/06\/INAT4-220x326.jpg 220w, https:\/\/centrala.org.uk\/pl\/wp-content\/uploads\/sites\/2\/2013\/06\/INAT4-640x949.jpg 640w, https:\/\/centrala.org.uk\/pl\/wp-content\/uploads\/sites\/2\/2013\/06\/INAT4-606x900.jpg 606w, https:\/\/centrala.org.uk\/pl\/wp-content\/uploads\/sites\/2\/2013\/06\/INAT4-210x311.jpg 210w, https:\/\/centrala.org.uk\/pl\/wp-content\/uploads\/sites\/2\/2013\/06\/INAT4-480x711.jpg 480w, https:\/\/centrala.org.uk\/pl\/wp-content\/uploads\/sites\/2\/2013\/06\/INAT4.jpg 915w\" sizes=\"auto, (max-width: 220px) 100vw, 220px\" \/><\/a>\n\t\t\t<\/div><\/figure><figure class='gallery-item'>\n\t\t\t<div class='gallery-icon portrait'>\n\t\t\t\t<a href='https:\/\/centrala.org.uk\/pl\/?attachment_id=497'><img loading=\"lazy\" decoding=\"async\" width=\"220\" height=\"326\" src=\"https:\/\/centrala.org.uk\/pl\/wp-content\/uploads\/sites\/2\/2013\/06\/INAT5-220x326.jpg\" class=\"attachment-thumbnail size-thumbnail\" alt=\"\" srcset=\"https:\/\/centrala.org.uk\/pl\/wp-content\/uploads\/sites\/2\/2013\/06\/INAT5-220x326.jpg 220w, https:\/\/centrala.org.uk\/pl\/wp-content\/uploads\/sites\/2\/2013\/06\/INAT5-640x949.jpg 640w, https:\/\/centrala.org.uk\/pl\/wp-content\/uploads\/sites\/2\/2013\/06\/INAT5-606x900.jpg 606w, https:\/\/centrala.org.uk\/pl\/wp-content\/uploads\/sites\/2\/2013\/06\/INAT5-210x311.jpg 210w, https:\/\/centrala.org.uk\/pl\/wp-content\/uploads\/sites\/2\/2013\/06\/INAT5-480x711.jpg 480w, https:\/\/centrala.org.uk\/pl\/wp-content\/uploads\/sites\/2\/2013\/06\/INAT5.jpg 915w\" sizes=\"auto, (max-width: 220px) 100vw, 220px\" \/><\/a>\n\t\t\t<\/div><\/figure><figure class='gallery-item'>\n\t\t\t<div class='gallery-icon portrait'>\n\t\t\t\t<a href='https:\/\/centrala.org.uk\/pl\/?attachment_id=498'><img loading=\"lazy\" decoding=\"async\" width=\"220\" height=\"326\" src=\"https:\/\/centrala.org.uk\/pl\/wp-content\/uploads\/sites\/2\/2013\/06\/INAT6-220x326.jpg\" class=\"attachment-thumbnail size-thumbnail\" alt=\"\" srcset=\"https:\/\/centrala.org.uk\/pl\/wp-content\/uploads\/sites\/2\/2013\/06\/INAT6-220x326.jpg 220w, https:\/\/centrala.org.uk\/pl\/wp-content\/uploads\/sites\/2\/2013\/06\/INAT6-640x949.jpg 640w, https:\/\/centrala.org.uk\/pl\/wp-content\/uploads\/sites\/2\/2013\/06\/INAT6-606x900.jpg 606w, https:\/\/centrala.org.uk\/pl\/wp-content\/uploads\/sites\/2\/2013\/06\/INAT6-210x311.jpg 210w, https:\/\/centrala.org.uk\/pl\/wp-content\/uploads\/sites\/2\/2013\/06\/INAT6-480x711.jpg 480w, https:\/\/centrala.org.uk\/pl\/wp-content\/uploads\/sites\/2\/2013\/06\/INAT6.jpg 915w\" sizes=\"auto, (max-width: 220px) 100vw, 220px\" \/><\/a>\n\t\t\t<\/div><\/figure><figure class='gallery-item'>\n\t\t\t<div class='gallery-icon portrait'>\n\t\t\t\t<a href='https:\/\/centrala.org.uk\/pl\/?attachment_id=499'><img loading=\"lazy\" decoding=\"async\" width=\"220\" height=\"326\" src=\"https:\/\/centrala.org.uk\/pl\/wp-content\/uploads\/sites\/2\/2013\/06\/INAT7-220x326.jpg\" class=\"attachment-thumbnail size-thumbnail\" alt=\"\" srcset=\"https:\/\/centrala.org.uk\/pl\/wp-content\/uploads\/sites\/2\/2013\/06\/INAT7-220x326.jpg 220w, https:\/\/centrala.org.uk\/pl\/wp-content\/uploads\/sites\/2\/2013\/06\/INAT7-640x949.jpg 640w, https:\/\/centrala.org.uk\/pl\/wp-content\/uploads\/sites\/2\/2013\/06\/INAT7-606x900.jpg 606w, https:\/\/centrala.org.uk\/pl\/wp-content\/uploads\/sites\/2\/2013\/06\/INAT7-210x311.jpg 210w, https:\/\/centrala.org.uk\/pl\/wp-content\/uploads\/sites\/2\/2013\/06\/INAT7-480x711.jpg 480w, https:\/\/centrala.org.uk\/pl\/wp-content\/uploads\/sites\/2\/2013\/06\/INAT7.jpg 915w\" sizes=\"auto, (max-width: 220px) 100vw, 220px\" \/><\/a>\n\t\t\t<\/div><\/figure>\n\t\t<\/div>\n\n","protected":false},"excerpt":{"rendered":"<p>\u015aniadanie, obiad, kolacja, podlanie ogr\u00f3dka, wysprz\u0105tanie domu, przyci\u0119cie \u017cywop\u0142otu.<br \/>\nTo codzienno\u015b\u0107 dla robota 150186 i jemu podobnych. Nudna.<\/p>\n","protected":false},"featured_media":492,"comment_status":"closed","ping_status":"closed","template":"","meta":{"_acf_changed":false},"product_brand":[],"product_cat":[42,47,32],"product_tag":[97,9913,51,34,99,98,100,101],"series":[],"class_list":{"0":"post-491","1":"product","2":"type-product","3":"status-publish","4":"has-post-thumbnail","6":"product_cat-dla-dzieci","7":"product_cat-dla-mlodziezy","8":"product_cat-komiks","9":"product_tag-bartosz-sztybor","10":"product_tag-dla-dzieci","11":"product_tag-dla-mlodziezy-2","12":"product_tag-kolor","13":"product_tag-lukasz-mazur","14":"product_tag-piotr-nowacki","15":"product_tag-robot","16":"product_tag-s-f","18":"first","19":"instock","20":"shipping-taxable","21":"purchasable","22":"product-type-simple"},"acf":[],"_links":{"self":[{"href":"https:\/\/centrala.org.uk\/pl\/wp-json\/wp\/v2\/product\/491","targetHints":{"allow":["GET"]}}],"collection":[{"href":"https:\/\/centrala.org.uk\/pl\/wp-json\/wp\/v2\/product"}],"about":[{"href":"https:\/\/centrala.org.uk\/pl\/wp-json\/wp\/v2\/types\/product"}],"replies":[{"embeddable":true,"href":"https:\/\/centrala.org.uk\/pl\/wp-json\/wp\/v2\/comments?post=491"}],"wp:featuredmedia":[{"embeddable":true,"href":"https:\/\/centrala.org.uk\/pl\/wp-json\/wp\/v2\/media\/492"}],"wp:attachment":[{"href":"https:\/\/centrala.org.uk\/pl\/wp-json\/wp\/v2\/media?parent=491"}],"wp:term":[{"taxonomy":"product_brand","embeddable":true,"href":"https:\/\/centrala.org.uk\/pl\/wp-json\/wp\/v2\/product_brand?post=491"},{"taxonomy":"product_cat","embeddable":true,"href":"https:\/\/centrala.org.uk\/pl\/wp-json\/wp\/v2\/product_cat?post=491"},{"taxonomy":"product_tag","embeddable":true,"href":"https:\/\/centrala.org.uk\/pl\/wp-json\/wp\/v2\/product_tag?post=491"},{"taxonomy":"series","embeddable":true,"href":"https:\/\/centrala.org.uk\/pl\/wp-json\/wp\/v2\/series?post=491"}],"curies":[{"name":"wp","href":"https:\/\/api.w.org\/{rel}","templated":true}]}}