{"id":503,"date":"2021-01-12T14:00:44","date_gmt":"2021-01-12T13:00:44","guid":{"rendered":"http:\/\/centrala.org.uk\/pl\/?post_type=product&#038;p=503"},"modified":"2026-03-20T10:21:56","modified_gmt":"2026-03-20T09:21:56","slug":"polakow-uczestnictwo-w-kulturze-raport-z-badan-1996-2012","status":"publish","type":"product","link":"https:\/\/centrala.org.uk\/pl\/sklep\/polakow-uczestnictwo-w-kulturze-raport-z-badan-1996-2012\/","title":{"rendered":"Polak\u00f3w uczestnictwo w kulturze. Raport z bada\u0144 1996-2012 &#8211; wydanie II"},"content":{"rendered":"<blockquote><p>(\u2026)praca mgra Kozy, w mojej ocenie, dotyczy znacznie rozleglejszej problematyki: ukazuje ona \u2013 ni mniej, ni wi\u0119cej \u2013 przemiany og\u00f3lnego systemu zasad, kt\u00f3rymi nasz nar\u00f3d kieruje si\u0119 w \u017cyciu spo\u0142ecznym. Proponuj\u0119 wi\u0119c rozwa\u017cenie zmiany jej tytu\u0142u na bardziej adekwatny, np: Mentalno\u015b\u0107 i obyczaje Polak\u00f3w w dobie transformacji. Raport z bada\u0144. W\u0142a\u015bnie: \u00abw dobie transformacji\u00bb, poniewa\u017c w materiale zebranym przez badacza wida\u0107 wyra\u017anie efekty zderzenia tradycyjnych pogl\u0105d\u00f3w i postaw \u00abprzeci\u0119tnych Polak\u00f3w\u00bb z kultur\u0105 popularn\u0105 Zachodu, docieraj\u0105c\u0105 do naszego kraju bez przeszk\u00f3d w ci\u0105gu ostatniego dwudziestolecia.<\/p><\/blockquote>\n<p style=\"text-align: right\">Adam Rusek<\/p>\n<h4>RECENZJE:<\/h4>\n<blockquote><p>Jan Koza, jeden z najoryginalniejszych rysownik\u00f3w-satyryk\u00f3w, wyda\u0142 rewelacyjn\u0105 ksi\u0105\u017ck\u0119 <em>Polak\u00f3w uczestnictwo w kulturze<\/em><\/p>\n<p>Umar\u0142 kr\u00f3l, niech \u017cyje kr\u00f3l polskiej satyry rysowanej. Po odej\u015bciu Andrzeja Czeczota tron obj\u0105\u0142 (nie samozwa\u0144czo, z mojego autorytatywnego nadania) Jan Koza (to pseudonim).<\/p><\/blockquote>\n<p style=\"text-align: right\">Monika Ma\u0142kowska, <em>Rzeczpospolita <\/em><\/p>\n","protected":false},"excerpt":{"rendered":"<p>Polak\u00f3w uczestnictwo w kulturze. Raport z bada\u0144 1996-2012 mgra Janka Kozy to obrazkowa rozprawa socjologiczna dotycz\u0105ca polskiego spo\u0142ecze\u0144stwa. Nie jest ona w historii rodzimej socjologii pierwszym tego typu utworem: ju\u017c ponad p\u00f3\u0142 wieku temu (w 1957 r.) S\u0142awomir Mro\u017cek opublikowa\u0142 w odcinkach w \u00abPrzekroju\u00bb (a potem w tym samym roku w formie ksi\u0105\u017ckowej) pioniersk\u0105 Polsk\u0119 w obrazach, w 2001 r. ukaza\u0142o si\u0119 za\u015b \u017bycie codzienne w Polsce w latach 1999-2001 Wilhelma Sasnala.<\/p>\n","protected":false},"featured_media":504,"comment_status":"closed","ping_status":"closed","template":"","meta":{"_acf_changed":false},"product_brand":[],"product_cat":[27,47,32],"product_tag":[102,9956,205,204,38,103,9953,35],"series":[10112],"class_list":{"0":"post-503","1":"product","2":"type-product","3":"status-publish","4":"has-post-thumbnail","6":"product_cat-powiesc-graficzna","7":"product_cat-dla-mlodziezy","8":"product_cat-komiks","9":"product_tag-janek-koza","10":"product_tag-kultura","11":"product_tag-polska-rzeczywistosc","12":"product_tag-polska-rzeczywistosc-w-komiksie","13":"product_tag-polskie","14":"product_tag-satyra","15":"product_tag-seria-zycie","16":"product_tag-wspolczesny","17":"series-zycie","19":"first","20":"instock","21":"shipping-taxable","22":"purchasable","23":"product-type-simple"},"acf":[],"_links":{"self":[{"href":"https:\/\/centrala.org.uk\/pl\/wp-json\/wp\/v2\/product\/503","targetHints":{"allow":["GET"]}}],"collection":[{"href":"https:\/\/centrala.org.uk\/pl\/wp-json\/wp\/v2\/product"}],"about":[{"href":"https:\/\/centrala.org.uk\/pl\/wp-json\/wp\/v2\/types\/product"}],"replies":[{"embeddable":true,"href":"https:\/\/centrala.org.uk\/pl\/wp-json\/wp\/v2\/comments?post=503"}],"wp:featuredmedia":[{"embeddable":true,"href":"https:\/\/centrala.org.uk\/pl\/wp-json\/wp\/v2\/media\/504"}],"wp:attachment":[{"href":"https:\/\/centrala.org.uk\/pl\/wp-json\/wp\/v2\/media?parent=503"}],"wp:term":[{"taxonomy":"product_brand","embeddable":true,"href":"https:\/\/centrala.org.uk\/pl\/wp-json\/wp\/v2\/product_brand?post=503"},{"taxonomy":"product_cat","embeddable":true,"href":"https:\/\/centrala.org.uk\/pl\/wp-json\/wp\/v2\/product_cat?post=503"},{"taxonomy":"product_tag","embeddable":true,"href":"https:\/\/centrala.org.uk\/pl\/wp-json\/wp\/v2\/product_tag?post=503"},{"taxonomy":"series","embeddable":true,"href":"https:\/\/centrala.org.uk\/pl\/wp-json\/wp\/v2\/series?post=503"}],"curies":[{"name":"wp","href":"https:\/\/api.w.org\/{rel}","templated":true}]}}