{"id":508,"date":"2010-02-23T02:02:08","date_gmt":"2010-02-23T01:02:08","guid":{"rendered":"http:\/\/centrala.org.uk\/pl\/?post_type=product&#038;p=508"},"modified":"2024-02-04T11:28:25","modified_gmt":"2024-02-04T10:28:25","slug":"kultura-wizualna-a-edukacja","status":"publish","type":"product","link":"https:\/\/centrala.org.uk\/pl\/sklep\/kultura-wizualna-a-edukacja\/","title":{"rendered":"Kultura wizualna a edukacja"},"content":{"rendered":"<p>St\u0105d te\u017c w ksi\u0105\u017cce pojawia si\u0119 wiele niezwykle ciekawych przyk\u0142ad\u00f3w funkcjonowania tekst\u00f3w wizualnych w XVIII czy XIX wiecznej Anglii lub Stanach Zjednoczonych. W tej perspektywie nie dziwi zatem, wyb\u00f3r materia\u0142u badawczego, mianowicie podr\u0119cznik\u00f3w do j\u0119zyka angielskiego. R\u00f3\u017cnicuj\u0105c metody badawcze autorka przeprowadza analizy przedstawie\u0144 wizualnych oraz ich relacji z tekstami werbalnymi, poczynaj\u0105c od polskich ksi\u0105\u017cek z lat 50-tych XX wieku, na wydanych kilka lat temu ko\u0144cz\u0105c. Analizy wsp\u00f3\u0142czesnych podr\u0119cznik\u00f3w wprowadzaj\u0105 czytelnika w \u015bwiat dzisiejszej kultury wizualnej wraz z kreowanymi przez ni\u0105 nowymi potrzebami edukacyjnymi. Dlatego te\u017c wa\u017cnym w\u0105tkiem publikacji jest szereg kwestii zwi\u0105zanych z kompetencjami wizualnym zwanymi alfabetyzmem wizualnym oraz dyskusja nad funkcjonowaniem medi\u00f3w wizualnych w codziennym \u017cyciu ka\u017cdego dziecka oraz osoby doros\u0142ej.<\/p>\n","protected":false},"excerpt":{"rendered":"<p>Autorka ksi\u0105\u017cki analizuj\u0105c przejawy wsp\u00f3\u0142czesnej kultury wizualnej wskazuje tak\u017ce na jej pocz\u0105tki, odnajduj\u0105c jej bezpo\u015brednie korzenie w drukach protestanckich oraz p\u00f3\u017aniejszej anglosaskiej tradycji wydawniczej.<\/p>\n","protected":false},"featured_media":509,"comment_status":"closed","ping_status":"closed","template":"","meta":{"_acf_changed":false},"product_brand":[],"product_cat":[28],"product_tag":[104,25],"series":[],"class_list":{"0":"post-508","1":"product","2":"type-product","3":"status-publish","4":"has-post-thumbnail","6":"product_cat-teksty-o-komiksie","7":"product_tag-natalia-pater-ejgierd","8":"product_tag-teksty-teoretyczne","10":"first","11":"outofstock","12":"shipping-taxable","13":"purchasable","14":"product-type-simple"},"acf":[],"_links":{"self":[{"href":"https:\/\/centrala.org.uk\/pl\/wp-json\/wp\/v2\/product\/508","targetHints":{"allow":["GET"]}}],"collection":[{"href":"https:\/\/centrala.org.uk\/pl\/wp-json\/wp\/v2\/product"}],"about":[{"href":"https:\/\/centrala.org.uk\/pl\/wp-json\/wp\/v2\/types\/product"}],"replies":[{"embeddable":true,"href":"https:\/\/centrala.org.uk\/pl\/wp-json\/wp\/v2\/comments?post=508"}],"wp:featuredmedia":[{"embeddable":true,"href":"https:\/\/centrala.org.uk\/pl\/wp-json\/wp\/v2\/media\/509"}],"wp:attachment":[{"href":"https:\/\/centrala.org.uk\/pl\/wp-json\/wp\/v2\/media?parent=508"}],"wp:term":[{"taxonomy":"product_brand","embeddable":true,"href":"https:\/\/centrala.org.uk\/pl\/wp-json\/wp\/v2\/product_brand?post=508"},{"taxonomy":"product_cat","embeddable":true,"href":"https:\/\/centrala.org.uk\/pl\/wp-json\/wp\/v2\/product_cat?post=508"},{"taxonomy":"product_tag","embeddable":true,"href":"https:\/\/centrala.org.uk\/pl\/wp-json\/wp\/v2\/product_tag?post=508"},{"taxonomy":"series","embeddable":true,"href":"https:\/\/centrala.org.uk\/pl\/wp-json\/wp\/v2\/series?post=508"}],"curies":[{"name":"wp","href":"https:\/\/api.w.org\/{rel}","templated":true}]}}