{"id":514,"date":"2013-04-23T17:51:22","date_gmt":"2013-04-23T15:51:22","guid":{"rendered":"http:\/\/centrala.org.uk\/pl\/?post_type=product&#038;p=514"},"modified":"2018-10-02T19:38:19","modified_gmt":"2018-10-02T17:38:19","slug":"maczuznik","status":"publish","type":"product","link":"https:\/\/centrala.org.uk\/pl\/sklep\/maczuznik\/","title":{"rendered":"Maczu\u017cnik"},"content":{"rendered":"<p><em>Maczu\u017cnik<\/em> pos\u0142uguje si\u0119 konwencj\u0105 thrillera, by opowiedzie\u0107 o ludziach zamkni\u0119tych w umownej scenerii (po)pegeerowskiej wsi i ciasnego M-3. Niczym si\u0119 nie wyr\u00f3\u017cniaj\u0105ce \u017cycie g\u0142\u00f3wnych bohater\u00f3w \u2013 pary ma\u0142\u017ce\u0144skiej i \u017cyj\u0105cej z nimi matki \u017cony \u2013 okazuje si\u0119 prawdziwym\u00a0<em>folie \u00e0 trois<\/em>: dzielonym przez wszystkich cz\u0142onk\u00f3w rodziny paranoicznym opracowaniem piek\u0142a dusznej codzienno\u015bci.\u00a0Opowie\u015b\u0107 o niszcz\u0105cej sile wi\u0119z\u00f3w rodzinnych i s\u0105siedzkich, o opresyjnych normach kszta\u0142towanych przez ma\u0142e spo\u0142eczno\u015bci oraz pr\u00f3bach ich przekraczania, kt\u00f3re musz\u0105 prowadzi\u0107 do szale\u0144stwa.<\/p>\n<p><em>Maczu\u017cnik<\/em> przywo\u0142uje realia prze\u0142omowego polskiego dwudziestolecia (od ko\u0144ca lat siedemdziesi\u0105tych po lata dziewi\u0119\u0107dziesi\u0105te XX wieku) i przejmuje nie tylko scenografi\u0119 tej epoki, ale i rozwi\u0105zania narracyjne charakterystyczne zar\u00f3wno dla polskiego, jak i \u015bwiatowego kina tamtego czasu.<\/p>\n<div id='gallery-1' class='gallery galleryid-514 gallery-columns-3 gallery-size-thumbnail'><figure class='gallery-item'>\n\t\t\t<div class='gallery-icon portrait'>\n\t\t\t\t<a href='https:\/\/centrala.org.uk\/pl\/?attachment_id=516'><img loading=\"lazy\" decoding=\"async\" width=\"220\" height=\"308\" src=\"https:\/\/centrala.org.uk\/pl\/wp-content\/uploads\/sites\/2\/2014\/06\/maczuznik1-220x308.png\" class=\"attachment-thumbnail size-thumbnail\" alt=\"\" srcset=\"https:\/\/centrala.org.uk\/pl\/wp-content\/uploads\/sites\/2\/2014\/06\/maczuznik1-220x308.png 220w, https:\/\/centrala.org.uk\/pl\/wp-content\/uploads\/sites\/2\/2014\/06\/maczuznik1-640x898.png 640w, https:\/\/centrala.org.uk\/pl\/wp-content\/uploads\/sites\/2\/2014\/06\/maczuznik1-641x900.png 641w, https:\/\/centrala.org.uk\/pl\/wp-content\/uploads\/sites\/2\/2014\/06\/maczuznik1-210x294.png 210w, https:\/\/centrala.org.uk\/pl\/wp-content\/uploads\/sites\/2\/2014\/06\/maczuznik1-480x673.png 480w, https:\/\/centrala.org.uk\/pl\/wp-content\/uploads\/sites\/2\/2014\/06\/maczuznik1.png 850w\" sizes=\"auto, (max-width: 220px) 100vw, 220px\" \/><\/a>\n\t\t\t<\/div><\/figure><figure class='gallery-item'>\n\t\t\t<div class='gallery-icon portrait'>\n\t\t\t\t<a href='https:\/\/centrala.org.uk\/pl\/?attachment_id=517'><img loading=\"lazy\" decoding=\"async\" width=\"220\" height=\"308\" src=\"https:\/\/centrala.org.uk\/pl\/wp-content\/uploads\/sites\/2\/2014\/06\/maczuznik2-220x308.png\" class=\"attachment-thumbnail size-thumbnail\" alt=\"\" srcset=\"https:\/\/centrala.org.uk\/pl\/wp-content\/uploads\/sites\/2\/2014\/06\/maczuznik2-220x308.png 220w, https:\/\/centrala.org.uk\/pl\/wp-content\/uploads\/sites\/2\/2014\/06\/maczuznik2-640x898.png 640w, https:\/\/centrala.org.uk\/pl\/wp-content\/uploads\/sites\/2\/2014\/06\/maczuznik2-641x900.png 641w, https:\/\/centrala.org.uk\/pl\/wp-content\/uploads\/sites\/2\/2014\/06\/maczuznik2-210x294.png 210w, https:\/\/centrala.org.uk\/pl\/wp-content\/uploads\/sites\/2\/2014\/06\/maczuznik2-480x673.png 480w, https:\/\/centrala.org.uk\/pl\/wp-content\/uploads\/sites\/2\/2014\/06\/maczuznik2.png 850w\" sizes=\"auto, (max-width: 220px) 100vw, 220px\" \/><\/a>\n\t\t\t<\/div><\/figure><figure class='gallery-item'>\n\t\t\t<div class='gallery-icon portrait'>\n\t\t\t\t<a href='https:\/\/centrala.org.uk\/pl\/?attachment_id=518'><img loading=\"lazy\" decoding=\"async\" width=\"220\" height=\"308\" src=\"https:\/\/centrala.org.uk\/pl\/wp-content\/uploads\/sites\/2\/2014\/06\/maczuznik3-220x308.png\" class=\"attachment-thumbnail size-thumbnail\" alt=\"\" srcset=\"https:\/\/centrala.org.uk\/pl\/wp-content\/uploads\/sites\/2\/2014\/06\/maczuznik3-220x308.png 220w, https:\/\/centrala.org.uk\/pl\/wp-content\/uploads\/sites\/2\/2014\/06\/maczuznik3-640x898.png 640w, https:\/\/centrala.org.uk\/pl\/wp-content\/uploads\/sites\/2\/2014\/06\/maczuznik3-641x900.png 641w, https:\/\/centrala.org.uk\/pl\/wp-content\/uploads\/sites\/2\/2014\/06\/maczuznik3-210x294.png 210w, https:\/\/centrala.org.uk\/pl\/wp-content\/uploads\/sites\/2\/2014\/06\/maczuznik3-480x673.png 480w, https:\/\/centrala.org.uk\/pl\/wp-content\/uploads\/sites\/2\/2014\/06\/maczuznik3.png 850w\" sizes=\"auto, (max-width: 220px) 100vw, 220px\" \/><\/a>\n\t\t\t<\/div><\/figure><figure class='gallery-item'>\n\t\t\t<div class='gallery-icon portrait'>\n\t\t\t\t<a href='https:\/\/centrala.org.uk\/pl\/?attachment_id=519'><img loading=\"lazy\" decoding=\"async\" width=\"220\" height=\"308\" src=\"https:\/\/centrala.org.uk\/pl\/wp-content\/uploads\/sites\/2\/2014\/06\/maczuznik4-220x308.png\" class=\"attachment-thumbnail size-thumbnail\" alt=\"\" srcset=\"https:\/\/centrala.org.uk\/pl\/wp-content\/uploads\/sites\/2\/2014\/06\/maczuznik4-220x308.png 220w, https:\/\/centrala.org.uk\/pl\/wp-content\/uploads\/sites\/2\/2014\/06\/maczuznik4-640x898.png 640w, https:\/\/centrala.org.uk\/pl\/wp-content\/uploads\/sites\/2\/2014\/06\/maczuznik4-641x900.png 641w, https:\/\/centrala.org.uk\/pl\/wp-content\/uploads\/sites\/2\/2014\/06\/maczuznik4-210x294.png 210w, https:\/\/centrala.org.uk\/pl\/wp-content\/uploads\/sites\/2\/2014\/06\/maczuznik4-480x673.png 480w, https:\/\/centrala.org.uk\/pl\/wp-content\/uploads\/sites\/2\/2014\/06\/maczuznik4.png 850w\" sizes=\"auto, (max-width: 220px) 100vw, 220px\" \/><\/a>\n\t\t\t<\/div><\/figure>\n\t\t<\/div>\n\n","protected":false},"excerpt":{"rendered":"<p>Laureat nagrody Polskiego Stowarzyszenia Komiksowego za najlepszy scenariusz 2014 r.<\/p>\n","protected":false},"featured_media":515,"comment_status":"closed","ping_status":"closed","template":"","meta":{"_acf_changed":false},"product_brand":[],"product_cat":[32],"product_tag":[105,34,107,106,38,35],"series":[],"class_list":{"0":"post-514","1":"product","2":"type-product","3":"status-publish","4":"has-post-thumbnail","6":"product_cat-komiks","7":"product_tag-daniel-gutowski","8":"product_tag-kolor","9":"product_tag-maszin","10":"product_tag-michal-rzecznik","11":"product_tag-polskie","12":"product_tag-wspolczesny","14":"first","15":"outofstock","16":"shipping-taxable","17":"purchasable","18":"product-type-simple"},"acf":[],"_links":{"self":[{"href":"https:\/\/centrala.org.uk\/pl\/wp-json\/wp\/v2\/product\/514","targetHints":{"allow":["GET"]}}],"collection":[{"href":"https:\/\/centrala.org.uk\/pl\/wp-json\/wp\/v2\/product"}],"about":[{"href":"https:\/\/centrala.org.uk\/pl\/wp-json\/wp\/v2\/types\/product"}],"replies":[{"embeddable":true,"href":"https:\/\/centrala.org.uk\/pl\/wp-json\/wp\/v2\/comments?post=514"}],"wp:featuredmedia":[{"embeddable":true,"href":"https:\/\/centrala.org.uk\/pl\/wp-json\/wp\/v2\/media\/515"}],"wp:attachment":[{"href":"https:\/\/centrala.org.uk\/pl\/wp-json\/wp\/v2\/media?parent=514"}],"wp:term":[{"taxonomy":"product_brand","embeddable":true,"href":"https:\/\/centrala.org.uk\/pl\/wp-json\/wp\/v2\/product_brand?post=514"},{"taxonomy":"product_cat","embeddable":true,"href":"https:\/\/centrala.org.uk\/pl\/wp-json\/wp\/v2\/product_cat?post=514"},{"taxonomy":"product_tag","embeddable":true,"href":"https:\/\/centrala.org.uk\/pl\/wp-json\/wp\/v2\/product_tag?post=514"},{"taxonomy":"series","embeddable":true,"href":"https:\/\/centrala.org.uk\/pl\/wp-json\/wp\/v2\/series?post=514"}],"curies":[{"name":"wp","href":"https:\/\/api.w.org\/{rel}","templated":true}]}}