{"id":524,"date":"2012-04-23T22:39:22","date_gmt":"2012-04-23T20:39:22","guid":{"rendered":"http:\/\/centrala.org.uk\/pl\/?post_type=product&#038;p=524"},"modified":"2018-01-05T11:37:55","modified_gmt":"2018-01-05T10:37:55","slug":"maszin-katalog-ligatura-2012","status":"publish","type":"product","link":"https:\/\/centrala.org.uk\/pl\/sklep\/maszin-katalog-ligatura-2012\/","title":{"rendered":"Maszin. Katalog Ligatura 2012"},"content":{"rendered":"<p>Gdy we wrze\u015bniu 1939 roku przebieg\u0142y Hitler wprowadzi\u0142 w \u017cycie sw\u00f3j plan zniszczenia polskiej kultury, armia nazistowskich krytyk\u00f3w sztuki dokona\u0142a ogromnego spustoszenia w kr\u0119gach artystycznych.<\/p>\n<p>Lawina nieprzychylnych recenzji zr\u00f3wna\u0142a z ziemi\u0105 ledwie raczkuj\u0105c\u0105 \u2028kinematografi\u0119, ale i dojrza\u0142e i bogate w tradycj\u0119 malarstwo i muzyk\u0119. Ci\u0119temu pi\u00f3ru faszystowskiej krytyki nie da\u0142a odporu nawet dopiero co prze\u017cywaj\u0105ca swoje najlepsze chwile literatura, gdy pod pr\u0119gierzem &#8211; niesprawiedliwych cz\u0119sto &#8211; os\u0105d\u00f3w powoli ugi\u0105\u0142 si\u0119 kwiat \u2028polskiej poezji.<br \/>\nOstatnim bastionem narodowego oporu, jednocze\u015bnie gwarantem przetrwania w nadchodz\u0105cych czasach sta\u0142 si\u0119 KOMIKS. Polski komiks, niewzruszenie przyjmuj\u0105c kolejne ciosy pe\u0142nych jadu wykwit\u00f3w nazistowskiej publicystyki zapewni\u0142 sobie tym samym miejsce w \u2028patriotycznym panteonie i udowodni\u0142 raz na zawsze, \u017ce jest G\u0141UCHY NA WSZELK\u0104 KRYTYK\u0118!<\/p>\n<p>Oto &#8211; po raz pierwszy w Poznaniu &#8211; najwybitniejsi spadkobiercy tej tradycji, komiksowa przednia stra\u017c, zjednoczeni pod stoj\u0105cym sztywno na wietrze plastikowym banerem komiksowej specgrupy MASZIN w bezkompromisowy spos\u00f3b ignoruj\u0105 kolejne g\u0142osy krytyki, buduj\u0105c sw\u00f3j niepodatny na zaraz\u0119 hitlerowskiej publicystyki \u015bwiat. Nie wchodzi\u0107 z lodami.<\/p>\n","protected":false},"excerpt":{"rendered":"<p>Oto komiksowa przednia stra\u017c, zjednoczeni pod stoj\u0105cym sztywno na wietrze plastikowym banerem komiksowej specgrupy MASZIN w bezkompromisowy spos\u00f3b ignoruj\u0105 kolejne g\u0142osy krytyki, buduj\u0105c sw\u00f3j niepodatny na zaraz\u0119 hitlerowskiej publicystyki \u015bwiat.<br \/>\nNie wchodzi\u0107 z lodami.<\/p>\n","protected":false},"featured_media":525,"comment_status":"closed","ping_status":"closed","template":"","meta":{"_acf_changed":false},"product_brand":[],"product_cat":[32],"product_tag":[105,113,110,34,112,107,111,106,109,108],"series":[],"class_list":{"0":"post-524","1":"product","2":"type-product","3":"status-publish","4":"has-post-thumbnail","6":"product_cat-komiks","7":"product_tag-daniel-gutowski","8":"product_tag-dzieci-z-przedszkola-114-w-warszawie","9":"product_tag-jacek-swidzinski","10":"product_tag-kolor","11":"product_tag-leszek-wicherek","12":"product_tag-maszin","13":"product_tag-michal-mozejko","14":"product_tag-michal-rzecznik","15":"product_tag-mikolaj-tkacz","16":"product_tag-renata-gasiorowska","18":"first","19":"outofstock","20":"shipping-taxable","21":"purchasable","22":"product-type-simple"},"acf":[],"_links":{"self":[{"href":"https:\/\/centrala.org.uk\/pl\/wp-json\/wp\/v2\/product\/524","targetHints":{"allow":["GET"]}}],"collection":[{"href":"https:\/\/centrala.org.uk\/pl\/wp-json\/wp\/v2\/product"}],"about":[{"href":"https:\/\/centrala.org.uk\/pl\/wp-json\/wp\/v2\/types\/product"}],"replies":[{"embeddable":true,"href":"https:\/\/centrala.org.uk\/pl\/wp-json\/wp\/v2\/comments?post=524"}],"wp:featuredmedia":[{"embeddable":true,"href":"https:\/\/centrala.org.uk\/pl\/wp-json\/wp\/v2\/media\/525"}],"wp:attachment":[{"href":"https:\/\/centrala.org.uk\/pl\/wp-json\/wp\/v2\/media?parent=524"}],"wp:term":[{"taxonomy":"product_brand","embeddable":true,"href":"https:\/\/centrala.org.uk\/pl\/wp-json\/wp\/v2\/product_brand?post=524"},{"taxonomy":"product_cat","embeddable":true,"href":"https:\/\/centrala.org.uk\/pl\/wp-json\/wp\/v2\/product_cat?post=524"},{"taxonomy":"product_tag","embeddable":true,"href":"https:\/\/centrala.org.uk\/pl\/wp-json\/wp\/v2\/product_tag?post=524"},{"taxonomy":"series","embeddable":true,"href":"https:\/\/centrala.org.uk\/pl\/wp-json\/wp\/v2\/series?post=524"}],"curies":[{"name":"wp","href":"https:\/\/api.w.org\/{rel}","templated":true}]}}