{"id":537,"date":"2013-10-09T17:45:47","date_gmt":"2013-10-09T15:45:47","guid":{"rendered":"http:\/\/centrala.org.uk\/pl\/?post_type=product&#038;p=537"},"modified":"2018-01-05T11:36:18","modified_gmt":"2018-01-05T10:36:18","slug":"na-wlasny-koszt","status":"publish","type":"product","link":"https:\/\/centrala.org.uk\/pl\/sklep\/na-wlasny-koszt\/","title":{"rendered":"Na w\u0142asny koszt"},"content":{"rendered":"<p>Chester Brown to by\u0107 mo\u017ce jeden z najbardziej bezpretensjonalnych, szczerych i znacz\u0105cych g\u0142os\u00f3w w \u015bwiecie wsp\u00f3\u0142czesnego komiksu, ta ksi\u0105\u017cka za\u015b to moim zdaniem jego najbardziej poruszaj\u0105ce dzie\u0142o. \u201eNa w\u0142asny koszt\u201d zg\u0142\u0119bia \u017cycie klienteli najstarszego zawodu \u015bwiata i czyni to z subtelno\u015bci\u0105, inteligencj\u0105, a przy tym bez krzty sentymentu czy samousprawiedliwiania si\u0119. Ta ksi\u0105\u017cka, lepsza z ka\u017cd\u0105 kolejn\u0105 lektur\u0105, pozostanie waszym wiernym kompanem przez d\u0142ugi czas. \u2013 <strong>Alan Moore<\/strong><\/p>\n<p>\u201eNa w\u0142asny koszt\u201d traktuje czytelnika seri\u0105 moralnych, intelektualnych i niecenzuralnych uderze\u0144. Zostanie na d\u0142ugo w waszych umys\u0142ach, a mo\u017ce i w \u017co\u0142\u0105dkach. To istne dzie\u0142o sztuki, cho\u0107 nie dla mi\u0119czak\u00f3w. \u2013 <strong>Dwight Garner, \u201eThe New York Times\u201d<\/strong><br \/>\nThe <a href=\"https:\/\/puntera.com\/tools\/pages\/melbet_promo_codes.html\">melbet bonus promo code<\/a> is specifically tailored for users registering from the Indian market. It grants access to the lucrative welcome bonus that Indian players are eligible for. By applying this promo code during sign-up and making a qualifying deposit, you can claim a bonus sum of up to \u20b920,000. This substantial amount provides ample opportunity to bet on cricket, kabaddi, and other popular sports.<\/p>\n<div id='gallery-1' class='gallery galleryid-537 gallery-columns-3 gallery-size-thumbnail'><figure class='gallery-item'>\n\t\t\t<div class='gallery-icon portrait'>\n\t\t\t\t<a href='https:\/\/centrala.org.uk\/pl\/?attachment_id=539'><img loading=\"lazy\" decoding=\"async\" width=\"220\" height=\"300\" src=\"https:\/\/centrala.org.uk\/pl\/wp-content\/uploads\/sites\/2\/2014\/07\/na-wlasny2-220x300.jpg\" class=\"attachment-thumbnail size-thumbnail\" alt=\"\" srcset=\"https:\/\/centrala.org.uk\/pl\/wp-content\/uploads\/sites\/2\/2014\/07\/na-wlasny2-220x300.jpg 220w, https:\/\/centrala.org.uk\/pl\/wp-content\/uploads\/sites\/2\/2014\/07\/na-wlasny2-640x872.jpg 640w, https:\/\/centrala.org.uk\/pl\/wp-content\/uploads\/sites\/2\/2014\/07\/na-wlasny2-660x900.jpg 660w, https:\/\/centrala.org.uk\/pl\/wp-content\/uploads\/sites\/2\/2014\/07\/na-wlasny2-210x286.jpg 210w, https:\/\/centrala.org.uk\/pl\/wp-content\/uploads\/sites\/2\/2014\/07\/na-wlasny2-480x654.jpg 480w, https:\/\/centrala.org.uk\/pl\/wp-content\/uploads\/sites\/2\/2014\/07\/na-wlasny2.jpg 825w\" sizes=\"auto, (max-width: 220px) 100vw, 220px\" \/><\/a>\n\t\t\t<\/div><\/figure><figure class='gallery-item'>\n\t\t\t<div class='gallery-icon portrait'>\n\t\t\t\t<a href='https:\/\/centrala.org.uk\/pl\/?attachment_id=540'><img loading=\"lazy\" decoding=\"async\" width=\"220\" height=\"300\" src=\"https:\/\/centrala.org.uk\/pl\/wp-content\/uploads\/sites\/2\/2014\/07\/na-wlasny3-220x300.jpg\" class=\"attachment-thumbnail size-thumbnail\" alt=\"\" srcset=\"https:\/\/centrala.org.uk\/pl\/wp-content\/uploads\/sites\/2\/2014\/07\/na-wlasny3-220x300.jpg 220w, https:\/\/centrala.org.uk\/pl\/wp-content\/uploads\/sites\/2\/2014\/07\/na-wlasny3-640x872.jpg 640w, https:\/\/centrala.org.uk\/pl\/wp-content\/uploads\/sites\/2\/2014\/07\/na-wlasny3-660x900.jpg 660w, https:\/\/centrala.org.uk\/pl\/wp-content\/uploads\/sites\/2\/2014\/07\/na-wlasny3-210x286.jpg 210w, https:\/\/centrala.org.uk\/pl\/wp-content\/uploads\/sites\/2\/2014\/07\/na-wlasny3-480x654.jpg 480w, https:\/\/centrala.org.uk\/pl\/wp-content\/uploads\/sites\/2\/2014\/07\/na-wlasny3.jpg 825w\" sizes=\"auto, (max-width: 220px) 100vw, 220px\" \/><\/a>\n\t\t\t<\/div><\/figure><figure class='gallery-item'>\n\t\t\t<div class='gallery-icon portrait'>\n\t\t\t\t<a href='https:\/\/centrala.org.uk\/pl\/?attachment_id=541'><img loading=\"lazy\" decoding=\"async\" width=\"220\" height=\"300\" src=\"https:\/\/centrala.org.uk\/pl\/wp-content\/uploads\/sites\/2\/2014\/07\/na-wlasny4-220x300.jpg\" class=\"attachment-thumbnail size-thumbnail\" alt=\"\" srcset=\"https:\/\/centrala.org.uk\/pl\/wp-content\/uploads\/sites\/2\/2014\/07\/na-wlasny4-220x300.jpg 220w, https:\/\/centrala.org.uk\/pl\/wp-content\/uploads\/sites\/2\/2014\/07\/na-wlasny4-640x872.jpg 640w, https:\/\/centrala.org.uk\/pl\/wp-content\/uploads\/sites\/2\/2014\/07\/na-wlasny4-660x900.jpg 660w, https:\/\/centrala.org.uk\/pl\/wp-content\/uploads\/sites\/2\/2014\/07\/na-wlasny4-210x286.jpg 210w, https:\/\/centrala.org.uk\/pl\/wp-content\/uploads\/sites\/2\/2014\/07\/na-wlasny4-480x654.jpg 480w, https:\/\/centrala.org.uk\/pl\/wp-content\/uploads\/sites\/2\/2014\/07\/na-wlasny4.jpg 825w\" sizes=\"auto, (max-width: 220px) 100vw, 220px\" \/><\/a>\n\t\t\t<\/div><\/figure><figure class='gallery-item'>\n\t\t\t<div class='gallery-icon portrait'>\n\t\t\t\t<a href='https:\/\/centrala.org.uk\/pl\/?attachment_id=542'><img loading=\"lazy\" decoding=\"async\" width=\"220\" height=\"300\" src=\"https:\/\/centrala.org.uk\/pl\/wp-content\/uploads\/sites\/2\/2014\/07\/na-wlasny5-220x300.jpg\" class=\"attachment-thumbnail size-thumbnail\" alt=\"\" srcset=\"https:\/\/centrala.org.uk\/pl\/wp-content\/uploads\/sites\/2\/2014\/07\/na-wlasny5-220x300.jpg 220w, https:\/\/centrala.org.uk\/pl\/wp-content\/uploads\/sites\/2\/2014\/07\/na-wlasny5-640x872.jpg 640w, https:\/\/centrala.org.uk\/pl\/wp-content\/uploads\/sites\/2\/2014\/07\/na-wlasny5-660x900.jpg 660w, https:\/\/centrala.org.uk\/pl\/wp-content\/uploads\/sites\/2\/2014\/07\/na-wlasny5-210x286.jpg 210w, https:\/\/centrala.org.uk\/pl\/wp-content\/uploads\/sites\/2\/2014\/07\/na-wlasny5-480x654.jpg 480w, https:\/\/centrala.org.uk\/pl\/wp-content\/uploads\/sites\/2\/2014\/07\/na-wlasny5.jpg 825w\" sizes=\"auto, (max-width: 220px) 100vw, 220px\" \/><\/a>\n\t\t\t<\/div><\/figure><figure class='gallery-item'>\n\t\t\t<div class='gallery-icon portrait'>\n\t\t\t\t<a href='https:\/\/centrala.org.uk\/pl\/?attachment_id=543'><img loading=\"lazy\" decoding=\"async\" width=\"220\" height=\"300\" src=\"https:\/\/centrala.org.uk\/pl\/wp-content\/uploads\/sites\/2\/2014\/07\/na-wlasny6-220x300.jpg\" class=\"attachment-thumbnail size-thumbnail\" alt=\"\" srcset=\"https:\/\/centrala.org.uk\/pl\/wp-content\/uploads\/sites\/2\/2014\/07\/na-wlasny6-220x300.jpg 220w, https:\/\/centrala.org.uk\/pl\/wp-content\/uploads\/sites\/2\/2014\/07\/na-wlasny6-640x872.jpg 640w, https:\/\/centrala.org.uk\/pl\/wp-content\/uploads\/sites\/2\/2014\/07\/na-wlasny6-660x900.jpg 660w, https:\/\/centrala.org.uk\/pl\/wp-content\/uploads\/sites\/2\/2014\/07\/na-wlasny6-210x286.jpg 210w, https:\/\/centrala.org.uk\/pl\/wp-content\/uploads\/sites\/2\/2014\/07\/na-wlasny6-480x654.jpg 480w, https:\/\/centrala.org.uk\/pl\/wp-content\/uploads\/sites\/2\/2014\/07\/na-wlasny6.jpg 825w\" sizes=\"auto, (max-width: 220px) 100vw, 220px\" \/><\/a>\n\t\t\t<\/div><\/figure><figure class='gallery-item'>\n\t\t\t<div class='gallery-icon portrait'>\n\t\t\t\t<a href='https:\/\/centrala.org.uk\/pl\/?attachment_id=544'><img loading=\"lazy\" decoding=\"async\" width=\"220\" height=\"300\" src=\"https:\/\/centrala.org.uk\/pl\/wp-content\/uploads\/sites\/2\/2014\/07\/na-wlasny7-220x300.jpg\" class=\"attachment-thumbnail size-thumbnail\" alt=\"\" srcset=\"https:\/\/centrala.org.uk\/pl\/wp-content\/uploads\/sites\/2\/2014\/07\/na-wlasny7-220x300.jpg 220w, https:\/\/centrala.org.uk\/pl\/wp-content\/uploads\/sites\/2\/2014\/07\/na-wlasny7-640x872.jpg 640w, https:\/\/centrala.org.uk\/pl\/wp-content\/uploads\/sites\/2\/2014\/07\/na-wlasny7-660x900.jpg 660w, https:\/\/centrala.org.uk\/pl\/wp-content\/uploads\/sites\/2\/2014\/07\/na-wlasny7-210x286.jpg 210w, https:\/\/centrala.org.uk\/pl\/wp-content\/uploads\/sites\/2\/2014\/07\/na-wlasny7-480x654.jpg 480w, https:\/\/centrala.org.uk\/pl\/wp-content\/uploads\/sites\/2\/2014\/07\/na-wlasny7.jpg 825w\" sizes=\"auto, (max-width: 220px) 100vw, 220px\" \/><\/a>\n\t\t\t<\/div><\/figure><figure class='gallery-item'>\n\t\t\t<div class='gallery-icon portrait'>\n\t\t\t\t<a href='https:\/\/centrala.org.uk\/pl\/?attachment_id=545'><img loading=\"lazy\" decoding=\"async\" width=\"220\" height=\"300\" src=\"https:\/\/centrala.org.uk\/pl\/wp-content\/uploads\/sites\/2\/2014\/07\/na-wlasny8-220x300.jpg\" class=\"attachment-thumbnail size-thumbnail\" alt=\"\" srcset=\"https:\/\/centrala.org.uk\/pl\/wp-content\/uploads\/sites\/2\/2014\/07\/na-wlasny8-220x300.jpg 220w, https:\/\/centrala.org.uk\/pl\/wp-content\/uploads\/sites\/2\/2014\/07\/na-wlasny8-640x872.jpg 640w, https:\/\/centrala.org.uk\/pl\/wp-content\/uploads\/sites\/2\/2014\/07\/na-wlasny8-660x900.jpg 660w, https:\/\/centrala.org.uk\/pl\/wp-content\/uploads\/sites\/2\/2014\/07\/na-wlasny8-210x286.jpg 210w, https:\/\/centrala.org.uk\/pl\/wp-content\/uploads\/sites\/2\/2014\/07\/na-wlasny8-480x654.jpg 480w, https:\/\/centrala.org.uk\/pl\/wp-content\/uploads\/sites\/2\/2014\/07\/na-wlasny8.jpg 825w\" sizes=\"auto, (max-width: 220px) 100vw, 220px\" \/><\/a>\n\t\t\t<\/div><\/figure><figure class='gallery-item'>\n\t\t\t<div class='gallery-icon portrait'>\n\t\t\t\t<a href='https:\/\/centrala.org.uk\/pl\/?attachment_id=546'><img loading=\"lazy\" decoding=\"async\" width=\"220\" height=\"300\" src=\"https:\/\/centrala.org.uk\/pl\/wp-content\/uploads\/sites\/2\/2014\/07\/na-wlasny9-220x300.jpg\" class=\"attachment-thumbnail size-thumbnail\" alt=\"\" srcset=\"https:\/\/centrala.org.uk\/pl\/wp-content\/uploads\/sites\/2\/2014\/07\/na-wlasny9-220x300.jpg 220w, https:\/\/centrala.org.uk\/pl\/wp-content\/uploads\/sites\/2\/2014\/07\/na-wlasny9-640x872.jpg 640w, https:\/\/centrala.org.uk\/pl\/wp-content\/uploads\/sites\/2\/2014\/07\/na-wlasny9-660x900.jpg 660w, https:\/\/centrala.org.uk\/pl\/wp-content\/uploads\/sites\/2\/2014\/07\/na-wlasny9-210x286.jpg 210w, https:\/\/centrala.org.uk\/pl\/wp-content\/uploads\/sites\/2\/2014\/07\/na-wlasny9-480x654.jpg 480w, https:\/\/centrala.org.uk\/pl\/wp-content\/uploads\/sites\/2\/2014\/07\/na-wlasny9.jpg 825w\" sizes=\"auto, (max-width: 220px) 100vw, 220px\" \/><\/a>\n\t\t\t<\/div><\/figure><figure class='gallery-item'>\n\t\t\t<div class='gallery-icon portrait'>\n\t\t\t\t<a href='https:\/\/centrala.org.uk\/pl\/?attachment_id=547'><img loading=\"lazy\" decoding=\"async\" width=\"220\" height=\"300\" src=\"https:\/\/centrala.org.uk\/pl\/wp-content\/uploads\/sites\/2\/2014\/07\/na-wlasny10-220x300.jpg\" class=\"attachment-thumbnail size-thumbnail\" alt=\"\" srcset=\"https:\/\/centrala.org.uk\/pl\/wp-content\/uploads\/sites\/2\/2014\/07\/na-wlasny10-220x300.jpg 220w, https:\/\/centrala.org.uk\/pl\/wp-content\/uploads\/sites\/2\/2014\/07\/na-wlasny10-640x872.jpg 640w, https:\/\/centrala.org.uk\/pl\/wp-content\/uploads\/sites\/2\/2014\/07\/na-wlasny10-660x900.jpg 660w, https:\/\/centrala.org.uk\/pl\/wp-content\/uploads\/sites\/2\/2014\/07\/na-wlasny10-210x286.jpg 210w, https:\/\/centrala.org.uk\/pl\/wp-content\/uploads\/sites\/2\/2014\/07\/na-wlasny10-480x654.jpg 480w, https:\/\/centrala.org.uk\/pl\/wp-content\/uploads\/sites\/2\/2014\/07\/na-wlasny10.jpg 825w\" sizes=\"auto, (max-width: 220px) 100vw, 220px\" \/><\/a>\n\t\t\t<\/div><\/figure>\n\t\t<\/div>\n\n","protected":false},"excerpt":{"rendered":"<p>W tej ksi\u0105\u017cce opisuje ka\u017cdy przypadek, w kt\u00f3rym p\u0142aci\u0142em za seks a\u017c do ko\u0144ca 2003 roku oraz ka\u017cd\u0105 prostytutk\u0119, z kt\u00f3r\u0105 mia\u0142em wtedy do czynienia. &#8211; <strong>Chester Brown<\/strong><\/p>\n<p>\u201eNa w\u0142asny koszt\u201d jednocze\u015bnie uczy i bawi. [\u2026] To wspania\u0142y komiks, prawdopodobnie najlepszy w dorobku Chestera Browna. \u2013 <strong>Robert Crumb<\/strong><\/p>\n","protected":false},"featured_media":538,"comment_status":"closed","ping_status":"closed","template":"","meta":{"_acf_changed":false},"product_brand":[],"product_cat":[32],"product_tag":[114,115],"series":[],"class_list":{"0":"post-537","1":"product","2":"type-product","3":"status-publish","4":"has-post-thumbnail","6":"product_cat-komiks","7":"product_tag-chester-brown","8":"product_tag-na-wlasny-koszt","10":"first","11":"outofstock","12":"shipping-taxable","13":"purchasable","14":"product-type-simple"},"acf":[],"_links":{"self":[{"href":"https:\/\/centrala.org.uk\/pl\/wp-json\/wp\/v2\/product\/537","targetHints":{"allow":["GET"]}}],"collection":[{"href":"https:\/\/centrala.org.uk\/pl\/wp-json\/wp\/v2\/product"}],"about":[{"href":"https:\/\/centrala.org.uk\/pl\/wp-json\/wp\/v2\/types\/product"}],"replies":[{"embeddable":true,"href":"https:\/\/centrala.org.uk\/pl\/wp-json\/wp\/v2\/comments?post=537"}],"wp:featuredmedia":[{"embeddable":true,"href":"https:\/\/centrala.org.uk\/pl\/wp-json\/wp\/v2\/media\/538"}],"wp:attachment":[{"href":"https:\/\/centrala.org.uk\/pl\/wp-json\/wp\/v2\/media?parent=537"}],"wp:term":[{"taxonomy":"product_brand","embeddable":true,"href":"https:\/\/centrala.org.uk\/pl\/wp-json\/wp\/v2\/product_brand?post=537"},{"taxonomy":"product_cat","embeddable":true,"href":"https:\/\/centrala.org.uk\/pl\/wp-json\/wp\/v2\/product_cat?post=537"},{"taxonomy":"product_tag","embeddable":true,"href":"https:\/\/centrala.org.uk\/pl\/wp-json\/wp\/v2\/product_tag?post=537"},{"taxonomy":"series","embeddable":true,"href":"https:\/\/centrala.org.uk\/pl\/wp-json\/wp\/v2\/series?post=537"}],"curies":[{"name":"wp","href":"https:\/\/api.w.org\/{rel}","templated":true}]}}