{"id":568,"date":"2011-12-09T22:34:47","date_gmt":"2011-12-09T21:34:47","guid":{"rendered":"http:\/\/centrala.org.uk\/pl\/?post_type=product&#038;p=568"},"modified":"2014-09-17T11:29:09","modified_gmt":"2014-09-17T09:29:09","slug":"papa-musta-na-regale-4-historie-w-komiksie-epka","status":"publish","type":"product","link":"https:\/\/centrala.org.uk\/pl\/sklep\/papa-musta-na-regale-4-historie-w-komiksie-epka\/","title":{"rendered":"Papa Musta Na Regale \/ 4 historie w komiksie + EPka"},"content":{"rendered":"<p>Co zrobi\u0107 kiedy jedna forma wyrazu nie wystarcza arty\u015bcie, kiedy chce opowiedzie\u0107 co\u015b na kilka r\u00f3\u017cnych sposob\u00f3w? Pink Floyd maj\u0105 &#8222;The Wall&#8221; &#8211; p\u0142yt\u0119 i oparty na niej film,\u00a0a Papa \u00a0Musta ma &#8222;Papa na Regale&#8221; &#8211; p\u0142yt\u0119 i stworzony na jej podstawie komiks. Mistrz \u00a0zadziornych mini fabu\u0142, doskonale czuj\u0105cy si\u0119 w konwencji muzycznego story-tellingu\u00a0postanowi\u0142 przenie\u015b\u0107 bohater\u00f3w swoich piosenek na nowy grunt. W tym celu zaprosi\u0142 do wsp\u00f3\u0142pracy czterech pozna\u0144skich rysownik\u00f3w, kt\u00f3rzy doskonale odnale\u017ali si\u0119 w tej inteligentnie \u00a0przerysowanej, lecz mocno trzymaj\u0105cej si\u0119 ziemi konwencji.<br \/>\nCelem autora by\u0142o \u00a0nienachalne zwr\u00f3cenie uwagi na problemy wsp\u00f3\u0142czesnej cywilizacji, takie jak rasizm, uzale\u017cnienie od seksu w\u0142asnor\u0119cznego, anonimowo\u015b\u0107 w sieci, czy konsumpcjonizm.<br \/>\nKr\u00f3tkie odpowiadania pokazuj\u0105 absurdy pewnych zachowa\u0144 i unikaj\u0105c moralizatorstwa sk\u0142aniaj\u0105 do przemy\u015ble\u0144. Mimo swojego ci\u0119\u017caru przekaz nie przyt\u0142acza, a humor,\u00a0kt\u00f3rym doprawione s\u0105 opowiadania sprawia, \u017ce czytanie ich jest przyjemno\u015bci\u0105, a nie odprawianiem gorzkich \u017cali. Uzupe\u0142nieniem komiksu jest Ep&#8217;ka sk\u0142adaj\u0105ca si\u0119 z czterech\u00a0utwor\u00f3w. &#8222;Logotyp&#8221;, &#8222;Hejter&#8221;, &#8222;Goodbye Wa\u0142ko\u0144&#8221; i &#8222;Ska&#8221; to przebojowe kawa\u0142ki utrzymane w konwencji reaggerap, jednak bior\u0105c pod uwag\u0119 nietuzinkowy styl narracyjny i wykonawczy autora trudno zamkn\u0105\u0107 je w jakiejkolwiek szufladzie.<\/p>\n<p>Warto sprawdzi\u0107 to wydawnictwo chocia\u017cby ze wzgl\u0119du na niezwyk\u0142e po\u0142\u0105czenie technik tw\u00f3rczych, mamy przed sob\u0105 \u00a0dopieszczone w ka\u017cdym calu innowacyjne dzie\u0142o, kt\u00f3re mo\u017ce by\u0107 pocz\u0105tkiem nowego rozdzia\u0142u w rodzimej sztuce przez odwr\u00f3cone S &#8211; sztuce nienapuszonej i g\u0142\u0119boko osadzonej w rzeczywisto\u015bci.<\/p>\n","protected":false},"excerpt":{"rendered":"<p>Papa Musta na Regale &#8211; co\u015b czego jeszcze nie by\u0142o! Pierwsze tego rodzaju wydawnictwo w Polsce!<\/p>\n","protected":false},"featured_media":569,"comment_status":"closed","ping_status":"closed","template":"","meta":{"_acf_changed":false},"product_brand":[],"product_cat":[119,32],"product_tag":[126,125,121,120,123,122,127,124],"series":[],"class_list":{"0":"post-568","1":"product","2":"type-product","3":"status-publish","4":"has-post-thumbnail","6":"product_cat-cd","7":"product_cat-komiks","8":"product_tag-emilia-kaczmarek","9":"product_tag-kamil-tatara","10":"product_tag-na-regale","11":"product_tag-papa-musta","12":"product_tag-rap","13":"product_tag-reggae","14":"product_tag-remik-najewski","15":"product_tag-szymek-tomczyk","17":"first","18":"instock","19":"shipping-taxable","20":"purchasable","21":"product-type-simple"},"acf":[],"_links":{"self":[{"href":"https:\/\/centrala.org.uk\/pl\/wp-json\/wp\/v2\/product\/568","targetHints":{"allow":["GET"]}}],"collection":[{"href":"https:\/\/centrala.org.uk\/pl\/wp-json\/wp\/v2\/product"}],"about":[{"href":"https:\/\/centrala.org.uk\/pl\/wp-json\/wp\/v2\/types\/product"}],"replies":[{"embeddable":true,"href":"https:\/\/centrala.org.uk\/pl\/wp-json\/wp\/v2\/comments?post=568"}],"wp:featuredmedia":[{"embeddable":true,"href":"https:\/\/centrala.org.uk\/pl\/wp-json\/wp\/v2\/media\/569"}],"wp:attachment":[{"href":"https:\/\/centrala.org.uk\/pl\/wp-json\/wp\/v2\/media?parent=568"}],"wp:term":[{"taxonomy":"product_brand","embeddable":true,"href":"https:\/\/centrala.org.uk\/pl\/wp-json\/wp\/v2\/product_brand?post=568"},{"taxonomy":"product_cat","embeddable":true,"href":"https:\/\/centrala.org.uk\/pl\/wp-json\/wp\/v2\/product_cat?post=568"},{"taxonomy":"product_tag","embeddable":true,"href":"https:\/\/centrala.org.uk\/pl\/wp-json\/wp\/v2\/product_tag?post=568"},{"taxonomy":"series","embeddable":true,"href":"https:\/\/centrala.org.uk\/pl\/wp-json\/wp\/v2\/series?post=568"}],"curies":[{"name":"wp","href":"https:\/\/api.w.org\/{rel}","templated":true}]}}