{"id":598,"date":"2013-07-30T16:49:25","date_gmt":"2013-07-30T14:49:25","guid":{"rendered":"http:\/\/centrala.org.uk\/pl\/?post_type=product&#038;p=598"},"modified":"2014-09-17T11:29:28","modified_gmt":"2014-09-17T09:29:28","slug":"pasterz","status":"publish","type":"product","link":"https:\/\/centrala.org.uk\/pl\/sklep\/pasterz\/","title":{"rendered":"Pasterz"},"content":{"rendered":"<p>Wydarzenia rozgrywaj\u0105 si\u0119 w przeci\u0105gu niewiele ponad dwudziestu czterech godzin w ma\u0142ym miasteczku w p\u00f3\u0142nocnej Finlandii. Tematem opowie\u015bci jest smutek wi\u0105\u017c\u0105cy si\u0119 z ulotno\u015bci\u0105 \u017cycia. <em>Pasterz <\/em>pokazuje \u017cycie na P\u00f3\u0142nocy, sk\u0105d m\u0142odzi ludzie emigruj\u0105 na Po\u0142udnie w poszukiwaniu pracy, i gdzie reszta mieszka\u0144c\u00f3w zmaga si\u0119 z bezrobociem i innymi problemami spo\u0142ecznymi.<\/p>\n<div id='gallery-1' class='gallery galleryid-598 gallery-columns-3 gallery-size-thumbnail'><figure class='gallery-item'>\n\t\t\t<div class='gallery-icon portrait'>\n\t\t\t\t<a href='https:\/\/centrala.org.uk\/pl\/?attachment_id=600'><img loading=\"lazy\" decoding=\"async\" width=\"220\" height=\"245\" src=\"https:\/\/centrala.org.uk\/pl\/wp-content\/uploads\/sites\/2\/2014\/07\/pasterz21-220x245.jpg\" class=\"attachment-thumbnail size-thumbnail\" alt=\"\" srcset=\"https:\/\/centrala.org.uk\/pl\/wp-content\/uploads\/sites\/2\/2014\/07\/pasterz21-220x245.jpg 220w, https:\/\/centrala.org.uk\/pl\/wp-content\/uploads\/sites\/2\/2014\/07\/pasterz21-210x234.jpg 210w, https:\/\/centrala.org.uk\/pl\/wp-content\/uploads\/sites\/2\/2014\/07\/pasterz21.jpg 480w\" sizes=\"auto, (max-width: 220px) 100vw, 220px\" \/><\/a>\n\t\t\t<\/div><\/figure><figure class='gallery-item'>\n\t\t\t<div class='gallery-icon portrait'>\n\t\t\t\t<a href='https:\/\/centrala.org.uk\/pl\/?attachment_id=601'><img loading=\"lazy\" decoding=\"async\" width=\"220\" height=\"244\" src=\"https:\/\/centrala.org.uk\/pl\/wp-content\/uploads\/sites\/2\/2014\/07\/pasterz31-220x244.jpg\" class=\"attachment-thumbnail size-thumbnail\" alt=\"\" srcset=\"https:\/\/centrala.org.uk\/pl\/wp-content\/uploads\/sites\/2\/2014\/07\/pasterz31-220x244.jpg 220w, https:\/\/centrala.org.uk\/pl\/wp-content\/uploads\/sites\/2\/2014\/07\/pasterz31-210x233.jpg 210w, https:\/\/centrala.org.uk\/pl\/wp-content\/uploads\/sites\/2\/2014\/07\/pasterz31.jpg 480w\" sizes=\"auto, (max-width: 220px) 100vw, 220px\" \/><\/a>\n\t\t\t<\/div><\/figure><figure class='gallery-item'>\n\t\t\t<div class='gallery-icon portrait'>\n\t\t\t\t<a href='https:\/\/centrala.org.uk\/pl\/?attachment_id=602'><img loading=\"lazy\" decoding=\"async\" width=\"220\" height=\"244\" src=\"https:\/\/centrala.org.uk\/pl\/wp-content\/uploads\/sites\/2\/2014\/07\/pasterz41-220x244.jpg\" class=\"attachment-thumbnail size-thumbnail\" alt=\"\" srcset=\"https:\/\/centrala.org.uk\/pl\/wp-content\/uploads\/sites\/2\/2014\/07\/pasterz41-220x244.jpg 220w, https:\/\/centrala.org.uk\/pl\/wp-content\/uploads\/sites\/2\/2014\/07\/pasterz41-210x233.jpg 210w, https:\/\/centrala.org.uk\/pl\/wp-content\/uploads\/sites\/2\/2014\/07\/pasterz41.jpg 480w\" sizes=\"auto, (max-width: 220px) 100vw, 220px\" \/><\/a>\n\t\t\t<\/div><\/figure><figure class='gallery-item'>\n\t\t\t<div class='gallery-icon portrait'>\n\t\t\t\t<a href='https:\/\/centrala.org.uk\/pl\/?attachment_id=603'><img loading=\"lazy\" decoding=\"async\" width=\"220\" height=\"255\" src=\"https:\/\/centrala.org.uk\/pl\/wp-content\/uploads\/sites\/2\/2014\/07\/pasterz51-220x255.jpg\" class=\"attachment-thumbnail size-thumbnail\" alt=\"\" srcset=\"https:\/\/centrala.org.uk\/pl\/wp-content\/uploads\/sites\/2\/2014\/07\/pasterz51-220x255.jpg 220w, https:\/\/centrala.org.uk\/pl\/wp-content\/uploads\/sites\/2\/2014\/07\/pasterz51-640x743.jpg 640w, https:\/\/centrala.org.uk\/pl\/wp-content\/uploads\/sites\/2\/2014\/07\/pasterz51-774x900.jpg 774w, https:\/\/centrala.org.uk\/pl\/wp-content\/uploads\/sites\/2\/2014\/07\/pasterz51-210x244.jpg 210w, https:\/\/centrala.org.uk\/pl\/wp-content\/uploads\/sites\/2\/2014\/07\/pasterz51-480x557.jpg 480w, https:\/\/centrala.org.uk\/pl\/wp-content\/uploads\/sites\/2\/2014\/07\/pasterz51.jpg 1151w\" sizes=\"auto, (max-width: 220px) 100vw, 220px\" \/><\/a>\n\t\t\t<\/div><\/figure><figure class='gallery-item'>\n\t\t\t<div class='gallery-icon portrait'>\n\t\t\t\t<a href='https:\/\/centrala.org.uk\/pl\/?attachment_id=604'><img loading=\"lazy\" decoding=\"async\" width=\"220\" height=\"237\" src=\"https:\/\/centrala.org.uk\/pl\/wp-content\/uploads\/sites\/2\/2014\/07\/pasterz61-220x237.jpg\" class=\"attachment-thumbnail size-thumbnail\" alt=\"\" srcset=\"https:\/\/centrala.org.uk\/pl\/wp-content\/uploads\/sites\/2\/2014\/07\/pasterz61-220x237.jpg 220w, https:\/\/centrala.org.uk\/pl\/wp-content\/uploads\/sites\/2\/2014\/07\/pasterz61-210x226.jpg 210w, https:\/\/centrala.org.uk\/pl\/wp-content\/uploads\/sites\/2\/2014\/07\/pasterz61.jpg 480w\" sizes=\"auto, (max-width: 220px) 100vw, 220px\" \/><\/a>\n\t\t\t<\/div><\/figure>\n\t\t<\/div>\n\n","protected":false},"excerpt":{"rendered":"<p><em>Pasterz <\/em>opowiada histori\u0119 krainy po\u0142o\u017conej na p\u00f3\u0142nocy oraz m\u0142odego m\u0119\u017cczyzny, kt\u00f3ry w drodze do pracy znajduje w lesie martwego \u0142ab\u0119dzia.<\/p>\n","protected":false},"featured_media":599,"comment_status":"closed","ping_status":"closed","template":"","meta":{"_acf_changed":false},"product_brand":[],"product_cat":[32],"product_tag":[133,134],"series":[],"class_list":{"0":"post-598","1":"product","2":"type-product","3":"status-publish","4":"has-post-thumbnail","6":"product_cat-komiks","7":"product_tag-anna-sailamaa","8":"product_tag-pasterz","10":"first","11":"instock","12":"shipping-taxable","13":"purchasable","14":"product-type-simple"},"acf":[],"_links":{"self":[{"href":"https:\/\/centrala.org.uk\/pl\/wp-json\/wp\/v2\/product\/598","targetHints":{"allow":["GET"]}}],"collection":[{"href":"https:\/\/centrala.org.uk\/pl\/wp-json\/wp\/v2\/product"}],"about":[{"href":"https:\/\/centrala.org.uk\/pl\/wp-json\/wp\/v2\/types\/product"}],"replies":[{"embeddable":true,"href":"https:\/\/centrala.org.uk\/pl\/wp-json\/wp\/v2\/comments?post=598"}],"wp:featuredmedia":[{"embeddable":true,"href":"https:\/\/centrala.org.uk\/pl\/wp-json\/wp\/v2\/media\/599"}],"wp:attachment":[{"href":"https:\/\/centrala.org.uk\/pl\/wp-json\/wp\/v2\/media?parent=598"}],"wp:term":[{"taxonomy":"product_brand","embeddable":true,"href":"https:\/\/centrala.org.uk\/pl\/wp-json\/wp\/v2\/product_brand?post=598"},{"taxonomy":"product_cat","embeddable":true,"href":"https:\/\/centrala.org.uk\/pl\/wp-json\/wp\/v2\/product_cat?post=598"},{"taxonomy":"product_tag","embeddable":true,"href":"https:\/\/centrala.org.uk\/pl\/wp-json\/wp\/v2\/product_tag?post=598"},{"taxonomy":"series","embeddable":true,"href":"https:\/\/centrala.org.uk\/pl\/wp-json\/wp\/v2\/series?post=598"}],"curies":[{"name":"wp","href":"https:\/\/api.w.org\/{rel}","templated":true}]}}