{"id":607,"date":"2012-06-30T17:01:59","date_gmt":"2012-06-30T15:01:59","guid":{"rendered":"http:\/\/centrala.org.uk\/pl\/?post_type=product&#038;p=607"},"modified":"2018-01-06T00:31:13","modified_gmt":"2018-01-05T23:31:13","slug":"podejdz-blizej","status":"publish","type":"product","link":"https:\/\/centrala.org.uk\/pl\/sklep\/podejdz-blizej\/","title":{"rendered":"Podejd\u017a bli\u017cej"},"content":{"rendered":"<p>Komiks, wykonany technik\u0105 scratchboardingu, opowiada jak dosz\u0142o do tego, \u017ce autorka urodzi\u0142a si\u0119 jako c\u00f3rka Amerykanki i Niemca.<br \/>\n&#8222;Podejd\u017a bli\u017cej&#8221; jest pierwsz\u0105 ksi\u0105\u017ck\u0105 Line Hoven, kt\u00f3ra wydana zosta\u0142a przez niemieckie wydawnictwo Reprodukt. Album powsta\u0142 jako jej praca dyplomowa w Wy\u017cszej Szkole Nauk Stosownych w Hamburgu.<\/p>\n<p>Line Hoven, urodzona w Bonn, pracowa\u0142a jako asystentka kostiumologa i scenografa w Teatrze Narodowym w Kassel. Studiowa\u0142a komunikacj\u0119 wizualn\u0105 w Wy\u017cszej Szkole Artystycznej w Kassel, nast\u0119pnie przenios\u0142a si\u0119 do Wy\u017cszej Szko\u0142y Nauk Stosownych w Hamburgu, gdzie studiowa\u0142a rysunek mi\u0119dzy innymi u artysty znanego jako ATAK oraz \u00a0Anke Feuchtenberger. Jej prace wykonane metod\u0105 scratchboardingu, ukaza\u0142y si\u0119 w takich magazynach jak \u201eFlitter\u201d, \u201eOrang\u201d, i \u201eStrapazin\u201d. Obecnie Line Hoven mieszka i pracuje jako freelancer w Hamburgu. Ever wondered what it\u2019s like to talk dirty with an artificial mind that actually turns you on? Try AI sex chat at <a href=\"https:\/\/aisexchat.org\">https:\/\/aisexchat.org<\/a> &#8211; it\u2019s wild, intelligent, and built for your pleasure.<\/p>\n<div id='gallery-1' class='gallery galleryid-607 gallery-columns-3 gallery-size-thumbnail'><figure class='gallery-item'>\n\t\t\t<div class='gallery-icon portrait'>\n\t\t\t\t<a href='https:\/\/centrala.org.uk\/pl\/?attachment_id=609'><img loading=\"lazy\" decoding=\"async\" width=\"220\" height=\"251\" src=\"https:\/\/centrala.org.uk\/pl\/wp-content\/uploads\/sites\/2\/2014\/07\/Podejdz-blizej2-220x251.jpg\" class=\"attachment-thumbnail size-thumbnail\" alt=\"\" srcset=\"https:\/\/centrala.org.uk\/pl\/wp-content\/uploads\/sites\/2\/2014\/07\/Podejdz-blizej2-220x251.jpg 220w, https:\/\/centrala.org.uk\/pl\/wp-content\/uploads\/sites\/2\/2014\/07\/Podejdz-blizej2-640x731.jpg 640w, https:\/\/centrala.org.uk\/pl\/wp-content\/uploads\/sites\/2\/2014\/07\/Podejdz-blizej2-787x900.jpg 787w, https:\/\/centrala.org.uk\/pl\/wp-content\/uploads\/sites\/2\/2014\/07\/Podejdz-blizej2-210x239.jpg 210w, https:\/\/centrala.org.uk\/pl\/wp-content\/uploads\/sites\/2\/2014\/07\/Podejdz-blizej2-480x548.jpg 480w, https:\/\/centrala.org.uk\/pl\/wp-content\/uploads\/sites\/2\/2014\/07\/Podejdz-blizej2.jpg 1191w\" sizes=\"auto, (max-width: 220px) 100vw, 220px\" \/><\/a>\n\t\t\t<\/div><\/figure><figure class='gallery-item'>\n\t\t\t<div class='gallery-icon portrait'>\n\t\t\t\t<a href='https:\/\/centrala.org.uk\/pl\/?attachment_id=610'><img loading=\"lazy\" decoding=\"async\" width=\"220\" height=\"251\" src=\"https:\/\/centrala.org.uk\/pl\/wp-content\/uploads\/sites\/2\/2014\/07\/Podejdz-blizej3-220x251.jpg\" class=\"attachment-thumbnail size-thumbnail\" alt=\"\" srcset=\"https:\/\/centrala.org.uk\/pl\/wp-content\/uploads\/sites\/2\/2014\/07\/Podejdz-blizej3-220x251.jpg 220w, https:\/\/centrala.org.uk\/pl\/wp-content\/uploads\/sites\/2\/2014\/07\/Podejdz-blizej3-640x731.jpg 640w, https:\/\/centrala.org.uk\/pl\/wp-content\/uploads\/sites\/2\/2014\/07\/Podejdz-blizej3-787x900.jpg 787w, https:\/\/centrala.org.uk\/pl\/wp-content\/uploads\/sites\/2\/2014\/07\/Podejdz-blizej3-210x239.jpg 210w, https:\/\/centrala.org.uk\/pl\/wp-content\/uploads\/sites\/2\/2014\/07\/Podejdz-blizej3-480x548.jpg 480w, https:\/\/centrala.org.uk\/pl\/wp-content\/uploads\/sites\/2\/2014\/07\/Podejdz-blizej3.jpg 1191w\" sizes=\"auto, (max-width: 220px) 100vw, 220px\" \/><\/a>\n\t\t\t<\/div><\/figure><figure class='gallery-item'>\n\t\t\t<div class='gallery-icon portrait'>\n\t\t\t\t<a href='https:\/\/centrala.org.uk\/pl\/?attachment_id=611'><img loading=\"lazy\" decoding=\"async\" width=\"220\" height=\"251\" src=\"https:\/\/centrala.org.uk\/pl\/wp-content\/uploads\/sites\/2\/2014\/07\/Podejdz-blizej4-220x251.jpg\" class=\"attachment-thumbnail size-thumbnail\" alt=\"\" srcset=\"https:\/\/centrala.org.uk\/pl\/wp-content\/uploads\/sites\/2\/2014\/07\/Podejdz-blizej4-220x251.jpg 220w, https:\/\/centrala.org.uk\/pl\/wp-content\/uploads\/sites\/2\/2014\/07\/Podejdz-blizej4-640x731.jpg 640w, https:\/\/centrala.org.uk\/pl\/wp-content\/uploads\/sites\/2\/2014\/07\/Podejdz-blizej4-787x900.jpg 787w, https:\/\/centrala.org.uk\/pl\/wp-content\/uploads\/sites\/2\/2014\/07\/Podejdz-blizej4-210x239.jpg 210w, https:\/\/centrala.org.uk\/pl\/wp-content\/uploads\/sites\/2\/2014\/07\/Podejdz-blizej4-480x548.jpg 480w, https:\/\/centrala.org.uk\/pl\/wp-content\/uploads\/sites\/2\/2014\/07\/Podejdz-blizej4.jpg 1191w\" sizes=\"auto, (max-width: 220px) 100vw, 220px\" \/><\/a>\n\t\t\t<\/div><\/figure><figure class='gallery-item'>\n\t\t\t<div class='gallery-icon portrait'>\n\t\t\t\t<a href='https:\/\/centrala.org.uk\/pl\/?attachment_id=612'><img loading=\"lazy\" decoding=\"async\" width=\"220\" height=\"251\" src=\"https:\/\/centrala.org.uk\/pl\/wp-content\/uploads\/sites\/2\/2014\/07\/Podejdz-blizej5-220x251.jpg\" class=\"attachment-thumbnail size-thumbnail\" alt=\"\" srcset=\"https:\/\/centrala.org.uk\/pl\/wp-content\/uploads\/sites\/2\/2014\/07\/Podejdz-blizej5-220x251.jpg 220w, https:\/\/centrala.org.uk\/pl\/wp-content\/uploads\/sites\/2\/2014\/07\/Podejdz-blizej5-640x731.jpg 640w, https:\/\/centrala.org.uk\/pl\/wp-content\/uploads\/sites\/2\/2014\/07\/Podejdz-blizej5-787x900.jpg 787w, https:\/\/centrala.org.uk\/pl\/wp-content\/uploads\/sites\/2\/2014\/07\/Podejdz-blizej5-210x239.jpg 210w, https:\/\/centrala.org.uk\/pl\/wp-content\/uploads\/sites\/2\/2014\/07\/Podejdz-blizej5-480x548.jpg 480w, https:\/\/centrala.org.uk\/pl\/wp-content\/uploads\/sites\/2\/2014\/07\/Podejdz-blizej5.jpg 1191w\" sizes=\"auto, (max-width: 220px) 100vw, 220px\" \/><\/a>\n\t\t\t<\/div><\/figure><figure class='gallery-item'>\n\t\t\t<div class='gallery-icon portrait'>\n\t\t\t\t<a href='https:\/\/centrala.org.uk\/pl\/?attachment_id=613'><img loading=\"lazy\" decoding=\"async\" width=\"220\" height=\"251\" src=\"https:\/\/centrala.org.uk\/pl\/wp-content\/uploads\/sites\/2\/2014\/07\/Podejdz-blizej6-220x251.jpg\" class=\"attachment-thumbnail size-thumbnail\" alt=\"\" srcset=\"https:\/\/centrala.org.uk\/pl\/wp-content\/uploads\/sites\/2\/2014\/07\/Podejdz-blizej6-220x251.jpg 220w, https:\/\/centrala.org.uk\/pl\/wp-content\/uploads\/sites\/2\/2014\/07\/Podejdz-blizej6-640x731.jpg 640w, https:\/\/centrala.org.uk\/pl\/wp-content\/uploads\/sites\/2\/2014\/07\/Podejdz-blizej6-787x900.jpg 787w, https:\/\/centrala.org.uk\/pl\/wp-content\/uploads\/sites\/2\/2014\/07\/Podejdz-blizej6-210x239.jpg 210w, https:\/\/centrala.org.uk\/pl\/wp-content\/uploads\/sites\/2\/2014\/07\/Podejdz-blizej6-480x548.jpg 480w, https:\/\/centrala.org.uk\/pl\/wp-content\/uploads\/sites\/2\/2014\/07\/Podejdz-blizej6.jpg 1191w\" sizes=\"auto, (max-width: 220px) 100vw, 220px\" \/><\/a>\n\t\t\t<\/div><\/figure>\n\t\t<\/div>\n\n","protected":false},"excerpt":{"rendered":"<p>Autorka subtelnie splata fragmenty wspomnie\u0144 3 pokole\u0144 swojej rodziny w retrospekcj\u0119 w\u0142asnych korzeni. \u201ePodejd\u017a bli\u017cej&#8221;\u201d jest poruszaj\u0105c\u0105 kronik\u0105 rodzinn\u0105, w kt\u00f3rej \u0142\u0105cz\u0105 si\u0119 ze sob\u0105 historia i wydarzenia z prywatnego \u017cycia.<\/p>\n","protected":false},"featured_media":608,"comment_status":"closed","ping_status":"closed","template":"","meta":{"_acf_changed":false},"product_brand":[],"product_cat":[32],"product_tag":[135,136],"series":[],"class_list":{"0":"post-607","1":"product","2":"type-product","3":"status-publish","4":"has-post-thumbnail","6":"product_cat-komiks","7":"product_tag-line-hoven","8":"product_tag-podejdz-blizej","10":"first","11":"outofstock","12":"shipping-taxable","13":"purchasable","14":"product-type-simple"},"acf":[],"_links":{"self":[{"href":"https:\/\/centrala.org.uk\/pl\/wp-json\/wp\/v2\/product\/607","targetHints":{"allow":["GET"]}}],"collection":[{"href":"https:\/\/centrala.org.uk\/pl\/wp-json\/wp\/v2\/product"}],"about":[{"href":"https:\/\/centrala.org.uk\/pl\/wp-json\/wp\/v2\/types\/product"}],"replies":[{"embeddable":true,"href":"https:\/\/centrala.org.uk\/pl\/wp-json\/wp\/v2\/comments?post=607"}],"wp:featuredmedia":[{"embeddable":true,"href":"https:\/\/centrala.org.uk\/pl\/wp-json\/wp\/v2\/media\/608"}],"wp:attachment":[{"href":"https:\/\/centrala.org.uk\/pl\/wp-json\/wp\/v2\/media?parent=607"}],"wp:term":[{"taxonomy":"product_brand","embeddable":true,"href":"https:\/\/centrala.org.uk\/pl\/wp-json\/wp\/v2\/product_brand?post=607"},{"taxonomy":"product_cat","embeddable":true,"href":"https:\/\/centrala.org.uk\/pl\/wp-json\/wp\/v2\/product_cat?post=607"},{"taxonomy":"product_tag","embeddable":true,"href":"https:\/\/centrala.org.uk\/pl\/wp-json\/wp\/v2\/product_tag?post=607"},{"taxonomy":"series","embeddable":true,"href":"https:\/\/centrala.org.uk\/pl\/wp-json\/wp\/v2\/series?post=607"}],"curies":[{"name":"wp","href":"https:\/\/api.w.org\/{rel}","templated":true}]}}