{"id":618,"date":"2013-03-30T17:23:22","date_gmt":"2013-03-30T16:23:22","guid":{"rendered":"http:\/\/centrala.org.uk\/pl\/?post_type=product&#038;p=618"},"modified":"2015-08-04T15:17:35","modified_gmt":"2015-08-04T13:17:35","slug":"powroty","status":"publish","type":"product","link":"https:\/\/centrala.org.uk\/pl\/sklep\/powroty\/","title":{"rendered":"Powroty &#8211; NAK\u0141AD WYCZERPANY"},"content":{"rendered":"<p>\u201ePowrotach\u201d ze spotka\u0144 z ch\u0142opakiem w innym mie\u015bcie, do szarej codzienno\u015bci, w kt\u00f3rej \u017cy\u0107 mo\u017cna jedynie wspomnieniami i oczekiwaniem na kolejne spotkanie z Nim, na powr\u00f3t do Niego. W swojej noweli graficznej Katarzyna Kaczor czekanie wpisuje w nadziej\u0119, poniewa\u017c w ka\u017cde rozstanie wpisana jest mo\u017cliwo\u015b\u0107 \u201epowrotu\u201d.<\/p>\n<p>Katarzyna Kaczor ur. 18 wrze\u015bnia 1993 roku w Z\u0142otowie. W 2012 r. rozpocz\u0119\u0142a studia na Uniwersytecie Artystycznym w Poznaniu na kierunku grafika warsztatowa. www.kasiaimyk.pl.<\/p>\n<div id='gallery-1' class='gallery galleryid-618 gallery-columns-3 gallery-size-thumbnail'><figure class='gallery-item'>\n\t\t\t<div class='gallery-icon portrait'>\n\t\t\t\t<a href='https:\/\/centrala.org.uk\/pl\/?attachment_id=620'><img loading=\"lazy\" decoding=\"async\" width=\"220\" height=\"312\" src=\"https:\/\/centrala.org.uk\/pl\/wp-content\/uploads\/sites\/2\/2014\/07\/Powroty2-220x312.jpg\" class=\"attachment-thumbnail size-thumbnail\" alt=\"\" srcset=\"https:\/\/centrala.org.uk\/pl\/wp-content\/uploads\/sites\/2\/2014\/07\/Powroty2-220x312.jpg 220w, https:\/\/centrala.org.uk\/pl\/wp-content\/uploads\/sites\/2\/2014\/07\/Powroty2-640x909.jpg 640w, https:\/\/centrala.org.uk\/pl\/wp-content\/uploads\/sites\/2\/2014\/07\/Powroty2-633x900.jpg 633w, https:\/\/centrala.org.uk\/pl\/wp-content\/uploads\/sites\/2\/2014\/07\/Powroty2-210x298.jpg 210w, https:\/\/centrala.org.uk\/pl\/wp-content\/uploads\/sites\/2\/2014\/07\/Powroty2-480x681.jpg 480w, https:\/\/centrala.org.uk\/pl\/wp-content\/uploads\/sites\/2\/2014\/07\/Powroty2.jpg 873w\" sizes=\"auto, (max-width: 220px) 100vw, 220px\" \/><\/a>\n\t\t\t<\/div><\/figure><figure class='gallery-item'>\n\t\t\t<div class='gallery-icon portrait'>\n\t\t\t\t<a href='https:\/\/centrala.org.uk\/pl\/?attachment_id=621'><img loading=\"lazy\" decoding=\"async\" width=\"220\" height=\"312\" src=\"https:\/\/centrala.org.uk\/pl\/wp-content\/uploads\/sites\/2\/2014\/07\/Powroty3-220x312.jpg\" class=\"attachment-thumbnail size-thumbnail\" alt=\"\" srcset=\"https:\/\/centrala.org.uk\/pl\/wp-content\/uploads\/sites\/2\/2014\/07\/Powroty3-220x312.jpg 220w, https:\/\/centrala.org.uk\/pl\/wp-content\/uploads\/sites\/2\/2014\/07\/Powroty3-640x909.jpg 640w, https:\/\/centrala.org.uk\/pl\/wp-content\/uploads\/sites\/2\/2014\/07\/Powroty3-633x900.jpg 633w, https:\/\/centrala.org.uk\/pl\/wp-content\/uploads\/sites\/2\/2014\/07\/Powroty3-210x298.jpg 210w, https:\/\/centrala.org.uk\/pl\/wp-content\/uploads\/sites\/2\/2014\/07\/Powroty3-480x681.jpg 480w, https:\/\/centrala.org.uk\/pl\/wp-content\/uploads\/sites\/2\/2014\/07\/Powroty3.jpg 873w\" sizes=\"auto, (max-width: 220px) 100vw, 220px\" \/><\/a>\n\t\t\t<\/div><\/figure><figure class='gallery-item'>\n\t\t\t<div class='gallery-icon portrait'>\n\t\t\t\t<a href='https:\/\/centrala.org.uk\/pl\/?attachment_id=622'><img loading=\"lazy\" decoding=\"async\" width=\"220\" height=\"312\" src=\"https:\/\/centrala.org.uk\/pl\/wp-content\/uploads\/sites\/2\/2014\/07\/Powroty4-220x312.jpg\" class=\"attachment-thumbnail size-thumbnail\" alt=\"\" srcset=\"https:\/\/centrala.org.uk\/pl\/wp-content\/uploads\/sites\/2\/2014\/07\/Powroty4-220x312.jpg 220w, https:\/\/centrala.org.uk\/pl\/wp-content\/uploads\/sites\/2\/2014\/07\/Powroty4-640x909.jpg 640w, https:\/\/centrala.org.uk\/pl\/wp-content\/uploads\/sites\/2\/2014\/07\/Powroty4-633x900.jpg 633w, https:\/\/centrala.org.uk\/pl\/wp-content\/uploads\/sites\/2\/2014\/07\/Powroty4-210x298.jpg 210w, https:\/\/centrala.org.uk\/pl\/wp-content\/uploads\/sites\/2\/2014\/07\/Powroty4-480x681.jpg 480w, https:\/\/centrala.org.uk\/pl\/wp-content\/uploads\/sites\/2\/2014\/07\/Powroty4.jpg 873w\" sizes=\"auto, (max-width: 220px) 100vw, 220px\" \/><\/a>\n\t\t\t<\/div><\/figure><figure class='gallery-item'>\n\t\t\t<div class='gallery-icon portrait'>\n\t\t\t\t<a href='https:\/\/centrala.org.uk\/pl\/?attachment_id=623'><img loading=\"lazy\" decoding=\"async\" width=\"220\" height=\"312\" src=\"https:\/\/centrala.org.uk\/pl\/wp-content\/uploads\/sites\/2\/2014\/07\/Powroty5-220x312.jpg\" class=\"attachment-thumbnail size-thumbnail\" alt=\"\" srcset=\"https:\/\/centrala.org.uk\/pl\/wp-content\/uploads\/sites\/2\/2014\/07\/Powroty5-220x312.jpg 220w, https:\/\/centrala.org.uk\/pl\/wp-content\/uploads\/sites\/2\/2014\/07\/Powroty5-640x909.jpg 640w, https:\/\/centrala.org.uk\/pl\/wp-content\/uploads\/sites\/2\/2014\/07\/Powroty5-633x900.jpg 633w, https:\/\/centrala.org.uk\/pl\/wp-content\/uploads\/sites\/2\/2014\/07\/Powroty5-210x298.jpg 210w, https:\/\/centrala.org.uk\/pl\/wp-content\/uploads\/sites\/2\/2014\/07\/Powroty5-480x681.jpg 480w, https:\/\/centrala.org.uk\/pl\/wp-content\/uploads\/sites\/2\/2014\/07\/Powroty5.jpg 873w\" sizes=\"auto, (max-width: 220px) 100vw, 220px\" \/><\/a>\n\t\t\t<\/div><\/figure><figure class='gallery-item'>\n\t\t\t<div class='gallery-icon portrait'>\n\t\t\t\t<a href='https:\/\/centrala.org.uk\/pl\/?attachment_id=624'><img loading=\"lazy\" decoding=\"async\" width=\"220\" height=\"312\" src=\"https:\/\/centrala.org.uk\/pl\/wp-content\/uploads\/sites\/2\/2014\/07\/Powroty6-220x312.jpg\" class=\"attachment-thumbnail size-thumbnail\" alt=\"\" srcset=\"https:\/\/centrala.org.uk\/pl\/wp-content\/uploads\/sites\/2\/2014\/07\/Powroty6-220x312.jpg 220w, https:\/\/centrala.org.uk\/pl\/wp-content\/uploads\/sites\/2\/2014\/07\/Powroty6-640x909.jpg 640w, https:\/\/centrala.org.uk\/pl\/wp-content\/uploads\/sites\/2\/2014\/07\/Powroty6-633x900.jpg 633w, https:\/\/centrala.org.uk\/pl\/wp-content\/uploads\/sites\/2\/2014\/07\/Powroty6-210x298.jpg 210w, https:\/\/centrala.org.uk\/pl\/wp-content\/uploads\/sites\/2\/2014\/07\/Powroty6-480x681.jpg 480w, https:\/\/centrala.org.uk\/pl\/wp-content\/uploads\/sites\/2\/2014\/07\/Powroty6.jpg 873w\" sizes=\"auto, (max-width: 220px) 100vw, 220px\" \/><\/a>\n\t\t\t<\/div><\/figure><figure class='gallery-item'>\n\t\t\t<div class='gallery-icon portrait'>\n\t\t\t\t<a href='https:\/\/centrala.org.uk\/pl\/?attachment_id=625'><img loading=\"lazy\" decoding=\"async\" width=\"220\" height=\"312\" src=\"https:\/\/centrala.org.uk\/pl\/wp-content\/uploads\/sites\/2\/2014\/07\/Powroty7-220x312.jpg\" class=\"attachment-thumbnail size-thumbnail\" alt=\"\" srcset=\"https:\/\/centrala.org.uk\/pl\/wp-content\/uploads\/sites\/2\/2014\/07\/Powroty7-220x312.jpg 220w, https:\/\/centrala.org.uk\/pl\/wp-content\/uploads\/sites\/2\/2014\/07\/Powroty7-640x909.jpg 640w, https:\/\/centrala.org.uk\/pl\/wp-content\/uploads\/sites\/2\/2014\/07\/Powroty7-633x900.jpg 633w, https:\/\/centrala.org.uk\/pl\/wp-content\/uploads\/sites\/2\/2014\/07\/Powroty7-210x298.jpg 210w, https:\/\/centrala.org.uk\/pl\/wp-content\/uploads\/sites\/2\/2014\/07\/Powroty7-480x681.jpg 480w, https:\/\/centrala.org.uk\/pl\/wp-content\/uploads\/sites\/2\/2014\/07\/Powroty7.jpg 873w\" sizes=\"auto, (max-width: 220px) 100vw, 220px\" \/><\/a>\n\t\t\t<\/div><\/figure>\n\t\t<\/div>\n\n","protected":false},"excerpt":{"rendered":"<p>M\u0142oda autorka z wielkopolskiego Z\u0142otowa w swym debiucie opowiada uniwersaln\u0105 histori\u0119 o rozstaniach i powrotach.<\/p>\n","protected":false},"featured_media":619,"comment_status":"closed","ping_status":"closed","template":"","meta":{"_acf_changed":false},"product_brand":[],"product_cat":[32],"product_tag":[137,138],"series":[],"class_list":{"0":"post-618","1":"product","2":"type-product","3":"status-publish","4":"has-post-thumbnail","6":"product_cat-komiks","7":"product_tag-katarzyna-kaczor","8":"product_tag-powroty","10":"first","11":"outofstock","12":"shipping-taxable","13":"purchasable","14":"product-type-simple"},"acf":[],"_links":{"self":[{"href":"https:\/\/centrala.org.uk\/pl\/wp-json\/wp\/v2\/product\/618","targetHints":{"allow":["GET"]}}],"collection":[{"href":"https:\/\/centrala.org.uk\/pl\/wp-json\/wp\/v2\/product"}],"about":[{"href":"https:\/\/centrala.org.uk\/pl\/wp-json\/wp\/v2\/types\/product"}],"replies":[{"embeddable":true,"href":"https:\/\/centrala.org.uk\/pl\/wp-json\/wp\/v2\/comments?post=618"}],"wp:featuredmedia":[{"embeddable":true,"href":"https:\/\/centrala.org.uk\/pl\/wp-json\/wp\/v2\/media\/619"}],"wp:attachment":[{"href":"https:\/\/centrala.org.uk\/pl\/wp-json\/wp\/v2\/media?parent=618"}],"wp:term":[{"taxonomy":"product_brand","embeddable":true,"href":"https:\/\/centrala.org.uk\/pl\/wp-json\/wp\/v2\/product_brand?post=618"},{"taxonomy":"product_cat","embeddable":true,"href":"https:\/\/centrala.org.uk\/pl\/wp-json\/wp\/v2\/product_cat?post=618"},{"taxonomy":"product_tag","embeddable":true,"href":"https:\/\/centrala.org.uk\/pl\/wp-json\/wp\/v2\/product_tag?post=618"},{"taxonomy":"series","embeddable":true,"href":"https:\/\/centrala.org.uk\/pl\/wp-json\/wp\/v2\/series?post=618"}],"curies":[{"name":"wp","href":"https:\/\/api.w.org\/{rel}","templated":true}]}}