{"id":639,"date":"2013-04-30T17:46:09","date_gmt":"2013-04-30T15:46:09","guid":{"rendered":"http:\/\/centrala.org.uk\/pl\/?post_type=product&#038;p=639"},"modified":"2016-10-04T15:58:07","modified_gmt":"2016-10-04T13:58:07","slug":"przygody-nikogo","status":"publish","type":"product","link":"https:\/\/centrala.org.uk\/pl\/sklep\/przygody-nikogo\/","title":{"rendered":"Przygody Nikogo."},"content":{"rendered":"<p>oto co si\u0119 sta\u0142o niez\u0142a historia<br \/>\nwszystkie pokoje by\u0142y puste<br \/>\nchodzi\u0142 z pokoju do pokoju wszystkie by\u0142y puste<br \/>\naha spotykam si\u0119 z pustk\u0105 powiedzia\u0142 do siebie<br \/>\nucieszy\u0142 si\u0119 by\u0142o to dziwne nie umia\u0142 tego opisa\u0107<br \/>\nszed\u0142 przed siebie i jak najpe\u0142niej zaznajamia\u0142 si\u0119 z pustk\u0105<\/p>\n<p>&#8212;&#8212;&#8212;&#8212;<\/p>\n<p>Miko\u0142aj Tkacz zaprasza czytelnika na zbudowanie swojej\u00a0 w\u0142asnej pustki i prze\u017cycie przyg\u00f3d nikogo samemu.<\/p>\n","protected":false},"excerpt":{"rendered":"<p>Komiks &#8222;Przygody nikogo&#8221; \u015bwietnie opisuje fragment z tekstu Roberta Coovera (w przek\u0142adzie Tomasza Mirkowicza) pt. &#8222;Spotkanie&#8221;:<\/p>\n","protected":false},"featured_media":640,"comment_status":"closed","ping_status":"closed","template":"","meta":{"_acf_changed":false},"product_brand":[],"product_cat":[32],"product_tag":[109,140],"series":[],"class_list":{"0":"post-639","1":"product","2":"type-product","3":"status-publish","4":"has-post-thumbnail","6":"product_cat-komiks","7":"product_tag-mikolaj-tkacz","8":"product_tag-przygody-nikogo","10":"first","11":"outofstock","12":"shipping-taxable","13":"purchasable","14":"product-type-simple"},"acf":[],"_links":{"self":[{"href":"https:\/\/centrala.org.uk\/pl\/wp-json\/wp\/v2\/product\/639","targetHints":{"allow":["GET"]}}],"collection":[{"href":"https:\/\/centrala.org.uk\/pl\/wp-json\/wp\/v2\/product"}],"about":[{"href":"https:\/\/centrala.org.uk\/pl\/wp-json\/wp\/v2\/types\/product"}],"replies":[{"embeddable":true,"href":"https:\/\/centrala.org.uk\/pl\/wp-json\/wp\/v2\/comments?post=639"}],"wp:featuredmedia":[{"embeddable":true,"href":"https:\/\/centrala.org.uk\/pl\/wp-json\/wp\/v2\/media\/640"}],"wp:attachment":[{"href":"https:\/\/centrala.org.uk\/pl\/wp-json\/wp\/v2\/media?parent=639"}],"wp:term":[{"taxonomy":"product_brand","embeddable":true,"href":"https:\/\/centrala.org.uk\/pl\/wp-json\/wp\/v2\/product_brand?post=639"},{"taxonomy":"product_cat","embeddable":true,"href":"https:\/\/centrala.org.uk\/pl\/wp-json\/wp\/v2\/product_cat?post=639"},{"taxonomy":"product_tag","embeddable":true,"href":"https:\/\/centrala.org.uk\/pl\/wp-json\/wp\/v2\/product_tag?post=639"},{"taxonomy":"series","embeddable":true,"href":"https:\/\/centrala.org.uk\/pl\/wp-json\/wp\/v2\/series?post=639"}],"curies":[{"name":"wp","href":"https:\/\/api.w.org\/{rel}","templated":true}]}}