{"id":670,"date":"2011-10-31T11:31:54","date_gmt":"2011-10-31T10:31:54","guid":{"rendered":"http:\/\/centrala.org.uk\/pl\/?post_type=product&#038;p=670"},"modified":"2015-08-04T15:46:50","modified_gmt":"2015-08-04T13:46:50","slug":"silence-katalog-miedzynarodowego-konkursu-na-komiks-bez-slow-ligatura-2011","status":"publish","type":"product","link":"https:\/\/centrala.org.uk\/pl\/sklep\/silence-katalog-miedzynarodowego-konkursu-na-komiks-bez-slow-ligatura-2011\/","title":{"rendered":"SILENCE &#8211; katalog mi\u0119dzynarodowego konkursu na komiks bez s\u0142\u00f3w \/ Ligatura 2011 &#8211; NAK\u0141AD WYCZERPANY"},"content":{"rendered":"<div>Konkurs odbywa\u0142 si\u0119 w ramach 2 mi\u0119dzynarodowego festiwalu kultury komiksowej Ligatura. Na konkurs wp\u0142yn\u0119\u0142o ponad 200 prac z kilkudziesi\u0119ciu kraj\u00f3w. Do konkursu zakwalifikowa\u0142o si\u0119 79 prac z kt\u00f3rych w katalogu znalaz\u0142y si\u0119 43 komiksy artyst\u00f3w z Argentyny, Austrii, Bo\u015bni i Hercegowiny, Brazylii, Francji, Holandii, Irlandii, Japonii, Kanady, Kolumbii, \u0141otwy, Macedonii, Niemiec, Polski, Rumunii, Rosji, RPA, Wielkiej Brytanii i USA.<\/div>\n<div>Cz\u0142onkami jury w konkursie SILENCE byli:<\/div>\n<div>Tom Gauld &#8211; Wielka Brytania<\/div>\n<div>Andrzej Klimowski &#8211; Wielka Brytania \/ Polska<\/div>\n<div>Erik Kriek &#8211; Holandia<\/div>\n<div>Tim Molloy &#8211; Australia \/ Nowa Zelandia<\/div>\n<div><\/div>\n<div>Festiwal Ligatura odby\u0142 si\u0119 przy wsparciu Urz\u0119du Miasta Poznania, Czeskiego Centrum w Warszawie, Instytutu Kultury Rumu\u0144skiej w Warszawie oraz State Culture Capital Foundation Latvia.<\/div>\n<div><\/div>\n","protected":false},"excerpt":{"rendered":"<p>SILENCE : mi\u0119dzynarodowy konkurs na komiks bez s\u0142\u00f3w. Ide\u0105 konkursu by\u0142o promowanie rodzaju tw\u00f3rczo\u015bci komiksowej w kt\u00f3rej form\u0105 narracji s\u0105 jedynie obrazy.<\/p>\n","protected":false},"featured_media":671,"comment_status":"closed","ping_status":"closed","template":"","meta":{"_acf_changed":false},"product_brand":[],"product_cat":[32],"product_tag":[150,149,148,147],"series":[],"class_list":{"0":"post-670","1":"product","2":"type-product","3":"status-publish","4":"has-post-thumbnail","6":"product_cat-komiks","7":"product_tag-150","8":"product_tag-festiwal","9":"product_tag-ligatura","10":"product_tag-silence","12":"first","13":"outofstock","14":"shipping-taxable","15":"purchasable","16":"product-type-simple"},"acf":[],"_links":{"self":[{"href":"https:\/\/centrala.org.uk\/pl\/wp-json\/wp\/v2\/product\/670","targetHints":{"allow":["GET"]}}],"collection":[{"href":"https:\/\/centrala.org.uk\/pl\/wp-json\/wp\/v2\/product"}],"about":[{"href":"https:\/\/centrala.org.uk\/pl\/wp-json\/wp\/v2\/types\/product"}],"replies":[{"embeddable":true,"href":"https:\/\/centrala.org.uk\/pl\/wp-json\/wp\/v2\/comments?post=670"}],"wp:featuredmedia":[{"embeddable":true,"href":"https:\/\/centrala.org.uk\/pl\/wp-json\/wp\/v2\/media\/671"}],"wp:attachment":[{"href":"https:\/\/centrala.org.uk\/pl\/wp-json\/wp\/v2\/media?parent=670"}],"wp:term":[{"taxonomy":"product_brand","embeddable":true,"href":"https:\/\/centrala.org.uk\/pl\/wp-json\/wp\/v2\/product_brand?post=670"},{"taxonomy":"product_cat","embeddable":true,"href":"https:\/\/centrala.org.uk\/pl\/wp-json\/wp\/v2\/product_cat?post=670"},{"taxonomy":"product_tag","embeddable":true,"href":"https:\/\/centrala.org.uk\/pl\/wp-json\/wp\/v2\/product_tag?post=670"},{"taxonomy":"series","embeddable":true,"href":"https:\/\/centrala.org.uk\/pl\/wp-json\/wp\/v2\/series?post=670"}],"curies":[{"name":"wp","href":"https:\/\/api.w.org\/{rel}","templated":true}]}}