{"id":675,"date":"2014-08-19T16:03:21","date_gmt":"2014-08-19T14:03:21","guid":{"rendered":"http:\/\/centrala.org.uk\/pl\/?post_type=product&#038;p=675"},"modified":"2018-01-05T11:35:43","modified_gmt":"2018-01-05T10:35:43","slug":"ratman-gdzie-jest-lord-kox","status":"publish","type":"product","link":"https:\/\/centrala.org.uk\/pl\/sklep\/ratman-gdzie-jest-lord-kox\/","title":{"rendered":"Ratman. Gdzie jest Lord Kox ?!"},"content":{"rendered":"<p>Wersja bez przypinki.<\/p>\n","protected":false},"excerpt":{"rendered":"<p>Ratman u\u017cywaj\u0105c techniki podr\u00f3\u017cowania w czasoprzestrzeni ratuje \u015bwiat rozwi\u0105zuj\u0105c skomplikowan\u0105 afer\u0119 kryminaln\u0105 \u0142\u0105cz\u0105c\u0105 obce cywilizacje i \u015brodki odurzaj\u0105ce.<\/p>\n","protected":false},"featured_media":676,"comment_status":"closed","ping_status":"closed","template":"","meta":{"_acf_changed":false},"product_brand":[],"product_cat":[32],"product_tag":[152,154,151,153],"series":[],"class_list":{"0":"post-675","1":"product","2":"type-product","3":"status-publish","4":"has-post-thumbnail","6":"product_cat-komiks","7":"product_tag-gdzie-jest-lord-kox","8":"product_tag-niewiadomski","9":"product_tag-ratman","10":"product_tag-tomasz-niewiadomski","12":"first","13":"outofstock","14":"shipping-taxable","15":"purchasable","16":"product-type-simple"},"acf":[],"_links":{"self":[{"href":"https:\/\/centrala.org.uk\/pl\/wp-json\/wp\/v2\/product\/675","targetHints":{"allow":["GET"]}}],"collection":[{"href":"https:\/\/centrala.org.uk\/pl\/wp-json\/wp\/v2\/product"}],"about":[{"href":"https:\/\/centrala.org.uk\/pl\/wp-json\/wp\/v2\/types\/product"}],"replies":[{"embeddable":true,"href":"https:\/\/centrala.org.uk\/pl\/wp-json\/wp\/v2\/comments?post=675"}],"wp:featuredmedia":[{"embeddable":true,"href":"https:\/\/centrala.org.uk\/pl\/wp-json\/wp\/v2\/media\/676"}],"wp:attachment":[{"href":"https:\/\/centrala.org.uk\/pl\/wp-json\/wp\/v2\/media?parent=675"}],"wp:term":[{"taxonomy":"product_brand","embeddable":true,"href":"https:\/\/centrala.org.uk\/pl\/wp-json\/wp\/v2\/product_brand?post=675"},{"taxonomy":"product_cat","embeddable":true,"href":"https:\/\/centrala.org.uk\/pl\/wp-json\/wp\/v2\/product_cat?post=675"},{"taxonomy":"product_tag","embeddable":true,"href":"https:\/\/centrala.org.uk\/pl\/wp-json\/wp\/v2\/product_tag?post=675"},{"taxonomy":"series","embeddable":true,"href":"https:\/\/centrala.org.uk\/pl\/wp-json\/wp\/v2\/series?post=675"}],"curies":[{"name":"wp","href":"https:\/\/api.w.org\/{rel}","templated":true}]}}